{"id":8184,"date":"2024-07-31T19:44:46","date_gmt":"2024-07-31T17:44:46","guid":{"rendered":"https:\/\/pacific-credo.fr\/?page_id=8184"},"modified":"2025-03-18T13:54:16","modified_gmt":"2025-03-18T12:54:16","slug":"politique-de-confidentialite","status":"publish","type":"page","link":"https:\/\/pacific-credo.fr\/en\/politique-de-confidentialite\/","title":{"rendered":"Privacy policy"},"content":{"rendered":"<div data-elementor-type=\"wp-page\" data-elementor-id=\"8184\" class=\"elementor elementor-8184\" data-elementor-post-type=\"page\">\n\t\t\t\t<div class=\"elementor-element elementor-element-548f562 e-con-full e-flex e-con e-parent\" data-id=\"548f562\" data-element_type=\"container\" data-settings=\"{&quot;background_background&quot;:&quot;classic&quot;}\">\n\t\t\t\t<div class=\"elementor-element elementor-element-3e6a7ec elementor-widget elementor-widget-heading\" data-id=\"3e6a7ec\" data-element_type=\"widget\" data-widget_type=\"heading.default\">\n\t\t\t\t<div class=\"elementor-widget-container\">\n\t\t\t\t\t<h1 class=\"elementor-heading-title elementor-size-default\">Privacy policy<\/h1>\t\t\t\t<\/div>\n\t\t\t\t<\/div>\n\t\t\t\t<\/div>\n\t\t<div class=\"elementor-element elementor-element-2456bff e-flex e-con-boxed e-con e-parent\" data-id=\"2456bff\" data-element_type=\"container\">\n\t\t\t\t\t<div class=\"e-con-inner\">\n\t\t\t\t<div class=\"elementor-element elementor-element-9ce1684 elementor-widget elementor-widget-text-editor\" data-id=\"9ce1684\" data-element_type=\"widget\" data-widget_type=\"text-editor.default\">\n\t\t\t\t<div class=\"elementor-widget-container\">\n\t\t\t\t\t\t\t\t\t<p><strong>1. Collecte de l\u2019information<\/strong><\/p><p>The<strong> CREDO<\/strong> vous informe que vos donn\u00e9es sont susceptibles d\u2019\u00eatre recueillies\u00a0;<\/p><p>\u00a0<\/p><p><span style=\"text-decoration: underline;\">Pour les usagers et visiteurs du site web<\/span> :<br \/>dans le cadre de la mise en relation avec le personnel de l&rsquo;unit\u00e9, lorsque vous prenez contact par e-mail, ou par t\u00e9l\u00e9phone avec le laboratoire.<\/p><p>Ces donn\u00e9es sont :<\/p><ul><li style=\"list-style-type: none;\"><ul><li>Le nom<\/li><li>Le pr\u00e9nom<\/li><li>L\u2019adresse postale<\/li><li>L\u2019adresse e-mail<\/li><li>Le num\u00e9ro de t\u00e9l\u00e9phone<\/li><li>La ville<\/li><li>L\u2019organisme de rattachement (institut, laboratoire, \u2026) ou soci\u00e9t\u00e9<\/li><li>La fonction<\/li><li>Le projet vous concernant<\/li><\/ul><\/li><\/ul><p>En outre, nous recevons et enregistrons automatiquement lors de votre navigation de notre site, des informations \u00e0 partir de votre ordinateur et navigateur, y compris votre adresse IP, vos logiciels et votre mat\u00e9riel, et la page que vous demandez.<\/p><p>\u00a0<\/p><p><span style=\"text-decoration: underline;\">Pour les membres, doctorants et associ\u00e9s du CREDO<\/span><br \/>Des donn\u00e9es \u00e0 caract\u00e8re personnel pour la liste de l\u2019\u00e9quipe du CREDO ou leurs pages personnelles telles que :<\/p><ul><li style=\"list-style-type: none;\"><ul><li>nom,<\/li><li>pr\u00e9nom,<\/li><li>adresse e-mail,<\/li><li>organisme de rattachement,<\/li><li>adresse professionnelle,<\/li><li>t\u00e9l\u00e9phone professionnel,<\/li><li>statut,<\/li><li>fonction,<\/li><li>photo d\u2019identit\u00e9,<\/li><\/ul><\/li><\/ul><p>sont susceptibles d\u2019\u00eatre collect\u00e9es par les administrateurs et contributeurs du site Web.<\/p><p>\u00a0<\/p><p><strong>2. Utilisation des informations<\/strong><\/p><p>Toutes les informations que nous recueillons aupr\u00e8s de vous peuvent \u00eatre utilis\u00e9es pour :<\/p><ul><li style=\"list-style-type: none;\"><ul><li>R\u00e9pondre \u00e0 votre demande<\/li><li>Am\u00e9liorer notre site Web<\/li><li>Vous contacter par e-mail et\/ou par t\u00e9l\u00e9phone pour r\u00e9pondre \u00e0 votre demande<\/li><\/ul><\/li><\/ul><p><strong>3. Divulgation \u00e0 des tiers<\/strong><\/p><p>Nous ne vendons, n\u2019\u00e9changeons et ne transf\u00e9rons pas vos informations personnelles identifiables \u00e0 des tiers.<\/p><p>\u00a0<\/p><p><strong>4. Droits des personnes<br \/><\/strong><\/p><p>Conform\u00e9ment aux dispositions l\u00e9gales et r\u00e8glementaires applicables, en particulier la loi n\u00b0 78-17 du 6 janvier modifi\u00e9e relative \u00e0 l\u2019informatique, aux fichiers et aux libert\u00e9s et le r\u00e8glement europ\u00e9en n\u00b0 2016\/679\/UE du 27 avril 2016 (applicable depuis le 25 mai 2018), vous disposez des droits suivants :<\/p><ul><li style=\"list-style-type: none;\"><ul><li>Exercer votre droit d\u2019acc\u00e8s, pour conna\u00eetre les donn\u00e9es personnelles qui vous concernent ;<\/li><li>Demander la mise \u00e0 jour de vos donn\u00e9es, si elles sont inexactes ;<\/li><li>Demander la portabilit\u00e9 ou la suppression de vos donn\u00e9es ;<\/li><li>Demander la suppression de votre compte ;<\/li><li>Demander la limitation du traitement de vos donn\u00e9es ;<\/li><li>Vous opposer, pour des motifs l\u00e9gitimes, au traitement de vos donn\u00e9es ;<\/li><li>Retirer votre consentement au traitement de vos donn\u00e9es.<\/li><\/ul><\/li><\/ul><p><span style=\"text-decoration: underline;\">Pour exercer ces droits<\/span><\/p><p>Contactez le CREDO par e-mail : <a href=\"mailto:contact@pacific-credo.fr\" target=\"_blank\" rel=\"noopener\">contact@pacific-credo.fr<\/a>.<\/p><p>Afin de traiter votre demande ou de vous r\u00e9-orienter, merci de pr\u00e9ciser la nature exacte du besoin et le service en ligne concern\u00e9 (url, intitul\u00e9, etc.)<\/p><p>\u00a0<\/p><p><strong>5. Consentement<\/strong><\/p><p>En utilisant notre site, vous consentez \u00e0 cette pr\u00e9sente politique de confidentialit\u00e9.<\/p><div>\u00a0<\/div>\t\t\t\t\t\t\t\t<\/div>\n\t\t\t\t<\/div>\n\t\t\t\t\t<\/div>\n\t\t\t\t<\/div>\n\t\t\t\t<\/div>","protected":false},"excerpt":{"rendered":"<p>1. Collecte de l\u2019information Le CREDO vous informe que vos donn\u00e9es sont susceptibles d\u2019\u00eatre recueillies\u00a0; \u00a0 Pour les usagers et visiteurs du site web :dans le cadre de la mise en relation avec le personnel de l&rsquo;unit\u00e9, lorsque vous prenez contact par e-mail, ou par t\u00e9l\u00e9phone avec le laboratoire. Ces donn\u00e9es sont : Le nom [&hellip;]<\/p>","protected":false},"author":1,"featured_media":0,"parent":0,"menu_order":0,"comment_status":"closed","ping_status":"closed","template":"page.php","meta":{"_acf_changed":false,"footnotes":""},"class_list":["post-8184","page","type-page","status-publish","hentry"],"acf":[],"yoast_head":"<!-- This site is optimized with the Yoast SEO plugin v26.6 - https:\/\/yoast.com\/wordpress\/plugins\/seo\/ -->\n<title>Politique de confidentialit\u00e9 - Credo<\/title>\n<meta name=\"robots\" content=\"index, follow, max-snippet:-1, max-image-preview:large, max-video-preview:-1\" \/>\n<link rel=\"canonical\" href=\"https:\/\/pacific-credo.fr\/en\/politique-de-confidentialite\/\" \/>\n<meta property=\"og:locale\" content=\"en_US\" \/>\n<meta property=\"og:type\" content=\"article\" \/>\n<meta property=\"og:title\" content=\"Politique de confidentialit\u00e9 - Credo\" \/>\n<meta property=\"og:description\" content=\"1. Collecte de l\u2019information Le CREDO vous informe que vos donn\u00e9es sont susceptibles d\u2019\u00eatre recueillies\u00a0; \u00a0 Pour les usagers et visiteurs du site web :dans le cadre de la mise en relation avec le personnel de l&rsquo;unit\u00e9, lorsque vous prenez contact par e-mail, ou par t\u00e9l\u00e9phone avec le laboratoire. Ces donn\u00e9es sont : Le nom [&hellip;]\" \/>\n<meta property=\"og:url\" content=\"https:\/\/pacific-credo.fr\/en\/politique-de-confidentialite\/\" \/>\n<meta property=\"og:site_name\" content=\"Credo\" \/>\n<meta property=\"article:publisher\" content=\"https:\/\/www.facebook.com\/people\/CREDO-Centre-de-Recherche-et-de-Documentation-sur-lOcanie\/100087147725332\/\" \/>\n<meta property=\"article:modified_time\" content=\"2025-03-18T12:54:16+00:00\" \/>\n<meta name=\"twitter:card\" content=\"summary_large_image\" \/>\n<meta name=\"twitter:label1\" content=\"Est. reading time\" \/>\n\t<meta name=\"twitter:data1\" content=\"2 minutes\" \/>\n<script type=\"application\/ld+json\" class=\"yoast-schema-graph\">{\"@context\":\"https:\/\/schema.org\",\"@graph\":[{\"@type\":\"WebPage\",\"@id\":\"https:\/\/pacific-credo.fr\/politique-de-confidentialite\/\",\"url\":\"https:\/\/pacific-credo.fr\/politique-de-confidentialite\/\",\"name\":\"Politique de confidentialit\u00e9 - Credo\",\"isPartOf\":{\"@id\":\"https:\/\/pacific-credo.fr\/en\/#website\"},\"datePublished\":\"2024-07-31T17:44:46+00:00\",\"dateModified\":\"2025-03-18T12:54:16+00:00\",\"breadcrumb\":{\"@id\":\"https:\/\/pacific-credo.fr\/politique-de-confidentialite\/#breadcrumb\"},\"inLanguage\":\"en-US\",\"potentialAction\":[{\"@type\":\"ReadAction\",\"target\":[\"https:\/\/pacific-credo.fr\/politique-de-confidentialite\/\"]}]},{\"@type\":\"BreadcrumbList\",\"@id\":\"https:\/\/pacific-credo.fr\/politique-de-confidentialite\/#breadcrumb\",\"itemListElement\":[{\"@type\":\"ListItem\",\"position\":1,\"name\":\"Accueil\",\"item\":\"https:\/\/pacific-credo.fr\/\"},{\"@type\":\"ListItem\",\"position\":2,\"name\":\"Politique de confidentialit\u00e9\"}]},{\"@type\":\"WebSite\",\"@id\":\"https:\/\/pacific-credo.fr\/en\/#website\",\"url\":\"https:\/\/pacific-credo.fr\/en\/\",\"name\":\"Credo\",\"description\":\"\",\"publisher\":{\"@id\":\"https:\/\/pacific-credo.fr\/en\/#organization\"},\"potentialAction\":[{\"@type\":\"SearchAction\",\"target\":{\"@type\":\"EntryPoint\",\"urlTemplate\":\"https:\/\/pacific-credo.fr\/en\/?s={search_term_string}\"},\"query-input\":{\"@type\":\"PropertyValueSpecification\",\"valueRequired\":true,\"valueName\":\"search_term_string\"}}],\"inLanguage\":\"en-US\"},{\"@type\":\"Organization\",\"@id\":\"https:\/\/pacific-credo.fr\/en\/#organization\",\"name\":\"Credo\",\"url\":\"https:\/\/pacific-credo.fr\/en\/\",\"logo\":{\"@type\":\"ImageObject\",\"inLanguage\":\"en-US\",\"@id\":\"https:\/\/pacific-credo.fr\/en\/#\/schema\/logo\/image\/\",\"url\":\"https:\/\/pacific-credo.fr\/wp-content\/uploads\/2024\/07\/\u00aeCREDO.webp\",\"contentUrl\":\"https:\/\/pacific-credo.fr\/wp-content\/uploads\/2024\/07\/\u00aeCREDO.webp\",\"width\":637,\"height\":591,\"caption\":\"Credo\"},\"image\":{\"@id\":\"https:\/\/pacific-credo.fr\/en\/#\/schema\/logo\/image\/\"},\"sameAs\":[\"https:\/\/www.facebook.com\/people\/CREDO-Centre-de-Recherche-et-de-Documentation-sur-lOcanie\/100087147725332\/\",\"https:\/\/www.linkedin.com\/company\/credo-centre-de-recherche-et-de-documentation-sur-l-ocanie\/about\/?viewAsMember=true\"]}]}<\/script>\n<!-- \/ Yoast SEO plugin. -->","yoast_head_json":{"title":"Politique de confidentialit\u00e9 - Credo","robots":{"index":"index","follow":"follow","max-snippet":"max-snippet:-1","max-image-preview":"max-image-preview:large","max-video-preview":"max-video-preview:-1"},"canonical":"https:\/\/pacific-credo.fr\/en\/politique-de-confidentialite\/","og_locale":"en_US","og_type":"article","og_title":"Politique de confidentialit\u00e9 - Credo","og_description":"1. Collecte de l\u2019information Le CREDO vous informe que vos donn\u00e9es sont susceptibles d\u2019\u00eatre recueillies\u00a0; \u00a0 Pour les usagers et visiteurs du site web :dans le cadre de la mise en relation avec le personnel de l&rsquo;unit\u00e9, lorsque vous prenez contact par e-mail, ou par t\u00e9l\u00e9phone avec le laboratoire. Ces donn\u00e9es sont : Le nom [&hellip;]","og_url":"https:\/\/pacific-credo.fr\/en\/politique-de-confidentialite\/","og_site_name":"Credo","article_publisher":"https:\/\/www.facebook.com\/people\/CREDO-Centre-de-Recherche-et-de-Documentation-sur-lOcanie\/100087147725332\/","article_modified_time":"2025-03-18T12:54:16+00:00","twitter_card":"summary_large_image","twitter_misc":{"Est. reading time":"2 minutes"},"schema":{"@context":"https:\/\/schema.org","@graph":[{"@type":"WebPage","@id":"https:\/\/pacific-credo.fr\/politique-de-confidentialite\/","url":"https:\/\/pacific-credo.fr\/politique-de-confidentialite\/","name":"Politique de confidentialit\u00e9 - Credo","isPartOf":{"@id":"https:\/\/pacific-credo.fr\/en\/#website"},"datePublished":"2024-07-31T17:44:46+00:00","dateModified":"2025-03-18T12:54:16+00:00","breadcrumb":{"@id":"https:\/\/pacific-credo.fr\/politique-de-confidentialite\/#breadcrumb"},"inLanguage":"en-US","potentialAction":[{"@type":"ReadAction","target":["https:\/\/pacific-credo.fr\/politique-de-confidentialite\/"]}]},{"@type":"BreadcrumbList","@id":"https:\/\/pacific-credo.fr\/politique-de-confidentialite\/#breadcrumb","itemListElement":[{"@type":"ListItem","position":1,"name":"Accueil","item":"https:\/\/pacific-credo.fr\/"},{"@type":"ListItem","position":2,"name":"Politique de confidentialit\u00e9"}]},{"@type":"WebSite","@id":"https:\/\/pacific-credo.fr\/en\/#website","url":"https:\/\/pacific-credo.fr\/en\/","name":"Credo","description":"","publisher":{"@id":"https:\/\/pacific-credo.fr\/en\/#organization"},"potentialAction":[{"@type":"SearchAction","target":{"@type":"EntryPoint","urlTemplate":"https:\/\/pacific-credo.fr\/en\/?s={search_term_string}"},"query-input":{"@type":"PropertyValueSpecification","valueRequired":true,"valueName":"search_term_string"}}],"inLanguage":"en-US"},{"@type":"Organization","@id":"https:\/\/pacific-credo.fr\/en\/#organization","name":"Credo","url":"https:\/\/pacific-credo.fr\/en\/","logo":{"@type":"ImageObject","inLanguage":"en-US","@id":"https:\/\/pacific-credo.fr\/en\/#\/schema\/logo\/image\/","url":"https:\/\/pacific-credo.fr\/wp-content\/uploads\/2024\/07\/\u00aeCREDO.webp","contentUrl":"https:\/\/pacific-credo.fr\/wp-content\/uploads\/2024\/07\/\u00aeCREDO.webp","width":637,"height":591,"caption":"Credo"},"image":{"@id":"https:\/\/pacific-credo.fr\/en\/#\/schema\/logo\/image\/"},"sameAs":["https:\/\/www.facebook.com\/people\/CREDO-Centre-de-Recherche-et-de-Documentation-sur-lOcanie\/100087147725332\/","https:\/\/www.linkedin.com\/company\/credo-centre-de-recherche-et-de-documentation-sur-l-ocanie\/about\/?viewAsMember=true"]}]}},"_links":{"self":[{"href":"https:\/\/pacific-credo.fr\/en\/wp-json\/wp\/v2\/pages\/8184","targetHints":{"allow":["GET"]}}],"collection":[{"href":"https:\/\/pacific-credo.fr\/en\/wp-json\/wp\/v2\/pages"}],"about":[{"href":"https:\/\/pacific-credo.fr\/en\/wp-json\/wp\/v2\/types\/page"}],"author":[{"embeddable":true,"href":"https:\/\/pacific-credo.fr\/en\/wp-json\/wp\/v2\/users\/1"}],"replies":[{"embeddable":true,"href":"https:\/\/pacific-credo.fr\/en\/wp-json\/wp\/v2\/comments?post=8184"}],"version-history":[{"count":0,"href":"https:\/\/pacific-credo.fr\/en\/wp-json\/wp\/v2\/pages\/8184\/revisions"}],"wp:attachment":[{"href":"https:\/\/pacific-credo.fr\/en\/wp-json\/wp\/v2\/media?parent=8184"}],"curies":[{"name":"wp","href":"https:\/\/api.w.org\/{rel}","templated":true}]}}