{"id":8179,"date":"2024-07-31T19:44:06","date_gmt":"2024-07-31T17:44:06","guid":{"rendered":"https:\/\/pacific-credo.fr\/?page_id=8179"},"modified":"2025-03-18T13:53:04","modified_gmt":"2025-03-18T12:53:04","slug":"mentions-legales","status":"publish","type":"page","link":"https:\/\/pacific-credo.fr\/en\/mentions-legales\/","title":{"rendered":"Legal Disclaimer"},"content":{"rendered":"<div data-elementor-type=\"wp-page\" data-elementor-id=\"8179\" class=\"elementor elementor-8179\" data-elementor-post-type=\"page\">\n\t\t\t\t<div class=\"elementor-element elementor-element-548f562 e-con-full e-flex e-con e-parent\" data-id=\"548f562\" data-element_type=\"container\" data-settings=\"{&quot;background_background&quot;:&quot;classic&quot;}\">\n\t\t\t\t<div class=\"elementor-element elementor-element-3e6a7ec elementor-widget elementor-widget-heading\" data-id=\"3e6a7ec\" data-element_type=\"widget\" data-widget_type=\"heading.default\">\n\t\t\t\t<div class=\"elementor-widget-container\">\n\t\t\t\t\t<h1 class=\"elementor-heading-title elementor-size-default\">Legal Disclaimer<\/h1>\t\t\t\t<\/div>\n\t\t\t\t<\/div>\n\t\t\t\t<\/div>\n\t\t<div class=\"elementor-element elementor-element-2456bff e-flex e-con-boxed e-con e-parent\" data-id=\"2456bff\" data-element_type=\"container\">\n\t\t\t\t\t<div class=\"e-con-inner\">\n\t\t\t\t<div class=\"elementor-element elementor-element-9ce1684 elementor-widget elementor-widget-text-editor\" data-id=\"9ce1684\" data-element_type=\"widget\" data-widget_type=\"text-editor.default\">\n\t\t\t\t<div class=\"elementor-widget-container\">\n\t\t\t\t\t\t\t\t\t<p><strong>EDITEUR :<\/strong><br \/>Le site www.pacific-credo.fr est g\u00e9r\u00e9 par le Centre de Recherche et de Documentation sur l&rsquo;Oc\u00e9anie (CREDO) &#8211; Unit\u00e9 mixte de Recherche 7308, Aix-Marseille Universit\u00e9, CNRS.<br \/><span style=\"text-decoration: underline;\">Address<\/span> : Universit\u00e9 d&rsquo;Aix-Marseille, 3, Place Victor Hugo, CS 80249, 13331 Marseille Cedex 03<br \/><span style=\"text-decoration: underline;\">T\u00e9l\u00e9phone<\/span> : 04 13 55 07 32<br \/><span style=\"text-decoration: underline;\">Mail<\/span> : <a href=\"mailto:contact@pacific-credo.fr\" target=\"_blank\" rel=\"noopener\">contact@pacific-credo.fr<\/a><\/p><p>\u00a0<\/p><p>Directeur de la publication : Le Directeur du CREDO, <a href=\"https:\/\/pacific-credo.fr\/en\/equipe\/marc-tabani\/\" target=\"_blank\" rel=\"noopener\">Marc TABANI<\/a><\/p><p>R\u00e9daction et administration : <a href=\"https:\/\/pacific-credo.fr\/en\/equipe\/caroline-cavallasca\/\" target=\"_blank\" rel=\"noopener\">Caroline CAVALLASCA<\/a><\/p><p>\u00a0<\/p><p><strong>HEBERGEMENT :<\/strong><\/p><p>IONOS SARL<\/p><p>7, place de la Gare \u00b7 BP 70109<br \/>57201 Sarreguemines Cedex<br \/>N\u00b0 DE TVA intracommunautaire : FR 13 431303775<\/p><p>\u00a0<\/p><p><strong>PROPRI\u00c9T\u00c9 INTELLECTUELLE :<\/strong><br \/>La pr\u00e9sentation et le contenu du pr\u00e9sent site constituent, ensemble, une \u0153uvre prot\u00e9g\u00e9e par les lois en vigueur sur la propri\u00e9t\u00e9 intellectuelle, dont le CREDO est titulaire. Aucune reproduction et\/ou repr\u00e9sentation, partielle ou int\u00e9grale, ne pourra en \u00eatre faite sans l&rsquo;accord pr\u00e9alable et \u00e9crit du CREDO.<br \/>\u00c0 ce titre, toute reproduction, repr\u00e9sentation, adaptation, traduction et \/ou modification, partielle ou int\u00e9grale, ou transfert vers un autre site sont interdits. Leur reproduction, partielle ou int\u00e9grale, sans l&rsquo;accord \u00e9crit et pr\u00e9alable du CREDO est strictement interdite, \u00e0 l&rsquo;exception de celle r\u00e9alis\u00e9e pour les besoins de la presse.<br \/>Les d\u00e9nominations ou appellations, les logos et visuels, les photos, sont des marques d\u00e9pos\u00e9es et\/ou propri\u00e9t\u00e9 exclusive de leurs propri\u00e9taires respectifs.<\/p><p>\u00a0<\/p><p><strong>DEVELOPPEUR DU SITE<\/strong> :<br \/>WAGAIA &#8211; Cr\u00e9ation de site Marseille<\/p><div>\u00a0<\/div><div>\u00a0<\/div>\t\t\t\t\t\t\t\t<\/div>\n\t\t\t\t<\/div>\n\t\t\t\t\t<\/div>\n\t\t\t\t<\/div>\n\t\t\t\t<\/div>","protected":false},"excerpt":{"rendered":"<p>EDITEUR :Le site www.pacific-credo.fr est g\u00e9r\u00e9 par le Centre de Recherche et de Documentation sur l&rsquo;Oc\u00e9anie (CREDO) &#8211; Unit\u00e9 mixte de Recherche 7308, Aix-Marseille Universit\u00e9, CNRS.Adresse : Universit\u00e9 d&rsquo;Aix-Marseille, 3, Place Victor Hugo, CS 80249, 13331 Marseille Cedex 03T\u00e9l\u00e9phone : 04 13 55 07 32Mail : contact@pacific-credo.fr \u00a0 Directeur de la publication : Le Directeur [&hellip;]<\/p>","protected":false},"author":1,"featured_media":0,"parent":0,"menu_order":0,"comment_status":"closed","ping_status":"closed","template":"page.php","meta":{"_acf_changed":false,"footnotes":""},"class_list":["post-8179","page","type-page","status-publish","hentry"],"acf":[],"yoast_head":"<!-- This site is optimized with the Yoast SEO plugin v26.6 - https:\/\/yoast.com\/wordpress\/plugins\/seo\/ -->\n<title>Mentions L\u00e9gales - Credo<\/title>\n<meta name=\"robots\" content=\"index, follow, max-snippet:-1, max-image-preview:large, max-video-preview:-1\" \/>\n<link rel=\"canonical\" href=\"https:\/\/pacific-credo.fr\/en\/mentions-legales\/\" \/>\n<meta property=\"og:locale\" content=\"en_US\" \/>\n<meta property=\"og:type\" content=\"article\" \/>\n<meta property=\"og:title\" content=\"Mentions L\u00e9gales - Credo\" \/>\n<meta property=\"og:description\" content=\"EDITEUR :Le site www.pacific-credo.fr est g\u00e9r\u00e9 par le Centre de Recherche et de Documentation sur l&rsquo;Oc\u00e9anie (CREDO) &#8211; Unit\u00e9 mixte de Recherche 7308, Aix-Marseille Universit\u00e9, CNRS.Adresse : Universit\u00e9 d&rsquo;Aix-Marseille, 3, Place Victor Hugo, CS 80249, 13331 Marseille Cedex 03T\u00e9l\u00e9phone : 04 13 55 07 32Mail : contact@pacific-credo.fr \u00a0 Directeur de la publication : Le Directeur [&hellip;]\" \/>\n<meta property=\"og:url\" content=\"https:\/\/pacific-credo.fr\/en\/mentions-legales\/\" \/>\n<meta property=\"og:site_name\" content=\"Credo\" \/>\n<meta property=\"article:publisher\" content=\"https:\/\/www.facebook.com\/people\/CREDO-Centre-de-Recherche-et-de-Documentation-sur-lOcanie\/100087147725332\/\" \/>\n<meta property=\"article:modified_time\" content=\"2025-03-18T12:53:04+00:00\" \/>\n<meta name=\"twitter:card\" content=\"summary_large_image\" \/>\n<meta name=\"twitter:label1\" content=\"Est. reading time\" \/>\n\t<meta name=\"twitter:data1\" content=\"1 minute\" \/>\n<script type=\"application\/ld+json\" class=\"yoast-schema-graph\">{\"@context\":\"https:\/\/schema.org\",\"@graph\":[{\"@type\":\"WebPage\",\"@id\":\"https:\/\/pacific-credo.fr\/mentions-legales\/\",\"url\":\"https:\/\/pacific-credo.fr\/mentions-legales\/\",\"name\":\"Mentions L\u00e9gales - Credo\",\"isPartOf\":{\"@id\":\"https:\/\/pacific-credo.fr\/en\/#website\"},\"datePublished\":\"2024-07-31T17:44:06+00:00\",\"dateModified\":\"2025-03-18T12:53:04+00:00\",\"breadcrumb\":{\"@id\":\"https:\/\/pacific-credo.fr\/mentions-legales\/#breadcrumb\"},\"inLanguage\":\"en-US\",\"potentialAction\":[{\"@type\":\"ReadAction\",\"target\":[\"https:\/\/pacific-credo.fr\/mentions-legales\/\"]}]},{\"@type\":\"BreadcrumbList\",\"@id\":\"https:\/\/pacific-credo.fr\/mentions-legales\/#breadcrumb\",\"itemListElement\":[{\"@type\":\"ListItem\",\"position\":1,\"name\":\"Accueil\",\"item\":\"https:\/\/pacific-credo.fr\/\"},{\"@type\":\"ListItem\",\"position\":2,\"name\":\"Mentions L\u00e9gales\"}]},{\"@type\":\"WebSite\",\"@id\":\"https:\/\/pacific-credo.fr\/en\/#website\",\"url\":\"https:\/\/pacific-credo.fr\/en\/\",\"name\":\"Credo\",\"description\":\"\",\"publisher\":{\"@id\":\"https:\/\/pacific-credo.fr\/en\/#organization\"},\"potentialAction\":[{\"@type\":\"SearchAction\",\"target\":{\"@type\":\"EntryPoint\",\"urlTemplate\":\"https:\/\/pacific-credo.fr\/en\/?s={search_term_string}\"},\"query-input\":{\"@type\":\"PropertyValueSpecification\",\"valueRequired\":true,\"valueName\":\"search_term_string\"}}],\"inLanguage\":\"en-US\"},{\"@type\":\"Organization\",\"@id\":\"https:\/\/pacific-credo.fr\/en\/#organization\",\"name\":\"Credo\",\"url\":\"https:\/\/pacific-credo.fr\/en\/\",\"logo\":{\"@type\":\"ImageObject\",\"inLanguage\":\"en-US\",\"@id\":\"https:\/\/pacific-credo.fr\/en\/#\/schema\/logo\/image\/\",\"url\":\"https:\/\/pacific-credo.fr\/wp-content\/uploads\/2024\/07\/\u00aeCREDO.webp\",\"contentUrl\":\"https:\/\/pacific-credo.fr\/wp-content\/uploads\/2024\/07\/\u00aeCREDO.webp\",\"width\":637,\"height\":591,\"caption\":\"Credo\"},\"image\":{\"@id\":\"https:\/\/pacific-credo.fr\/en\/#\/schema\/logo\/image\/\"},\"sameAs\":[\"https:\/\/www.facebook.com\/people\/CREDO-Centre-de-Recherche-et-de-Documentation-sur-lOcanie\/100087147725332\/\",\"https:\/\/www.linkedin.com\/company\/credo-centre-de-recherche-et-de-documentation-sur-l-ocanie\/about\/?viewAsMember=true\"]}]}<\/script>\n<!-- \/ Yoast SEO plugin. -->","yoast_head_json":{"title":"Mentions L\u00e9gales - Credo","robots":{"index":"index","follow":"follow","max-snippet":"max-snippet:-1","max-image-preview":"max-image-preview:large","max-video-preview":"max-video-preview:-1"},"canonical":"https:\/\/pacific-credo.fr\/en\/mentions-legales\/","og_locale":"en_US","og_type":"article","og_title":"Mentions L\u00e9gales - Credo","og_description":"EDITEUR :Le site www.pacific-credo.fr est g\u00e9r\u00e9 par le Centre de Recherche et de Documentation sur l&rsquo;Oc\u00e9anie (CREDO) &#8211; Unit\u00e9 mixte de Recherche 7308, Aix-Marseille Universit\u00e9, CNRS.Adresse : Universit\u00e9 d&rsquo;Aix-Marseille, 3, Place Victor Hugo, CS 80249, 13331 Marseille Cedex 03T\u00e9l\u00e9phone : 04 13 55 07 32Mail : contact@pacific-credo.fr \u00a0 Directeur de la publication : Le Directeur [&hellip;]","og_url":"https:\/\/pacific-credo.fr\/en\/mentions-legales\/","og_site_name":"Credo","article_publisher":"https:\/\/www.facebook.com\/people\/CREDO-Centre-de-Recherche-et-de-Documentation-sur-lOcanie\/100087147725332\/","article_modified_time":"2025-03-18T12:53:04+00:00","twitter_card":"summary_large_image","twitter_misc":{"Est. reading time":"1 minute"},"schema":{"@context":"https:\/\/schema.org","@graph":[{"@type":"WebPage","@id":"https:\/\/pacific-credo.fr\/mentions-legales\/","url":"https:\/\/pacific-credo.fr\/mentions-legales\/","name":"Mentions L\u00e9gales - Credo","isPartOf":{"@id":"https:\/\/pacific-credo.fr\/en\/#website"},"datePublished":"2024-07-31T17:44:06+00:00","dateModified":"2025-03-18T12:53:04+00:00","breadcrumb":{"@id":"https:\/\/pacific-credo.fr\/mentions-legales\/#breadcrumb"},"inLanguage":"en-US","potentialAction":[{"@type":"ReadAction","target":["https:\/\/pacific-credo.fr\/mentions-legales\/"]}]},{"@type":"BreadcrumbList","@id":"https:\/\/pacific-credo.fr\/mentions-legales\/#breadcrumb","itemListElement":[{"@type":"ListItem","position":1,"name":"Accueil","item":"https:\/\/pacific-credo.fr\/"},{"@type":"ListItem","position":2,"name":"Mentions L\u00e9gales"}]},{"@type":"WebSite","@id":"https:\/\/pacific-credo.fr\/en\/#website","url":"https:\/\/pacific-credo.fr\/en\/","name":"Credo","description":"","publisher":{"@id":"https:\/\/pacific-credo.fr\/en\/#organization"},"potentialAction":[{"@type":"SearchAction","target":{"@type":"EntryPoint","urlTemplate":"https:\/\/pacific-credo.fr\/en\/?s={search_term_string}"},"query-input":{"@type":"PropertyValueSpecification","valueRequired":true,"valueName":"search_term_string"}}],"inLanguage":"en-US"},{"@type":"Organization","@id":"https:\/\/pacific-credo.fr\/en\/#organization","name":"Credo","url":"https:\/\/pacific-credo.fr\/en\/","logo":{"@type":"ImageObject","inLanguage":"en-US","@id":"https:\/\/pacific-credo.fr\/en\/#\/schema\/logo\/image\/","url":"https:\/\/pacific-credo.fr\/wp-content\/uploads\/2024\/07\/\u00aeCREDO.webp","contentUrl":"https:\/\/pacific-credo.fr\/wp-content\/uploads\/2024\/07\/\u00aeCREDO.webp","width":637,"height":591,"caption":"Credo"},"image":{"@id":"https:\/\/pacific-credo.fr\/en\/#\/schema\/logo\/image\/"},"sameAs":["https:\/\/www.facebook.com\/people\/CREDO-Centre-de-Recherche-et-de-Documentation-sur-lOcanie\/100087147725332\/","https:\/\/www.linkedin.com\/company\/credo-centre-de-recherche-et-de-documentation-sur-l-ocanie\/about\/?viewAsMember=true"]}]}},"_links":{"self":[{"href":"https:\/\/pacific-credo.fr\/en\/wp-json\/wp\/v2\/pages\/8179","targetHints":{"allow":["GET"]}}],"collection":[{"href":"https:\/\/pacific-credo.fr\/en\/wp-json\/wp\/v2\/pages"}],"about":[{"href":"https:\/\/pacific-credo.fr\/en\/wp-json\/wp\/v2\/types\/page"}],"author":[{"embeddable":true,"href":"https:\/\/pacific-credo.fr\/en\/wp-json\/wp\/v2\/users\/1"}],"replies":[{"embeddable":true,"href":"https:\/\/pacific-credo.fr\/en\/wp-json\/wp\/v2\/comments?post=8179"}],"version-history":[{"count":0,"href":"https:\/\/pacific-credo.fr\/en\/wp-json\/wp\/v2\/pages\/8179\/revisions"}],"wp:attachment":[{"href":"https:\/\/pacific-credo.fr\/en\/wp-json\/wp\/v2\/media?parent=8179"}],"curies":[{"name":"wp","href":"https:\/\/api.w.org\/{rel}","templated":true}]}}