{"id":8170,"date":"2024-07-31T19:38:10","date_gmt":"2024-07-31T17:38:10","guid":{"rendered":"https:\/\/pacific-credo.fr\/?page_id=8170"},"modified":"2025-03-25T16:07:32","modified_gmt":"2025-03-25T15:07:32","slug":"intranet","status":"publish","type":"page","link":"https:\/\/pacific-credo.fr\/en\/intranet\/","title":{"rendered":"Intranet"},"content":{"rendered":"<div data-elementor-type=\"wp-page\" data-elementor-id=\"8170\" class=\"elementor elementor-8170\" data-elementor-post-type=\"page\">\n\t\t\t\t<div class=\"elementor-element elementor-element-548f562 e-con-full e-flex e-con e-parent\" data-id=\"548f562\" data-element_type=\"container\" data-settings=\"{&quot;background_background&quot;:&quot;classic&quot;}\">\n\t\t\t\t<div class=\"elementor-element elementor-element-3e6a7ec elementor-widget elementor-widget-heading\" data-id=\"3e6a7ec\" data-element_type=\"widget\" data-widget_type=\"heading.default\">\n\t\t\t\t<div class=\"elementor-widget-container\">\n\t\t\t\t\t<h1 class=\"elementor-heading-title elementor-size-default\">Intranet<\/h1>\t\t\t\t<\/div>\n\t\t\t\t<\/div>\n\t\t\t\t<\/div>\n\t\t<div class=\"elementor-element elementor-element-2456bff e-flex e-con-boxed e-con e-parent\" data-id=\"2456bff\" data-element_type=\"container\">\n\t\t\t\t\t<div class=\"e-con-inner\">\n\t\t\t\t<div class=\"elementor-element elementor-element-1e6aa1b elementor-widget__width-initial elementor-widget-mobile__width-inherit elementor-widget elementor-widget-text-editor\" data-id=\"1e6aa1b\" data-element_type=\"widget\" data-widget_type=\"text-editor.default\">\n\t\t\t\t<div class=\"elementor-widget-container\">\n\t\t\t\t\t\t\t\t\t<p>Cette page est strictement r\u00e9serv\u00e9e aux membres du CREDO (titulaires, associ\u00e9s et doctorants). Veuillez noter que votre num\u00e9ro IP et votre localisation sont enregistr\u00e9s, que des tentatives multiples d&rsquo;enregistrement bloqueront votre acc\u00e8s, et que tout abus sera signal\u00e9 aux autorit\u00e9s.<\/p>\t\t\t\t\t\t\t\t<\/div>\n\t\t\t\t<\/div>\n\t\t\t\t<div class=\"elementor-element elementor-element-f79592a elementor-button-align-start elementor-widget__width-initial elementor-widget-mobile__width-inherit elementor-widget elementor-widget-login\" data-id=\"f79592a\" data-element_type=\"widget\" data-widget_type=\"login.default\">\n\t\t\t\t<div class=\"elementor-widget-container\">\n\t\t\t\t\t\t\t<form class=\"elementor-login elementor-form\" method=\"post\" action=\"https:\/\/pacific-credo.fr\/wp-login.php\" aria-label=\"Login form\">\n\t\t\t<input type=\"hidden\" name=\"redirect_to\" value=\"\/wp-admin\/edit.php?post_type=equipe\">\n\t\t\t<div class=\"elementor-form-fields-wrapper\">\n\t\t\t\t<div class=\"elementor-field-type-text elementor-field-group elementor-column elementor-col-100 elementor-field-required\">\n\t\t\t\t\t<label for=\"user-f79592a\" class=\"elementor-field-label\">Identifiant ou adresse email<\/label>\n\t\t\t\t\t<input size=\"1\" type=\"text\" name=\"log\" id=\"user-f79592a\" placeholder=\"Identifiant ou adresse email\" class=\"elementor-field elementor-field-textual elementor-size-sm\">\n\t\t\t\t<\/div>\n\t\t\t\t<div class=\"elementor-field-type-text elementor-field-group elementor-column elementor-col-100 elementor-field-required\">\n\t\t\t\t\t<label for=\"password-f79592a\" class=\"elementor-field-label\">Mot de passe<\/label>\n\t\t\t\t\t<input size=\"1\" type=\"password\" name=\"pwd\" id=\"password-f79592a\" placeholder=\"Mot de passe\" class=\"elementor-field elementor-field-textual elementor-size-sm\">\n\t\t\t\t<\/div>\n\n\t\t\t\t\t\t\t\t\t<div class=\"elementor-field-type-checkbox elementor-field-group elementor-column elementor-col-100 elementor-remember-me\">\n\t\t\t\t\t\t<label for=\"elementor-login-remember-me\">\n\t\t\t\t\t\t\t<input type=\"checkbox\" id=\"elementor-login-remember-me\" name=\"rememberme\" value=\"forever\">\n\t\t\t\t\t\t\tRemember Me\t\t\t\t\t\t<\/label>\n\t\t\t\t\t<\/div>\n\t\t\t\t\n\t\t\t\t<div class=\"elementor-field-group elementor-column elementor-field-type-submit elementor-col-100\">\n\t\t\t\t\t<button type=\"submit\" class=\"elementor-size-xs elementor-button\" name=\"wp-submit\">\n\t\t\t\t\t\t\t\t\t\t\t\t\t\t\t<span class=\"elementor-button-text\">Se connecter<\/span>\n\t\t\t\t\t\t\t\t\t\t\t\t<\/button>\n\t\t\t\t<\/div>\n\n\t\t\t\t\t\t\t\t\t<div class=\"elementor-field-group elementor-column elementor-col-100\">\n\t\t\t\t\t\t\t\t\t\t\t\t\t\t\t\t\t\t\t\t<a class=\"elementor-lost-password\" href=\"https:\/\/pacific-credo.fr\/wp-login.php?action=lostpassword&redirect_to=%2Fwp-admin%2Fedit.php%3Fpost_type%3Dequipe\">\n\t\t\t\t\t\t\t\tLost your password?\t\t\t\t\t\t\t<\/a>\n\t\t\t\t\t\t\n\t\t\t\t\t\t\t\t\t\t\t<\/div>\n\t\t\t\t\t\t\t<\/div>\n\t\t<\/form>\n\t\t\t\t\t\t<\/div>\n\t\t\t\t<\/div>\n\t\t\t\t\t<\/div>\n\t\t\t\t<\/div>\n\t\t\t\t<\/div>","protected":false},"excerpt":{"rendered":"<p>Cette page est strictement r\u00e9serv\u00e9e aux membres du CREDO (titulaires, associ\u00e9s et doctorants). Veuillez noter que votre num\u00e9ro IP et votre localisation sont enregistr\u00e9s, que des tentatives multiples d&rsquo;enregistrement bloqueront votre acc\u00e8s, et que tout abus sera signal\u00e9 aux autorit\u00e9s. Acc\u00e9der au back office &nbsp;<\/p>","protected":false},"author":1,"featured_media":0,"parent":0,"menu_order":0,"comment_status":"closed","ping_status":"closed","template":"","meta":{"_acf_changed":false,"footnotes":""},"class_list":["post-8170","page","type-page","status-publish","hentry"],"acf":[],"yoast_head":"<!-- This site is optimized with the Yoast SEO plugin v26.6 - https:\/\/yoast.com\/wordpress\/plugins\/seo\/ -->\n<title>Intranet - Credo<\/title>\n<meta name=\"robots\" content=\"index, follow, max-snippet:-1, max-image-preview:large, max-video-preview:-1\" \/>\n<link rel=\"canonical\" href=\"https:\/\/pacific-credo.fr\/en\/intranet\/\" \/>\n<meta property=\"og:locale\" content=\"en_US\" \/>\n<meta property=\"og:type\" content=\"article\" \/>\n<meta property=\"og:title\" content=\"Intranet - Credo\" \/>\n<meta property=\"og:description\" content=\"Cette page est strictement r\u00e9serv\u00e9e aux membres du CREDO (titulaires, associ\u00e9s et doctorants). Veuillez noter que votre num\u00e9ro IP et votre localisation sont enregistr\u00e9s, que des tentatives multiples d&rsquo;enregistrement bloqueront votre acc\u00e8s, et que tout abus sera signal\u00e9 aux autorit\u00e9s. Acc\u00e9der au back office &nbsp;\" \/>\n<meta property=\"og:url\" content=\"https:\/\/pacific-credo.fr\/en\/intranet\/\" \/>\n<meta property=\"og:site_name\" content=\"Credo\" \/>\n<meta property=\"article:publisher\" content=\"https:\/\/www.facebook.com\/people\/CREDO-Centre-de-Recherche-et-de-Documentation-sur-lOcanie\/100087147725332\/\" \/>\n<meta property=\"article:modified_time\" content=\"2025-03-25T15:07:32+00:00\" \/>\n<meta name=\"twitter:card\" content=\"summary_large_image\" \/>\n<script type=\"application\/ld+json\" class=\"yoast-schema-graph\">{\"@context\":\"https:\/\/schema.org\",\"@graph\":[{\"@type\":\"WebPage\",\"@id\":\"https:\/\/pacific-credo.fr\/intranet\/\",\"url\":\"https:\/\/pacific-credo.fr\/intranet\/\",\"name\":\"Intranet - Credo\",\"isPartOf\":{\"@id\":\"https:\/\/pacific-credo.fr\/en\/#website\"},\"datePublished\":\"2024-07-31T17:38:10+00:00\",\"dateModified\":\"2025-03-25T15:07:32+00:00\",\"breadcrumb\":{\"@id\":\"https:\/\/pacific-credo.fr\/intranet\/#breadcrumb\"},\"inLanguage\":\"en-US\",\"potentialAction\":[{\"@type\":\"ReadAction\",\"target\":[\"https:\/\/pacific-credo.fr\/intranet\/\"]}]},{\"@type\":\"BreadcrumbList\",\"@id\":\"https:\/\/pacific-credo.fr\/intranet\/#breadcrumb\",\"itemListElement\":[{\"@type\":\"ListItem\",\"position\":1,\"name\":\"Accueil\",\"item\":\"https:\/\/pacific-credo.fr\/\"},{\"@type\":\"ListItem\",\"position\":2,\"name\":\"Intranet\"}]},{\"@type\":\"WebSite\",\"@id\":\"https:\/\/pacific-credo.fr\/en\/#website\",\"url\":\"https:\/\/pacific-credo.fr\/en\/\",\"name\":\"Credo\",\"description\":\"\",\"publisher\":{\"@id\":\"https:\/\/pacific-credo.fr\/en\/#organization\"},\"potentialAction\":[{\"@type\":\"SearchAction\",\"target\":{\"@type\":\"EntryPoint\",\"urlTemplate\":\"https:\/\/pacific-credo.fr\/en\/?s={search_term_string}\"},\"query-input\":{\"@type\":\"PropertyValueSpecification\",\"valueRequired\":true,\"valueName\":\"search_term_string\"}}],\"inLanguage\":\"en-US\"},{\"@type\":\"Organization\",\"@id\":\"https:\/\/pacific-credo.fr\/en\/#organization\",\"name\":\"Credo\",\"url\":\"https:\/\/pacific-credo.fr\/en\/\",\"logo\":{\"@type\":\"ImageObject\",\"inLanguage\":\"en-US\",\"@id\":\"https:\/\/pacific-credo.fr\/en\/#\/schema\/logo\/image\/\",\"url\":\"https:\/\/pacific-credo.fr\/wp-content\/uploads\/2024\/07\/\u00aeCREDO.webp\",\"contentUrl\":\"https:\/\/pacific-credo.fr\/wp-content\/uploads\/2024\/07\/\u00aeCREDO.webp\",\"width\":637,\"height\":591,\"caption\":\"Credo\"},\"image\":{\"@id\":\"https:\/\/pacific-credo.fr\/en\/#\/schema\/logo\/image\/\"},\"sameAs\":[\"https:\/\/www.facebook.com\/people\/CREDO-Centre-de-Recherche-et-de-Documentation-sur-lOcanie\/100087147725332\/\",\"https:\/\/www.linkedin.com\/company\/credo-centre-de-recherche-et-de-documentation-sur-l-ocanie\/about\/?viewAsMember=true\"]}]}<\/script>\n<!-- \/ Yoast SEO plugin. -->","yoast_head_json":{"title":"Intranet - Credo","robots":{"index":"index","follow":"follow","max-snippet":"max-snippet:-1","max-image-preview":"max-image-preview:large","max-video-preview":"max-video-preview:-1"},"canonical":"https:\/\/pacific-credo.fr\/en\/intranet\/","og_locale":"en_US","og_type":"article","og_title":"Intranet - Credo","og_description":"Cette page est strictement r\u00e9serv\u00e9e aux membres du CREDO (titulaires, associ\u00e9s et doctorants). Veuillez noter que votre num\u00e9ro IP et votre localisation sont enregistr\u00e9s, que des tentatives multiples d&rsquo;enregistrement bloqueront votre acc\u00e8s, et que tout abus sera signal\u00e9 aux autorit\u00e9s. Acc\u00e9der au back office &nbsp;","og_url":"https:\/\/pacific-credo.fr\/en\/intranet\/","og_site_name":"Credo","article_publisher":"https:\/\/www.facebook.com\/people\/CREDO-Centre-de-Recherche-et-de-Documentation-sur-lOcanie\/100087147725332\/","article_modified_time":"2025-03-25T15:07:32+00:00","twitter_card":"summary_large_image","schema":{"@context":"https:\/\/schema.org","@graph":[{"@type":"WebPage","@id":"https:\/\/pacific-credo.fr\/intranet\/","url":"https:\/\/pacific-credo.fr\/intranet\/","name":"Intranet - Credo","isPartOf":{"@id":"https:\/\/pacific-credo.fr\/en\/#website"},"datePublished":"2024-07-31T17:38:10+00:00","dateModified":"2025-03-25T15:07:32+00:00","breadcrumb":{"@id":"https:\/\/pacific-credo.fr\/intranet\/#breadcrumb"},"inLanguage":"en-US","potentialAction":[{"@type":"ReadAction","target":["https:\/\/pacific-credo.fr\/intranet\/"]}]},{"@type":"BreadcrumbList","@id":"https:\/\/pacific-credo.fr\/intranet\/#breadcrumb","itemListElement":[{"@type":"ListItem","position":1,"name":"Accueil","item":"https:\/\/pacific-credo.fr\/"},{"@type":"ListItem","position":2,"name":"Intranet"}]},{"@type":"WebSite","@id":"https:\/\/pacific-credo.fr\/en\/#website","url":"https:\/\/pacific-credo.fr\/en\/","name":"Credo","description":"","publisher":{"@id":"https:\/\/pacific-credo.fr\/en\/#organization"},"potentialAction":[{"@type":"SearchAction","target":{"@type":"EntryPoint","urlTemplate":"https:\/\/pacific-credo.fr\/en\/?s={search_term_string}"},"query-input":{"@type":"PropertyValueSpecification","valueRequired":true,"valueName":"search_term_string"}}],"inLanguage":"en-US"},{"@type":"Organization","@id":"https:\/\/pacific-credo.fr\/en\/#organization","name":"Credo","url":"https:\/\/pacific-credo.fr\/en\/","logo":{"@type":"ImageObject","inLanguage":"en-US","@id":"https:\/\/pacific-credo.fr\/en\/#\/schema\/logo\/image\/","url":"https:\/\/pacific-credo.fr\/wp-content\/uploads\/2024\/07\/\u00aeCREDO.webp","contentUrl":"https:\/\/pacific-credo.fr\/wp-content\/uploads\/2024\/07\/\u00aeCREDO.webp","width":637,"height":591,"caption":"Credo"},"image":{"@id":"https:\/\/pacific-credo.fr\/en\/#\/schema\/logo\/image\/"},"sameAs":["https:\/\/www.facebook.com\/people\/CREDO-Centre-de-Recherche-et-de-Documentation-sur-lOcanie\/100087147725332\/","https:\/\/www.linkedin.com\/company\/credo-centre-de-recherche-et-de-documentation-sur-l-ocanie\/about\/?viewAsMember=true"]}]}},"_links":{"self":[{"href":"https:\/\/pacific-credo.fr\/en\/wp-json\/wp\/v2\/pages\/8170","targetHints":{"allow":["GET"]}}],"collection":[{"href":"https:\/\/pacific-credo.fr\/en\/wp-json\/wp\/v2\/pages"}],"about":[{"href":"https:\/\/pacific-credo.fr\/en\/wp-json\/wp\/v2\/types\/page"}],"author":[{"embeddable":true,"href":"https:\/\/pacific-credo.fr\/en\/wp-json\/wp\/v2\/users\/1"}],"replies":[{"embeddable":true,"href":"https:\/\/pacific-credo.fr\/en\/wp-json\/wp\/v2\/comments?post=8170"}],"version-history":[{"count":1,"href":"https:\/\/pacific-credo.fr\/en\/wp-json\/wp\/v2\/pages\/8170\/revisions"}],"predecessor-version":[{"id":17103,"href":"https:\/\/pacific-credo.fr\/en\/wp-json\/wp\/v2\/pages\/8170\/revisions\/17103"}],"wp:attachment":[{"href":"https:\/\/pacific-credo.fr\/en\/wp-json\/wp\/v2\/media?parent=8170"}],"curies":[{"name":"wp","href":"https:\/\/api.w.org\/{rel}","templated":true}]}}