{"id":8064,"date":"2024-07-31T18:09:22","date_gmt":"2024-07-31T16:09:22","guid":{"rendered":"https:\/\/pacific-credo.fr\/?page_id=8064"},"modified":"2025-09-22T14:04:37","modified_gmt":"2025-09-22T12:04:37","slug":"les-archives-scientifiques","status":"publish","type":"page","link":"https:\/\/pacific-credo.fr\/en\/documentation-et-archives\/les-archives-scientifiques\/","title":{"rendered":"Scientific archives"},"content":{"rendered":"<div data-elementor-type=\"wp-page\" data-elementor-id=\"8064\" class=\"elementor elementor-8064\" data-elementor-post-type=\"page\">\n\t\t\t\t<div class=\"elementor-element elementor-element-548f562 e-con-full e-flex e-con e-parent\" data-id=\"548f562\" data-element_type=\"container\" data-settings=\"{&quot;background_background&quot;:&quot;classic&quot;}\">\n\t\t\t\t<div class=\"elementor-element elementor-element-3e6a7ec elementor-widget elementor-widget-heading\" data-id=\"3e6a7ec\" data-element_type=\"widget\" data-widget_type=\"heading.default\">\n\t\t\t\t<div class=\"elementor-widget-container\">\n\t\t\t\t\t<h1 class=\"elementor-heading-title elementor-size-default\">Scientific archives<\/h1>\t\t\t\t<\/div>\n\t\t\t\t<\/div>\n\t\t\t\t<\/div>\n\t\t<div class=\"elementor-element elementor-element-341ee56 e-flex e-con-boxed e-con e-parent\" data-id=\"341ee56\" data-element_type=\"container\">\n\t\t\t\t\t<div class=\"e-con-inner\">\n\t\t<div class=\"elementor-element elementor-element-098fcd6 e-con-full e-flex e-con e-child\" data-id=\"098fcd6\" data-element_type=\"container\">\n\t\t\t\t<div class=\"elementor-element elementor-element-ad6bc12 elementor-widget elementor-widget-image\" data-id=\"ad6bc12\" data-element_type=\"widget\" data-widget_type=\"image.default\">\n\t\t\t\t<div class=\"elementor-widget-container\">\n\t\t\t\t\t\t\t\t\t\t\t\t\t\t\t<img fetchpriority=\"high\" decoding=\"async\" width=\"600\" height=\"800\" src=\"https:\/\/pacific-credo.fr\/wp-content\/uploads\/2025\/02\/archives.webp\" class=\"attachment-large size-large wp-image-10285\" alt=\"Archives de chercheurs\" srcset=\"https:\/\/pacific-credo.fr\/wp-content\/uploads\/2025\/02\/archives.webp 600w, https:\/\/pacific-credo.fr\/wp-content\/uploads\/2025\/02\/archives-9x12.webp 9w\" sizes=\"(max-width: 600px) 100vw, 600px\" \/>\t\t\t\t\t\t\t\t\t\t\t\t\t\t\t<\/div>\n\t\t\t\t<\/div>\n\t\t\t\t<div class=\"elementor-element elementor-element-08085c5 elementor-absolute elementor-widget elementor-widget-image\" data-id=\"08085c5\" data-element_type=\"widget\" data-settings=\"{&quot;_position&quot;:&quot;absolute&quot;}\" data-widget_type=\"image.default\">\n\t\t\t\t<div class=\"elementor-widget-container\">\n\t\t\t\t\t\t\t\t\t\t\t\t\t\t\t<img decoding=\"async\" width=\"600\" height=\"800\" src=\"https:\/\/pacific-credo.fr\/wp-content\/uploads\/2025\/02\/numerisation_4.webp\" class=\"attachment-large size-large wp-image-10279\" alt=\"Num\u00e9riser\" srcset=\"https:\/\/pacific-credo.fr\/wp-content\/uploads\/2025\/02\/numerisation_4.webp 600w, https:\/\/pacific-credo.fr\/wp-content\/uploads\/2025\/02\/numerisation_4-9x12.webp 9w\" sizes=\"(max-width: 600px) 100vw, 600px\" \/>\t\t\t\t\t\t\t\t\t\t\t\t\t\t\t<\/div>\n\t\t\t\t<\/div>\n\t\t\t\t<\/div>\n\t\t<div class=\"elementor-element elementor-element-a1b9566 e-con-full e-flex e-con e-child\" data-id=\"a1b9566\" data-element_type=\"container\">\n\t\t\t\t<div class=\"elementor-element elementor-element-2aa2d6c animated-fast elementor-invisible elementor-widget elementor-widget-heading\" data-id=\"2aa2d6c\" data-element_type=\"widget\" data-settings=\"{&quot;_animation&quot;:&quot;fadeInUp&quot;}\" data-widget_type=\"heading.default\">\n\t\t\t\t<div class=\"elementor-widget-container\">\n\t\t\t\t\t<h2 class=\"elementor-heading-title elementor-size-default\">Digitization service<\/h2>\t\t\t\t<\/div>\n\t\t\t\t<\/div>\n\t\t\t\t<div class=\"elementor-element elementor-element-0f7412c elementor-widget elementor-widget-text-editor\" data-id=\"0f7412c\" data-element_type=\"widget\" data-widget_type=\"text-editor.default\">\n\t\t\t\t<div class=\"elementor-widget-container\">\n\t\t\t\t\t\t\t\t\t<p>Closely linked to the ODSAS archiving platform (see below), CREDO has a digitization department under the responsibility of Caroline Cavallasca. This service prepares and digitizes documents for archiving.<\/p><p><strong>It proceeds in 9 steps:<\/strong><\/p><ul><li>Document filing and inventory<\/li><li>Scanning<\/li><li>Quality control of scanned files.<\/li><li>High-resolution archiving<\/li><li>Conversion of high-resolution files to JPEG format for online hosting.<\/li><li>Create collections and sets in the database and upload files.<\/li><li>Enter basic metadata for collections, then for each subset.<\/li><li>Return of originals to the collection owner and delivery of all digitized files.<\/li><li>Metadata enrichment by the researcher or collection owner.<\/li><\/ul>\t\t\t\t\t\t\t\t<\/div>\n\t\t\t\t<\/div>\n\t\t\t\t<\/div>\n\t\t\t\t\t<\/div>\n\t\t\t\t<\/div>\n\t\t<div class=\"elementor-element elementor-element-f1b5776 e-flex e-con-boxed e-con e-parent\" data-id=\"f1b5776\" data-element_type=\"container\">\n\t\t\t\t\t<div class=\"e-con-inner\">\n\t\t<div class=\"elementor-element elementor-element-515fc41 e-con-full e-flex e-con e-child\" data-id=\"515fc41\" data-element_type=\"container\">\n\t\t\t\t<div class=\"elementor-element elementor-element-60193b0 elementor-widget elementor-widget-heading\" data-id=\"60193b0\" data-element_type=\"widget\" data-widget_type=\"heading.default\">\n\t\t\t\t<div class=\"elementor-widget-container\">\n\t\t\t\t\t<h6 class=\"elementor-heading-title elementor-size-default\">A platform for scientific archives<\/h6>\t\t\t\t<\/div>\n\t\t\t\t<\/div>\n\t\t\t\t<div class=\"elementor-element elementor-element-8d57d74 animated-fast elementor-invisible elementor-widget elementor-widget-heading\" data-id=\"8d57d74\" data-element_type=\"widget\" data-settings=\"{&quot;_animation&quot;:&quot;fadeInUp&quot;}\" data-widget_type=\"heading.default\">\n\t\t\t\t<div class=\"elementor-widget-container\">\n\t\t\t\t\t<h2 class=\"elementor-heading-title elementor-size-default\">ODSAS<\/h2>\t\t\t\t<\/div>\n\t\t\t\t<\/div>\n\t\t\t\t<div class=\"elementor-element elementor-element-8a0caa9 elementor-widget elementor-widget-text-editor\" data-id=\"8a0caa9\" data-element_type=\"widget\" data-widget_type=\"text-editor.default\">\n\t\t\t\t<div class=\"elementor-widget-container\">\n\t\t\t\t\t\t\t\t\t<p><strong>ODSAS<\/strong> est une plateforme de stockage, de manipulation personnalis\u00e9e et d\u2019annotation individuelle ou collective multicouches d&rsquo;archives de chercheurs num\u00e9ris\u00e9es et de ressources num\u00e9riques. Cette plateforme est fond\u00e9e sur les besoins des sciences sociales et humaines et est sp\u00e9cialis\u00e9e sur l&rsquo;Oc\u00e9anie et l&rsquo;Asie. ODSAS a \u00e9t\u00e9 cr\u00e9\u00e9e par Laurent Dousset, ex-enseignant chercheur EHESS affili\u00e9 au CREDO, est h\u00e9berg\u00e9e par HumaNum (<em><strong><a href=\"https:\/\/www.huma-num.fr\/)\" target=\"_blank\" rel=\"noopener\">https:\/\/www.huma-num.fr\/)<\/a><\/strong><\/em> et est actuellement sous la responsabilit\u00e9 d\u2019un comit\u00e9 de pilotage coll\u00e9gial compos\u00e9 de membres du CREDO et de l\u2019IrAsia et anim\u00e9 par Pascale Bonnem\u00e8re, chercheuse au CREDO.<\/p><p>In 2025, ODSAS hosts 76 collections and over 320,000 files. These include the archives of Maurice Godelier, Allison Jablonko, Karel Kupka, Pierre Lemonnier, Anick Coudart...<\/p>\t\t\t\t\t\t\t\t<\/div>\n\t\t\t\t<\/div>\n\t\t\t\t<div class=\"elementor-element elementor-element-277cde5 elementor-align-left elementor-mobile-align-center elementor-widget elementor-widget-button\" data-id=\"277cde5\" data-element_type=\"widget\" data-widget_type=\"button.default\">\n\t\t\t\t<div class=\"elementor-widget-container\">\n\t\t\t\t\t\t\t\t\t<div class=\"elementor-button-wrapper\">\n\t\t\t\t\t<a class=\"elementor-button elementor-button-link elementor-size-sm\" href=\"https:\/\/www.odsas.net\/\" target=\"_blank\">\n\t\t\t\t\t\t<span class=\"elementor-button-content-wrapper\">\n\t\t\t\t\t\t\t\t\t<span class=\"elementor-button-text\">Go to website<\/span>\n\t\t\t\t\t<\/span>\n\t\t\t\t\t<\/a>\n\t\t\t\t<\/div>\n\t\t\t\t\t\t\t\t<\/div>\n\t\t\t\t<\/div>\n\t\t\t\t<div class=\"elementor-element elementor-element-4acb1f8 elementor-widget elementor-widget-text-editor\" data-id=\"4acb1f8\" data-element_type=\"widget\" data-widget_type=\"text-editor.default\">\n\t\t\t\t<div class=\"elementor-widget-container\">\n\t\t\t\t\t\t\t\t\t<p>ODSAS also contains sub-platforms:\u00a0<\/p>\t\t\t\t\t\t\t\t<\/div>\n\t\t\t\t<\/div>\n\t\t\t\t<div class=\"elementor-element elementor-element-d606d72 elementor-align-left elementor-button-success elementor-widget elementor-widget-button\" data-id=\"d606d72\" data-element_type=\"widget\" data-widget_type=\"button.default\">\n\t\t\t\t<div class=\"elementor-widget-container\">\n\t\t\t\t\t\t\t\t\t<div class=\"elementor-button-wrapper\">\n\t\t\t\t\t<a class=\"elementor-button elementor-button-link elementor-size-sm elementor-animation-skew-forward\" href=\"https:\/\/www.odsas.net\/subdomains\/newguinea\/\" target=\"_blank\">\n\t\t\t\t\t\t<span class=\"elementor-button-content-wrapper\">\n\t\t\t\t\t\t<span class=\"elementor-button-icon\">\n\t\t\t\t<svg aria-hidden=\"true\" class=\"e-font-icon-svg e-fas-link\" viewbox=\"0 0 512 512\" xmlns=\"http:\/\/www.w3.org\/2000\/svg\"><path d=\"M326.612 185.391c59.747 59.809 58.927 155.698.36 214.59-.11.12-.24.25-.36.37l-67.2 67.2c-59.27 59.27-155.699 59.262-214.96 0-59.27-59.26-59.27-155.7 0-214.96l37.106-37.106c9.84-9.84 26.786-3.3 27.294 10.606.648 17.722 3.826 35.527 9.69 52.721 1.986 5.822.567 12.262-3.783 16.612l-13.087 13.087c-28.026 28.026-28.905 73.66-1.155 101.96 28.024 28.579 74.086 28.749 102.325.51l67.2-67.19c28.191-28.191 28.073-73.757 0-101.83-3.701-3.694-7.429-6.564-10.341-8.569a16.037 16.037 0 0 1-6.947-12.606c-.396-10.567 3.348-21.456 11.698-29.806l21.054-21.055c5.521-5.521 14.182-6.199 20.584-1.731a152.482 152.482 0 0 1 20.522 17.197zM467.547 44.449c-59.261-59.262-155.69-59.27-214.96 0l-67.2 67.2c-.12.12-.25.25-.36.37-58.566 58.892-59.387 154.781.36 214.59a152.454 152.454 0 0 0 20.521 17.196c6.402 4.468 15.064 3.789 20.584-1.731l21.054-21.055c8.35-8.35 12.094-19.239 11.698-29.806a16.037 16.037 0 0 0-6.947-12.606c-2.912-2.005-6.64-4.875-10.341-8.569-28.073-28.073-28.191-73.639 0-101.83l67.2-67.19c28.239-28.239 74.3-28.069 102.325.51 27.75 28.3 26.872 73.934-1.155 101.96l-13.087 13.087c-4.35 4.35-5.769 10.79-3.783 16.612 5.864 17.194 9.042 34.999 9.69 52.721.509 13.906 17.454 20.446 27.294 10.606l37.106-37.106c59.271-59.259 59.271-155.699.001-214.959z\"><\/path><\/svg>\t\t\t<\/span>\n\t\t\t\t\t\t\t\t\t<span class=\"elementor-button-text\">New Guinea Collection<\/span>\n\t\t\t\t\t<\/span>\n\t\t\t\t\t<\/a>\n\t\t\t\t<\/div>\n\t\t\t\t\t\t\t\t<\/div>\n\t\t\t\t<\/div>\n\t\t\t\t<div class=\"elementor-element elementor-element-01ef3c6 elementor-align-left elementor-button-success elementor-widget elementor-widget-button\" data-id=\"01ef3c6\" data-element_type=\"widget\" data-widget_type=\"button.default\">\n\t\t\t\t<div class=\"elementor-widget-container\">\n\t\t\t\t\t\t\t\t\t<div class=\"elementor-button-wrapper\">\n\t\t\t\t\t<a class=\"elementor-button elementor-button-link elementor-size-sm elementor-animation-skew-forward\" href=\"https:\/\/www.odsas.net\/subdomains\/lesson\/\" target=\"_blank\">\n\t\t\t\t\t\t<span class=\"elementor-button-content-wrapper\">\n\t\t\t\t\t\t<span class=\"elementor-button-icon\">\n\t\t\t\t<svg aria-hidden=\"true\" class=\"e-font-icon-svg e-fas-link\" viewbox=\"0 0 512 512\" xmlns=\"http:\/\/www.w3.org\/2000\/svg\"><path d=\"M326.612 185.391c59.747 59.809 58.927 155.698.36 214.59-.11.12-.24.25-.36.37l-67.2 67.2c-59.27 59.27-155.699 59.262-214.96 0-59.27-59.26-59.27-155.7 0-214.96l37.106-37.106c9.84-9.84 26.786-3.3 27.294 10.606.648 17.722 3.826 35.527 9.69 52.721 1.986 5.822.567 12.262-3.783 16.612l-13.087 13.087c-28.026 28.026-28.905 73.66-1.155 101.96 28.024 28.579 74.086 28.749 102.325.51l67.2-67.19c28.191-28.191 28.073-73.757 0-101.83-3.701-3.694-7.429-6.564-10.341-8.569a16.037 16.037 0 0 1-6.947-12.606c-.396-10.567 3.348-21.456 11.698-29.806l21.054-21.055c5.521-5.521 14.182-6.199 20.584-1.731a152.482 152.482 0 0 1 20.522 17.197zM467.547 44.449c-59.261-59.262-155.69-59.27-214.96 0l-67.2 67.2c-.12.12-.25.25-.36.37-58.566 58.892-59.387 154.781.36 214.59a152.454 152.454 0 0 0 20.521 17.196c6.402 4.468 15.064 3.789 20.584-1.731l21.054-21.055c8.35-8.35 12.094-19.239 11.698-29.806a16.037 16.037 0 0 0-6.947-12.606c-2.912-2.005-6.64-4.875-10.341-8.569-28.073-28.073-28.191-73.639 0-101.83l67.2-67.19c28.239-28.239 74.3-28.069 102.325.51 27.75 28.3 26.872 73.934-1.155 101.96l-13.087 13.087c-4.35 4.35-5.769 10.79-3.783 16.612 5.864 17.194 9.042 34.999 9.69 52.721.509 13.906 17.454 20.446 27.294 10.606l37.106-37.106c59.271-59.259 59.271-155.699.001-214.959z\"><\/path><\/svg>\t\t\t<\/span>\n\t\t\t\t\t\t\t\t\t<span class=\"elementor-button-text\">Pierre-Adolphe Lesson archives<\/span>\n\t\t\t\t\t<\/span>\n\t\t\t\t\t<\/a>\n\t\t\t\t<\/div>\n\t\t\t\t\t\t\t\t<\/div>\n\t\t\t\t<\/div>\n\t\t\t\t<\/div>\n\t\t\t\t<div class=\"elementor-element elementor-element-8d83185 elementor-widget__width-initial elementor-widget-mobile__width-inherit elementor-widget elementor-widget-image\" data-id=\"8d83185\" data-element_type=\"widget\" data-widget_type=\"image.default\">\n\t\t\t\t<div class=\"elementor-widget-container\">\n\t\t\t\t\t\t\t\t\t\t\t\t\t\t\t<img decoding=\"async\" width=\"2560\" height=\"1871\" src=\"https:\/\/pacific-credo.fr\/wp-content\/uploads\/2025\/02\/odsas_credo-scaled.webp\" class=\"attachment-large size-large wp-image-10238\" alt=\"ODSAS\" srcset=\"https:\/\/pacific-credo.fr\/wp-content\/uploads\/2025\/02\/odsas_credo-scaled.webp 2560w, https:\/\/pacific-credo.fr\/wp-content\/uploads\/2025\/02\/odsas_credo-768x561.webp 768w, https:\/\/pacific-credo.fr\/wp-content\/uploads\/2025\/02\/odsas_credo-1536x1123.webp 1536w, https:\/\/pacific-credo.fr\/wp-content\/uploads\/2025\/02\/odsas_credo-2048x1497.webp 2048w, https:\/\/pacific-credo.fr\/wp-content\/uploads\/2025\/02\/odsas_credo-16x12.webp 16w\" sizes=\"(max-width: 2560px) 100vw, 2560px\" \/>\t\t\t\t\t\t\t\t\t\t\t\t\t\t\t<\/div>\n\t\t\t\t<\/div>\n\t\t\t\t\t<\/div>\n\t\t\t\t<\/div>\n\t\t\t\t<\/div>","protected":false},"excerpt":{"rendered":"<p>Le service de num\u00e9risation En lien \u00e9troit avec la plateforme d&rsquo;archivage ODSAS (voir ci-dessous), le CREDO poss\u00e8de un service de num\u00e9risation sous la responsabilit\u00e9 de Caroline Cavallasca. Ce service se charge de pr\u00e9parer et de num\u00e9riser les documents pour leur archivage. Il proc\u00e8de en 9 \u00e9tapes : Classement et inventaire des documents Num\u00e9risation Contr\u00f4le qualit\u00e9 [&hellip;]<\/p>","protected":false},"author":1,"featured_media":0,"parent":8024,"menu_order":0,"comment_status":"closed","ping_status":"closed","template":"page.php","meta":{"_acf_changed":false,"footnotes":""},"class_list":["post-8064","page","type-page","status-publish","hentry"],"acf":[],"yoast_head":"<!-- This site is optimized with the Yoast SEO plugin v26.6 - https:\/\/yoast.com\/wordpress\/plugins\/seo\/ -->\n<title>Les Archives Scientifiques - Credo<\/title>\n<meta name=\"robots\" content=\"index, follow, max-snippet:-1, max-image-preview:large, max-video-preview:-1\" \/>\n<link rel=\"canonical\" href=\"https:\/\/pacific-credo.fr\/en\/documentation-et-archives\/les-archives-scientifiques\/\" \/>\n<meta property=\"og:locale\" content=\"en_US\" \/>\n<meta property=\"og:type\" content=\"article\" \/>\n<meta property=\"og:title\" content=\"Les Archives Scientifiques - Credo\" \/>\n<meta property=\"og:description\" content=\"Le service de num\u00e9risation En lien \u00e9troit avec la plateforme d&rsquo;archivage ODSAS (voir ci-dessous), le CREDO poss\u00e8de un service de num\u00e9risation sous la responsabilit\u00e9 de Caroline Cavallasca. Ce service se charge de pr\u00e9parer et de num\u00e9riser les documents pour leur archivage. Il proc\u00e8de en 9 \u00e9tapes : Classement et inventaire des documents Num\u00e9risation Contr\u00f4le qualit\u00e9 [&hellip;]\" \/>\n<meta property=\"og:url\" content=\"https:\/\/pacific-credo.fr\/en\/documentation-et-archives\/les-archives-scientifiques\/\" \/>\n<meta property=\"og:site_name\" content=\"Credo\" \/>\n<meta property=\"article:publisher\" content=\"https:\/\/www.facebook.com\/people\/CREDO-Centre-de-Recherche-et-de-Documentation-sur-lOcanie\/100087147725332\/\" \/>\n<meta property=\"article:modified_time\" content=\"2025-09-22T12:04:37+00:00\" \/>\n<meta property=\"og:image\" content=\"https:\/\/pacific-credo.fr\/wp-content\/uploads\/2025\/02\/archives.webp\" \/>\n\t<meta property=\"og:image:width\" content=\"600\" \/>\n\t<meta property=\"og:image:height\" content=\"800\" \/>\n\t<meta property=\"og:image:type\" content=\"image\/webp\" \/>\n<meta name=\"twitter:card\" content=\"summary_large_image\" \/>\n<meta name=\"twitter:label1\" content=\"Est. reading time\" \/>\n\t<meta name=\"twitter:data1\" content=\"2 minutes\" \/>\n<script type=\"application\/ld+json\" class=\"yoast-schema-graph\">{\"@context\":\"https:\/\/schema.org\",\"@graph\":[{\"@type\":\"WebPage\",\"@id\":\"https:\/\/pacific-credo.fr\/documentation-et-archives\/les-archives-scientifiques\/\",\"url\":\"https:\/\/pacific-credo.fr\/documentation-et-archives\/les-archives-scientifiques\/\",\"name\":\"Les Archives Scientifiques - Credo\",\"isPartOf\":{\"@id\":\"https:\/\/pacific-credo.fr\/en\/#website\"},\"primaryImageOfPage\":{\"@id\":\"https:\/\/pacific-credo.fr\/documentation-et-archives\/les-archives-scientifiques\/#primaryimage\"},\"image\":{\"@id\":\"https:\/\/pacific-credo.fr\/documentation-et-archives\/les-archives-scientifiques\/#primaryimage\"},\"thumbnailUrl\":\"https:\/\/pacific-credo.fr\/wp-content\/uploads\/2025\/02\/archives.webp\",\"datePublished\":\"2024-07-31T16:09:22+00:00\",\"dateModified\":\"2025-09-22T12:04:37+00:00\",\"breadcrumb\":{\"@id\":\"https:\/\/pacific-credo.fr\/documentation-et-archives\/les-archives-scientifiques\/#breadcrumb\"},\"inLanguage\":\"en-US\",\"potentialAction\":[{\"@type\":\"ReadAction\",\"target\":[\"https:\/\/pacific-credo.fr\/documentation-et-archives\/les-archives-scientifiques\/\"]}]},{\"@type\":\"ImageObject\",\"inLanguage\":\"en-US\",\"@id\":\"https:\/\/pacific-credo.fr\/documentation-et-archives\/les-archives-scientifiques\/#primaryimage\",\"url\":\"https:\/\/pacific-credo.fr\/wp-content\/uploads\/2025\/02\/archives.webp\",\"contentUrl\":\"https:\/\/pacific-credo.fr\/wp-content\/uploads\/2025\/02\/archives.webp\"},{\"@type\":\"BreadcrumbList\",\"@id\":\"https:\/\/pacific-credo.fr\/documentation-et-archives\/les-archives-scientifiques\/#breadcrumb\",\"itemListElement\":[{\"@type\":\"ListItem\",\"position\":1,\"name\":\"Accueil\",\"item\":\"https:\/\/pacific-credo.fr\/\"},{\"@type\":\"ListItem\",\"position\":2,\"name\":\"Documentation et Archives\",\"item\":\"https:\/\/pacific-credo.fr\/documentation-et-archives\/\"},{\"@type\":\"ListItem\",\"position\":3,\"name\":\"Les Archives Scientifiques\"}]},{\"@type\":\"WebSite\",\"@id\":\"https:\/\/pacific-credo.fr\/en\/#website\",\"url\":\"https:\/\/pacific-credo.fr\/en\/\",\"name\":\"Credo\",\"description\":\"\",\"publisher\":{\"@id\":\"https:\/\/pacific-credo.fr\/en\/#organization\"},\"potentialAction\":[{\"@type\":\"SearchAction\",\"target\":{\"@type\":\"EntryPoint\",\"urlTemplate\":\"https:\/\/pacific-credo.fr\/en\/?s={search_term_string}\"},\"query-input\":{\"@type\":\"PropertyValueSpecification\",\"valueRequired\":true,\"valueName\":\"search_term_string\"}}],\"inLanguage\":\"en-US\"},{\"@type\":\"Organization\",\"@id\":\"https:\/\/pacific-credo.fr\/en\/#organization\",\"name\":\"Credo\",\"url\":\"https:\/\/pacific-credo.fr\/en\/\",\"logo\":{\"@type\":\"ImageObject\",\"inLanguage\":\"en-US\",\"@id\":\"https:\/\/pacific-credo.fr\/en\/#\/schema\/logo\/image\/\",\"url\":\"https:\/\/pacific-credo.fr\/wp-content\/uploads\/2024\/07\/\u00aeCREDO.webp\",\"contentUrl\":\"https:\/\/pacific-credo.fr\/wp-content\/uploads\/2024\/07\/\u00aeCREDO.webp\",\"width\":637,\"height\":591,\"caption\":\"Credo\"},\"image\":{\"@id\":\"https:\/\/pacific-credo.fr\/en\/#\/schema\/logo\/image\/\"},\"sameAs\":[\"https:\/\/www.facebook.com\/people\/CREDO-Centre-de-Recherche-et-de-Documentation-sur-lOcanie\/100087147725332\/\",\"https:\/\/www.linkedin.com\/company\/credo-centre-de-recherche-et-de-documentation-sur-l-ocanie\/about\/?viewAsMember=true\"]}]}<\/script>\n<!-- \/ Yoast SEO plugin. -->","yoast_head_json":{"title":"Les Archives Scientifiques - Credo","robots":{"index":"index","follow":"follow","max-snippet":"max-snippet:-1","max-image-preview":"max-image-preview:large","max-video-preview":"max-video-preview:-1"},"canonical":"https:\/\/pacific-credo.fr\/en\/documentation-et-archives\/les-archives-scientifiques\/","og_locale":"en_US","og_type":"article","og_title":"Les Archives Scientifiques - Credo","og_description":"Le service de num\u00e9risation En lien \u00e9troit avec la plateforme d&rsquo;archivage ODSAS (voir ci-dessous), le CREDO poss\u00e8de un service de num\u00e9risation sous la responsabilit\u00e9 de Caroline Cavallasca. Ce service se charge de pr\u00e9parer et de num\u00e9riser les documents pour leur archivage. Il proc\u00e8de en 9 \u00e9tapes : Classement et inventaire des documents Num\u00e9risation Contr\u00f4le qualit\u00e9 [&hellip;]","og_url":"https:\/\/pacific-credo.fr\/en\/documentation-et-archives\/les-archives-scientifiques\/","og_site_name":"Credo","article_publisher":"https:\/\/www.facebook.com\/people\/CREDO-Centre-de-Recherche-et-de-Documentation-sur-lOcanie\/100087147725332\/","article_modified_time":"2025-09-22T12:04:37+00:00","og_image":[{"width":600,"height":800,"url":"https:\/\/pacific-credo.fr\/wp-content\/uploads\/2025\/02\/archives.webp","type":"image\/webp"}],"twitter_card":"summary_large_image","twitter_misc":{"Est. reading time":"2 minutes"},"schema":{"@context":"https:\/\/schema.org","@graph":[{"@type":"WebPage","@id":"https:\/\/pacific-credo.fr\/documentation-et-archives\/les-archives-scientifiques\/","url":"https:\/\/pacific-credo.fr\/documentation-et-archives\/les-archives-scientifiques\/","name":"Les Archives Scientifiques - Credo","isPartOf":{"@id":"https:\/\/pacific-credo.fr\/en\/#website"},"primaryImageOfPage":{"@id":"https:\/\/pacific-credo.fr\/documentation-et-archives\/les-archives-scientifiques\/#primaryimage"},"image":{"@id":"https:\/\/pacific-credo.fr\/documentation-et-archives\/les-archives-scientifiques\/#primaryimage"},"thumbnailUrl":"https:\/\/pacific-credo.fr\/wp-content\/uploads\/2025\/02\/archives.webp","datePublished":"2024-07-31T16:09:22+00:00","dateModified":"2025-09-22T12:04:37+00:00","breadcrumb":{"@id":"https:\/\/pacific-credo.fr\/documentation-et-archives\/les-archives-scientifiques\/#breadcrumb"},"inLanguage":"en-US","potentialAction":[{"@type":"ReadAction","target":["https:\/\/pacific-credo.fr\/documentation-et-archives\/les-archives-scientifiques\/"]}]},{"@type":"ImageObject","inLanguage":"en-US","@id":"https:\/\/pacific-credo.fr\/documentation-et-archives\/les-archives-scientifiques\/#primaryimage","url":"https:\/\/pacific-credo.fr\/wp-content\/uploads\/2025\/02\/archives.webp","contentUrl":"https:\/\/pacific-credo.fr\/wp-content\/uploads\/2025\/02\/archives.webp"},{"@type":"BreadcrumbList","@id":"https:\/\/pacific-credo.fr\/documentation-et-archives\/les-archives-scientifiques\/#breadcrumb","itemListElement":[{"@type":"ListItem","position":1,"name":"Accueil","item":"https:\/\/pacific-credo.fr\/"},{"@type":"ListItem","position":2,"name":"Documentation et Archives","item":"https:\/\/pacific-credo.fr\/documentation-et-archives\/"},{"@type":"ListItem","position":3,"name":"Les Archives Scientifiques"}]},{"@type":"WebSite","@id":"https:\/\/pacific-credo.fr\/en\/#website","url":"https:\/\/pacific-credo.fr\/en\/","name":"Credo","description":"","publisher":{"@id":"https:\/\/pacific-credo.fr\/en\/#organization"},"potentialAction":[{"@type":"SearchAction","target":{"@type":"EntryPoint","urlTemplate":"https:\/\/pacific-credo.fr\/en\/?s={search_term_string}"},"query-input":{"@type":"PropertyValueSpecification","valueRequired":true,"valueName":"search_term_string"}}],"inLanguage":"en-US"},{"@type":"Organization","@id":"https:\/\/pacific-credo.fr\/en\/#organization","name":"Credo","url":"https:\/\/pacific-credo.fr\/en\/","logo":{"@type":"ImageObject","inLanguage":"en-US","@id":"https:\/\/pacific-credo.fr\/en\/#\/schema\/logo\/image\/","url":"https:\/\/pacific-credo.fr\/wp-content\/uploads\/2024\/07\/\u00aeCREDO.webp","contentUrl":"https:\/\/pacific-credo.fr\/wp-content\/uploads\/2024\/07\/\u00aeCREDO.webp","width":637,"height":591,"caption":"Credo"},"image":{"@id":"https:\/\/pacific-credo.fr\/en\/#\/schema\/logo\/image\/"},"sameAs":["https:\/\/www.facebook.com\/people\/CREDO-Centre-de-Recherche-et-de-Documentation-sur-lOcanie\/100087147725332\/","https:\/\/www.linkedin.com\/company\/credo-centre-de-recherche-et-de-documentation-sur-l-ocanie\/about\/?viewAsMember=true"]}]}},"_links":{"self":[{"href":"https:\/\/pacific-credo.fr\/en\/wp-json\/wp\/v2\/pages\/8064","targetHints":{"allow":["GET"]}}],"collection":[{"href":"https:\/\/pacific-credo.fr\/en\/wp-json\/wp\/v2\/pages"}],"about":[{"href":"https:\/\/pacific-credo.fr\/en\/wp-json\/wp\/v2\/types\/page"}],"author":[{"embeddable":true,"href":"https:\/\/pacific-credo.fr\/en\/wp-json\/wp\/v2\/users\/1"}],"replies":[{"embeddable":true,"href":"https:\/\/pacific-credo.fr\/en\/wp-json\/wp\/v2\/comments?post=8064"}],"version-history":[{"count":10,"href":"https:\/\/pacific-credo.fr\/en\/wp-json\/wp\/v2\/pages\/8064\/revisions"}],"predecessor-version":[{"id":16310,"href":"https:\/\/pacific-credo.fr\/en\/wp-json\/wp\/v2\/pages\/8064\/revisions\/16310"}],"up":[{"embeddable":true,"href":"https:\/\/pacific-credo.fr\/en\/wp-json\/wp\/v2\/pages\/8024"}],"wp:attachment":[{"href":"https:\/\/pacific-credo.fr\/en\/wp-json\/wp\/v2\/media?parent=8064"}],"curies":[{"name":"wp","href":"https:\/\/api.w.org\/{rel}","templated":true}]}}