{"id":8054,"date":"2024-07-31T18:08:07","date_gmt":"2024-07-31T16:08:07","guid":{"rendered":"https:\/\/pacific-credo.fr\/?page_id=8054"},"modified":"2025-03-25T15:59:21","modified_gmt":"2025-03-25T14:59:21","slug":"liste-de-discussion-etudiants","status":"publish","type":"page","link":"https:\/\/pacific-credo.fr\/en\/enseignement\/liste-de-discussion-etudiants\/","title":{"rendered":"Students discussion list"},"content":{"rendered":"<div data-elementor-type=\"wp-page\" data-elementor-id=\"8054\" class=\"elementor elementor-8054\" data-elementor-post-type=\"page\">\n\t\t\t\t<div class=\"elementor-element elementor-element-548f562 e-con-full e-flex e-con e-parent\" data-id=\"548f562\" data-element_type=\"container\" data-settings=\"{&quot;background_background&quot;:&quot;classic&quot;}\">\n\t\t\t\t<div class=\"elementor-element elementor-element-3e6a7ec elementor-widget elementor-widget-heading\" data-id=\"3e6a7ec\" data-element_type=\"widget\" data-widget_type=\"heading.default\">\n\t\t\t\t<div class=\"elementor-widget-container\">\n\t\t\t\t\t<h1 class=\"elementor-heading-title elementor-size-default\">Students discussion list<\/h1>\t\t\t\t<\/div>\n\t\t\t\t<\/div>\n\t\t\t\t<\/div>\n\t\t<div class=\"elementor-element elementor-element-341ee56 e-flex e-con-boxed e-con e-parent\" data-id=\"341ee56\" data-element_type=\"container\">\n\t\t\t\t\t<div class=\"e-con-inner\">\n\t\t<div class=\"elementor-element elementor-element-098fcd6 e-con-full e-flex e-con e-child\" data-id=\"098fcd6\" data-element_type=\"container\">\n\t\t\t\t<div class=\"elementor-element elementor-element-ad6bc12 elementor-widget elementor-widget-image\" data-id=\"ad6bc12\" data-element_type=\"widget\" data-widget_type=\"image.default\">\n\t\t\t\t<div class=\"elementor-widget-container\">\n\t\t\t\t\t\t\t\t\t\t\t\t\t\t\t<img fetchpriority=\"high\" decoding=\"async\" width=\"1707\" height=\"2560\" src=\"https:\/\/pacific-credo.fr\/wp-content\/uploads\/2025\/03\/preparer_sa_these-scaled.webp\" class=\"attachment-large size-large wp-image-12941\" alt=\"Pr\u00e9parer sa th\u00e8se au CREDO\" srcset=\"https:\/\/pacific-credo.fr\/wp-content\/uploads\/2025\/03\/preparer_sa_these-scaled.webp 1707w, https:\/\/pacific-credo.fr\/wp-content\/uploads\/2025\/03\/preparer_sa_these-768x1152.webp 768w, https:\/\/pacific-credo.fr\/wp-content\/uploads\/2025\/03\/preparer_sa_these-1024x1536.webp 1024w, https:\/\/pacific-credo.fr\/wp-content\/uploads\/2025\/03\/preparer_sa_these-1365x2048.webp 1365w, https:\/\/pacific-credo.fr\/wp-content\/uploads\/2025\/03\/preparer_sa_these-8x12.webp 8w\" sizes=\"(max-width: 1707px) 100vw, 1707px\" \/>\t\t\t\t\t\t\t\t\t\t\t\t\t\t\t<\/div>\n\t\t\t\t<\/div>\n\t\t\t\t<div class=\"elementor-element elementor-element-08085c5 elementor-absolute elementor-widget elementor-widget-image\" data-id=\"08085c5\" data-element_type=\"widget\" data-settings=\"{&quot;_position&quot;:&quot;absolute&quot;}\" data-widget_type=\"image.default\">\n\t\t\t\t<div class=\"elementor-widget-container\">\n\t\t\t\t\t\t\t\t\t\t\t\t\t\t\t<img decoding=\"async\" width=\"1707\" height=\"2560\" src=\"https:\/\/pacific-credo.fr\/wp-content\/uploads\/2025\/03\/liste_etudiants-scaled.webp\" class=\"attachment-large size-large wp-image-13000\" alt=\"Liste etudiants\" srcset=\"https:\/\/pacific-credo.fr\/wp-content\/uploads\/2025\/03\/liste_etudiants-scaled.webp 1707w, https:\/\/pacific-credo.fr\/wp-content\/uploads\/2025\/03\/liste_etudiants-768x1152.webp 768w, https:\/\/pacific-credo.fr\/wp-content\/uploads\/2025\/03\/liste_etudiants-1024x1536.webp 1024w, https:\/\/pacific-credo.fr\/wp-content\/uploads\/2025\/03\/liste_etudiants-1365x2048.webp 1365w, https:\/\/pacific-credo.fr\/wp-content\/uploads\/2025\/03\/liste_etudiants-8x12.webp 8w\" sizes=\"(max-width: 1707px) 100vw, 1707px\" \/>\t\t\t\t\t\t\t\t\t\t\t\t\t\t\t<\/div>\n\t\t\t\t<\/div>\n\t\t\t\t<\/div>\n\t\t<div class=\"elementor-element elementor-element-a1b9566 e-con-full e-flex e-con e-child\" data-id=\"a1b9566\" data-element_type=\"container\">\n\t\t\t\t<div class=\"elementor-element elementor-element-2c887cb elementor-widget elementor-widget-text-editor\" data-id=\"2c887cb\" data-element_type=\"widget\" data-widget_type=\"text-editor.default\">\n\t\t\t\t<div class=\"elementor-widget-container\">\n\t\t\t\t\t\t\t\t\t<p><strong>CREDO<\/strong> has a discussion list reserved for students (PhD, M1 and M2) of the laboratory.<\/p><p>If you are a student of <strong>CREDO<\/strong> and you're not on that list yet:<\/p><ul><li>Please contact the laboratory management <a href=\"mailto:marc.tabani@pacific-credo.fr\"><span style=\"text-decoration: underline;\"><strong>marc.tabani@pacific-credo.fr<\/strong><\/span><\/a><\/li><li>And the communications manager <span style=\"text-decoration: underline;\"><strong><a href=\"mailto:caroline.cavallasca@pacific-credo.fr\">caroline.cavallasca@pacific-credo.fr<\/a><\/strong><\/span> so you can be added<\/li><\/ul><p>for If you are already on this list, simply write to <span style=\"text-decoration: underline;\"><strong><a href=\"mailto:etudiants@pacific-credo.fr\">etudiants@pacific-credo.fr<\/a><\/strong><\/span> to send a message to all students of <strong>CREDO<\/strong><\/p>\t\t\t\t\t\t\t\t<\/div>\n\t\t\t\t<\/div>\n\t\t\t\t<\/div>\n\t\t<div class=\"elementor-element elementor-element-855f3cd e-con-full e-flex e-con e-child\" data-id=\"855f3cd\" data-element_type=\"container\">\n\t\t\t\t<div class=\"elementor-element elementor-element-f70c19d elementor-widget elementor-widget-image\" data-id=\"f70c19d\" data-element_type=\"widget\" data-widget_type=\"image.default\">\n\t\t\t\t<div class=\"elementor-widget-container\">\n\t\t\t\t\t\t\t\t\t\t\t\t\t\t\t<img decoding=\"async\" width=\"1707\" height=\"2560\" src=\"https:\/\/pacific-credo.fr\/wp-content\/uploads\/2025\/03\/credo_these1-scaled.webp\" class=\"attachment-large size-large wp-image-12959\" alt=\"th\u00e8se\" srcset=\"https:\/\/pacific-credo.fr\/wp-content\/uploads\/2025\/03\/credo_these1-scaled.webp 1707w, https:\/\/pacific-credo.fr\/wp-content\/uploads\/2025\/03\/credo_these1-768x1152.webp 768w, https:\/\/pacific-credo.fr\/wp-content\/uploads\/2025\/03\/credo_these1-1024x1536.webp 1024w, https:\/\/pacific-credo.fr\/wp-content\/uploads\/2025\/03\/credo_these1-1365x2048.webp 1365w, https:\/\/pacific-credo.fr\/wp-content\/uploads\/2025\/03\/credo_these1-8x12.webp 8w\" sizes=\"(max-width: 1707px) 100vw, 1707px\" \/>\t\t\t\t\t\t\t\t\t\t\t\t\t\t\t<\/div>\n\t\t\t\t<\/div>\n\t\t\t\t<\/div>\n\t\t\t\t\t<\/div>\n\t\t\t\t<\/div>\n\t\t\t\t<\/div>","protected":false},"excerpt":{"rendered":"<p>Le CREDO dispose d&rsquo;une liste de discussion r\u00e9serv\u00e9e aux \u00e9tudiants (doctorants, M1 et M2) du laboratoire. Si vous \u00eates \u00e9tudiant du CREDO et que vous n&rsquo;\u00eates pas encore sur cette liste : Veuillez contacter la direction du laboratoire marc.tabani@pacific-credo.fr Ainsi que la charg\u00e9e de communication caroline.cavallasca@pacific-credo.fr pour que vous y soyez ajout\u00e9 Si vous \u00eates [&hellip;]<\/p>","protected":false},"author":1,"featured_media":0,"parent":8019,"menu_order":0,"comment_status":"closed","ping_status":"closed","template":"page.php","meta":{"_acf_changed":false,"footnotes":""},"class_list":["post-8054","page","type-page","status-publish","hentry"],"acf":[],"yoast_head":"<!-- This site is optimized with the Yoast SEO plugin v26.6 - https:\/\/yoast.com\/wordpress\/plugins\/seo\/ -->\n<title>Liste de discussion \u00e9tudiants - Credo<\/title>\n<meta name=\"robots\" content=\"index, follow, max-snippet:-1, max-image-preview:large, max-video-preview:-1\" \/>\n<link rel=\"canonical\" href=\"https:\/\/pacific-credo.fr\/en\/enseignement\/liste-de-discussion-etudiants\/\" \/>\n<meta property=\"og:locale\" content=\"en_US\" \/>\n<meta property=\"og:type\" content=\"article\" \/>\n<meta property=\"og:title\" content=\"Liste de discussion \u00e9tudiants - Credo\" \/>\n<meta property=\"og:description\" content=\"Le CREDO dispose d&rsquo;une liste de discussion r\u00e9serv\u00e9e aux \u00e9tudiants (doctorants, M1 et M2) du laboratoire. Si vous \u00eates \u00e9tudiant du CREDO et que vous n&rsquo;\u00eates pas encore sur cette liste : Veuillez contacter la direction du laboratoire marc.tabani@pacific-credo.fr Ainsi que la charg\u00e9e de communication caroline.cavallasca@pacific-credo.fr pour que vous y soyez ajout\u00e9 Si vous \u00eates [&hellip;]\" \/>\n<meta property=\"og:url\" content=\"https:\/\/pacific-credo.fr\/en\/enseignement\/liste-de-discussion-etudiants\/\" \/>\n<meta property=\"og:site_name\" content=\"Credo\" \/>\n<meta property=\"article:publisher\" content=\"https:\/\/www.facebook.com\/people\/CREDO-Centre-de-Recherche-et-de-Documentation-sur-lOcanie\/100087147725332\/\" \/>\n<meta property=\"article:modified_time\" content=\"2025-03-25T14:59:21+00:00\" \/>\n<meta property=\"og:image\" content=\"https:\/\/pacific-credo.fr\/wp-content\/uploads\/2025\/03\/preparer_sa_these-scaled.webp\" \/>\n\t<meta property=\"og:image:width\" content=\"1707\" \/>\n\t<meta property=\"og:image:height\" content=\"2560\" \/>\n\t<meta property=\"og:image:type\" content=\"image\/webp\" \/>\n<meta name=\"twitter:card\" content=\"summary_large_image\" \/>\n<script type=\"application\/ld+json\" class=\"yoast-schema-graph\">{\"@context\":\"https:\/\/schema.org\",\"@graph\":[{\"@type\":\"WebPage\",\"@id\":\"https:\/\/pacific-credo.fr\/enseignement\/liste-de-discussion-etudiants\/\",\"url\":\"https:\/\/pacific-credo.fr\/enseignement\/liste-de-discussion-etudiants\/\",\"name\":\"Liste de discussion \u00e9tudiants - Credo\",\"isPartOf\":{\"@id\":\"https:\/\/pacific-credo.fr\/en\/#website\"},\"primaryImageOfPage\":{\"@id\":\"https:\/\/pacific-credo.fr\/enseignement\/liste-de-discussion-etudiants\/#primaryimage\"},\"image\":{\"@id\":\"https:\/\/pacific-credo.fr\/enseignement\/liste-de-discussion-etudiants\/#primaryimage\"},\"thumbnailUrl\":\"https:\/\/pacific-credo.fr\/wp-content\/uploads\/2025\/03\/preparer_sa_these-scaled.webp\",\"datePublished\":\"2024-07-31T16:08:07+00:00\",\"dateModified\":\"2025-03-25T14:59:21+00:00\",\"breadcrumb\":{\"@id\":\"https:\/\/pacific-credo.fr\/enseignement\/liste-de-discussion-etudiants\/#breadcrumb\"},\"inLanguage\":\"en-US\",\"potentialAction\":[{\"@type\":\"ReadAction\",\"target\":[\"https:\/\/pacific-credo.fr\/enseignement\/liste-de-discussion-etudiants\/\"]}]},{\"@type\":\"ImageObject\",\"inLanguage\":\"en-US\",\"@id\":\"https:\/\/pacific-credo.fr\/enseignement\/liste-de-discussion-etudiants\/#primaryimage\",\"url\":\"https:\/\/pacific-credo.fr\/wp-content\/uploads\/2025\/03\/preparer_sa_these-scaled.webp\",\"contentUrl\":\"https:\/\/pacific-credo.fr\/wp-content\/uploads\/2025\/03\/preparer_sa_these-scaled.webp\"},{\"@type\":\"BreadcrumbList\",\"@id\":\"https:\/\/pacific-credo.fr\/enseignement\/liste-de-discussion-etudiants\/#breadcrumb\",\"itemListElement\":[{\"@type\":\"ListItem\",\"position\":1,\"name\":\"Accueil\",\"item\":\"https:\/\/pacific-credo.fr\/\"},{\"@type\":\"ListItem\",\"position\":2,\"name\":\"Enseignement\",\"item\":\"https:\/\/pacific-credo.fr\/enseignement\/\"},{\"@type\":\"ListItem\",\"position\":3,\"name\":\"Liste de discussion \u00e9tudiants\"}]},{\"@type\":\"WebSite\",\"@id\":\"https:\/\/pacific-credo.fr\/en\/#website\",\"url\":\"https:\/\/pacific-credo.fr\/en\/\",\"name\":\"Credo\",\"description\":\"\",\"publisher\":{\"@id\":\"https:\/\/pacific-credo.fr\/en\/#organization\"},\"potentialAction\":[{\"@type\":\"SearchAction\",\"target\":{\"@type\":\"EntryPoint\",\"urlTemplate\":\"https:\/\/pacific-credo.fr\/en\/?s={search_term_string}\"},\"query-input\":{\"@type\":\"PropertyValueSpecification\",\"valueRequired\":true,\"valueName\":\"search_term_string\"}}],\"inLanguage\":\"en-US\"},{\"@type\":\"Organization\",\"@id\":\"https:\/\/pacific-credo.fr\/en\/#organization\",\"name\":\"Credo\",\"url\":\"https:\/\/pacific-credo.fr\/en\/\",\"logo\":{\"@type\":\"ImageObject\",\"inLanguage\":\"en-US\",\"@id\":\"https:\/\/pacific-credo.fr\/en\/#\/schema\/logo\/image\/\",\"url\":\"https:\/\/pacific-credo.fr\/wp-content\/uploads\/2024\/07\/\u00aeCREDO.webp\",\"contentUrl\":\"https:\/\/pacific-credo.fr\/wp-content\/uploads\/2024\/07\/\u00aeCREDO.webp\",\"width\":637,\"height\":591,\"caption\":\"Credo\"},\"image\":{\"@id\":\"https:\/\/pacific-credo.fr\/en\/#\/schema\/logo\/image\/\"},\"sameAs\":[\"https:\/\/www.facebook.com\/people\/CREDO-Centre-de-Recherche-et-de-Documentation-sur-lOcanie\/100087147725332\/\",\"https:\/\/www.linkedin.com\/company\/credo-centre-de-recherche-et-de-documentation-sur-l-ocanie\/about\/?viewAsMember=true\"]}]}<\/script>\n<!-- \/ Yoast SEO plugin. -->","yoast_head_json":{"title":"Liste de discussion \u00e9tudiants - Credo","robots":{"index":"index","follow":"follow","max-snippet":"max-snippet:-1","max-image-preview":"max-image-preview:large","max-video-preview":"max-video-preview:-1"},"canonical":"https:\/\/pacific-credo.fr\/en\/enseignement\/liste-de-discussion-etudiants\/","og_locale":"en_US","og_type":"article","og_title":"Liste de discussion \u00e9tudiants - Credo","og_description":"Le CREDO dispose d&rsquo;une liste de discussion r\u00e9serv\u00e9e aux \u00e9tudiants (doctorants, M1 et M2) du laboratoire. Si vous \u00eates \u00e9tudiant du CREDO et que vous n&rsquo;\u00eates pas encore sur cette liste : Veuillez contacter la direction du laboratoire marc.tabani@pacific-credo.fr Ainsi que la charg\u00e9e de communication caroline.cavallasca@pacific-credo.fr pour que vous y soyez ajout\u00e9 Si vous \u00eates [&hellip;]","og_url":"https:\/\/pacific-credo.fr\/en\/enseignement\/liste-de-discussion-etudiants\/","og_site_name":"Credo","article_publisher":"https:\/\/www.facebook.com\/people\/CREDO-Centre-de-Recherche-et-de-Documentation-sur-lOcanie\/100087147725332\/","article_modified_time":"2025-03-25T14:59:21+00:00","og_image":[{"width":1707,"height":2560,"url":"https:\/\/pacific-credo.fr\/wp-content\/uploads\/2025\/03\/preparer_sa_these-scaled.webp","type":"image\/webp"}],"twitter_card":"summary_large_image","schema":{"@context":"https:\/\/schema.org","@graph":[{"@type":"WebPage","@id":"https:\/\/pacific-credo.fr\/enseignement\/liste-de-discussion-etudiants\/","url":"https:\/\/pacific-credo.fr\/enseignement\/liste-de-discussion-etudiants\/","name":"Liste de discussion \u00e9tudiants - Credo","isPartOf":{"@id":"https:\/\/pacific-credo.fr\/en\/#website"},"primaryImageOfPage":{"@id":"https:\/\/pacific-credo.fr\/enseignement\/liste-de-discussion-etudiants\/#primaryimage"},"image":{"@id":"https:\/\/pacific-credo.fr\/enseignement\/liste-de-discussion-etudiants\/#primaryimage"},"thumbnailUrl":"https:\/\/pacific-credo.fr\/wp-content\/uploads\/2025\/03\/preparer_sa_these-scaled.webp","datePublished":"2024-07-31T16:08:07+00:00","dateModified":"2025-03-25T14:59:21+00:00","breadcrumb":{"@id":"https:\/\/pacific-credo.fr\/enseignement\/liste-de-discussion-etudiants\/#breadcrumb"},"inLanguage":"en-US","potentialAction":[{"@type":"ReadAction","target":["https:\/\/pacific-credo.fr\/enseignement\/liste-de-discussion-etudiants\/"]}]},{"@type":"ImageObject","inLanguage":"en-US","@id":"https:\/\/pacific-credo.fr\/enseignement\/liste-de-discussion-etudiants\/#primaryimage","url":"https:\/\/pacific-credo.fr\/wp-content\/uploads\/2025\/03\/preparer_sa_these-scaled.webp","contentUrl":"https:\/\/pacific-credo.fr\/wp-content\/uploads\/2025\/03\/preparer_sa_these-scaled.webp"},{"@type":"BreadcrumbList","@id":"https:\/\/pacific-credo.fr\/enseignement\/liste-de-discussion-etudiants\/#breadcrumb","itemListElement":[{"@type":"ListItem","position":1,"name":"Accueil","item":"https:\/\/pacific-credo.fr\/"},{"@type":"ListItem","position":2,"name":"Enseignement","item":"https:\/\/pacific-credo.fr\/enseignement\/"},{"@type":"ListItem","position":3,"name":"Liste de discussion \u00e9tudiants"}]},{"@type":"WebSite","@id":"https:\/\/pacific-credo.fr\/en\/#website","url":"https:\/\/pacific-credo.fr\/en\/","name":"Credo","description":"","publisher":{"@id":"https:\/\/pacific-credo.fr\/en\/#organization"},"potentialAction":[{"@type":"SearchAction","target":{"@type":"EntryPoint","urlTemplate":"https:\/\/pacific-credo.fr\/en\/?s={search_term_string}"},"query-input":{"@type":"PropertyValueSpecification","valueRequired":true,"valueName":"search_term_string"}}],"inLanguage":"en-US"},{"@type":"Organization","@id":"https:\/\/pacific-credo.fr\/en\/#organization","name":"Credo","url":"https:\/\/pacific-credo.fr\/en\/","logo":{"@type":"ImageObject","inLanguage":"en-US","@id":"https:\/\/pacific-credo.fr\/en\/#\/schema\/logo\/image\/","url":"https:\/\/pacific-credo.fr\/wp-content\/uploads\/2024\/07\/\u00aeCREDO.webp","contentUrl":"https:\/\/pacific-credo.fr\/wp-content\/uploads\/2024\/07\/\u00aeCREDO.webp","width":637,"height":591,"caption":"Credo"},"image":{"@id":"https:\/\/pacific-credo.fr\/en\/#\/schema\/logo\/image\/"},"sameAs":["https:\/\/www.facebook.com\/people\/CREDO-Centre-de-Recherche-et-de-Documentation-sur-lOcanie\/100087147725332\/","https:\/\/www.linkedin.com\/company\/credo-centre-de-recherche-et-de-documentation-sur-l-ocanie\/about\/?viewAsMember=true"]}]}},"_links":{"self":[{"href":"https:\/\/pacific-credo.fr\/en\/wp-json\/wp\/v2\/pages\/8054","targetHints":{"allow":["GET"]}}],"collection":[{"href":"https:\/\/pacific-credo.fr\/en\/wp-json\/wp\/v2\/pages"}],"about":[{"href":"https:\/\/pacific-credo.fr\/en\/wp-json\/wp\/v2\/types\/page"}],"author":[{"embeddable":true,"href":"https:\/\/pacific-credo.fr\/en\/wp-json\/wp\/v2\/users\/1"}],"replies":[{"embeddable":true,"href":"https:\/\/pacific-credo.fr\/en\/wp-json\/wp\/v2\/comments?post=8054"}],"version-history":[{"count":0,"href":"https:\/\/pacific-credo.fr\/en\/wp-json\/wp\/v2\/pages\/8054\/revisions"}],"up":[{"embeddable":true,"href":"https:\/\/pacific-credo.fr\/en\/wp-json\/wp\/v2\/pages\/8019"}],"wp:attachment":[{"href":"https:\/\/pacific-credo.fr\/en\/wp-json\/wp\/v2\/media?parent=8054"}],"curies":[{"name":"wp","href":"https:\/\/api.w.org\/{rel}","templated":true}]}}