{"id":8029,"date":"2024-07-31T18:04:53","date_gmt":"2024-07-31T16:04:53","guid":{"rendered":"https:\/\/pacific-credo.fr\/?page_id=8029"},"modified":"2026-04-07T11:08:01","modified_gmt":"2026-04-07T09:08:01","slug":"contact-et-accueil","status":"publish","type":"page","link":"https:\/\/pacific-credo.fr\/en\/le-credo\/contact-et-accueil\/","title":{"rendered":"Contact and access"},"content":{"rendered":"<div data-elementor-type=\"wp-page\" data-elementor-id=\"8029\" class=\"elementor elementor-8029\" data-elementor-post-type=\"page\">\n\t\t\t\t<div class=\"elementor-element elementor-element-548f562 e-con-full e-flex e-con e-parent\" data-id=\"548f562\" data-element_type=\"container\" data-settings=\"{&quot;background_background&quot;:&quot;classic&quot;}\">\n\t\t\t\t<div class=\"elementor-element elementor-element-3e6a7ec elementor-widget elementor-widget-heading\" data-id=\"3e6a7ec\" data-element_type=\"widget\" data-widget_type=\"heading.default\">\n\t\t\t\t<div class=\"elementor-widget-container\">\n\t\t\t\t\t<h1 class=\"elementor-heading-title elementor-size-default\">Contact and access<\/h1>\t\t\t\t<\/div>\n\t\t\t\t<\/div>\n\t\t\t\t<\/div>\n\t\t<div class=\"elementor-element elementor-element-f8faa89 e-grid e-con-boxed e-con e-parent\" data-id=\"f8faa89\" data-element_type=\"container\">\n\t\t\t\t\t<div class=\"e-con-inner\">\n\t\t\t\t<div class=\"elementor-element elementor-element-bff33b8 elementor-widget elementor-widget-heading\" data-id=\"bff33b8\" data-element_type=\"widget\" data-widget_type=\"heading.default\">\n\t\t\t\t<div class=\"elementor-widget-container\">\n\t\t\t\t\t<h2 class=\"elementor-heading-title elementor-size-default\">Address<\/h2>\t\t\t\t<\/div>\n\t\t\t\t<\/div>\n\t\t\t\t<div class=\"elementor-element elementor-element-79f171e elementor-widget elementor-widget-text-editor\" data-id=\"79f171e\" data-element_type=\"widget\" data-widget_type=\"text-editor.default\">\n\t\t\t\t<div class=\"elementor-widget-container\">\n\t\t\t\t\t\t\t\t\t<p>CREDO (UMR 7308)<br \/>Centre de Recherche et de Documentation sur l&rsquo;Oc\u00e9anie<br \/>Aix-Marseille University<br \/>3, Place Victor Hugo<br \/>CS 80249<br \/>13331 Marseille Cedex 03<\/p>\t\t\t\t\t\t\t\t<\/div>\n\t\t\t\t<\/div>\n\t\t\t\t<div class=\"elementor-element elementor-element-3221956 elementor-align-left elementor-mobile-align-center elementor-widget elementor-widget-button\" data-id=\"3221956\" data-element_type=\"widget\" data-widget_type=\"button.default\">\n\t\t\t\t<div class=\"elementor-widget-container\">\n\t\t\t\t\t\t\t\t\t<div class=\"elementor-button-wrapper\">\n\t\t\t\t\t<a class=\"elementor-button elementor-button-link elementor-size-sm\" href=\"https:\/\/pacific-credo.fr\/wp-content\/uploads\/2024\/12\/plan_St-Charles_2022.pdf\" target=\"_blank\">\n\t\t\t\t\t\t<span class=\"elementor-button-content-wrapper\">\n\t\t\t\t\t\t\t\t\t<span class=\"elementor-button-text\">General map of the St Charles campus<\/span>\n\t\t\t\t\t<\/span>\n\t\t\t\t\t<\/a>\n\t\t\t\t<\/div>\n\t\t\t\t\t\t\t\t<\/div>\n\t\t\t\t<\/div>\n\t\t\t\t<div class=\"elementor-element elementor-element-0c1e711 elementor-widget__width-initial elementor-widget-mobile__width-inherit elementor-widget elementor-widget-google_maps\" data-id=\"0c1e711\" data-element_type=\"widget\" data-widget_type=\"google_maps.default\">\n\t\t\t\t<div class=\"elementor-widget-container\">\n\t\t\t\t\t\t\t<div class=\"elementor-custom-embed\">\n\t\t\t<iframe loading=\"lazy\"\n\t\t\t\t\tsrc=\"https:\/\/maps.google.com\/maps?q=Centre%20de%20documentation%20sur%20l%27oc%C3%A9anie&#038;t=m&#038;z=15&#038;output=embed&#038;iwloc=near\"\n\t\t\t\t\ttitle=\"Centre de documentation sur l&#039;oc\u00e9anie\"\n\t\t\t\t\taria-label=\"Centre de documentation sur l&#039;oc\u00e9anie\"\n\t\t\t><\/iframe>\n\t\t<\/div>\n\t\t\t\t\t\t<\/div>\n\t\t\t\t<\/div>\n\t\t\t\t\t<\/div>\n\t\t\t\t<\/div>\n\t\t<div class=\"elementor-element elementor-element-bd4eb88 e-flex e-con-boxed e-con e-parent\" data-id=\"bd4eb88\" data-element_type=\"container\">\n\t\t\t\t\t<div class=\"e-con-inner\">\n\t\t\t\t<div class=\"elementor-element elementor-element-9621000 elementor-widget elementor-widget-image\" data-id=\"9621000\" data-element_type=\"widget\" data-widget_type=\"image.default\">\n\t\t\t\t<div class=\"elementor-widget-container\">\n\t\t\t\t\t\t\t\t\t\t\t\t\t\t\t\t<a href=\"https:\/\/pacific-credo.fr\/wp-content\/uploads\/2025\/02\/acces_credo.webp\" data-elementor-open-lightbox=\"yes\" data-elementor-lightbox-title=\"Plan d&#039;acc\u00e8s au CREDO\" data-elementor-lightbox-description=\"Plan d&#039;acce\u0300s au CREDO pendant les travaux du campus\" data-e-action-hash=\"#elementor-action%3Aaction%3Dlightbox%26settings%3DeyJpZCI6MTAzNzMsInVybCI6Imh0dHBzOlwvXC9wYWNpZmljLWNyZWRvLmZyXC93cC1jb250ZW50XC91cGxvYWRzXC8yMDI1XC8wMlwvYWNjZXNfY3JlZG8ud2VicCJ9\">\n\t\t\t\t\t\t\t<img fetchpriority=\"high\" decoding=\"async\" width=\"2048\" height=\"1447\" src=\"https:\/\/pacific-credo.fr\/wp-content\/uploads\/2025\/02\/acces_credo.webp\" class=\"attachment-large size-large wp-image-10373\" alt=\"Plan d&#039;acce\u0300s au CREDO pendant les travaux du campus\" srcset=\"https:\/\/pacific-credo.fr\/wp-content\/uploads\/2025\/02\/acces_credo.webp 2048w, https:\/\/pacific-credo.fr\/wp-content\/uploads\/2025\/02\/acces_credo-768x543.webp 768w, https:\/\/pacific-credo.fr\/wp-content\/uploads\/2025\/02\/acces_credo-1536x1085.webp 1536w, https:\/\/pacific-credo.fr\/wp-content\/uploads\/2025\/02\/acces_credo-18x12.webp 18w\" sizes=\"(max-width: 2048px) 100vw, 2048px\" \/>\t\t\t\t\t\t\t\t<\/a>\n\t\t\t\t\t\t\t\t\t\t\t\t\t\t\t<\/div>\n\t\t\t\t<\/div>\n\t\t\t\t<div class=\"elementor-element elementor-element-d64fd21 elementor-widget elementor-widget-text-editor\" data-id=\"d64fd21\" data-element_type=\"widget\" data-widget_type=\"text-editor.default\">\n\t\t\t\t<div class=\"elementor-widget-container\">\n\t\t\t\t\t\t\t\t\t<h3>\u00a0Access to the laboratory<\/h3><p><strong>CREDO <\/strong>is located on the Saint Charles campus of the University of Aix-Marseille (AMU), 5 minutes' walk from St Charles station (TGV).\u00a0<\/p><p>\u00a0<\/p><p><strong>How to access CREDO<br \/><\/strong><i>While work is being carried out on the campus<\/i><\/p><ul><li>Follow the red path on the map\u00a0<\/li><li>The laboratory is located <strong><span style=\"color: #33cccc;\">in B\u00e2timent 15, Espace Yves Mathieu, on the 2nd floor. (Maison Asie Pacifique CREDO\/IrASIA).<\/span>.<\/strong><\/li><\/ul><p>\u00a0<\/p><p><strong>Access<\/strong><\/p><p>Subway <a href=\"https:\/\/www.rtm.fr\/\" target=\"_blank\" rel=\"noopener\"><span style=\"text-decoration: underline;\"><span style=\"color: #33cccc; text-decoration: underline;\">M<\/span><span style=\"color: #33cccc; text-decoration: underline;\">1 ou M2<\/span><\/span><\/a>Station stop gare Saint-Charles<\/p><p>\u00a0<\/p><p>Airport shuttle Marseille Provence \u2013 Gare Saint \u2013 Charles :\u00a0 <span style=\"text-decoration: underline;\"><span style=\"color: #33cccc;\"><a style=\"color: #33cccc; text-decoration: underline;\" href=\"https:\/\/www.marseille.aeroport.fr\/parkings-et-acces\/acces\/bus\/marseille-gare-st-charles\" target=\"_blank\" rel=\"noopener\">Le CAR+ A1<\/a><\/span><\/span><span style=\"color: #33cccc;\"><a style=\"color: #33cccc; text-decoration: underline;\" href=\"https:\/\/www.marseille.aeroport.fr\/parkings-et-acces\/acces\/bus\/marseille-gare-st-charles\" target=\"_blank\" rel=\"noopener\">\u00a0<\/a><\/span><\/p><p>\u00a0<\/p><p>By car : A7 Highway, St. Charles Exit, SNCF Train Station, Bus Station<\/p>\t\t\t\t\t\t\t\t<\/div>\n\t\t\t\t<\/div>\n\t\t\t\t\t<\/div>\n\t\t\t\t<\/div>\n\t\t<div class=\"elementor-element elementor-element-d8c9648 e-flex e-con-boxed e-con e-parent\" data-id=\"d8c9648\" data-element_type=\"container\" data-settings=\"{&quot;background_background&quot;:&quot;classic&quot;}\">\n\t\t\t\t\t<div class=\"e-con-inner\">\n\t\t<div class=\"elementor-element elementor-element-f220c1c e-con-full e-flex e-con e-child\" data-id=\"f220c1c\" data-element_type=\"container\">\n\t\t<div class=\"elementor-element elementor-element-ea44e18 e-con-full e-flex e-con e-child\" data-id=\"ea44e18\" data-element_type=\"container\" data-settings=\"{&quot;background_background&quot;:&quot;classic&quot;}\">\n\t\t\t\t<div class=\"elementor-element elementor-element-bdd2c34 elementor-widget elementor-widget-heading\" data-id=\"bdd2c34\" data-element_type=\"widget\" data-widget_type=\"heading.default\">\n\t\t\t\t<div class=\"elementor-widget-container\">\n\t\t\t\t\t<span class=\"elementor-heading-title elementor-size-default\">Financial and administrative management\n<\/span>\t\t\t\t<\/div>\n\t\t\t\t<\/div>\n\t\t\t\t<div class=\"elementor-element elementor-element-7a68645 elementor-widget elementor-widget-text-editor\" data-id=\"7a68645\" data-element_type=\"widget\" data-widget_type=\"text-editor.default\">\n\t\t\t\t<div class=\"elementor-widget-container\">\n\t\t\t\t\t\t\t\t\t<p>Florence Renaud<\/p><p><a id=\"LPNoLP\" href=\"tel:+33413942034\" target=\"_blank\" rel=\"noopener\">+ 33 4 13 94 20 34<\/a><\/p><p><a href=\"mailto:florence.renaud@pacific-credo.fr\" target=\"_blank\" rel=\"noopener\">florence.renaud@pacific-credo.fr<\/a><\/p>\t\t\t\t\t\t\t\t<\/div>\n\t\t\t\t<\/div>\n\t\t\t\t<\/div>\n\t\t\t\t<\/div>\n\t\t<div class=\"elementor-element elementor-element-312d75e e-con-full e-flex e-con e-child\" data-id=\"312d75e\" data-element_type=\"container\">\n\t\t<div class=\"elementor-element elementor-element-ce9d0c8 e-con-full e-flex e-con e-child\" data-id=\"ce9d0c8\" data-element_type=\"container\" data-settings=\"{&quot;background_background&quot;:&quot;classic&quot;}\">\n\t\t\t\t<div class=\"elementor-element elementor-element-925ccad elementor-widget elementor-widget-heading\" data-id=\"925ccad\" data-element_type=\"widget\" data-widget_type=\"heading.default\">\n\t\t\t\t<div class=\"elementor-widget-container\">\n\t\t\t\t\t<span class=\"elementor-heading-title elementor-size-default\">Direction<\/span>\t\t\t\t<\/div>\n\t\t\t\t<\/div>\n\t\t\t\t<div class=\"elementor-element elementor-element-48a73a2 elementor-widget elementor-widget-text-editor\" data-id=\"48a73a2\" data-element_type=\"widget\" data-widget_type=\"text-editor.default\">\n\t\t\t\t<div class=\"elementor-widget-container\">\n\t\t\t\t\t\t\t\t\t<p>Marc Tabani<br \/><a href=\"mailto:marc.tabani@pacific-credo.fr\">marc.tabani@pacific-credo.fr<\/a><\/p>\t\t\t\t\t\t\t\t<\/div>\n\t\t\t\t<\/div>\n\t\t\t\t<\/div>\n\t\t\t\t<\/div>\n\t\t<div class=\"elementor-element elementor-element-b9fe2fd e-con-full e-flex e-con e-child\" data-id=\"b9fe2fd\" data-element_type=\"container\">\n\t\t<div class=\"elementor-element elementor-element-d6ffd4e e-con-full e-flex e-con e-child\" data-id=\"d6ffd4e\" data-element_type=\"container\" data-settings=\"{&quot;background_background&quot;:&quot;classic&quot;}\">\n\t\t\t\t<div class=\"elementor-element elementor-element-7e64c22 elementor-widget elementor-widget-heading\" data-id=\"7e64c22\" data-element_type=\"widget\" data-widget_type=\"heading.default\">\n\t\t\t\t<div class=\"elementor-widget-container\">\n\t\t\t\t\t<span class=\"elementor-heading-title elementor-size-default\">Communication \/ promotion and digital archiving\n\n<\/span>\t\t\t\t<\/div>\n\t\t\t\t<\/div>\n\t\t\t\t<div class=\"elementor-element elementor-element-7a7b5ba elementor-widget elementor-widget-text-editor\" data-id=\"7a7b5ba\" data-element_type=\"widget\" data-widget_type=\"text-editor.default\">\n\t\t\t\t<div class=\"elementor-widget-container\">\n\t\t\t\t\t\t\t\t\t<p>Caroline Cavallasca<br \/><a href=\"mailto:caroline.cavallasca@pacific-credo.fr\">caroline.cavallasca@pacific-credo.fr<\/a><\/p>\t\t\t\t\t\t\t\t<\/div>\n\t\t\t\t<\/div>\n\t\t\t\t<\/div>\n\t\t\t\t<\/div>\n\t\t\t\t\t<\/div>\n\t\t\t\t<\/div>\n\t\t<div class=\"elementor-element elementor-element-07e266b e-flex e-con-boxed e-con e-parent\" data-id=\"07e266b\" data-element_type=\"container\" data-settings=\"{&quot;background_background&quot;:&quot;classic&quot;}\">\n\t\t\t\t\t<div class=\"e-con-inner\">\n\t\t<div class=\"elementor-element elementor-element-b35d978 e-con-full e-flex e-con e-child\" data-id=\"b35d978\" data-element_type=\"container\">\n\t\t<div class=\"elementor-element elementor-element-02c2de2 e-con-full e-flex e-con e-child\" data-id=\"02c2de2\" data-element_type=\"container\" data-settings=\"{&quot;background_background&quot;:&quot;classic&quot;}\">\n\t\t\t\t<div class=\"elementor-element elementor-element-1574b7d elementor-widget elementor-widget-heading\" data-id=\"1574b7d\" data-element_type=\"widget\" data-widget_type=\"heading.default\">\n\t\t\t\t<div class=\"elementor-widget-container\">\n\t\t\t\t\t<span class=\"elementor-heading-title elementor-size-default\">Documentation center\/ <br \/>Fonds Oc\u00e9anie<\/span>\t\t\t\t<\/div>\n\t\t\t\t<\/div>\n\t\t\t\t<div class=\"elementor-element elementor-element-ca208b5 elementor-widget elementor-widget-text-editor\" data-id=\"ca208b5\" data-element_type=\"widget\" data-widget_type=\"text-editor.default\">\n\t\t\t\t<div class=\"elementor-widget-container\">\n\t\t\t\t\t\t\t\t\t<p class=\"p1\"><span class=\"s1\">Michel Schlotter<\/span><\/p><p class=\"p2\"><span class=\"s2\"><a href=\"mailto:michel.schlotter@cnrs.fr\">michel.schlotter@cnrs.fr<\/a><\/span><\/p>\t\t\t\t\t\t\t\t<\/div>\n\t\t\t\t<\/div>\n\t\t\t\t<\/div>\n\t\t\t\t<\/div>\n\t\t<div class=\"elementor-element elementor-element-fca60fb e-con-full e-flex e-con e-child\" data-id=\"fca60fb\" data-element_type=\"container\">\n\t\t<div class=\"elementor-element elementor-element-0341898 e-con-full e-flex e-con e-child\" data-id=\"0341898\" data-element_type=\"container\" data-settings=\"{&quot;background_background&quot;:&quot;classic&quot;}\">\n\t\t\t\t<div class=\"elementor-element elementor-element-01ba387 elementor-widget elementor-widget-heading\" data-id=\"01ba387\" data-element_type=\"widget\" data-widget_type=\"heading.default\">\n\t\t\t\t<div class=\"elementor-widget-container\">\n\t\t\t\t\t<span class=\"elementor-heading-title elementor-size-default\">Book publications<\/span>\t\t\t\t<\/div>\n\t\t\t\t<\/div>\n\t\t\t\t<div class=\"elementor-element elementor-element-29651e5 elementor-widget elementor-widget-text-editor\" data-id=\"29651e5\" data-element_type=\"widget\" data-widget_type=\"text-editor.default\">\n\t\t\t\t<div class=\"elementor-widget-container\">\n\t\t\t\t\t\t\t\t\t<p>S\u00e9bastien Galliot<br \/><a href=\"mailto:sebastien.galliot@univ-amu.fr\">sebastien.galliot@univ-amu.fr<\/a><\/p>\t\t\t\t\t\t\t\t<\/div>\n\t\t\t\t<\/div>\n\t\t\t\t<\/div>\n\t\t\t\t<\/div>\n\t\t<div class=\"elementor-element elementor-element-d374462 e-con-full e-flex e-con e-child\" data-id=\"d374462\" data-element_type=\"container\">\n\t\t<div class=\"elementor-element elementor-element-3f1fd4e e-con-full e-flex e-con e-child\" data-id=\"3f1fd4e\" data-element_type=\"container\" data-settings=\"{&quot;background_background&quot;:&quot;classic&quot;}\">\n\t\t\t\t<div class=\"elementor-element elementor-element-432c21c elementor-widget elementor-widget-heading\" data-id=\"432c21c\" data-element_type=\"widget\" data-widget_type=\"heading.default\">\n\t\t\t\t<div class=\"elementor-widget-container\">\n\t\t\t\t\t<span class=\"elementor-heading-title elementor-size-default\">CREDO seminar series<\/span>\t\t\t\t<\/div>\n\t\t\t\t<\/div>\n\t\t\t\t<div class=\"elementor-element elementor-element-38f4548 elementor-widget elementor-widget-text-editor\" data-id=\"38f4548\" data-element_type=\"widget\" data-widget_type=\"text-editor.default\">\n\t\t\t\t<div class=\"elementor-widget-container\">\n\t\t\t\t\t\t\t\t\t<p>Lorenzo Brutti<br \/><a href=\"mailto:lorenzo.brutti@pacific-credo.fr\">lorenzo.brutti@pacific-credo.fr<\/a><\/p>\t\t\t\t\t\t\t\t<\/div>\n\t\t\t\t<\/div>\n\t\t\t\t<\/div>\n\t\t\t\t<\/div>\n\t\t\t\t\t<\/div>\n\t\t\t\t<\/div>\n\t\t\t\t<\/div>","protected":false},"excerpt":{"rendered":"<p>Adresse CREDO (UMR 7308)Centre de Recherche et de Documentation sur l&rsquo;Oc\u00e9anieAix-Marseille Universit\u00e93, Place Victor HugoCS 8024913331 Marseille Cedex 03 Plan g\u00e9n\u00e9ral du campus St Charles \u00a0Acc\u00e8s au laboratoire Le CREDO est situ\u00e9 sur le campus Saint Charles de l&rsquo;Universit\u00e9 d&rsquo;Aix-Marseille (AMU) \u00e0 5 minutes \u00e0 pied de la gare St Charles.\u00a0 \u00a0 Pour acc\u00e9der au [&hellip;]<\/p>","protected":false},"author":1,"featured_media":0,"parent":7790,"menu_order":0,"comment_status":"closed","ping_status":"closed","template":"page.php","meta":{"_acf_changed":false,"footnotes":""},"class_list":["post-8029","page","type-page","status-publish","hentry"],"acf":[],"yoast_head":"<!-- This site is optimized with the Yoast SEO plugin v26.6 - https:\/\/yoast.com\/wordpress\/plugins\/seo\/ -->\n<title>Contact et accueil - Credo<\/title>\n<meta name=\"robots\" content=\"index, follow, max-snippet:-1, max-image-preview:large, max-video-preview:-1\" \/>\n<link rel=\"canonical\" href=\"https:\/\/pacific-credo.fr\/en\/le-credo\/contact-et-accueil\/\" \/>\n<meta property=\"og:locale\" content=\"en_US\" \/>\n<meta property=\"og:type\" content=\"article\" \/>\n<meta property=\"og:title\" content=\"Contact et accueil - Credo\" \/>\n<meta property=\"og:description\" content=\"Adresse CREDO (UMR 7308)Centre de Recherche et de Documentation sur l&rsquo;Oc\u00e9anieAix-Marseille Universit\u00e93, Place Victor HugoCS 8024913331 Marseille Cedex 03 Plan g\u00e9n\u00e9ral du campus St Charles \u00a0Acc\u00e8s au laboratoire Le CREDO est situ\u00e9 sur le campus Saint Charles de l&rsquo;Universit\u00e9 d&rsquo;Aix-Marseille (AMU) \u00e0 5 minutes \u00e0 pied de la gare St Charles.\u00a0 \u00a0 Pour acc\u00e9der au [&hellip;]\" \/>\n<meta property=\"og:url\" content=\"https:\/\/pacific-credo.fr\/en\/le-credo\/contact-et-accueil\/\" \/>\n<meta property=\"og:site_name\" content=\"Credo\" \/>\n<meta property=\"article:publisher\" content=\"https:\/\/www.facebook.com\/people\/CREDO-Centre-de-Recherche-et-de-Documentation-sur-lOcanie\/100087147725332\/\" \/>\n<meta property=\"article:modified_time\" content=\"2026-04-07T09:08:01+00:00\" \/>\n<meta property=\"og:image\" content=\"https:\/\/pacific-credo.fr\/wp-content\/uploads\/2025\/02\/acces_credo.webp\" \/>\n\t<meta property=\"og:image:width\" content=\"2048\" \/>\n\t<meta property=\"og:image:height\" content=\"1447\" \/>\n\t<meta property=\"og:image:type\" content=\"image\/webp\" \/>\n<meta name=\"twitter:card\" content=\"summary_large_image\" \/>\n<meta name=\"twitter:label1\" content=\"Est. reading time\" \/>\n\t<meta name=\"twitter:data1\" content=\"2 minutes\" \/>\n<script type=\"application\/ld+json\" class=\"yoast-schema-graph\">{\"@context\":\"https:\/\/schema.org\",\"@graph\":[{\"@type\":\"WebPage\",\"@id\":\"https:\/\/pacific-credo.fr\/le-credo\/contact-et-accueil\/\",\"url\":\"https:\/\/pacific-credo.fr\/le-credo\/contact-et-accueil\/\",\"name\":\"Contact et accueil - Credo\",\"isPartOf\":{\"@id\":\"https:\/\/pacific-credo.fr\/en\/#website\"},\"primaryImageOfPage\":{\"@id\":\"https:\/\/pacific-credo.fr\/le-credo\/contact-et-accueil\/#primaryimage\"},\"image\":{\"@id\":\"https:\/\/pacific-credo.fr\/le-credo\/contact-et-accueil\/#primaryimage\"},\"thumbnailUrl\":\"https:\/\/pacific-credo.fr\/wp-content\/uploads\/2025\/02\/acces_credo.webp\",\"datePublished\":\"2024-07-31T16:04:53+00:00\",\"dateModified\":\"2026-04-07T09:08:01+00:00\",\"breadcrumb\":{\"@id\":\"https:\/\/pacific-credo.fr\/le-credo\/contact-et-accueil\/#breadcrumb\"},\"inLanguage\":\"en-US\",\"potentialAction\":[{\"@type\":\"ReadAction\",\"target\":[\"https:\/\/pacific-credo.fr\/le-credo\/contact-et-accueil\/\"]}]},{\"@type\":\"ImageObject\",\"inLanguage\":\"en-US\",\"@id\":\"https:\/\/pacific-credo.fr\/le-credo\/contact-et-accueil\/#primaryimage\",\"url\":\"https:\/\/pacific-credo.fr\/wp-content\/uploads\/2025\/02\/acces_credo.webp\",\"contentUrl\":\"https:\/\/pacific-credo.fr\/wp-content\/uploads\/2025\/02\/acces_credo.webp\"},{\"@type\":\"BreadcrumbList\",\"@id\":\"https:\/\/pacific-credo.fr\/le-credo\/contact-et-accueil\/#breadcrumb\",\"itemListElement\":[{\"@type\":\"ListItem\",\"position\":1,\"name\":\"Accueil\",\"item\":\"https:\/\/pacific-credo.fr\/\"},{\"@type\":\"ListItem\",\"position\":2,\"name\":\"Le CREDO\",\"item\":\"https:\/\/pacific-credo.fr\/le-credo\/\"},{\"@type\":\"ListItem\",\"position\":3,\"name\":\"Contact et accueil\"}]},{\"@type\":\"WebSite\",\"@id\":\"https:\/\/pacific-credo.fr\/en\/#website\",\"url\":\"https:\/\/pacific-credo.fr\/en\/\",\"name\":\"Credo\",\"description\":\"\",\"publisher\":{\"@id\":\"https:\/\/pacific-credo.fr\/en\/#organization\"},\"potentialAction\":[{\"@type\":\"SearchAction\",\"target\":{\"@type\":\"EntryPoint\",\"urlTemplate\":\"https:\/\/pacific-credo.fr\/en\/?s={search_term_string}\"},\"query-input\":{\"@type\":\"PropertyValueSpecification\",\"valueRequired\":true,\"valueName\":\"search_term_string\"}}],\"inLanguage\":\"en-US\"},{\"@type\":\"Organization\",\"@id\":\"https:\/\/pacific-credo.fr\/en\/#organization\",\"name\":\"Credo\",\"url\":\"https:\/\/pacific-credo.fr\/en\/\",\"logo\":{\"@type\":\"ImageObject\",\"inLanguage\":\"en-US\",\"@id\":\"https:\/\/pacific-credo.fr\/en\/#\/schema\/logo\/image\/\",\"url\":\"https:\/\/pacific-credo.fr\/wp-content\/uploads\/2024\/07\/\u00aeCREDO.webp\",\"contentUrl\":\"https:\/\/pacific-credo.fr\/wp-content\/uploads\/2024\/07\/\u00aeCREDO.webp\",\"width\":637,\"height\":591,\"caption\":\"Credo\"},\"image\":{\"@id\":\"https:\/\/pacific-credo.fr\/en\/#\/schema\/logo\/image\/\"},\"sameAs\":[\"https:\/\/www.facebook.com\/people\/CREDO-Centre-de-Recherche-et-de-Documentation-sur-lOcanie\/100087147725332\/\",\"https:\/\/www.linkedin.com\/company\/credo-centre-de-recherche-et-de-documentation-sur-l-ocanie\/about\/?viewAsMember=true\"]}]}<\/script>\n<!-- \/ Yoast SEO plugin. -->","yoast_head_json":{"title":"Contact et accueil - Credo","robots":{"index":"index","follow":"follow","max-snippet":"max-snippet:-1","max-image-preview":"max-image-preview:large","max-video-preview":"max-video-preview:-1"},"canonical":"https:\/\/pacific-credo.fr\/en\/le-credo\/contact-et-accueil\/","og_locale":"en_US","og_type":"article","og_title":"Contact et accueil - Credo","og_description":"Adresse CREDO (UMR 7308)Centre de Recherche et de Documentation sur l&rsquo;Oc\u00e9anieAix-Marseille Universit\u00e93, Place Victor HugoCS 8024913331 Marseille Cedex 03 Plan g\u00e9n\u00e9ral du campus St Charles \u00a0Acc\u00e8s au laboratoire Le CREDO est situ\u00e9 sur le campus Saint Charles de l&rsquo;Universit\u00e9 d&rsquo;Aix-Marseille (AMU) \u00e0 5 minutes \u00e0 pied de la gare St Charles.\u00a0 \u00a0 Pour acc\u00e9der au [&hellip;]","og_url":"https:\/\/pacific-credo.fr\/en\/le-credo\/contact-et-accueil\/","og_site_name":"Credo","article_publisher":"https:\/\/www.facebook.com\/people\/CREDO-Centre-de-Recherche-et-de-Documentation-sur-lOcanie\/100087147725332\/","article_modified_time":"2026-04-07T09:08:01+00:00","og_image":[{"width":2048,"height":1447,"url":"https:\/\/pacific-credo.fr\/wp-content\/uploads\/2025\/02\/acces_credo.webp","type":"image\/webp"}],"twitter_card":"summary_large_image","twitter_misc":{"Est. reading time":"2 minutes"},"schema":{"@context":"https:\/\/schema.org","@graph":[{"@type":"WebPage","@id":"https:\/\/pacific-credo.fr\/le-credo\/contact-et-accueil\/","url":"https:\/\/pacific-credo.fr\/le-credo\/contact-et-accueil\/","name":"Contact et accueil - Credo","isPartOf":{"@id":"https:\/\/pacific-credo.fr\/en\/#website"},"primaryImageOfPage":{"@id":"https:\/\/pacific-credo.fr\/le-credo\/contact-et-accueil\/#primaryimage"},"image":{"@id":"https:\/\/pacific-credo.fr\/le-credo\/contact-et-accueil\/#primaryimage"},"thumbnailUrl":"https:\/\/pacific-credo.fr\/wp-content\/uploads\/2025\/02\/acces_credo.webp","datePublished":"2024-07-31T16:04:53+00:00","dateModified":"2026-04-07T09:08:01+00:00","breadcrumb":{"@id":"https:\/\/pacific-credo.fr\/le-credo\/contact-et-accueil\/#breadcrumb"},"inLanguage":"en-US","potentialAction":[{"@type":"ReadAction","target":["https:\/\/pacific-credo.fr\/le-credo\/contact-et-accueil\/"]}]},{"@type":"ImageObject","inLanguage":"en-US","@id":"https:\/\/pacific-credo.fr\/le-credo\/contact-et-accueil\/#primaryimage","url":"https:\/\/pacific-credo.fr\/wp-content\/uploads\/2025\/02\/acces_credo.webp","contentUrl":"https:\/\/pacific-credo.fr\/wp-content\/uploads\/2025\/02\/acces_credo.webp"},{"@type":"BreadcrumbList","@id":"https:\/\/pacific-credo.fr\/le-credo\/contact-et-accueil\/#breadcrumb","itemListElement":[{"@type":"ListItem","position":1,"name":"Accueil","item":"https:\/\/pacific-credo.fr\/"},{"@type":"ListItem","position":2,"name":"Le CREDO","item":"https:\/\/pacific-credo.fr\/le-credo\/"},{"@type":"ListItem","position":3,"name":"Contact et accueil"}]},{"@type":"WebSite","@id":"https:\/\/pacific-credo.fr\/en\/#website","url":"https:\/\/pacific-credo.fr\/en\/","name":"Credo","description":"","publisher":{"@id":"https:\/\/pacific-credo.fr\/en\/#organization"},"potentialAction":[{"@type":"SearchAction","target":{"@type":"EntryPoint","urlTemplate":"https:\/\/pacific-credo.fr\/en\/?s={search_term_string}"},"query-input":{"@type":"PropertyValueSpecification","valueRequired":true,"valueName":"search_term_string"}}],"inLanguage":"en-US"},{"@type":"Organization","@id":"https:\/\/pacific-credo.fr\/en\/#organization","name":"Credo","url":"https:\/\/pacific-credo.fr\/en\/","logo":{"@type":"ImageObject","inLanguage":"en-US","@id":"https:\/\/pacific-credo.fr\/en\/#\/schema\/logo\/image\/","url":"https:\/\/pacific-credo.fr\/wp-content\/uploads\/2024\/07\/\u00aeCREDO.webp","contentUrl":"https:\/\/pacific-credo.fr\/wp-content\/uploads\/2024\/07\/\u00aeCREDO.webp","width":637,"height":591,"caption":"Credo"},"image":{"@id":"https:\/\/pacific-credo.fr\/en\/#\/schema\/logo\/image\/"},"sameAs":["https:\/\/www.facebook.com\/people\/CREDO-Centre-de-Recherche-et-de-Documentation-sur-lOcanie\/100087147725332\/","https:\/\/www.linkedin.com\/company\/credo-centre-de-recherche-et-de-documentation-sur-l-ocanie\/about\/?viewAsMember=true"]}]}},"_links":{"self":[{"href":"https:\/\/pacific-credo.fr\/en\/wp-json\/wp\/v2\/pages\/8029","targetHints":{"allow":["GET"]}}],"collection":[{"href":"https:\/\/pacific-credo.fr\/en\/wp-json\/wp\/v2\/pages"}],"about":[{"href":"https:\/\/pacific-credo.fr\/en\/wp-json\/wp\/v2\/types\/page"}],"author":[{"embeddable":true,"href":"https:\/\/pacific-credo.fr\/en\/wp-json\/wp\/v2\/users\/1"}],"replies":[{"embeddable":true,"href":"https:\/\/pacific-credo.fr\/en\/wp-json\/wp\/v2\/comments?post=8029"}],"version-history":[{"count":10,"href":"https:\/\/pacific-credo.fr\/en\/wp-json\/wp\/v2\/pages\/8029\/revisions"}],"predecessor-version":[{"id":17626,"href":"https:\/\/pacific-credo.fr\/en\/wp-json\/wp\/v2\/pages\/8029\/revisions\/17626"}],"up":[{"embeddable":true,"href":"https:\/\/pacific-credo.fr\/en\/wp-json\/wp\/v2\/pages\/7790"}],"wp:attachment":[{"href":"https:\/\/pacific-credo.fr\/en\/wp-json\/wp\/v2\/media?parent=8029"}],"curies":[{"name":"wp","href":"https:\/\/api.w.org\/{rel}","templated":true}]}}