{"id":8019,"date":"2024-07-31T18:03:38","date_gmt":"2024-07-31T16:03:38","guid":{"rendered":"https:\/\/pacific-credo.fr\/?page_id=8019"},"modified":"2025-03-25T15:54:11","modified_gmt":"2025-03-25T14:54:11","slug":"enseignement","status":"publish","type":"page","link":"https:\/\/pacific-credo.fr\/en\/enseignement\/","title":{"rendered":"Lessons"},"content":{"rendered":"<div data-elementor-type=\"wp-page\" data-elementor-id=\"8019\" class=\"elementor elementor-8019\" data-elementor-post-type=\"page\">\n\t\t\t\t<div class=\"elementor-element elementor-element-548f562 e-con-full e-flex e-con e-parent\" data-id=\"548f562\" data-element_type=\"container\" data-settings=\"{&quot;background_background&quot;:&quot;classic&quot;}\">\n\t\t\t\t<div class=\"elementor-element elementor-element-3e6a7ec elementor-widget elementor-widget-heading\" data-id=\"3e6a7ec\" data-element_type=\"widget\" data-widget_type=\"heading.default\">\n\t\t\t\t<div class=\"elementor-widget-container\">\n\t\t\t\t\t<h1 class=\"elementor-heading-title elementor-size-default\">Lessons<\/h1>\t\t\t\t<\/div>\n\t\t\t\t<\/div>\n\t\t\t\t<\/div>\n\t\t<div class=\"elementor-element elementor-element-eebccd5 e-flex e-con-boxed e-con e-parent\" data-id=\"eebccd5\" data-element_type=\"container\">\n\t\t\t\t\t<div class=\"e-con-inner\">\n\t\t<div class=\"elementor-element elementor-element-95edd3c e-con-full e-flex e-con e-child\" data-id=\"95edd3c\" data-element_type=\"container\">\n\t\t\t\t<div class=\"elementor-element elementor-element-15a24eb animated-fast elementor-invisible elementor-widget elementor-widget-heading\" data-id=\"15a24eb\" data-element_type=\"widget\" data-settings=\"{&quot;_animation&quot;:&quot;fadeInUp&quot;}\" data-widget_type=\"heading.default\">\n\t\t\t\t<div class=\"elementor-widget-container\">\n\t\t\t\t\t<h3 class=\"elementor-heading-title elementor-size-default\">CREDO and teaching<\/h3>\t\t\t\t<\/div>\n\t\t\t\t<\/div>\n\t\t\t\t<div class=\"elementor-element elementor-element-afaad1c elementor-widget elementor-widget-image\" data-id=\"afaad1c\" data-element_type=\"widget\" data-widget_type=\"image.default\">\n\t\t\t\t<div class=\"elementor-widget-container\">\n\t\t\t\t\t\t\t\t\t\t\t\t\t\t\t<img fetchpriority=\"high\" decoding=\"async\" width=\"2560\" height=\"1709\" src=\"https:\/\/pacific-credo.fr\/wp-content\/uploads\/2025\/03\/DSC8692-scaled.webp\" class=\"attachment-medium size-medium wp-image-13839\" alt=\"Cours en amphi\" srcset=\"https:\/\/pacific-credo.fr\/wp-content\/uploads\/2025\/03\/DSC8692-scaled.webp 2560w, https:\/\/pacific-credo.fr\/wp-content\/uploads\/2025\/03\/DSC8692-768x513.webp 768w, https:\/\/pacific-credo.fr\/wp-content\/uploads\/2025\/03\/DSC8692-1536x1025.webp 1536w, https:\/\/pacific-credo.fr\/wp-content\/uploads\/2025\/03\/DSC8692-2048x1367.webp 2048w, https:\/\/pacific-credo.fr\/wp-content\/uploads\/2025\/03\/DSC8692-18x12.webp 18w, https:\/\/pacific-credo.fr\/wp-content\/uploads\/2025\/03\/DSC8692-600x400.webp 600w\" sizes=\"(max-width: 2560px) 100vw, 2560px\" \/>\t\t\t\t\t\t\t\t\t\t\t\t\t\t\t<\/div>\n\t\t\t\t<\/div>\n\t\t\t\t<\/div>\n\t\t<div class=\"elementor-element elementor-element-c01f6b2 e-con-full e-flex e-con e-child\" data-id=\"c01f6b2\" data-element_type=\"container\">\n\t\t\t\t<div class=\"elementor-element elementor-element-01b5b69 elementor-widget elementor-widget-text-editor\" data-id=\"01b5b69\" data-element_type=\"widget\" data-widget_type=\"text-editor.default\">\n\t\t\t\t<div class=\"elementor-widget-container\">\n\t\t\t\t\t\t\t\t\t<p>\u00a0<\/p><p>Members of the <strong>CREDO<\/strong> play an important role in teaching oceanic research at the University of Aix-Marseille (AMU) and at the Ecole des Hautes Etudes en Sciences Sociales (EHESS) in Marseille.<\/p><p>\u00a0<\/p><p>They are authorised to direct and supervise Master's students (M1 and M2) as well as doctoral students at EHESS and the University of Aix-Marseille.<\/p><p>\u00a0<\/p><p>An important moment in the transmission is <span style=\"text-decoration: underline;\"><strong><a href=\"\/en\/le-seminaire-du-credo\/\">the CREDO seminar<\/a><\/strong><\/span>, a meeting place for tenured staff and visiting researchers.<\/p><p>\u00a0<\/p><p>For further information on procedures and terms and conditions, please contact the secretariat of the <strong>CREDO<\/strong> : <span style=\"text-decoration: underline;\"><strong><a href=\"mailto:secretariat@pacific-credo.fr\" target=\"_blank\" rel=\"noopener\">secretariat@pacific-credo.fr<\/a><\/strong><\/span><\/p>\t\t\t\t\t\t\t\t<\/div>\n\t\t\t\t<\/div>\n\t\t\t\t<\/div>\n\t\t\t\t\t<\/div>\n\t\t\t\t<\/div>\n\t\t<div class=\"elementor-element elementor-element-b8790a4 e-flex e-con-boxed e-con e-parent\" data-id=\"b8790a4\" data-element_type=\"container\">\n\t\t\t\t\t<div class=\"e-con-inner\">\n\t\t<div class=\"elementor-element elementor-element-693ed69 e-con-full e-flex e-con e-child\" data-id=\"693ed69\" data-element_type=\"container\" data-settings=\"{&quot;background_background&quot;:&quot;classic&quot;}\">\n\t\t\t\t<div class=\"elementor-element elementor-element-8c9cbd6 elementor-widget elementor-widget-heading\" data-id=\"8c9cbd6\" data-element_type=\"widget\" data-widget_type=\"heading.default\">\n\t\t\t\t<div class=\"elementor-widget-container\">\n\t\t\t\t\t<h4 class=\"elementor-heading-title elementor-size-default\">Bachelor's \/ Master's degree<\/h4>\t\t\t\t<\/div>\n\t\t\t\t<\/div>\n\t\t\t\t<div class=\"elementor-element elementor-element-7fa7229 elementor-widget elementor-widget-text-editor\" data-id=\"7fa7229\" data-element_type=\"widget\" data-widget_type=\"text-editor.default\">\n\t\t\t\t<div class=\"elementor-widget-container\">\n\t\t\t\t\t\t\t\t\t<p>Find out more about our section<\/p><p>Bachelor's degree \/ Master's degree<\/p>\t\t\t\t\t\t\t\t<\/div>\n\t\t\t\t<\/div>\n\t\t\t\t<div class=\"elementor-element elementor-element-7bdf09e elementor-align-center elementor-mobile-align-center elementor-widget elementor-widget-button\" data-id=\"7bdf09e\" data-element_type=\"widget\" data-widget_type=\"button.default\">\n\t\t\t\t<div class=\"elementor-widget-container\">\n\t\t\t\t\t\t\t\t\t<div class=\"elementor-button-wrapper\">\n\t\t\t\t\t<a class=\"elementor-button elementor-button-link elementor-size-sm elementor-animation-shrink\" href=\"https:\/\/pacific-credo.fr\/en\/enseignement\/master\/\">\n\t\t\t\t\t\t<span class=\"elementor-button-content-wrapper\">\n\t\t\t\t\t\t<span class=\"elementor-button-icon\">\n\t\t\t\t<svg aria-hidden=\"true\" class=\"e-font-icon-svg e-fas-arrow-right\" viewbox=\"0 0 448 512\" xmlns=\"http:\/\/www.w3.org\/2000\/svg\"><path d=\"M190.5 66.9l22.2-22.2c9.4-9.4 24.6-9.4 33.9 0L441 239c9.4 9.4 9.4 24.6 0 33.9L246.6 467.3c-9.4 9.4-24.6 9.4-33.9 0l-22.2-22.2c-9.5-9.5-9.3-25 .4-34.3L311.4 296H24c-13.3 0-24-10.7-24-24v-32c0-13.3 10.7-24 24-24h287.4L190.9 101.2c-9.8-9.3-10-24.8-.4-34.3z\"><\/path><\/svg>\t\t\t<\/span>\n\t\t\t\t\t\t\t\t\t<span class=\"elementor-button-text\">For further information<\/span>\n\t\t\t\t\t<\/span>\n\t\t\t\t\t<\/a>\n\t\t\t\t<\/div>\n\t\t\t\t\t\t\t\t<\/div>\n\t\t\t\t<\/div>\n\t\t\t\t<\/div>\n\t\t<div class=\"elementor-element elementor-element-3c1b00e e-con-full e-flex e-con e-child\" data-id=\"3c1b00e\" data-element_type=\"container\" data-settings=\"{&quot;background_background&quot;:&quot;classic&quot;}\">\n\t\t\t\t<div class=\"elementor-element elementor-element-6857976 elementor-widget elementor-widget-heading\" data-id=\"6857976\" data-element_type=\"widget\" data-widget_type=\"heading.default\">\n\t\t\t\t<div class=\"elementor-widget-container\">\n\t\t\t\t\t<h4 class=\"elementor-heading-title elementor-size-default\">Phd<\/h4>\t\t\t\t<\/div>\n\t\t\t\t<\/div>\n\t\t\t\t<div class=\"elementor-element elementor-element-64a17c6 elementor-widget elementor-widget-text-editor\" data-id=\"64a17c6\" data-element_type=\"widget\" data-widget_type=\"text-editor.default\">\n\t\t\t\t<div class=\"elementor-widget-container\">\n\t\t\t\t\t\t\t\t\t<p>Find out more about our PhD section<\/p>\t\t\t\t\t\t\t\t<\/div>\n\t\t\t\t<\/div>\n\t\t\t\t<div class=\"elementor-element elementor-element-ea2b3ba elementor-align-center elementor-mobile-align-center elementor-widget elementor-widget-button\" data-id=\"ea2b3ba\" data-element_type=\"widget\" data-widget_type=\"button.default\">\n\t\t\t\t<div class=\"elementor-widget-container\">\n\t\t\t\t\t\t\t\t\t<div class=\"elementor-button-wrapper\">\n\t\t\t\t\t<a class=\"elementor-button elementor-button-link elementor-size-sm elementor-animation-shrink\" href=\"https:\/\/pacific-credo.fr\/en\/enseignement\/doctorat\/\">\n\t\t\t\t\t\t<span class=\"elementor-button-content-wrapper\">\n\t\t\t\t\t\t<span class=\"elementor-button-icon\">\n\t\t\t\t<svg aria-hidden=\"true\" class=\"e-font-icon-svg e-fas-arrow-right\" viewbox=\"0 0 448 512\" xmlns=\"http:\/\/www.w3.org\/2000\/svg\"><path d=\"M190.5 66.9l22.2-22.2c9.4-9.4 24.6-9.4 33.9 0L441 239c9.4 9.4 9.4 24.6 0 33.9L246.6 467.3c-9.4 9.4-24.6 9.4-33.9 0l-22.2-22.2c-9.5-9.5-9.3-25 .4-34.3L311.4 296H24c-13.3 0-24-10.7-24-24v-32c0-13.3 10.7-24 24-24h287.4L190.9 101.2c-9.8-9.3-10-24.8-.4-34.3z\"><\/path><\/svg>\t\t\t<\/span>\n\t\t\t\t\t\t\t\t\t<span class=\"elementor-button-text\">For further information<\/span>\n\t\t\t\t\t<\/span>\n\t\t\t\t\t<\/a>\n\t\t\t\t<\/div>\n\t\t\t\t\t\t\t\t<\/div>\n\t\t\t\t<\/div>\n\t\t\t\t<\/div>\n\t\t<div class=\"elementor-element elementor-element-85e0701 e-con-full e-flex e-con e-child\" data-id=\"85e0701\" data-element_type=\"container\" data-settings=\"{&quot;background_background&quot;:&quot;classic&quot;}\">\n\t\t\t\t<div class=\"elementor-element elementor-element-161be94 elementor-widget elementor-widget-heading\" data-id=\"161be94\" data-element_type=\"widget\" data-widget_type=\"heading.default\">\n\t\t\t\t<div class=\"elementor-widget-container\">\n\t\t\t\t\t<h4 class=\"elementor-heading-title elementor-size-default\">Submitted thesis<\/h4>\t\t\t\t<\/div>\n\t\t\t\t<\/div>\n\t\t\t\t<div class=\"elementor-element elementor-element-5e45019 elementor-widget elementor-widget-text-editor\" data-id=\"5e45019\" data-element_type=\"widget\" data-widget_type=\"text-editor.default\">\n\t\t\t\t<div class=\"elementor-widget-container\">\n\t\t\t\t\t\t\t\t\t<p>See all submitted theses<\/p>\t\t\t\t\t\t\t\t<\/div>\n\t\t\t\t<\/div>\n\t\t\t\t<div class=\"elementor-element elementor-element-9d80779 elementor-align-center elementor-mobile-align-center elementor-widget elementor-widget-button\" data-id=\"9d80779\" data-element_type=\"widget\" data-widget_type=\"button.default\">\n\t\t\t\t<div class=\"elementor-widget-container\">\n\t\t\t\t\t\t\t\t\t<div class=\"elementor-button-wrapper\">\n\t\t\t\t\t<a class=\"elementor-button elementor-button-link elementor-size-sm elementor-animation-shrink\" href=\"https:\/\/pacific-credo.fr\/en\/enseignement\/theses-soutenues\/\">\n\t\t\t\t\t\t<span class=\"elementor-button-content-wrapper\">\n\t\t\t\t\t\t<span class=\"elementor-button-icon\">\n\t\t\t\t<svg aria-hidden=\"true\" class=\"e-font-icon-svg e-fas-arrow-right\" viewbox=\"0 0 448 512\" xmlns=\"http:\/\/www.w3.org\/2000\/svg\"><path d=\"M190.5 66.9l22.2-22.2c9.4-9.4 24.6-9.4 33.9 0L441 239c9.4 9.4 9.4 24.6 0 33.9L246.6 467.3c-9.4 9.4-24.6 9.4-33.9 0l-22.2-22.2c-9.5-9.5-9.3-25 .4-34.3L311.4 296H24c-13.3 0-24-10.7-24-24v-32c0-13.3 10.7-24 24-24h287.4L190.9 101.2c-9.8-9.3-10-24.8-.4-34.3z\"><\/path><\/svg>\t\t\t<\/span>\n\t\t\t\t\t\t\t\t\t<span class=\"elementor-button-text\">For further information<\/span>\n\t\t\t\t\t<\/span>\n\t\t\t\t\t<\/a>\n\t\t\t\t<\/div>\n\t\t\t\t\t\t\t\t<\/div>\n\t\t\t\t<\/div>\n\t\t\t\t<\/div>\n\t\t<div class=\"elementor-element elementor-element-0dc90ef e-con-full e-flex e-con e-child\" data-id=\"0dc90ef\" data-element_type=\"container\" data-settings=\"{&quot;background_background&quot;:&quot;classic&quot;}\">\n\t\t\t\t<div class=\"elementor-element elementor-element-074e4ae elementor-widget elementor-widget-heading\" data-id=\"074e4ae\" data-element_type=\"widget\" data-widget_type=\"heading.default\">\n\t\t\t\t<div class=\"elementor-widget-container\">\n\t\t\t\t\t<h4 class=\"elementor-heading-title elementor-size-default\">Students discussion list<\/h4>\t\t\t\t<\/div>\n\t\t\t\t<\/div>\n\t\t\t\t<div class=\"elementor-element elementor-element-0fef500 elementor-widget elementor-widget-text-editor\" data-id=\"0fef500\" data-element_type=\"widget\" data-widget_type=\"text-editor.default\">\n\t\t\t\t<div class=\"elementor-widget-container\">\n\t\t\t\t\t\t\t\t\t<p>Discover the student discussion list<\/p>\t\t\t\t\t\t\t\t<\/div>\n\t\t\t\t<\/div>\n\t\t\t\t<div class=\"elementor-element elementor-element-5665121 elementor-align-center elementor-mobile-align-center elementor-widget elementor-widget-button\" data-id=\"5665121\" data-element_type=\"widget\" data-widget_type=\"button.default\">\n\t\t\t\t<div class=\"elementor-widget-container\">\n\t\t\t\t\t\t\t\t\t<div class=\"elementor-button-wrapper\">\n\t\t\t\t\t<a class=\"elementor-button elementor-button-link elementor-size-sm elementor-animation-shrink\" href=\"https:\/\/pacific-credo.fr\/en\/enseignement\/liste-de-discussion-etudiants\/\">\n\t\t\t\t\t\t<span class=\"elementor-button-content-wrapper\">\n\t\t\t\t\t\t<span class=\"elementor-button-icon\">\n\t\t\t\t<svg aria-hidden=\"true\" class=\"e-font-icon-svg e-fas-arrow-right\" viewbox=\"0 0 448 512\" xmlns=\"http:\/\/www.w3.org\/2000\/svg\"><path d=\"M190.5 66.9l22.2-22.2c9.4-9.4 24.6-9.4 33.9 0L441 239c9.4 9.4 9.4 24.6 0 33.9L246.6 467.3c-9.4 9.4-24.6 9.4-33.9 0l-22.2-22.2c-9.5-9.5-9.3-25 .4-34.3L311.4 296H24c-13.3 0-24-10.7-24-24v-32c0-13.3 10.7-24 24-24h287.4L190.9 101.2c-9.8-9.3-10-24.8-.4-34.3z\"><\/path><\/svg>\t\t\t<\/span>\n\t\t\t\t\t\t\t\t\t<span class=\"elementor-button-text\">For further information<\/span>\n\t\t\t\t\t<\/span>\n\t\t\t\t\t<\/a>\n\t\t\t\t<\/div>\n\t\t\t\t\t\t\t\t<\/div>\n\t\t\t\t<\/div>\n\t\t\t\t<\/div>\n\t\t\t\t\t<\/div>\n\t\t\t\t<\/div>\n\t\t\t\t<\/div>","protected":false},"excerpt":{"rendered":"<p>Le CREDO et l&rsquo;enseignement \u00a0 Les membres du CREDO occupent un r\u00f4le important dans l&rsquo;enseignement des recherches oc\u00e9anistes \u00e0 l&rsquo;Universit\u00e9 d&rsquo;Aix-Marseille (AMU) et \u00e0 l&rsquo;Ecole des Hautes Etudes en Sciences Sociales (EHESS) \u00e0 Marseille. \u00a0 Ils sont habilit\u00e9s \u00e0 diriger et \u00e0 encadrer des \u00e9tudiants en Master ( M1 et M2) ainsi qu&rsquo;en th\u00e8se de [&hellip;]<\/p>","protected":false},"author":1,"featured_media":0,"parent":0,"menu_order":0,"comment_status":"closed","ping_status":"closed","template":"page.php","meta":{"_acf_changed":false,"footnotes":""},"class_list":["post-8019","page","type-page","status-publish","hentry"],"acf":[],"yoast_head":"<!-- This site is optimized with the Yoast SEO plugin v26.6 - https:\/\/yoast.com\/wordpress\/plugins\/seo\/ -->\n<title>Enseignement - Credo<\/title>\n<meta name=\"robots\" content=\"index, follow, max-snippet:-1, max-image-preview:large, max-video-preview:-1\" \/>\n<link rel=\"canonical\" href=\"https:\/\/pacific-credo.fr\/en\/enseignement\/\" \/>\n<meta property=\"og:locale\" content=\"en_US\" \/>\n<meta property=\"og:type\" content=\"article\" \/>\n<meta property=\"og:title\" content=\"Enseignement - Credo\" \/>\n<meta property=\"og:description\" content=\"Le CREDO et l&rsquo;enseignement \u00a0 Les membres du CREDO occupent un r\u00f4le important dans l&rsquo;enseignement des recherches oc\u00e9anistes \u00e0 l&rsquo;Universit\u00e9 d&rsquo;Aix-Marseille (AMU) et \u00e0 l&rsquo;Ecole des Hautes Etudes en Sciences Sociales (EHESS) \u00e0 Marseille. \u00a0 Ils sont habilit\u00e9s \u00e0 diriger et \u00e0 encadrer des \u00e9tudiants en Master ( M1 et M2) ainsi qu&rsquo;en th\u00e8se de [&hellip;]\" \/>\n<meta property=\"og:url\" content=\"https:\/\/pacific-credo.fr\/en\/enseignement\/\" \/>\n<meta property=\"og:site_name\" content=\"Credo\" \/>\n<meta property=\"article:publisher\" content=\"https:\/\/www.facebook.com\/people\/CREDO-Centre-de-Recherche-et-de-Documentation-sur-lOcanie\/100087147725332\/\" \/>\n<meta property=\"article:modified_time\" content=\"2025-03-25T14:54:11+00:00\" \/>\n<meta property=\"og:image\" content=\"https:\/\/pacific-credo.fr\/wp-content\/uploads\/2025\/03\/DSC8692-scaled.webp\" \/>\n\t<meta property=\"og:image:width\" content=\"2560\" \/>\n\t<meta property=\"og:image:height\" content=\"1709\" \/>\n\t<meta property=\"og:image:type\" content=\"image\/webp\" \/>\n<meta name=\"twitter:card\" content=\"summary_large_image\" \/>\n<meta name=\"twitter:label1\" content=\"Est. reading time\" \/>\n\t<meta name=\"twitter:data1\" content=\"1 minute\" \/>\n<script type=\"application\/ld+json\" class=\"yoast-schema-graph\">{\"@context\":\"https:\/\/schema.org\",\"@graph\":[{\"@type\":\"WebPage\",\"@id\":\"https:\/\/pacific-credo.fr\/enseignement\/\",\"url\":\"https:\/\/pacific-credo.fr\/enseignement\/\",\"name\":\"Enseignement - Credo\",\"isPartOf\":{\"@id\":\"https:\/\/pacific-credo.fr\/en\/#website\"},\"primaryImageOfPage\":{\"@id\":\"https:\/\/pacific-credo.fr\/enseignement\/#primaryimage\"},\"image\":{\"@id\":\"https:\/\/pacific-credo.fr\/enseignement\/#primaryimage\"},\"thumbnailUrl\":\"https:\/\/pacific-credo.fr\/wp-content\/uploads\/2025\/03\/DSC8692-scaled.webp\",\"datePublished\":\"2024-07-31T16:03:38+00:00\",\"dateModified\":\"2025-03-25T14:54:11+00:00\",\"breadcrumb\":{\"@id\":\"https:\/\/pacific-credo.fr\/enseignement\/#breadcrumb\"},\"inLanguage\":\"en-US\",\"potentialAction\":[{\"@type\":\"ReadAction\",\"target\":[\"https:\/\/pacific-credo.fr\/enseignement\/\"]}]},{\"@type\":\"ImageObject\",\"inLanguage\":\"en-US\",\"@id\":\"https:\/\/pacific-credo.fr\/enseignement\/#primaryimage\",\"url\":\"https:\/\/pacific-credo.fr\/wp-content\/uploads\/2025\/03\/DSC8692-scaled.webp\",\"contentUrl\":\"https:\/\/pacific-credo.fr\/wp-content\/uploads\/2025\/03\/DSC8692-scaled.webp\"},{\"@type\":\"BreadcrumbList\",\"@id\":\"https:\/\/pacific-credo.fr\/enseignement\/#breadcrumb\",\"itemListElement\":[{\"@type\":\"ListItem\",\"position\":1,\"name\":\"Accueil\",\"item\":\"https:\/\/pacific-credo.fr\/\"},{\"@type\":\"ListItem\",\"position\":2,\"name\":\"Enseignement\"}]},{\"@type\":\"WebSite\",\"@id\":\"https:\/\/pacific-credo.fr\/en\/#website\",\"url\":\"https:\/\/pacific-credo.fr\/en\/\",\"name\":\"Credo\",\"description\":\"\",\"publisher\":{\"@id\":\"https:\/\/pacific-credo.fr\/en\/#organization\"},\"potentialAction\":[{\"@type\":\"SearchAction\",\"target\":{\"@type\":\"EntryPoint\",\"urlTemplate\":\"https:\/\/pacific-credo.fr\/en\/?s={search_term_string}\"},\"query-input\":{\"@type\":\"PropertyValueSpecification\",\"valueRequired\":true,\"valueName\":\"search_term_string\"}}],\"inLanguage\":\"en-US\"},{\"@type\":\"Organization\",\"@id\":\"https:\/\/pacific-credo.fr\/en\/#organization\",\"name\":\"Credo\",\"url\":\"https:\/\/pacific-credo.fr\/en\/\",\"logo\":{\"@type\":\"ImageObject\",\"inLanguage\":\"en-US\",\"@id\":\"https:\/\/pacific-credo.fr\/en\/#\/schema\/logo\/image\/\",\"url\":\"https:\/\/pacific-credo.fr\/wp-content\/uploads\/2024\/07\/\u00aeCREDO.webp\",\"contentUrl\":\"https:\/\/pacific-credo.fr\/wp-content\/uploads\/2024\/07\/\u00aeCREDO.webp\",\"width\":637,\"height\":591,\"caption\":\"Credo\"},\"image\":{\"@id\":\"https:\/\/pacific-credo.fr\/en\/#\/schema\/logo\/image\/\"},\"sameAs\":[\"https:\/\/www.facebook.com\/people\/CREDO-Centre-de-Recherche-et-de-Documentation-sur-lOcanie\/100087147725332\/\",\"https:\/\/www.linkedin.com\/company\/credo-centre-de-recherche-et-de-documentation-sur-l-ocanie\/about\/?viewAsMember=true\"]}]}<\/script>\n<!-- \/ Yoast SEO plugin. -->","yoast_head_json":{"title":"Enseignement - Credo","robots":{"index":"index","follow":"follow","max-snippet":"max-snippet:-1","max-image-preview":"max-image-preview:large","max-video-preview":"max-video-preview:-1"},"canonical":"https:\/\/pacific-credo.fr\/en\/enseignement\/","og_locale":"en_US","og_type":"article","og_title":"Enseignement - Credo","og_description":"Le CREDO et l&rsquo;enseignement \u00a0 Les membres du CREDO occupent un r\u00f4le important dans l&rsquo;enseignement des recherches oc\u00e9anistes \u00e0 l&rsquo;Universit\u00e9 d&rsquo;Aix-Marseille (AMU) et \u00e0 l&rsquo;Ecole des Hautes Etudes en Sciences Sociales (EHESS) \u00e0 Marseille. \u00a0 Ils sont habilit\u00e9s \u00e0 diriger et \u00e0 encadrer des \u00e9tudiants en Master ( M1 et M2) ainsi qu&rsquo;en th\u00e8se de [&hellip;]","og_url":"https:\/\/pacific-credo.fr\/en\/enseignement\/","og_site_name":"Credo","article_publisher":"https:\/\/www.facebook.com\/people\/CREDO-Centre-de-Recherche-et-de-Documentation-sur-lOcanie\/100087147725332\/","article_modified_time":"2025-03-25T14:54:11+00:00","og_image":[{"width":2560,"height":1709,"url":"https:\/\/pacific-credo.fr\/wp-content\/uploads\/2025\/03\/DSC8692-scaled.webp","type":"image\/webp"}],"twitter_card":"summary_large_image","twitter_misc":{"Est. reading time":"1 minute"},"schema":{"@context":"https:\/\/schema.org","@graph":[{"@type":"WebPage","@id":"https:\/\/pacific-credo.fr\/enseignement\/","url":"https:\/\/pacific-credo.fr\/enseignement\/","name":"Enseignement - Credo","isPartOf":{"@id":"https:\/\/pacific-credo.fr\/en\/#website"},"primaryImageOfPage":{"@id":"https:\/\/pacific-credo.fr\/enseignement\/#primaryimage"},"image":{"@id":"https:\/\/pacific-credo.fr\/enseignement\/#primaryimage"},"thumbnailUrl":"https:\/\/pacific-credo.fr\/wp-content\/uploads\/2025\/03\/DSC8692-scaled.webp","datePublished":"2024-07-31T16:03:38+00:00","dateModified":"2025-03-25T14:54:11+00:00","breadcrumb":{"@id":"https:\/\/pacific-credo.fr\/enseignement\/#breadcrumb"},"inLanguage":"en-US","potentialAction":[{"@type":"ReadAction","target":["https:\/\/pacific-credo.fr\/enseignement\/"]}]},{"@type":"ImageObject","inLanguage":"en-US","@id":"https:\/\/pacific-credo.fr\/enseignement\/#primaryimage","url":"https:\/\/pacific-credo.fr\/wp-content\/uploads\/2025\/03\/DSC8692-scaled.webp","contentUrl":"https:\/\/pacific-credo.fr\/wp-content\/uploads\/2025\/03\/DSC8692-scaled.webp"},{"@type":"BreadcrumbList","@id":"https:\/\/pacific-credo.fr\/enseignement\/#breadcrumb","itemListElement":[{"@type":"ListItem","position":1,"name":"Accueil","item":"https:\/\/pacific-credo.fr\/"},{"@type":"ListItem","position":2,"name":"Enseignement"}]},{"@type":"WebSite","@id":"https:\/\/pacific-credo.fr\/en\/#website","url":"https:\/\/pacific-credo.fr\/en\/","name":"Credo","description":"","publisher":{"@id":"https:\/\/pacific-credo.fr\/en\/#organization"},"potentialAction":[{"@type":"SearchAction","target":{"@type":"EntryPoint","urlTemplate":"https:\/\/pacific-credo.fr\/en\/?s={search_term_string}"},"query-input":{"@type":"PropertyValueSpecification","valueRequired":true,"valueName":"search_term_string"}}],"inLanguage":"en-US"},{"@type":"Organization","@id":"https:\/\/pacific-credo.fr\/en\/#organization","name":"Credo","url":"https:\/\/pacific-credo.fr\/en\/","logo":{"@type":"ImageObject","inLanguage":"en-US","@id":"https:\/\/pacific-credo.fr\/en\/#\/schema\/logo\/image\/","url":"https:\/\/pacific-credo.fr\/wp-content\/uploads\/2024\/07\/\u00aeCREDO.webp","contentUrl":"https:\/\/pacific-credo.fr\/wp-content\/uploads\/2024\/07\/\u00aeCREDO.webp","width":637,"height":591,"caption":"Credo"},"image":{"@id":"https:\/\/pacific-credo.fr\/en\/#\/schema\/logo\/image\/"},"sameAs":["https:\/\/www.facebook.com\/people\/CREDO-Centre-de-Recherche-et-de-Documentation-sur-lOcanie\/100087147725332\/","https:\/\/www.linkedin.com\/company\/credo-centre-de-recherche-et-de-documentation-sur-l-ocanie\/about\/?viewAsMember=true"]}]}},"_links":{"self":[{"href":"https:\/\/pacific-credo.fr\/en\/wp-json\/wp\/v2\/pages\/8019","targetHints":{"allow":["GET"]}}],"collection":[{"href":"https:\/\/pacific-credo.fr\/en\/wp-json\/wp\/v2\/pages"}],"about":[{"href":"https:\/\/pacific-credo.fr\/en\/wp-json\/wp\/v2\/types\/page"}],"author":[{"embeddable":true,"href":"https:\/\/pacific-credo.fr\/en\/wp-json\/wp\/v2\/users\/1"}],"replies":[{"embeddable":true,"href":"https:\/\/pacific-credo.fr\/en\/wp-json\/wp\/v2\/comments?post=8019"}],"version-history":[{"count":0,"href":"https:\/\/pacific-credo.fr\/en\/wp-json\/wp\/v2\/pages\/8019\/revisions"}],"wp:attachment":[{"href":"https:\/\/pacific-credo.fr\/en\/wp-json\/wp\/v2\/media?parent=8019"}],"curies":[{"name":"wp","href":"https:\/\/api.w.org\/{rel}","templated":true}]}}