{"id":8009,"date":"2024-07-31T18:01:51","date_gmt":"2024-07-31T16:01:51","guid":{"rendered":"https:\/\/pacific-credo.fr\/?page_id=8009"},"modified":"2026-02-03T16:55:59","modified_gmt":"2026-02-03T15:55:59","slug":"les-seminaires","status":"publish","type":"page","link":"https:\/\/pacific-credo.fr\/en\/les-seminaires\/","title":{"rendered":"Les s\u00e9minaires"},"content":{"rendered":"<div data-elementor-type=\"wp-page\" data-elementor-id=\"8009\" class=\"elementor elementor-8009\" data-elementor-post-type=\"page\">\n\t\t\t\t<div class=\"elementor-element elementor-element-548f562 e-con-full e-flex e-con e-parent\" data-id=\"548f562\" data-element_type=\"container\" data-settings=\"{&quot;background_background&quot;:&quot;classic&quot;}\">\n\t\t\t\t<div class=\"elementor-element elementor-element-3e6a7ec elementor-widget elementor-widget-heading\" data-id=\"3e6a7ec\" data-element_type=\"widget\" data-widget_type=\"heading.default\">\n\t\t\t\t<div class=\"elementor-widget-container\">\n\t\t\t\t\t<h1 class=\"elementor-heading-title elementor-size-default\">Les s\u00e9minaires<\/h1>\t\t\t\t<\/div>\n\t\t\t\t<\/div>\n\t\t\t\t<div class=\"elementor-element elementor-element-e19839e elementor-widget elementor-widget-text-editor\" data-id=\"e19839e\" data-element_type=\"widget\" data-widget_type=\"text-editor.default\">\n\t\t\t\t<div class=\"elementor-widget-container\">\n\t\t\t\t\t\t\t\t\t<p class=\"secondaryTitle\">In personn and videoconferencing<\/p>\t\t\t\t\t\t\t\t<\/div>\n\t\t\t\t<\/div>\n\t\t\t\t<\/div>\n\t\t<div class=\"elementor-element elementor-element-eebccd5 e-flex e-con-boxed e-con e-parent\" data-id=\"eebccd5\" data-element_type=\"container\">\n\t\t\t\t\t<div class=\"e-con-inner\">\n\t\t<div class=\"elementor-element elementor-element-95edd3c e-con-full e-flex e-con e-child\" data-id=\"95edd3c\" data-element_type=\"container\">\n\t\t\t\t<div class=\"elementor-element elementor-element-15a24eb animated-fast elementor-invisible elementor-widget elementor-widget-heading\" data-id=\"15a24eb\" data-element_type=\"widget\" data-settings=\"{&quot;_animation&quot;:&quot;fadeInUp&quot;}\" data-widget_type=\"heading.default\">\n\t\t\t\t<div class=\"elementor-widget-container\">\n\t\t\t\t\t<h2 class=\"elementor-heading-title elementor-size-default\">Organis\u00e9s par les membres du CREDO<\/h2>\t\t\t\t<\/div>\n\t\t\t\t<\/div>\n\t\t\t\t<div class=\"elementor-element elementor-element-afaad1c elementor-widget elementor-widget-image\" data-id=\"afaad1c\" data-element_type=\"widget\" data-widget_type=\"image.default\">\n\t\t\t\t<div class=\"elementor-widget-container\">\n\t\t\t\t\t\t\t\t\t\t\t\t\t\t\t<img fetchpriority=\"high\" decoding=\"async\" width=\"360\" height=\"201\" src=\"https:\/\/pacific-credo.fr\/wp-content\/uploads\/2025\/01\/seminaire2-e1738763343118.webp\" class=\"attachment-resonance_portfolio size-resonance_portfolio wp-image-9381\" alt=\"Le s\u00e9minaire du CREDO\" srcset=\"https:\/\/pacific-credo.fr\/wp-content\/uploads\/2025\/01\/seminaire2-e1738763343118.webp 360w, https:\/\/pacific-credo.fr\/wp-content\/uploads\/2025\/01\/seminaire2-e1738763343118-18x10.webp 18w\" sizes=\"(max-width: 360px) 100vw, 360px\" \/>\t\t\t\t\t\t\t\t\t\t\t\t\t\t\t<\/div>\n\t\t\t\t<\/div>\n\t\t\t\t<\/div>\n\t\t<div class=\"elementor-element elementor-element-c01f6b2 e-con-full e-flex e-con e-child\" data-id=\"c01f6b2\" data-element_type=\"container\">\n\t\t\t\t<div class=\"elementor-element elementor-element-01b5b69 elementor-widget elementor-widget-text-editor\" data-id=\"01b5b69\" data-element_type=\"widget\" data-widget_type=\"text-editor.default\">\n\t\t\t\t<div class=\"elementor-widget-container\">\n\t\t\t\t\t\t\t\t\t<p>Le CREDO organise et anime deux cycles de s\u00e9minaires qui favorisent le dialogue interdisciplinaire et la formation \u00e0 la recherche.\u00a0 Ces rendez-vous sont con\u00e7us comme des espaces d&rsquo;\u00e9change ouverts aux chercheurs et aux \u00e9tudiants.<\/p><h5>\u00a0<\/h5><h5>Les s\u00e9minaires du CREDO\u00a0<\/h5><h6><a href=\"https:\/\/pacific-credo.fr\/en\/le-seminaire-du-credo\/le-seminaire-du-credo\/\">L&rsquo;actualit\u00e9 de la recherche en Oc\u00e9anie<\/a><\/h6><h5>\u00a0<\/h5><h5>Le s\u00e9minaire EHESS\/CREDO<\/h5><h6><a href=\"https:\/\/pacific-credo.fr\/en\/le-seminaire-du-credo\/le-seminaire-ehess-credo\/\">UE568 &#8211; Des \u00ab ethno \u00bb aux \u00ab anthropo-choses \u00bb : \u00e9pist\u00e9mologie et anthropologie des savoirs pratiques<\/a><\/h6>\t\t\t\t\t\t\t\t<\/div>\n\t\t\t\t<\/div>\n\t\t\t\t<\/div>\n\t\t\t\t\t<\/div>\n\t\t\t\t<\/div>\n\t\t<div class=\"elementor-element elementor-element-b8790a4 e-flex e-con-boxed e-con e-parent\" data-id=\"b8790a4\" data-element_type=\"container\">\n\t\t\t\t\t<div class=\"e-con-inner\">\n\t\t<div class=\"elementor-element elementor-element-693ed69 e-con-full e-flex e-con e-child\" data-id=\"693ed69\" data-element_type=\"container\" data-settings=\"{&quot;background_background&quot;:&quot;classic&quot;}\">\n\t\t\t\t<div class=\"elementor-element elementor-element-8c9cbd6 elementor-widget elementor-widget-heading\" data-id=\"8c9cbd6\" data-element_type=\"widget\" data-widget_type=\"heading.default\">\n\t\t\t\t<div class=\"elementor-widget-container\">\n\t\t\t\t\t<h4 class=\"elementor-heading-title elementor-size-default\">le programme des s\u00e9minaires 2025 \/ 2026<\/h4>\t\t\t\t<\/div>\n\t\t\t\t<\/div>\n\t\t\t\t<div class=\"elementor-element elementor-element-7fa7229 elementor-widget elementor-widget-text-editor\" data-id=\"7fa7229\" data-element_type=\"widget\" data-widget_type=\"text-editor.default\">\n\t\t\t\t<div class=\"elementor-widget-container\">\n\t\t\t\t\t\t\t\t\t<p>Consultez les s\u00e9minaires du CREDO etle s\u00e9minaire EHESS\/CREDO<\/p>\t\t\t\t\t\t\t\t<\/div>\n\t\t\t\t<\/div>\n\t\t\t\t<div class=\"elementor-element elementor-element-c94bcf8 elementor-align-center elementor-mobile-align-left elementor-widget elementor-widget-button\" data-id=\"c94bcf8\" data-element_type=\"widget\" data-widget_type=\"button.default\">\n\t\t\t\t<div class=\"elementor-widget-container\">\n\t\t\t\t\t\t\t\t\t<div class=\"elementor-button-wrapper\">\n\t\t\t\t\t<a class=\"elementor-button elementor-button-link elementor-size-sm elementor-animation-shrink\" href=\"https:\/\/pacific-credo.fr\/en\/les-seminaires\/seminaire-du-credo-2025-2026\/\">\n\t\t\t\t\t\t<span class=\"elementor-button-content-wrapper\">\n\t\t\t\t\t\t<span class=\"elementor-button-icon\">\n\t\t\t\t<svg aria-hidden=\"true\" class=\"e-font-icon-svg e-fas-arrow-right\" viewbox=\"0 0 448 512\" xmlns=\"http:\/\/www.w3.org\/2000\/svg\"><path d=\"M190.5 66.9l22.2-22.2c9.4-9.4 24.6-9.4 33.9 0L441 239c9.4 9.4 9.4 24.6 0 33.9L246.6 467.3c-9.4 9.4-24.6 9.4-33.9 0l-22.2-22.2c-9.5-9.5-9.3-25 .4-34.3L311.4 296H24c-13.3 0-24-10.7-24-24v-32c0-13.3 10.7-24 24-24h287.4L190.9 101.2c-9.8-9.3-10-24.8-.4-34.3z\"><\/path><\/svg>\t\t\t<\/span>\n\t\t\t\t\t\t\t\t\t<span class=\"elementor-button-text\">For further information<\/span>\n\t\t\t\t\t<\/span>\n\t\t\t\t\t<\/a>\n\t\t\t\t<\/div>\n\t\t\t\t\t\t\t\t<\/div>\n\t\t\t\t<\/div>\n\t\t\t\t<\/div>\n\t\t<div class=\"elementor-element elementor-element-12911f6 e-con-full e-flex e-con e-child\" data-id=\"12911f6\" data-element_type=\"container\" data-settings=\"{&quot;background_background&quot;:&quot;classic&quot;}\">\n\t\t\t\t<div class=\"elementor-element elementor-element-994bf36 elementor-widget elementor-widget-heading\" data-id=\"994bf36\" data-element_type=\"widget\" data-widget_type=\"heading.default\">\n\t\t\t\t<div class=\"elementor-widget-container\">\n\t\t\t\t\t<h4 class=\"elementor-heading-title elementor-size-default\">Le seminaire du credo<\/h4>\t\t\t\t<\/div>\n\t\t\t\t<\/div>\n\t\t\t\t<div class=\"elementor-element elementor-element-21809bc elementor-widget elementor-widget-text-editor\" data-id=\"21809bc\" data-element_type=\"widget\" data-widget_type=\"text-editor.default\">\n\t\t\t\t<div class=\"elementor-widget-container\">\n\t\t\t\t\t\t\t\t\t<p>See the CREDO seminars series<\/p>\t\t\t\t\t\t\t\t<\/div>\n\t\t\t\t<\/div>\n\t\t\t\t<div class=\"elementor-element elementor-element-1541af6 elementor-align-center elementor-mobile-align-left elementor-widget elementor-widget-button\" data-id=\"1541af6\" data-element_type=\"widget\" data-widget_type=\"button.default\">\n\t\t\t\t<div class=\"elementor-widget-container\">\n\t\t\t\t\t\t\t\t\t<div class=\"elementor-button-wrapper\">\n\t\t\t\t\t<a class=\"elementor-button elementor-button-link elementor-size-sm elementor-animation-shrink\" href=\"https:\/\/pacific-credo.fr\/en\/les-seminaires\/le-seminaire-du-credo\/\">\n\t\t\t\t\t\t<span class=\"elementor-button-content-wrapper\">\n\t\t\t\t\t\t<span class=\"elementor-button-icon\">\n\t\t\t\t<svg aria-hidden=\"true\" class=\"e-font-icon-svg e-fas-arrow-right\" viewbox=\"0 0 448 512\" xmlns=\"http:\/\/www.w3.org\/2000\/svg\"><path d=\"M190.5 66.9l22.2-22.2c9.4-9.4 24.6-9.4 33.9 0L441 239c9.4 9.4 9.4 24.6 0 33.9L246.6 467.3c-9.4 9.4-24.6 9.4-33.9 0l-22.2-22.2c-9.5-9.5-9.3-25 .4-34.3L311.4 296H24c-13.3 0-24-10.7-24-24v-32c0-13.3 10.7-24 24-24h287.4L190.9 101.2c-9.8-9.3-10-24.8-.4-34.3z\"><\/path><\/svg>\t\t\t<\/span>\n\t\t\t\t\t\t\t\t\t<span class=\"elementor-button-text\">For further information<\/span>\n\t\t\t\t\t<\/span>\n\t\t\t\t\t<\/a>\n\t\t\t\t<\/div>\n\t\t\t\t\t\t\t\t<\/div>\n\t\t\t\t<\/div>\n\t\t\t\t<\/div>\n\t\t<div class=\"elementor-element elementor-element-8619ca8 e-con-full e-flex e-con e-child\" data-id=\"8619ca8\" data-element_type=\"container\" data-settings=\"{&quot;background_background&quot;:&quot;classic&quot;}\">\n\t\t\t\t<div class=\"elementor-element elementor-element-83b277c elementor-widget elementor-widget-heading\" data-id=\"83b277c\" data-element_type=\"widget\" data-widget_type=\"heading.default\">\n\t\t\t\t<div class=\"elementor-widget-container\">\n\t\t\t\t\t<h4 class=\"elementor-heading-title elementor-size-default\">le seminaire ehess\/credo<\/h4>\t\t\t\t<\/div>\n\t\t\t\t<\/div>\n\t\t\t\t<div class=\"elementor-element elementor-element-420329d elementor-widget elementor-widget-text-editor\" data-id=\"420329d\" data-element_type=\"widget\" data-widget_type=\"text-editor.default\">\n\t\t\t\t<div class=\"elementor-widget-container\">\n\t\t\t\t\t\t\t\t\t<p>Consultez les s\u00e9minaires EHESS\/CREDO<\/p>\t\t\t\t\t\t\t\t<\/div>\n\t\t\t\t<\/div>\n\t\t\t\t<div class=\"elementor-element elementor-element-554eeee elementor-align-center elementor-mobile-align-left elementor-widget elementor-widget-button\" data-id=\"554eeee\" data-element_type=\"widget\" data-widget_type=\"button.default\">\n\t\t\t\t<div class=\"elementor-widget-container\">\n\t\t\t\t\t\t\t\t\t<div class=\"elementor-button-wrapper\">\n\t\t\t\t\t<a class=\"elementor-button elementor-button-link elementor-size-sm elementor-animation-shrink\" href=\"https:\/\/pacific-credo.fr\/en\/les-seminaires\/le-seminaire-ehess-credo\/\">\n\t\t\t\t\t\t<span class=\"elementor-button-content-wrapper\">\n\t\t\t\t\t\t<span class=\"elementor-button-icon\">\n\t\t\t\t<svg aria-hidden=\"true\" class=\"e-font-icon-svg e-fas-arrow-right\" viewbox=\"0 0 448 512\" xmlns=\"http:\/\/www.w3.org\/2000\/svg\"><path d=\"M190.5 66.9l22.2-22.2c9.4-9.4 24.6-9.4 33.9 0L441 239c9.4 9.4 9.4 24.6 0 33.9L246.6 467.3c-9.4 9.4-24.6 9.4-33.9 0l-22.2-22.2c-9.5-9.5-9.3-25 .4-34.3L311.4 296H24c-13.3 0-24-10.7-24-24v-32c0-13.3 10.7-24 24-24h287.4L190.9 101.2c-9.8-9.3-10-24.8-.4-34.3z\"><\/path><\/svg>\t\t\t<\/span>\n\t\t\t\t\t\t\t\t\t<span class=\"elementor-button-text\">For further information<\/span>\n\t\t\t\t\t<\/span>\n\t\t\t\t\t<\/a>\n\t\t\t\t<\/div>\n\t\t\t\t\t\t\t\t<\/div>\n\t\t\t\t<\/div>\n\t\t\t\t<\/div>\n\t\t<div class=\"elementor-element elementor-element-3c1b00e e-con-full e-flex e-con e-child\" data-id=\"3c1b00e\" data-element_type=\"container\" data-settings=\"{&quot;background_background&quot;:&quot;classic&quot;}\">\n\t\t\t\t<div class=\"elementor-element elementor-element-6857976 elementor-widget elementor-widget-heading\" data-id=\"6857976\" data-element_type=\"widget\" data-widget_type=\"heading.default\">\n\t\t\t\t<div class=\"elementor-widget-container\">\n\t\t\t\t\t<h4 class=\"elementor-heading-title elementor-size-default\">Previous seminars<\/h4>\t\t\t\t<\/div>\n\t\t\t\t<\/div>\n\t\t\t\t<div class=\"elementor-element elementor-element-64a17c6 elementor-widget elementor-widget-text-editor\" data-id=\"64a17c6\" data-element_type=\"widget\" data-widget_type=\"text-editor.default\">\n\t\t\t\t<div class=\"elementor-widget-container\">\n\t\t\t\t\t\t\t\t\t<p>Consultez tous les s\u00e9minaires pass\u00e9s<\/p>\t\t\t\t\t\t\t\t<\/div>\n\t\t\t\t<\/div>\n\t\t\t\t<div class=\"elementor-element elementor-element-595afa7 elementor-align-center elementor-mobile-align-left elementor-widget elementor-widget-button\" data-id=\"595afa7\" data-element_type=\"widget\" data-widget_type=\"button.default\">\n\t\t\t\t<div class=\"elementor-widget-container\">\n\t\t\t\t\t\t\t\t\t<div class=\"elementor-button-wrapper\">\n\t\t\t\t\t<a class=\"elementor-button elementor-button-link elementor-size-sm elementor-animation-shrink\" href=\"https:\/\/pacific-credo.fr\/en\/les-seminaires\/seminaires-precedents\/\">\n\t\t\t\t\t\t<span class=\"elementor-button-content-wrapper\">\n\t\t\t\t\t\t<span class=\"elementor-button-icon\">\n\t\t\t\t<svg aria-hidden=\"true\" class=\"e-font-icon-svg e-fas-arrow-right\" viewbox=\"0 0 448 512\" xmlns=\"http:\/\/www.w3.org\/2000\/svg\"><path d=\"M190.5 66.9l22.2-22.2c9.4-9.4 24.6-9.4 33.9 0L441 239c9.4 9.4 9.4 24.6 0 33.9L246.6 467.3c-9.4 9.4-24.6 9.4-33.9 0l-22.2-22.2c-9.5-9.5-9.3-25 .4-34.3L311.4 296H24c-13.3 0-24-10.7-24-24v-32c0-13.3 10.7-24 24-24h287.4L190.9 101.2c-9.8-9.3-10-24.8-.4-34.3z\"><\/path><\/svg>\t\t\t<\/span>\n\t\t\t\t\t\t\t\t\t<span class=\"elementor-button-text\">For further information<\/span>\n\t\t\t\t\t<\/span>\n\t\t\t\t\t<\/a>\n\t\t\t\t<\/div>\n\t\t\t\t\t\t\t\t<\/div>\n\t\t\t\t<\/div>\n\t\t\t\t<\/div>\n\t\t\t\t\t<\/div>\n\t\t\t\t<\/div>\n\t\t\t\t<\/div>","protected":false},"excerpt":{"rendered":"<p>En pr\u00e9sentiel et visioconf\u00e9rence Organis\u00e9s par les membres du CREDO Le CREDO organise et anime deux cycles de s\u00e9minaires qui favorisent le dialogue interdisciplinaire et la formation \u00e0 la recherche.\u00a0 Ces rendez-vous sont con\u00e7us comme des espaces d&rsquo;\u00e9change ouverts aux chercheurs et aux \u00e9tudiants. Les s\u00e9minaires du CREDO L&rsquo;actualit\u00e9 de la recherche en Oc\u00e9anie Le [&hellip;]<\/p>","protected":false},"author":1,"featured_media":0,"parent":0,"menu_order":0,"comment_status":"closed","ping_status":"closed","template":"page.php","meta":{"_acf_changed":false,"footnotes":""},"class_list":["post-8009","page","type-page","status-publish","hentry"],"acf":[],"yoast_head":"<!-- This site is optimized with the Yoast SEO plugin v26.6 - https:\/\/yoast.com\/wordpress\/plugins\/seo\/ -->\n<title>Les s\u00e9minaires - Credo<\/title>\n<meta name=\"robots\" content=\"index, follow, max-snippet:-1, max-image-preview:large, max-video-preview:-1\" \/>\n<link rel=\"canonical\" href=\"https:\/\/pacific-credo.fr\/en\/les-seminaires\/\" \/>\n<meta property=\"og:locale\" content=\"en_US\" \/>\n<meta property=\"og:type\" content=\"article\" \/>\n<meta property=\"og:title\" content=\"Les s\u00e9minaires - Credo\" \/>\n<meta property=\"og:description\" content=\"En pr\u00e9sentiel et visioconf\u00e9rence Organis\u00e9s par les membres du CREDO Le CREDO organise et anime deux cycles de s\u00e9minaires qui favorisent le dialogue interdisciplinaire et la formation \u00e0 la recherche.\u00a0 Ces rendez-vous sont con\u00e7us comme des espaces d&rsquo;\u00e9change ouverts aux chercheurs et aux \u00e9tudiants. Les s\u00e9minaires du CREDO L&rsquo;actualit\u00e9 de la recherche en Oc\u00e9anie Le [&hellip;]\" \/>\n<meta property=\"og:url\" content=\"https:\/\/pacific-credo.fr\/en\/les-seminaires\/\" \/>\n<meta property=\"og:site_name\" content=\"Credo\" \/>\n<meta property=\"article:publisher\" content=\"https:\/\/www.facebook.com\/people\/CREDO-Centre-de-Recherche-et-de-Documentation-sur-lOcanie\/100087147725332\/\" \/>\n<meta property=\"article:modified_time\" content=\"2026-02-03T15:55:59+00:00\" \/>\n<meta property=\"og:image\" content=\"https:\/\/pacific-credo.fr\/wp-content\/uploads\/2025\/01\/seminaire2-e1738763343118.webp\" \/>\n<meta name=\"twitter:card\" content=\"summary_large_image\" \/>\n<meta name=\"twitter:label1\" content=\"Est. reading time\" \/>\n\t<meta name=\"twitter:data1\" content=\"1 minute\" \/>\n<script type=\"application\/ld+json\" class=\"yoast-schema-graph\">{\"@context\":\"https:\/\/schema.org\",\"@graph\":[{\"@type\":\"WebPage\",\"@id\":\"https:\/\/pacific-credo.fr\/les-seminaires\/\",\"url\":\"https:\/\/pacific-credo.fr\/les-seminaires\/\",\"name\":\"Les s\u00e9minaires - Credo\",\"isPartOf\":{\"@id\":\"https:\/\/pacific-credo.fr\/en\/#website\"},\"primaryImageOfPage\":{\"@id\":\"https:\/\/pacific-credo.fr\/les-seminaires\/#primaryimage\"},\"image\":{\"@id\":\"https:\/\/pacific-credo.fr\/les-seminaires\/#primaryimage\"},\"thumbnailUrl\":\"https:\/\/pacific-credo.fr\/wp-content\/uploads\/2025\/01\/seminaire2-e1738763343118.webp\",\"datePublished\":\"2024-07-31T16:01:51+00:00\",\"dateModified\":\"2026-02-03T15:55:59+00:00\",\"breadcrumb\":{\"@id\":\"https:\/\/pacific-credo.fr\/les-seminaires\/#breadcrumb\"},\"inLanguage\":\"en-US\",\"potentialAction\":[{\"@type\":\"ReadAction\",\"target\":[\"https:\/\/pacific-credo.fr\/les-seminaires\/\"]}]},{\"@type\":\"ImageObject\",\"inLanguage\":\"en-US\",\"@id\":\"https:\/\/pacific-credo.fr\/les-seminaires\/#primaryimage\",\"url\":\"https:\/\/pacific-credo.fr\/wp-content\/uploads\/2025\/01\/seminaire2-e1738763343118.webp\",\"contentUrl\":\"https:\/\/pacific-credo.fr\/wp-content\/uploads\/2025\/01\/seminaire2-e1738763343118.webp\"},{\"@type\":\"BreadcrumbList\",\"@id\":\"https:\/\/pacific-credo.fr\/les-seminaires\/#breadcrumb\",\"itemListElement\":[{\"@type\":\"ListItem\",\"position\":1,\"name\":\"Accueil\",\"item\":\"https:\/\/pacific-credo.fr\/\"},{\"@type\":\"ListItem\",\"position\":2,\"name\":\"Les s\u00e9minaires\"}]},{\"@type\":\"WebSite\",\"@id\":\"https:\/\/pacific-credo.fr\/en\/#website\",\"url\":\"https:\/\/pacific-credo.fr\/en\/\",\"name\":\"Credo\",\"description\":\"\",\"publisher\":{\"@id\":\"https:\/\/pacific-credo.fr\/en\/#organization\"},\"potentialAction\":[{\"@type\":\"SearchAction\",\"target\":{\"@type\":\"EntryPoint\",\"urlTemplate\":\"https:\/\/pacific-credo.fr\/en\/?s={search_term_string}\"},\"query-input\":{\"@type\":\"PropertyValueSpecification\",\"valueRequired\":true,\"valueName\":\"search_term_string\"}}],\"inLanguage\":\"en-US\"},{\"@type\":\"Organization\",\"@id\":\"https:\/\/pacific-credo.fr\/en\/#organization\",\"name\":\"Credo\",\"url\":\"https:\/\/pacific-credo.fr\/en\/\",\"logo\":{\"@type\":\"ImageObject\",\"inLanguage\":\"en-US\",\"@id\":\"https:\/\/pacific-credo.fr\/en\/#\/schema\/logo\/image\/\",\"url\":\"https:\/\/pacific-credo.fr\/wp-content\/uploads\/2024\/07\/\u00aeCREDO.webp\",\"contentUrl\":\"https:\/\/pacific-credo.fr\/wp-content\/uploads\/2024\/07\/\u00aeCREDO.webp\",\"width\":637,\"height\":591,\"caption\":\"Credo\"},\"image\":{\"@id\":\"https:\/\/pacific-credo.fr\/en\/#\/schema\/logo\/image\/\"},\"sameAs\":[\"https:\/\/www.facebook.com\/people\/CREDO-Centre-de-Recherche-et-de-Documentation-sur-lOcanie\/100087147725332\/\",\"https:\/\/www.linkedin.com\/company\/credo-centre-de-recherche-et-de-documentation-sur-l-ocanie\/about\/?viewAsMember=true\"]}]}<\/script>\n<!-- \/ Yoast SEO plugin. -->","yoast_head_json":{"title":"Les s\u00e9minaires - Credo","robots":{"index":"index","follow":"follow","max-snippet":"max-snippet:-1","max-image-preview":"max-image-preview:large","max-video-preview":"max-video-preview:-1"},"canonical":"https:\/\/pacific-credo.fr\/en\/les-seminaires\/","og_locale":"en_US","og_type":"article","og_title":"Les s\u00e9minaires - Credo","og_description":"En pr\u00e9sentiel et visioconf\u00e9rence Organis\u00e9s par les membres du CREDO Le CREDO organise et anime deux cycles de s\u00e9minaires qui favorisent le dialogue interdisciplinaire et la formation \u00e0 la recherche.\u00a0 Ces rendez-vous sont con\u00e7us comme des espaces d&rsquo;\u00e9change ouverts aux chercheurs et aux \u00e9tudiants. Les s\u00e9minaires du CREDO L&rsquo;actualit\u00e9 de la recherche en Oc\u00e9anie Le [&hellip;]","og_url":"https:\/\/pacific-credo.fr\/en\/les-seminaires\/","og_site_name":"Credo","article_publisher":"https:\/\/www.facebook.com\/people\/CREDO-Centre-de-Recherche-et-de-Documentation-sur-lOcanie\/100087147725332\/","article_modified_time":"2026-02-03T15:55:59+00:00","og_image":[{"url":"https:\/\/pacific-credo.fr\/wp-content\/uploads\/2025\/01\/seminaire2-e1738763343118.webp","type":"","width":"","height":""}],"twitter_card":"summary_large_image","twitter_misc":{"Est. reading time":"1 minute"},"schema":{"@context":"https:\/\/schema.org","@graph":[{"@type":"WebPage","@id":"https:\/\/pacific-credo.fr\/les-seminaires\/","url":"https:\/\/pacific-credo.fr\/les-seminaires\/","name":"Les s\u00e9minaires - Credo","isPartOf":{"@id":"https:\/\/pacific-credo.fr\/en\/#website"},"primaryImageOfPage":{"@id":"https:\/\/pacific-credo.fr\/les-seminaires\/#primaryimage"},"image":{"@id":"https:\/\/pacific-credo.fr\/les-seminaires\/#primaryimage"},"thumbnailUrl":"https:\/\/pacific-credo.fr\/wp-content\/uploads\/2025\/01\/seminaire2-e1738763343118.webp","datePublished":"2024-07-31T16:01:51+00:00","dateModified":"2026-02-03T15:55:59+00:00","breadcrumb":{"@id":"https:\/\/pacific-credo.fr\/les-seminaires\/#breadcrumb"},"inLanguage":"en-US","potentialAction":[{"@type":"ReadAction","target":["https:\/\/pacific-credo.fr\/les-seminaires\/"]}]},{"@type":"ImageObject","inLanguage":"en-US","@id":"https:\/\/pacific-credo.fr\/les-seminaires\/#primaryimage","url":"https:\/\/pacific-credo.fr\/wp-content\/uploads\/2025\/01\/seminaire2-e1738763343118.webp","contentUrl":"https:\/\/pacific-credo.fr\/wp-content\/uploads\/2025\/01\/seminaire2-e1738763343118.webp"},{"@type":"BreadcrumbList","@id":"https:\/\/pacific-credo.fr\/les-seminaires\/#breadcrumb","itemListElement":[{"@type":"ListItem","position":1,"name":"Accueil","item":"https:\/\/pacific-credo.fr\/"},{"@type":"ListItem","position":2,"name":"Les s\u00e9minaires"}]},{"@type":"WebSite","@id":"https:\/\/pacific-credo.fr\/en\/#website","url":"https:\/\/pacific-credo.fr\/en\/","name":"Credo","description":"","publisher":{"@id":"https:\/\/pacific-credo.fr\/en\/#organization"},"potentialAction":[{"@type":"SearchAction","target":{"@type":"EntryPoint","urlTemplate":"https:\/\/pacific-credo.fr\/en\/?s={search_term_string}"},"query-input":{"@type":"PropertyValueSpecification","valueRequired":true,"valueName":"search_term_string"}}],"inLanguage":"en-US"},{"@type":"Organization","@id":"https:\/\/pacific-credo.fr\/en\/#organization","name":"Credo","url":"https:\/\/pacific-credo.fr\/en\/","logo":{"@type":"ImageObject","inLanguage":"en-US","@id":"https:\/\/pacific-credo.fr\/en\/#\/schema\/logo\/image\/","url":"https:\/\/pacific-credo.fr\/wp-content\/uploads\/2024\/07\/\u00aeCREDO.webp","contentUrl":"https:\/\/pacific-credo.fr\/wp-content\/uploads\/2024\/07\/\u00aeCREDO.webp","width":637,"height":591,"caption":"Credo"},"image":{"@id":"https:\/\/pacific-credo.fr\/en\/#\/schema\/logo\/image\/"},"sameAs":["https:\/\/www.facebook.com\/people\/CREDO-Centre-de-Recherche-et-de-Documentation-sur-lOcanie\/100087147725332\/","https:\/\/www.linkedin.com\/company\/credo-centre-de-recherche-et-de-documentation-sur-l-ocanie\/about\/?viewAsMember=true"]}]}},"_links":{"self":[{"href":"https:\/\/pacific-credo.fr\/en\/wp-json\/wp\/v2\/pages\/8009","targetHints":{"allow":["GET"]}}],"collection":[{"href":"https:\/\/pacific-credo.fr\/en\/wp-json\/wp\/v2\/pages"}],"about":[{"href":"https:\/\/pacific-credo.fr\/en\/wp-json\/wp\/v2\/types\/page"}],"author":[{"embeddable":true,"href":"https:\/\/pacific-credo.fr\/en\/wp-json\/wp\/v2\/users\/1"}],"replies":[{"embeddable":true,"href":"https:\/\/pacific-credo.fr\/en\/wp-json\/wp\/v2\/comments?post=8009"}],"version-history":[{"count":10,"href":"https:\/\/pacific-credo.fr\/en\/wp-json\/wp\/v2\/pages\/8009\/revisions"}],"predecessor-version":[{"id":17355,"href":"https:\/\/pacific-credo.fr\/en\/wp-json\/wp\/v2\/pages\/8009\/revisions\/17355"}],"wp:attachment":[{"href":"https:\/\/pacific-credo.fr\/en\/wp-json\/wp\/v2\/media?parent=8009"}],"curies":[{"name":"wp","href":"https:\/\/api.w.org\/{rel}","templated":true}]}}