{"id":7913,"date":"2024-07-31T16:06:03","date_gmt":"2024-07-31T14:06:03","guid":{"rendered":"https:\/\/pacific-credo.fr\/?page_id=7913"},"modified":"2025-03-25T15:32:28","modified_gmt":"2025-03-25T14:32:28","slug":"presentation","status":"publish","type":"page","link":"https:\/\/pacific-credo.fr\/en\/le-credo\/presentation\/","title":{"rendered":"Presentation"},"content":{"rendered":"<div data-elementor-type=\"wp-page\" data-elementor-id=\"7913\" class=\"elementor elementor-7913\" data-elementor-post-type=\"page\">\n\t\t\t\t<div class=\"elementor-element elementor-element-548f562 e-con-full e-flex e-con e-parent\" data-id=\"548f562\" data-element_type=\"container\" data-settings=\"{&quot;background_background&quot;:&quot;classic&quot;}\">\n\t\t\t\t<div class=\"elementor-element elementor-element-3e6a7ec elementor-widget elementor-widget-heading\" data-id=\"3e6a7ec\" data-element_type=\"widget\" data-widget_type=\"heading.default\">\n\t\t\t\t<div class=\"elementor-widget-container\">\n\t\t\t\t\t<h1 class=\"elementor-heading-title elementor-size-default\">History of the Credo<\/h1>\t\t\t\t<\/div>\n\t\t\t\t<\/div>\n\t\t\t\t<div class=\"elementor-element elementor-element-e19839e elementor-widget__width-initial elementor-widget-mobile__width-inherit elementor-widget elementor-widget-text-editor\" data-id=\"e19839e\" data-element_type=\"widget\" data-widget_type=\"text-editor.default\">\n\t\t\t\t<div class=\"elementor-widget-container\">\n\t\t\t\t\t\t\t\t\t<p class=\"secondaryTitle\" style=\"text-align: center;\">The Centre de recherche et de documentation sur l'Oc\u00e9anie (CREDO, UMR 7308) was set up in January 1995 as a Joint Research Unit (UMR) of the French Ministry of Research. <span style=\"text-decoration: underline;\"><a href=\"http:\/\/www.cnrs.fr\/\" target=\"_blank\" rel=\"noopener\">CNRS<\/a><\/span> and<span style=\"text-decoration: underline;\"><a href=\"http:\/\/www.ehess.fr\/\" target=\"_blank\" rel=\"noopener\">EHESS<\/a><\/span>.<\/p>\t\t\t\t\t\t\t\t<\/div>\n\t\t\t\t<\/div>\n\t\t\t\t<\/div>\n\t\t<div class=\"elementor-element elementor-element-341ee56 e-flex e-con-boxed e-con e-parent\" data-id=\"341ee56\" data-element_type=\"container\">\n\t\t\t\t\t<div class=\"e-con-inner\">\n\t\t<div class=\"elementor-element elementor-element-098fcd6 e-con-full e-flex e-con e-child\" data-id=\"098fcd6\" data-element_type=\"container\">\n\t\t\t\t<div class=\"elementor-element elementor-element-ad6bc12 elementor-widget elementor-widget-image\" data-id=\"ad6bc12\" data-element_type=\"widget\" data-widget_type=\"image.default\">\n\t\t\t\t<div class=\"elementor-widget-container\">\n\t\t\t\t\t\t\t\t\t\t\t\t\t\t\t<img fetchpriority=\"high\" decoding=\"async\" width=\"1641\" height=\"2560\" src=\"https:\/\/pacific-credo.fr\/wp-content\/uploads\/2025\/02\/Espasce_Yves_Mathieu_B15-scaled.webp\" class=\"attachment-large size-large wp-image-10233\" alt=\"Rez de chauss\u00e9e Espace Yves Mathieu, b\u00e2timent 15, Campus Saint-Charles, Aix Marseille Univerist\u00e9\" srcset=\"https:\/\/pacific-credo.fr\/wp-content\/uploads\/2025\/02\/Espasce_Yves_Mathieu_B15-scaled.webp 1641w, https:\/\/pacific-credo.fr\/wp-content\/uploads\/2025\/02\/Espasce_Yves_Mathieu_B15-768x1198.webp 768w, https:\/\/pacific-credo.fr\/wp-content\/uploads\/2025\/02\/Espasce_Yves_Mathieu_B15-985x1536.webp 985w, https:\/\/pacific-credo.fr\/wp-content\/uploads\/2025\/02\/Espasce_Yves_Mathieu_B15-1313x2048.webp 1313w, https:\/\/pacific-credo.fr\/wp-content\/uploads\/2025\/02\/Espasce_Yves_Mathieu_B15-8x12.webp 8w\" sizes=\"(max-width: 1641px) 100vw, 1641px\" \/>\t\t\t\t\t\t\t\t\t\t\t\t\t\t\t<\/div>\n\t\t\t\t<\/div>\n\t\t\t\t<div class=\"elementor-element elementor-element-08085c5 elementor-absolute elementor-widget elementor-widget-image\" data-id=\"08085c5\" data-element_type=\"widget\" data-settings=\"{&quot;_position&quot;:&quot;absolute&quot;}\" data-widget_type=\"image.default\">\n\t\t\t\t<div class=\"elementor-widget-container\">\n\t\t\t\t\t\t\t\t\t\t\t\t\t\t\t<img decoding=\"async\" width=\"1920\" height=\"2560\" src=\"https:\/\/pacific-credo.fr\/wp-content\/uploads\/2025\/02\/Saint-Charles_Bat15-scaled.webp\" class=\"attachment-large size-large wp-image-10131\" alt=\"Entr\u00e9e du b\u00e2timent 15, espace Yves Mathieu sur le campus Saint-Charles d&#039;AIx-Marseille Universit\u00e9\" srcset=\"https:\/\/pacific-credo.fr\/wp-content\/uploads\/2025\/02\/Saint-Charles_Bat15-scaled.webp 1920w, https:\/\/pacific-credo.fr\/wp-content\/uploads\/2025\/02\/Saint-Charles_Bat15-768x1024.webp 768w, https:\/\/pacific-credo.fr\/wp-content\/uploads\/2025\/02\/Saint-Charles_Bat15-1152x1536.webp 1152w, https:\/\/pacific-credo.fr\/wp-content\/uploads\/2025\/02\/Saint-Charles_Bat15-1536x2048.webp 1536w, https:\/\/pacific-credo.fr\/wp-content\/uploads\/2025\/02\/Saint-Charles_Bat15-9x12.webp 9w\" sizes=\"(max-width: 1920px) 100vw, 1920px\" \/>\t\t\t\t\t\t\t\t\t\t\t\t\t\t\t<\/div>\n\t\t\t\t<\/div>\n\t\t\t\t<\/div>\n\t\t<div class=\"elementor-element elementor-element-a1b9566 e-con-full e-flex e-con e-child\" data-id=\"a1b9566\" data-element_type=\"container\">\n\t\t\t\t<div class=\"elementor-element elementor-element-0f7412c elementor-widget elementor-widget-text-editor\" data-id=\"0f7412c\" data-element_type=\"widget\" data-widget_type=\"text-editor.default\">\n\t\t\t\t<div class=\"elementor-widget-container\">\n\t\t\t\t\t\t\t\t\t<p>From its very first year, the researchers of <strong>CREDO<\/strong> researchers wanted to form a partnership with the University of Provence, now known as <strong><span style=\"text-decoration: underline;\"><a href=\"http:\/\/www.univ-amu.fr\/\" target=\"_blank\" rel=\"noopener\">Aix-Marseille University<\/a><\/span><\/strong>) to provide teaching as part of the bachelor's\/master's and postgraduate courses in the Anthropology department.<\/p><p>To make this association with the University of Provence effective, it was proposed to transform the bipartite UMR into a tripartite UMR, which came into effect on 1 January 1996.<\/p><p>\u00a0<\/p><p>In March 1999, <strong>CREDO<\/strong> has left its temporary premises at the EHESS (Vieille Charit\u00e9) to move to the <span style=\"text-decoration: underline;\"><a href=\"https:\/\/pacific-credo.fr\/en\/le-credo\/contact-et-accueil\/\"><strong>Saint-Charles campus<\/strong><\/a><\/span> University of Provence (Aix-Marseille University since 2012).<\/p><p>Alongside,<a href=\"https:\/\/irasia.cnrs.fr\/\">IrAsia<\/a> (UMR 7306) and a UAR (Support and Research Unit) dedicated to the documentation and promotion of research via the audiovisual service, <a href=\"http:\/\/maison-asie-pacifique.fr\"><span style=\"text-decoration: underline;\"><strong>la Maison Asie-Pacifique<\/strong> <\/span><\/a>(UAR MAP), <strong>CREDO<\/strong> is one of the three components of the Maison Asie-Pacifique.<\/p><p>\u00a0<\/p><p>The<strong> <a href=\"\/en\/recherche\/\"><span style=\"text-decoration: underline;\">research<\/span><\/a> <\/strong>of <strong>CREDO<\/strong> focuses contemporary developments in the societies of Australia, Melanesia, Micronesia and Polynesia and their relations with the Austronesian world.<\/p><p>The research is predominantly anthropological, but also includes contributions from archaeology, history, linguistics, political science, museology, ethnomusicology and multimedia.<\/p>\t\t\t\t\t\t\t\t<\/div>\n\t\t\t\t<\/div>\n\t\t\t\t<\/div>\n\t\t\t\t\t<\/div>\n\t\t\t\t<\/div>\n\t\t<div class=\"elementor-element elementor-element-d266286 e-flex e-con-boxed e-con e-parent\" data-id=\"d266286\" data-element_type=\"container\">\n\t\t\t\t\t<div class=\"e-con-inner\">\n\t\t\t\t<div class=\"elementor-element elementor-element-275709b animated-fast elementor-invisible elementor-widget elementor-widget-heading\" data-id=\"275709b\" data-element_type=\"widget\" data-settings=\"{&quot;_animation&quot;:&quot;fadeInUp&quot;}\" data-widget_type=\"heading.default\">\n\t\t\t\t<div class=\"elementor-widget-container\">\n\t\t\t\t\t<h2 class=\"elementor-heading-title elementor-size-default\">The laboratory has set up three areas of activity<\/h2>\t\t\t\t<\/div>\n\t\t\t\t<\/div>\n\t\t<div class=\"elementor-element elementor-element-8cf905f e-con-full e-flex e-con e-child\" data-id=\"8cf905f\" data-element_type=\"container\">\n\t\t<div class=\"elementor-element elementor-element-51561aa e-con-full e-flex e-con e-child\" data-id=\"51561aa\" data-element_type=\"container\" data-settings=\"{&quot;background_background&quot;:&quot;classic&quot;}\">\n\t\t\t\t<div class=\"elementor-element elementor-element-1226752 elementor-widget elementor-widget-heading\" data-id=\"1226752\" data-element_type=\"widget\" data-widget_type=\"heading.default\">\n\t\t\t\t<div class=\"elementor-widget-container\">\n\t\t\t\t\t<h4 class=\"elementor-heading-title elementor-size-default\">Research activities<\/h4>\t\t\t\t<\/div>\n\t\t\t\t<\/div>\n\t\t\t\t<div class=\"elementor-element elementor-element-387e18f elementor-widget elementor-widget-text-editor\" data-id=\"387e18f\" data-element_type=\"widget\" data-widget_type=\"text-editor.default\">\n\t\t\t\t<div class=\"elementor-widget-container\">\n\t\t\t\t\t\t\t\t\t<p>\u00a0in anthropology, history, ethno-archaeology and linguistics focused on Oceania (Australia, Melanesia, Micronesia, Polynesia).\u00a0<\/p>\t\t\t\t\t\t\t\t<\/div>\n\t\t\t\t<\/div>\n\t\t\t\t<div class=\"elementor-element elementor-element-483116c elementor-align-center elementor-mobile-align-left elementor-widget elementor-widget-button\" data-id=\"483116c\" data-element_type=\"widget\" data-widget_type=\"button.default\">\n\t\t\t\t<div class=\"elementor-widget-container\">\n\t\t\t\t\t\t\t\t\t<div class=\"elementor-button-wrapper\">\n\t\t\t\t\t<a class=\"elementor-button elementor-button-link elementor-size-sm elementor-animation-shrink\" href=\"https:\/\/pacific-credo.fr\/en\/recherche\/\">\n\t\t\t\t\t\t<span class=\"elementor-button-content-wrapper\">\n\t\t\t\t\t\t<span class=\"elementor-button-icon\">\n\t\t\t\t<svg aria-hidden=\"true\" class=\"e-font-icon-svg e-fas-arrow-right\" viewbox=\"0 0 448 512\" xmlns=\"http:\/\/www.w3.org\/2000\/svg\"><path d=\"M190.5 66.9l22.2-22.2c9.4-9.4 24.6-9.4 33.9 0L441 239c9.4 9.4 9.4 24.6 0 33.9L246.6 467.3c-9.4 9.4-24.6 9.4-33.9 0l-22.2-22.2c-9.5-9.5-9.3-25 .4-34.3L311.4 296H24c-13.3 0-24-10.7-24-24v-32c0-13.3 10.7-24 24-24h287.4L190.9 101.2c-9.8-9.3-10-24.8-.4-34.3z\"><\/path><\/svg>\t\t\t<\/span>\n\t\t\t\t\t\t\t\t\t<span class=\"elementor-button-text\">For further information<\/span>\n\t\t\t\t\t<\/span>\n\t\t\t\t\t<\/a>\n\t\t\t\t<\/div>\n\t\t\t\t\t\t\t\t<\/div>\n\t\t\t\t<\/div>\n\t\t\t\t<\/div>\n\t\t<div class=\"elementor-element elementor-element-8886edf e-con-full e-flex e-con e-child\" data-id=\"8886edf\" data-element_type=\"container\" data-settings=\"{&quot;background_background&quot;:&quot;classic&quot;}\">\n\t\t\t\t<div class=\"elementor-element elementor-element-ce53601 elementor-widget elementor-widget-heading\" data-id=\"ce53601\" data-element_type=\"widget\" data-widget_type=\"heading.default\">\n\t\t\t\t<div class=\"elementor-widget-container\">\n\t\t\t\t\t<h4 class=\"elementor-heading-title elementor-size-default\">Lessons<\/h4>\t\t\t\t<\/div>\n\t\t\t\t<\/div>\n\t\t\t\t<div class=\"elementor-element elementor-element-ed6a8f5 elementor-widget elementor-widget-text-editor\" data-id=\"ed6a8f5\" data-element_type=\"widget\" data-widget_type=\"text-editor.default\">\n\t\t\t\t<div class=\"elementor-widget-container\">\n\t\t\t\t\t\t\t\t\t<p>\u00a0taught in the Anthropology Department of Aix-Marseille University (undergraduate and postgraduate) and in the Masters and doctoral courses at EHESS.\u00a0<\/p>\t\t\t\t\t\t\t\t<\/div>\n\t\t\t\t<\/div>\n\t\t\t\t<div class=\"elementor-element elementor-element-5b0a8ef elementor-align-center elementor-mobile-align-left elementor-widget elementor-widget-button\" data-id=\"5b0a8ef\" data-element_type=\"widget\" data-widget_type=\"button.default\">\n\t\t\t\t<div class=\"elementor-widget-container\">\n\t\t\t\t\t\t\t\t\t<div class=\"elementor-button-wrapper\">\n\t\t\t\t\t<a class=\"elementor-button elementor-button-link elementor-size-sm elementor-animation-shrink\" href=\"https:\/\/pacific-credo.fr\/en\/enseignement\/\">\n\t\t\t\t\t\t<span class=\"elementor-button-content-wrapper\">\n\t\t\t\t\t\t<span class=\"elementor-button-icon\">\n\t\t\t\t<svg aria-hidden=\"true\" class=\"e-font-icon-svg e-fas-arrow-right\" viewbox=\"0 0 448 512\" xmlns=\"http:\/\/www.w3.org\/2000\/svg\"><path d=\"M190.5 66.9l22.2-22.2c9.4-9.4 24.6-9.4 33.9 0L441 239c9.4 9.4 9.4 24.6 0 33.9L246.6 467.3c-9.4 9.4-24.6 9.4-33.9 0l-22.2-22.2c-9.5-9.5-9.3-25 .4-34.3L311.4 296H24c-13.3 0-24-10.7-24-24v-32c0-13.3 10.7-24 24-24h287.4L190.9 101.2c-9.8-9.3-10-24.8-.4-34.3z\"><\/path><\/svg>\t\t\t<\/span>\n\t\t\t\t\t\t\t\t\t<span class=\"elementor-button-text\">For further information<\/span>\n\t\t\t\t\t<\/span>\n\t\t\t\t\t<\/a>\n\t\t\t\t<\/div>\n\t\t\t\t\t\t\t\t<\/div>\n\t\t\t\t<\/div>\n\t\t\t\t<\/div>\n\t\t<div class=\"elementor-element elementor-element-d8fc3ad e-con-full e-flex e-con e-child\" data-id=\"d8fc3ad\" data-element_type=\"container\" data-settings=\"{&quot;background_background&quot;:&quot;classic&quot;}\">\n\t\t\t\t<div class=\"elementor-element elementor-element-fd8edaf elementor-widget elementor-widget-heading\" data-id=\"fd8edaf\" data-element_type=\"widget\" data-widget_type=\"heading.default\">\n\t\t\t\t<div class=\"elementor-widget-container\">\n\t\t\t\t\t<h4 class=\"elementor-heading-title elementor-size-default\">Documentation<\/h4>\t\t\t\t<\/div>\n\t\t\t\t<\/div>\n\t\t\t\t<div class=\"elementor-element elementor-element-83098f4 elementor-widget elementor-widget-text-editor\" data-id=\"83098f4\" data-element_type=\"widget\" data-widget_type=\"text-editor.default\">\n\t\t\t\t<div class=\"elementor-widget-container\">\n\t\t\t\t\t\t\t\t\t<p>of Oceanian societies.<\/p>\t\t\t\t\t\t\t\t<\/div>\n\t\t\t\t<\/div>\n\t\t\t\t<div class=\"elementor-element elementor-element-f622bd1 elementor-align-center elementor-mobile-align-left elementor-widget elementor-widget-button\" data-id=\"f622bd1\" data-element_type=\"widget\" data-widget_type=\"button.default\">\n\t\t\t\t<div class=\"elementor-widget-container\">\n\t\t\t\t\t\t\t\t\t<div class=\"elementor-button-wrapper\">\n\t\t\t\t\t<a class=\"elementor-button elementor-button-link elementor-size-sm elementor-animation-shrink\" href=\"https:\/\/pacific-credo.fr\/en\/documentation-et-archives\/\">\n\t\t\t\t\t\t<span class=\"elementor-button-content-wrapper\">\n\t\t\t\t\t\t<span class=\"elementor-button-icon\">\n\t\t\t\t<svg aria-hidden=\"true\" class=\"e-font-icon-svg e-fas-arrow-right\" viewbox=\"0 0 448 512\" xmlns=\"http:\/\/www.w3.org\/2000\/svg\"><path d=\"M190.5 66.9l22.2-22.2c9.4-9.4 24.6-9.4 33.9 0L441 239c9.4 9.4 9.4 24.6 0 33.9L246.6 467.3c-9.4 9.4-24.6 9.4-33.9 0l-22.2-22.2c-9.5-9.5-9.3-25 .4-34.3L311.4 296H24c-13.3 0-24-10.7-24-24v-32c0-13.3 10.7-24 24-24h287.4L190.9 101.2c-9.8-9.3-10-24.8-.4-34.3z\"><\/path><\/svg>\t\t\t<\/span>\n\t\t\t\t\t\t\t\t\t<span class=\"elementor-button-text\">For further information<\/span>\n\t\t\t\t\t<\/span>\n\t\t\t\t\t<\/a>\n\t\t\t\t<\/div>\n\t\t\t\t\t\t\t\t<\/div>\n\t\t\t\t<\/div>\n\t\t\t\t<\/div>\n\t\t\t\t<\/div>\n\t\t\t\t\t<\/div>\n\t\t\t\t<\/div>\n\t\t\t\t<\/div>","protected":false},"excerpt":{"rendered":"<p>Historique du Credo\u200b Le Centre de recherche et de documentation sur l&rsquo;Oc\u00e9anie (CREDO, UMR 7308) a \u00e9t\u00e9 cr\u00e9\u00e9 en janvier 1995 sous la forme d&rsquo;une Unit\u00e9 Mixte de Recherche (UMR) du CNRS et de l&rsquo;EHESS. D\u00e8s la premi\u00e8re ann\u00e9e de son existence, les chercheurs du CREDO ont voulu s&rsquo;associer avec l&rsquo;Universit\u00e9 de Provence (aujourd&rsquo;hui Aix-Marseille [&hellip;]<\/p>","protected":false},"author":1,"featured_media":0,"parent":7790,"menu_order":0,"comment_status":"closed","ping_status":"closed","template":"","meta":{"_acf_changed":false,"footnotes":""},"class_list":["post-7913","page","type-page","status-publish","hentry"],"acf":[],"yoast_head":"<!-- This site is optimized with the Yoast SEO plugin v26.6 - https:\/\/yoast.com\/wordpress\/plugins\/seo\/ -->\n<title>Pr\u00e9sentation - Credo<\/title>\n<meta name=\"robots\" content=\"index, follow, max-snippet:-1, max-image-preview:large, max-video-preview:-1\" \/>\n<link rel=\"canonical\" href=\"https:\/\/pacific-credo.fr\/en\/le-credo\/presentation\/\" \/>\n<meta property=\"og:locale\" content=\"en_US\" \/>\n<meta property=\"og:type\" content=\"article\" \/>\n<meta property=\"og:title\" content=\"Pr\u00e9sentation - Credo\" \/>\n<meta property=\"og:description\" content=\"Historique du Credo\u200b Le Centre de recherche et de documentation sur l&rsquo;Oc\u00e9anie (CREDO, UMR 7308) a \u00e9t\u00e9 cr\u00e9\u00e9 en janvier 1995 sous la forme d&rsquo;une Unit\u00e9 Mixte de Recherche (UMR) du CNRS et de l&rsquo;EHESS. D\u00e8s la premi\u00e8re ann\u00e9e de son existence, les chercheurs du CREDO ont voulu s&rsquo;associer avec l&rsquo;Universit\u00e9 de Provence (aujourd&rsquo;hui Aix-Marseille [&hellip;]\" \/>\n<meta property=\"og:url\" content=\"https:\/\/pacific-credo.fr\/en\/le-credo\/presentation\/\" \/>\n<meta property=\"og:site_name\" content=\"Credo\" \/>\n<meta property=\"article:publisher\" content=\"https:\/\/www.facebook.com\/people\/CREDO-Centre-de-Recherche-et-de-Documentation-sur-lOcanie\/100087147725332\/\" \/>\n<meta property=\"article:modified_time\" content=\"2025-03-25T14:32:28+00:00\" \/>\n<meta property=\"og:image\" content=\"https:\/\/pacific-credo.fr\/wp-content\/uploads\/2025\/02\/Espasce_Yves_Mathieu_B15-scaled.webp\" \/>\n\t<meta property=\"og:image:width\" content=\"1641\" \/>\n\t<meta property=\"og:image:height\" content=\"2560\" \/>\n\t<meta property=\"og:image:type\" content=\"image\/webp\" \/>\n<meta name=\"twitter:card\" content=\"summary_large_image\" \/>\n<meta name=\"twitter:label1\" content=\"Est. reading time\" \/>\n\t<meta name=\"twitter:data1\" content=\"2 minutes\" \/>\n<script type=\"application\/ld+json\" class=\"yoast-schema-graph\">{\"@context\":\"https:\/\/schema.org\",\"@graph\":[{\"@type\":\"WebPage\",\"@id\":\"https:\/\/pacific-credo.fr\/le-credo\/presentation\/\",\"url\":\"https:\/\/pacific-credo.fr\/le-credo\/presentation\/\",\"name\":\"Pr\u00e9sentation - Credo\",\"isPartOf\":{\"@id\":\"https:\/\/pacific-credo.fr\/en\/#website\"},\"primaryImageOfPage\":{\"@id\":\"https:\/\/pacific-credo.fr\/le-credo\/presentation\/#primaryimage\"},\"image\":{\"@id\":\"https:\/\/pacific-credo.fr\/le-credo\/presentation\/#primaryimage\"},\"thumbnailUrl\":\"https:\/\/pacific-credo.fr\/wp-content\/uploads\/2025\/02\/Espasce_Yves_Mathieu_B15-scaled.webp\",\"datePublished\":\"2024-07-31T14:06:03+00:00\",\"dateModified\":\"2025-03-25T14:32:28+00:00\",\"breadcrumb\":{\"@id\":\"https:\/\/pacific-credo.fr\/le-credo\/presentation\/#breadcrumb\"},\"inLanguage\":\"en-US\",\"potentialAction\":[{\"@type\":\"ReadAction\",\"target\":[\"https:\/\/pacific-credo.fr\/le-credo\/presentation\/\"]}]},{\"@type\":\"ImageObject\",\"inLanguage\":\"en-US\",\"@id\":\"https:\/\/pacific-credo.fr\/le-credo\/presentation\/#primaryimage\",\"url\":\"https:\/\/pacific-credo.fr\/wp-content\/uploads\/2025\/02\/Espasce_Yves_Mathieu_B15-scaled.webp\",\"contentUrl\":\"https:\/\/pacific-credo.fr\/wp-content\/uploads\/2025\/02\/Espasce_Yves_Mathieu_B15-scaled.webp\"},{\"@type\":\"BreadcrumbList\",\"@id\":\"https:\/\/pacific-credo.fr\/le-credo\/presentation\/#breadcrumb\",\"itemListElement\":[{\"@type\":\"ListItem\",\"position\":1,\"name\":\"Accueil\",\"item\":\"https:\/\/pacific-credo.fr\/\"},{\"@type\":\"ListItem\",\"position\":2,\"name\":\"Le CREDO\",\"item\":\"https:\/\/pacific-credo.fr\/le-credo\/\"},{\"@type\":\"ListItem\",\"position\":3,\"name\":\"Pr\u00e9sentation\"}]},{\"@type\":\"WebSite\",\"@id\":\"https:\/\/pacific-credo.fr\/en\/#website\",\"url\":\"https:\/\/pacific-credo.fr\/en\/\",\"name\":\"Credo\",\"description\":\"\",\"publisher\":{\"@id\":\"https:\/\/pacific-credo.fr\/en\/#organization\"},\"potentialAction\":[{\"@type\":\"SearchAction\",\"target\":{\"@type\":\"EntryPoint\",\"urlTemplate\":\"https:\/\/pacific-credo.fr\/en\/?s={search_term_string}\"},\"query-input\":{\"@type\":\"PropertyValueSpecification\",\"valueRequired\":true,\"valueName\":\"search_term_string\"}}],\"inLanguage\":\"en-US\"},{\"@type\":\"Organization\",\"@id\":\"https:\/\/pacific-credo.fr\/en\/#organization\",\"name\":\"Credo\",\"url\":\"https:\/\/pacific-credo.fr\/en\/\",\"logo\":{\"@type\":\"ImageObject\",\"inLanguage\":\"en-US\",\"@id\":\"https:\/\/pacific-credo.fr\/en\/#\/schema\/logo\/image\/\",\"url\":\"https:\/\/pacific-credo.fr\/wp-content\/uploads\/2024\/07\/\u00aeCREDO.webp\",\"contentUrl\":\"https:\/\/pacific-credo.fr\/wp-content\/uploads\/2024\/07\/\u00aeCREDO.webp\",\"width\":637,\"height\":591,\"caption\":\"Credo\"},\"image\":{\"@id\":\"https:\/\/pacific-credo.fr\/en\/#\/schema\/logo\/image\/\"},\"sameAs\":[\"https:\/\/www.facebook.com\/people\/CREDO-Centre-de-Recherche-et-de-Documentation-sur-lOcanie\/100087147725332\/\",\"https:\/\/www.linkedin.com\/company\/credo-centre-de-recherche-et-de-documentation-sur-l-ocanie\/about\/?viewAsMember=true\"]}]}<\/script>\n<!-- \/ Yoast SEO plugin. -->","yoast_head_json":{"title":"Pr\u00e9sentation - Credo","robots":{"index":"index","follow":"follow","max-snippet":"max-snippet:-1","max-image-preview":"max-image-preview:large","max-video-preview":"max-video-preview:-1"},"canonical":"https:\/\/pacific-credo.fr\/en\/le-credo\/presentation\/","og_locale":"en_US","og_type":"article","og_title":"Pr\u00e9sentation - Credo","og_description":"Historique du Credo\u200b Le Centre de recherche et de documentation sur l&rsquo;Oc\u00e9anie (CREDO, UMR 7308) a \u00e9t\u00e9 cr\u00e9\u00e9 en janvier 1995 sous la forme d&rsquo;une Unit\u00e9 Mixte de Recherche (UMR) du CNRS et de l&rsquo;EHESS. D\u00e8s la premi\u00e8re ann\u00e9e de son existence, les chercheurs du CREDO ont voulu s&rsquo;associer avec l&rsquo;Universit\u00e9 de Provence (aujourd&rsquo;hui Aix-Marseille [&hellip;]","og_url":"https:\/\/pacific-credo.fr\/en\/le-credo\/presentation\/","og_site_name":"Credo","article_publisher":"https:\/\/www.facebook.com\/people\/CREDO-Centre-de-Recherche-et-de-Documentation-sur-lOcanie\/100087147725332\/","article_modified_time":"2025-03-25T14:32:28+00:00","og_image":[{"width":1641,"height":2560,"url":"https:\/\/pacific-credo.fr\/wp-content\/uploads\/2025\/02\/Espasce_Yves_Mathieu_B15-scaled.webp","type":"image\/webp"}],"twitter_card":"summary_large_image","twitter_misc":{"Est. reading time":"2 minutes"},"schema":{"@context":"https:\/\/schema.org","@graph":[{"@type":"WebPage","@id":"https:\/\/pacific-credo.fr\/le-credo\/presentation\/","url":"https:\/\/pacific-credo.fr\/le-credo\/presentation\/","name":"Pr\u00e9sentation - Credo","isPartOf":{"@id":"https:\/\/pacific-credo.fr\/en\/#website"},"primaryImageOfPage":{"@id":"https:\/\/pacific-credo.fr\/le-credo\/presentation\/#primaryimage"},"image":{"@id":"https:\/\/pacific-credo.fr\/le-credo\/presentation\/#primaryimage"},"thumbnailUrl":"https:\/\/pacific-credo.fr\/wp-content\/uploads\/2025\/02\/Espasce_Yves_Mathieu_B15-scaled.webp","datePublished":"2024-07-31T14:06:03+00:00","dateModified":"2025-03-25T14:32:28+00:00","breadcrumb":{"@id":"https:\/\/pacific-credo.fr\/le-credo\/presentation\/#breadcrumb"},"inLanguage":"en-US","potentialAction":[{"@type":"ReadAction","target":["https:\/\/pacific-credo.fr\/le-credo\/presentation\/"]}]},{"@type":"ImageObject","inLanguage":"en-US","@id":"https:\/\/pacific-credo.fr\/le-credo\/presentation\/#primaryimage","url":"https:\/\/pacific-credo.fr\/wp-content\/uploads\/2025\/02\/Espasce_Yves_Mathieu_B15-scaled.webp","contentUrl":"https:\/\/pacific-credo.fr\/wp-content\/uploads\/2025\/02\/Espasce_Yves_Mathieu_B15-scaled.webp"},{"@type":"BreadcrumbList","@id":"https:\/\/pacific-credo.fr\/le-credo\/presentation\/#breadcrumb","itemListElement":[{"@type":"ListItem","position":1,"name":"Accueil","item":"https:\/\/pacific-credo.fr\/"},{"@type":"ListItem","position":2,"name":"Le CREDO","item":"https:\/\/pacific-credo.fr\/le-credo\/"},{"@type":"ListItem","position":3,"name":"Pr\u00e9sentation"}]},{"@type":"WebSite","@id":"https:\/\/pacific-credo.fr\/en\/#website","url":"https:\/\/pacific-credo.fr\/en\/","name":"Credo","description":"","publisher":{"@id":"https:\/\/pacific-credo.fr\/en\/#organization"},"potentialAction":[{"@type":"SearchAction","target":{"@type":"EntryPoint","urlTemplate":"https:\/\/pacific-credo.fr\/en\/?s={search_term_string}"},"query-input":{"@type":"PropertyValueSpecification","valueRequired":true,"valueName":"search_term_string"}}],"inLanguage":"en-US"},{"@type":"Organization","@id":"https:\/\/pacific-credo.fr\/en\/#organization","name":"Credo","url":"https:\/\/pacific-credo.fr\/en\/","logo":{"@type":"ImageObject","inLanguage":"en-US","@id":"https:\/\/pacific-credo.fr\/en\/#\/schema\/logo\/image\/","url":"https:\/\/pacific-credo.fr\/wp-content\/uploads\/2024\/07\/\u00aeCREDO.webp","contentUrl":"https:\/\/pacific-credo.fr\/wp-content\/uploads\/2024\/07\/\u00aeCREDO.webp","width":637,"height":591,"caption":"Credo"},"image":{"@id":"https:\/\/pacific-credo.fr\/en\/#\/schema\/logo\/image\/"},"sameAs":["https:\/\/www.facebook.com\/people\/CREDO-Centre-de-Recherche-et-de-Documentation-sur-lOcanie\/100087147725332\/","https:\/\/www.linkedin.com\/company\/credo-centre-de-recherche-et-de-documentation-sur-l-ocanie\/about\/?viewAsMember=true"]}]}},"_links":{"self":[{"href":"https:\/\/pacific-credo.fr\/en\/wp-json\/wp\/v2\/pages\/7913","targetHints":{"allow":["GET"]}}],"collection":[{"href":"https:\/\/pacific-credo.fr\/en\/wp-json\/wp\/v2\/pages"}],"about":[{"href":"https:\/\/pacific-credo.fr\/en\/wp-json\/wp\/v2\/types\/page"}],"author":[{"embeddable":true,"href":"https:\/\/pacific-credo.fr\/en\/wp-json\/wp\/v2\/users\/1"}],"replies":[{"embeddable":true,"href":"https:\/\/pacific-credo.fr\/en\/wp-json\/wp\/v2\/comments?post=7913"}],"version-history":[{"count":0,"href":"https:\/\/pacific-credo.fr\/en\/wp-json\/wp\/v2\/pages\/7913\/revisions"}],"up":[{"embeddable":true,"href":"https:\/\/pacific-credo.fr\/en\/wp-json\/wp\/v2\/pages\/7790"}],"wp:attachment":[{"href":"https:\/\/pacific-credo.fr\/en\/wp-json\/wp\/v2\/media?parent=7913"}],"curies":[{"name":"wp","href":"https:\/\/api.w.org\/{rel}","templated":true}]}}