{"id":17337,"date":"2026-02-03T16:37:14","date_gmt":"2026-02-03T15:37:14","guid":{"rendered":"https:\/\/pacific-credo.fr\/?page_id=17337"},"modified":"2026-03-31T11:32:13","modified_gmt":"2026-03-31T09:32:13","slug":"le-seminaire-du-credo","status":"publish","type":"page","link":"https:\/\/pacific-credo.fr\/en\/les-seminaires\/le-seminaire-du-credo\/","title":{"rendered":"CREDO seminar series"},"content":{"rendered":"<div data-elementor-type=\"wp-page\" data-elementor-id=\"17337\" class=\"elementor elementor-17337\" data-elementor-post-type=\"page\">\n\t\t\t\t<div class=\"elementor-element elementor-element-548f562 e-con-full e-flex e-con e-parent\" data-id=\"548f562\" data-element_type=\"container\" data-settings=\"{&quot;background_background&quot;:&quot;classic&quot;}\">\n\t\t\t\t<div class=\"elementor-element elementor-element-3e6a7ec elementor-widget elementor-widget-heading\" data-id=\"3e6a7ec\" data-element_type=\"widget\" data-widget_type=\"heading.default\">\n\t\t\t\t<div class=\"elementor-widget-container\">\n\t\t\t\t\t<h1 class=\"elementor-heading-title elementor-size-default\">CREDO seminar series<\/h1>\t\t\t\t<\/div>\n\t\t\t\t<\/div>\n\t\t\t\t<\/div>\n\t\t<div class=\"elementor-element elementor-element-316fad9 e-grid e-con-boxed e-con e-parent\" data-id=\"316fad9\" data-element_type=\"container\">\n\t\t\t\t\t<div class=\"e-con-inner\">\n\t\t\t\t\t<\/div>\n\t\t\t\t<\/div>\n\t\t<div class=\"elementor-element elementor-element-6e94832 e-flex e-con-boxed e-con e-parent\" data-id=\"6e94832\" data-element_type=\"container\">\n\t\t\t\t\t<div class=\"e-con-inner\">\n\t\t<div class=\"elementor-element elementor-element-708ae86 e-con-full e-flex e-con e-child\" data-id=\"708ae86\" data-element_type=\"container\">\n\t\t\t\t<div class=\"elementor-element elementor-element-c076c9b elementor-widget elementor-widget-heading\" data-id=\"c076c9b\" data-element_type=\"widget\" data-widget_type=\"heading.default\">\n\t\t\t\t<div class=\"elementor-widget-container\">\n\t\t\t\t\t<h6 class=\"elementor-heading-title elementor-size-default\">In personn and videoconferencing seminar<\/h6>\t\t\t\t<\/div>\n\t\t\t\t<\/div>\n\t\t\t\t<div class=\"elementor-element elementor-element-6cf131b animated-fast elementor-invisible elementor-widget elementor-widget-heading\" data-id=\"6cf131b\" data-element_type=\"widget\" data-settings=\"{&quot;_animation&quot;:&quot;fadeInUp&quot;}\" data-widget_type=\"heading.default\">\n\t\t\t\t<div class=\"elementor-widget-container\">\n\t\t\t\t\t<h3 class=\"elementor-heading-title elementor-size-default\">    Research news from Oceania<\/h3>\t\t\t\t<\/div>\n\t\t\t\t<\/div>\n\t\t\t\t<div class=\"elementor-element elementor-element-fcb63aa elementor-widget elementor-widget-image\" data-id=\"fcb63aa\" data-element_type=\"widget\" data-widget_type=\"image.default\">\n\t\t\t\t<div class=\"elementor-widget-container\">\n\t\t\t\t\t\t\t\t\t\t\t\t\t\t\t<img fetchpriority=\"high\" decoding=\"async\" width=\"360\" height=\"201\" src=\"https:\/\/pacific-credo.fr\/wp-content\/uploads\/2025\/01\/seminaire2-e1738763343118.webp\" class=\"attachment-resonance_portfolio size-resonance_portfolio wp-image-9381\" alt=\"Le s\u00e9minaire du CREDO\" srcset=\"https:\/\/pacific-credo.fr\/wp-content\/uploads\/2025\/01\/seminaire2-e1738763343118.webp 360w, https:\/\/pacific-credo.fr\/wp-content\/uploads\/2025\/01\/seminaire2-e1738763343118-18x10.webp 18w\" sizes=\"(max-width: 360px) 100vw, 360px\" \/>\t\t\t\t\t\t\t\t\t\t\t\t\t\t\t<\/div>\n\t\t\t\t<\/div>\n\t\t\t\t<\/div>\n\t\t\t\t<div class=\"elementor-element elementor-element-8d9daca elementor-widget__width-initial elementor-widget-mobile__width-inherit elementor-widget elementor-widget-text-editor\" data-id=\"8d9daca\" data-element_type=\"widget\" data-widget_type=\"text-editor.default\">\n\t\t\t\t<div class=\"elementor-widget-container\">\n\t\t\t\t\t\t\t\t\t<h5><strong>To attend the seminar<\/strong><\/h5><p><strong>In person<\/strong><br \/>Free access without registration for staff and students of the Saint-Charles site.<br \/>Les personnes ext\u00e9rieures au site et\/ou ne disposant pas de carte Aix-Marseille Universit\u00e9 du site Saint-Charles doivent s\u2019inscrire au plus tard 72h avant la s\u00e9ance pour obtenir une autorisation d\u2019acc\u00e8s.<\/p><p>\u00a0<\/p><p><strong>By videoconference<\/strong><\/p><p style=\"text-align: left;\"><span style=\"text-decoration: underline;\">Lien principal :<\/span>\u00a0<span style=\"text-decoration: underline; color: #33cccc;\"><a style=\"color: #33cccc; text-decoration: underline;\" href=\"https:\/\/rendez-vous.renater.fr\/lobby_private\/Seminaire_du_CREDO__k3mijwawt9jb_ad0bcb-8898b1-b83620\" target=\"_blank\" rel=\"noopener\">https:\/\/rendez-vous.renater.fr\/lobby_private\/Seminaire_du_CREDO__k3mijwawt9jb_ad0bcb-8898b1-b83620<\/a><\/span><\/p><p>\u00a0<\/p><p style=\"text-align: left;\"><span style=\"text-decoration: underline;\">Acc\u00e8s t\u00e9l\u00e9phonique :<\/span><br \/>Code de la conf\u00e9rence : 1800494448<br \/>Tel : 09 88 83 00 10<br \/>Depuis un mobile : tel:0988830010,,1800494448#<\/p><p>\u00a0<\/p><p><strong>Co-hosts<\/strong><\/p><p>Lorenzo Brutti, Marc Tabani<\/p><p>\u00a0<\/p><p><strong>Day and time<\/strong><\/p><p>On Friday from 10am to 12:30pm<\/p><p>\u00a0<\/p><p><strong>Location<\/strong><\/p><p>Campus St Ch\u00e2rles, Universit\u00e9 d\u2019Aix-Marseille<\/p><p>3 Place Victor Hugo, 13003 Marseille<\/p><p>B\u00e2timent 15 \u2013 Espace Yves Mathieu<\/p>\t\t\t\t\t\t\t\t<\/div>\n\t\t\t\t<\/div>\n\t\t\t\t\t<\/div>\n\t\t\t\t<\/div>\n\t\t<div class=\"elementor-element elementor-element-15b3504 e-flex e-con-boxed e-con e-parent\" data-id=\"15b3504\" data-element_type=\"container\">\n\t\t\t\t\t<div class=\"e-con-inner\">\n\t\t\t\t<div class=\"elementor-element elementor-element-bb588d2 elementor-widget elementor-widget-text-editor\" data-id=\"bb588d2\" data-element_type=\"widget\" data-widget_type=\"text-editor.default\">\n\t\t\t\t<div class=\"elementor-widget-container\">\n\t\t\t\t\t\t\t\t\t<h5>Qu\u2019est ce que le s\u00e9minaire du CREDO ?\u00a0<\/h5><p>The seminar provides training in research in Oceania (Australia, Melanesia, Micronesia and Polynesia) and is a forum for presenting and disseminating research in progress. It combines anthropology with other humanities and social sciences disciplines such as history, the sociology of politics, linguistics, geography and ethnoarchaeology.<\/p><h5><br \/><br \/>Comment s\u2019organise-t-il ?<\/h5><p>Compte-tenu des contextes d\u2019\u00e9change culturel et de confrontation \u00e9conomique et politique dans lesquels se trouvent les populations oc\u00e9aniennes, les th\u00e8mes du s\u00e9minaire sont abord\u00e9s dans une perspective \u00e0 la fois diachronique et r\u00e9gionale. Les intervenants sont des membres du CREDO ainsi que des invit\u00e9s fran\u00e7ais et \u00e9trangers affili\u00e9s \u00e0 des centres de recherche et des universit\u00e9s de toute l\u2019Europe, d\u2019Am\u00e9rique du Nord, d\u2019Australie et du Pacifique.<\/p>\t\t\t\t\t\t\t\t<\/div>\n\t\t\t\t<\/div>\n\t\t\t\t\t<\/div>\n\t\t\t\t<\/div>\n\t\t<div class=\"elementor-element elementor-element-8cf50d8 e-grid e-con-boxed e-con e-parent\" data-id=\"8cf50d8\" data-element_type=\"container\">\n\t\t\t\t\t<div class=\"e-con-inner\">\n\t\t\t\t<div class=\"elementor-element elementor-element-77c1467 elementor-align-center elementor-widget elementor-widget-button\" data-id=\"77c1467\" data-element_type=\"widget\" data-widget_type=\"button.default\">\n\t\t\t\t<div class=\"elementor-widget-container\">\n\t\t\t\t\t\t\t\t\t<div class=\"elementor-button-wrapper\">\n\t\t\t\t\t<a class=\"elementor-button elementor-button-link elementor-size-sm elementor-animation-wobble-vertical\" href=\"https:\/\/pacific-credo.fr\/en\/les-seminaires\/seminaire-du-credo-2025-2026\/\">\n\t\t\t\t\t\t<span class=\"elementor-button-content-wrapper\">\n\t\t\t\t\t\t\t\t\t<span class=\"elementor-button-text\">See program<\/span>\n\t\t\t\t\t<\/span>\n\t\t\t\t\t<\/a>\n\t\t\t\t<\/div>\n\t\t\t\t\t\t\t\t<\/div>\n\t\t\t\t<\/div>\n\t\t\t\t\t<\/div>\n\t\t\t\t<\/div>\n\t\t\t\t<\/div>","protected":false},"excerpt":{"rendered":"<p>S\u00e9minaire en presentiel et visioconference L&rsquo;actualit\u00e9 de la recherche en Oc\u00e9anie Pour assister au s\u00e9minaire En pr\u00e9sentiel :Acc\u00e8s libre sans inscription pour les personnels et \u00e9tudiant du site Saint-Charles.Les personnes ext\u00e9rieures au site et\/ou ne disposant pas de carte Aix-Marseille Universit\u00e9 du site Saint-Charles doivent s\u2019inscrire au plus tard 72h avant la s\u00e9ance pour obtenir [&hellip;]<\/p>","protected":false},"author":4,"featured_media":0,"parent":8009,"menu_order":0,"comment_status":"closed","ping_status":"closed","template":"page.php","meta":{"_acf_changed":false,"footnotes":""},"class_list":["post-17337","page","type-page","status-publish","hentry"],"acf":[],"yoast_head":"<!-- This site is optimized with the Yoast SEO plugin v26.6 - https:\/\/yoast.com\/wordpress\/plugins\/seo\/ -->\n<title>Le s\u00e9minaire du CREDO - Credo<\/title>\n<meta name=\"robots\" content=\"index, follow, max-snippet:-1, max-image-preview:large, max-video-preview:-1\" \/>\n<link rel=\"canonical\" href=\"https:\/\/pacific-credo.fr\/en\/les-seminaires\/le-seminaire-du-credo\/\" \/>\n<meta property=\"og:locale\" content=\"en_US\" \/>\n<meta property=\"og:type\" content=\"article\" \/>\n<meta property=\"og:title\" content=\"Le s\u00e9minaire du CREDO - Credo\" \/>\n<meta property=\"og:description\" content=\"S\u00e9minaire en presentiel et visioconference L&rsquo;actualit\u00e9 de la recherche en Oc\u00e9anie Pour assister au s\u00e9minaire En pr\u00e9sentiel :Acc\u00e8s libre sans inscription pour les personnels et \u00e9tudiant du site Saint-Charles.Les personnes ext\u00e9rieures au site et\/ou ne disposant pas de carte Aix-Marseille Universit\u00e9 du site Saint-Charles doivent s\u2019inscrire au plus tard 72h avant la s\u00e9ance pour obtenir [&hellip;]\" \/>\n<meta property=\"og:url\" content=\"https:\/\/pacific-credo.fr\/en\/les-seminaires\/le-seminaire-du-credo\/\" \/>\n<meta property=\"og:site_name\" content=\"Credo\" \/>\n<meta property=\"article:publisher\" content=\"https:\/\/www.facebook.com\/people\/CREDO-Centre-de-Recherche-et-de-Documentation-sur-lOcanie\/100087147725332\/\" \/>\n<meta property=\"article:modified_time\" content=\"2026-03-31T09:32:13+00:00\" \/>\n<meta property=\"og:image\" content=\"https:\/\/pacific-credo.fr\/wp-content\/uploads\/2025\/01\/seminaire2-e1738763343118.webp\" \/>\n\t<meta property=\"og:image:width\" content=\"360\" \/>\n\t<meta property=\"og:image:height\" content=\"201\" \/>\n\t<meta property=\"og:image:type\" content=\"image\/webp\" \/>\n<meta name=\"twitter:card\" content=\"summary_large_image\" \/>\n<meta name=\"twitter:label1\" content=\"Est. reading time\" \/>\n\t<meta name=\"twitter:data1\" content=\"2 minutes\" \/>\n<script type=\"application\/ld+json\" class=\"yoast-schema-graph\">{\"@context\":\"https:\/\/schema.org\",\"@graph\":[{\"@type\":\"WebPage\",\"@id\":\"https:\/\/pacific-credo.fr\/les-seminaires\/le-seminaire-du-credo\/\",\"url\":\"https:\/\/pacific-credo.fr\/les-seminaires\/le-seminaire-du-credo\/\",\"name\":\"Le s\u00e9minaire du CREDO - Credo\",\"isPartOf\":{\"@id\":\"https:\/\/pacific-credo.fr\/en\/#website\"},\"primaryImageOfPage\":{\"@id\":\"https:\/\/pacific-credo.fr\/les-seminaires\/le-seminaire-du-credo\/#primaryimage\"},\"image\":{\"@id\":\"https:\/\/pacific-credo.fr\/les-seminaires\/le-seminaire-du-credo\/#primaryimage\"},\"thumbnailUrl\":\"https:\/\/pacific-credo.fr\/wp-content\/uploads\/2025\/01\/seminaire2-e1738763343118.webp\",\"datePublished\":\"2026-02-03T15:37:14+00:00\",\"dateModified\":\"2026-03-31T09:32:13+00:00\",\"breadcrumb\":{\"@id\":\"https:\/\/pacific-credo.fr\/les-seminaires\/le-seminaire-du-credo\/#breadcrumb\"},\"inLanguage\":\"en-US\",\"potentialAction\":[{\"@type\":\"ReadAction\",\"target\":[\"https:\/\/pacific-credo.fr\/les-seminaires\/le-seminaire-du-credo\/\"]}]},{\"@type\":\"ImageObject\",\"inLanguage\":\"en-US\",\"@id\":\"https:\/\/pacific-credo.fr\/les-seminaires\/le-seminaire-du-credo\/#primaryimage\",\"url\":\"https:\/\/pacific-credo.fr\/wp-content\/uploads\/2025\/01\/seminaire2-e1738763343118.webp\",\"contentUrl\":\"https:\/\/pacific-credo.fr\/wp-content\/uploads\/2025\/01\/seminaire2-e1738763343118.webp\"},{\"@type\":\"BreadcrumbList\",\"@id\":\"https:\/\/pacific-credo.fr\/les-seminaires\/le-seminaire-du-credo\/#breadcrumb\",\"itemListElement\":[{\"@type\":\"ListItem\",\"position\":1,\"name\":\"Accueil\",\"item\":\"https:\/\/pacific-credo.fr\/\"},{\"@type\":\"ListItem\",\"position\":2,\"name\":\"Les s\u00e9minaires\",\"item\":\"https:\/\/pacific-credo.fr\/les-seminaires\/\"},{\"@type\":\"ListItem\",\"position\":3,\"name\":\"Le s\u00e9minaire du CREDO\"}]},{\"@type\":\"WebSite\",\"@id\":\"https:\/\/pacific-credo.fr\/en\/#website\",\"url\":\"https:\/\/pacific-credo.fr\/en\/\",\"name\":\"Credo\",\"description\":\"\",\"publisher\":{\"@id\":\"https:\/\/pacific-credo.fr\/en\/#organization\"},\"potentialAction\":[{\"@type\":\"SearchAction\",\"target\":{\"@type\":\"EntryPoint\",\"urlTemplate\":\"https:\/\/pacific-credo.fr\/en\/?s={search_term_string}\"},\"query-input\":{\"@type\":\"PropertyValueSpecification\",\"valueRequired\":true,\"valueName\":\"search_term_string\"}}],\"inLanguage\":\"en-US\"},{\"@type\":\"Organization\",\"@id\":\"https:\/\/pacific-credo.fr\/en\/#organization\",\"name\":\"Credo\",\"url\":\"https:\/\/pacific-credo.fr\/en\/\",\"logo\":{\"@type\":\"ImageObject\",\"inLanguage\":\"en-US\",\"@id\":\"https:\/\/pacific-credo.fr\/en\/#\/schema\/logo\/image\/\",\"url\":\"https:\/\/pacific-credo.fr\/wp-content\/uploads\/2024\/07\/\u00aeCREDO.webp\",\"contentUrl\":\"https:\/\/pacific-credo.fr\/wp-content\/uploads\/2024\/07\/\u00aeCREDO.webp\",\"width\":637,\"height\":591,\"caption\":\"Credo\"},\"image\":{\"@id\":\"https:\/\/pacific-credo.fr\/en\/#\/schema\/logo\/image\/\"},\"sameAs\":[\"https:\/\/www.facebook.com\/people\/CREDO-Centre-de-Recherche-et-de-Documentation-sur-lOcanie\/100087147725332\/\",\"https:\/\/www.linkedin.com\/company\/credo-centre-de-recherche-et-de-documentation-sur-l-ocanie\/about\/?viewAsMember=true\"]}]}<\/script>\n<!-- \/ Yoast SEO plugin. -->","yoast_head_json":{"title":"Le s\u00e9minaire du CREDO - Credo","robots":{"index":"index","follow":"follow","max-snippet":"max-snippet:-1","max-image-preview":"max-image-preview:large","max-video-preview":"max-video-preview:-1"},"canonical":"https:\/\/pacific-credo.fr\/en\/les-seminaires\/le-seminaire-du-credo\/","og_locale":"en_US","og_type":"article","og_title":"Le s\u00e9minaire du CREDO - Credo","og_description":"S\u00e9minaire en presentiel et visioconference L&rsquo;actualit\u00e9 de la recherche en Oc\u00e9anie Pour assister au s\u00e9minaire En pr\u00e9sentiel :Acc\u00e8s libre sans inscription pour les personnels et \u00e9tudiant du site Saint-Charles.Les personnes ext\u00e9rieures au site et\/ou ne disposant pas de carte Aix-Marseille Universit\u00e9 du site Saint-Charles doivent s\u2019inscrire au plus tard 72h avant la s\u00e9ance pour obtenir [&hellip;]","og_url":"https:\/\/pacific-credo.fr\/en\/les-seminaires\/le-seminaire-du-credo\/","og_site_name":"Credo","article_publisher":"https:\/\/www.facebook.com\/people\/CREDO-Centre-de-Recherche-et-de-Documentation-sur-lOcanie\/100087147725332\/","article_modified_time":"2026-03-31T09:32:13+00:00","og_image":[{"width":360,"height":201,"url":"https:\/\/pacific-credo.fr\/wp-content\/uploads\/2025\/01\/seminaire2-e1738763343118.webp","type":"image\/webp"}],"twitter_card":"summary_large_image","twitter_misc":{"Est. reading time":"2 minutes"},"schema":{"@context":"https:\/\/schema.org","@graph":[{"@type":"WebPage","@id":"https:\/\/pacific-credo.fr\/les-seminaires\/le-seminaire-du-credo\/","url":"https:\/\/pacific-credo.fr\/les-seminaires\/le-seminaire-du-credo\/","name":"Le s\u00e9minaire du CREDO - Credo","isPartOf":{"@id":"https:\/\/pacific-credo.fr\/en\/#website"},"primaryImageOfPage":{"@id":"https:\/\/pacific-credo.fr\/les-seminaires\/le-seminaire-du-credo\/#primaryimage"},"image":{"@id":"https:\/\/pacific-credo.fr\/les-seminaires\/le-seminaire-du-credo\/#primaryimage"},"thumbnailUrl":"https:\/\/pacific-credo.fr\/wp-content\/uploads\/2025\/01\/seminaire2-e1738763343118.webp","datePublished":"2026-02-03T15:37:14+00:00","dateModified":"2026-03-31T09:32:13+00:00","breadcrumb":{"@id":"https:\/\/pacific-credo.fr\/les-seminaires\/le-seminaire-du-credo\/#breadcrumb"},"inLanguage":"en-US","potentialAction":[{"@type":"ReadAction","target":["https:\/\/pacific-credo.fr\/les-seminaires\/le-seminaire-du-credo\/"]}]},{"@type":"ImageObject","inLanguage":"en-US","@id":"https:\/\/pacific-credo.fr\/les-seminaires\/le-seminaire-du-credo\/#primaryimage","url":"https:\/\/pacific-credo.fr\/wp-content\/uploads\/2025\/01\/seminaire2-e1738763343118.webp","contentUrl":"https:\/\/pacific-credo.fr\/wp-content\/uploads\/2025\/01\/seminaire2-e1738763343118.webp"},{"@type":"BreadcrumbList","@id":"https:\/\/pacific-credo.fr\/les-seminaires\/le-seminaire-du-credo\/#breadcrumb","itemListElement":[{"@type":"ListItem","position":1,"name":"Accueil","item":"https:\/\/pacific-credo.fr\/"},{"@type":"ListItem","position":2,"name":"Les s\u00e9minaires","item":"https:\/\/pacific-credo.fr\/les-seminaires\/"},{"@type":"ListItem","position":3,"name":"Le s\u00e9minaire du CREDO"}]},{"@type":"WebSite","@id":"https:\/\/pacific-credo.fr\/en\/#website","url":"https:\/\/pacific-credo.fr\/en\/","name":"Credo","description":"","publisher":{"@id":"https:\/\/pacific-credo.fr\/en\/#organization"},"potentialAction":[{"@type":"SearchAction","target":{"@type":"EntryPoint","urlTemplate":"https:\/\/pacific-credo.fr\/en\/?s={search_term_string}"},"query-input":{"@type":"PropertyValueSpecification","valueRequired":true,"valueName":"search_term_string"}}],"inLanguage":"en-US"},{"@type":"Organization","@id":"https:\/\/pacific-credo.fr\/en\/#organization","name":"Credo","url":"https:\/\/pacific-credo.fr\/en\/","logo":{"@type":"ImageObject","inLanguage":"en-US","@id":"https:\/\/pacific-credo.fr\/en\/#\/schema\/logo\/image\/","url":"https:\/\/pacific-credo.fr\/wp-content\/uploads\/2024\/07\/\u00aeCREDO.webp","contentUrl":"https:\/\/pacific-credo.fr\/wp-content\/uploads\/2024\/07\/\u00aeCREDO.webp","width":637,"height":591,"caption":"Credo"},"image":{"@id":"https:\/\/pacific-credo.fr\/en\/#\/schema\/logo\/image\/"},"sameAs":["https:\/\/www.facebook.com\/people\/CREDO-Centre-de-Recherche-et-de-Documentation-sur-lOcanie\/100087147725332\/","https:\/\/www.linkedin.com\/company\/credo-centre-de-recherche-et-de-documentation-sur-l-ocanie\/about\/?viewAsMember=true"]}]}},"_links":{"self":[{"href":"https:\/\/pacific-credo.fr\/en\/wp-json\/wp\/v2\/pages\/17337","targetHints":{"allow":["GET"]}}],"collection":[{"href":"https:\/\/pacific-credo.fr\/en\/wp-json\/wp\/v2\/pages"}],"about":[{"href":"https:\/\/pacific-credo.fr\/en\/wp-json\/wp\/v2\/types\/page"}],"author":[{"embeddable":true,"href":"https:\/\/pacific-credo.fr\/en\/wp-json\/wp\/v2\/users\/4"}],"replies":[{"embeddable":true,"href":"https:\/\/pacific-credo.fr\/en\/wp-json\/wp\/v2\/comments?post=17337"}],"version-history":[{"count":10,"href":"https:\/\/pacific-credo.fr\/en\/wp-json\/wp\/v2\/pages\/17337\/revisions"}],"predecessor-version":[{"id":17581,"href":"https:\/\/pacific-credo.fr\/en\/wp-json\/wp\/v2\/pages\/17337\/revisions\/17581"}],"up":[{"embeddable":true,"href":"https:\/\/pacific-credo.fr\/en\/wp-json\/wp\/v2\/pages\/8009"}],"wp:attachment":[{"href":"https:\/\/pacific-credo.fr\/en\/wp-json\/wp\/v2\/media?parent=17337"}],"curies":[{"name":"wp","href":"https:\/\/api.w.org\/{rel}","templated":true}]}}