{"id":17286,"date":"2026-02-03T13:29:43","date_gmt":"2026-02-03T12:29:43","guid":{"rendered":"https:\/\/pacific-credo.fr\/?page_id=17286"},"modified":"2026-03-04T14:42:29","modified_gmt":"2026-03-04T13:42:29","slug":"le-seminaire-ehess-credo","status":"publish","type":"page","link":"https:\/\/pacific-credo.fr\/en\/les-seminaires\/le-seminaire-ehess-credo\/","title":{"rendered":"Le s\u00e9minaire EHESS\/CREDO"},"content":{"rendered":"<div data-elementor-type=\"wp-page\" data-elementor-id=\"17286\" class=\"elementor elementor-17286\" data-elementor-post-type=\"page\">\n\t\t\t\t<div class=\"elementor-element elementor-element-548f562 e-con-full e-flex e-con e-parent\" data-id=\"548f562\" data-element_type=\"container\" data-settings=\"{&quot;background_background&quot;:&quot;classic&quot;}\">\n\t\t\t\t<div class=\"elementor-element elementor-element-3e6a7ec elementor-widget elementor-widget-heading\" data-id=\"3e6a7ec\" data-element_type=\"widget\" data-widget_type=\"heading.default\">\n\t\t\t\t<div class=\"elementor-widget-container\">\n\t\t\t\t\t<h1 class=\"elementor-heading-title elementor-size-default\">Le s\u00e9minaire EHESS\/CREDO<\/h1>\t\t\t\t<\/div>\n\t\t\t\t<\/div>\n\t\t\t\t<div class=\"elementor-element elementor-element-e19839e elementor-widget elementor-widget-text-editor\" data-id=\"e19839e\" data-element_type=\"widget\" data-widget_type=\"text-editor.default\">\n\t\t\t\t<div class=\"elementor-widget-container\">\n\t\t\t\t\t\t\t\t\t<h5 class=\"secondaryTitle\">Coorganis\u00e9 par l&rsquo;EHESS MARSEILLE et le CREDO<\/h5>\t\t\t\t\t\t\t\t<\/div>\n\t\t\t\t<\/div>\n\t\t\t\t<\/div>\n\t\t<div class=\"elementor-element elementor-element-316fad9 e-grid e-con-boxed e-con e-parent\" data-id=\"316fad9\" data-element_type=\"container\">\n\t\t\t\t\t<div class=\"e-con-inner\">\n\t\t\t\t\t<\/div>\n\t\t\t\t<\/div>\n\t\t<div class=\"elementor-element elementor-element-6e94832 e-flex e-con-boxed e-con e-parent\" data-id=\"6e94832\" data-element_type=\"container\">\n\t\t\t\t\t<div class=\"e-con-inner\">\n\t\t<div class=\"elementor-element elementor-element-708ae86 e-con-full e-flex e-con e-child\" data-id=\"708ae86\" data-element_type=\"container\">\n\t\t\t\t<div class=\"elementor-element elementor-element-c076c9b elementor-widget elementor-widget-heading\" data-id=\"c076c9b\" data-element_type=\"widget\" data-widget_type=\"heading.default\">\n\t\t\t\t<div class=\"elementor-widget-container\">\n\t\t\t\t\t<h6 class=\"elementor-heading-title elementor-size-default\">In personn and videoconferencing seminar<\/h6>\t\t\t\t<\/div>\n\t\t\t\t<\/div>\n\t\t\t\t<div class=\"elementor-element elementor-element-6cf131b animated-fast elementor-invisible elementor-widget elementor-widget-heading\" data-id=\"6cf131b\" data-element_type=\"widget\" data-settings=\"{&quot;_animation&quot;:&quot;fadeInUp&quot;}\" data-widget_type=\"heading.default\">\n\t\t\t\t<div class=\"elementor-widget-container\">\n\t\t\t\t\t<h3 class=\"elementor-heading-title elementor-size-default\">Revisiter le concept d\u2019 \u00ab ethnoscience(s) \u00bb<\/h3>\t\t\t\t<\/div>\n\t\t\t\t<\/div>\n\t\t\t\t<\/div>\n\t\t\t\t<div class=\"elementor-element elementor-element-8d9daca elementor-widget__width-initial elementor-widget-mobile__width-inherit elementor-widget elementor-widget-text-editor\" data-id=\"8d9daca\" data-element_type=\"widget\" data-widget_type=\"text-editor.default\">\n\t\t\t\t<div class=\"elementor-widget-container\">\n\t\t\t\t\t\t\t\t\t<h5>To attend the seminar<\/h5><p><strong>Location<\/strong><br \/>Centre de la Vieille Charit\u00e9, 2 rue de la Charit\u00e9, 13002 Marseille<\/p><p>\u00a0<\/p><p><strong>Acc\u00e8s sur inscription :<\/strong><\/p><p>Si vous souhaitez y participer r\u00e9guli\u00e8rement, merci de vous inscrire sur la plateforme : <span style=\"text-decoration: underline;\"><span style=\"color: #33cccc; text-decoration: underline;\"><a style=\"color: #33cccc; text-decoration: underline;\" href=\"https:\/\/participations.ehess.fr\" target=\"_blank\" rel=\"noopener\">https:\/\/participations.ehess.fr<\/a><\/span><\/span> (UE568).<\/p><p>\u00a0<\/p><p>Dans le cas d\u2019une participation ponctuelle, merci de s&rsquo;inscrire au plus tard la veille de la r\u00e9union en envoyant un e-mail \u00e0 <a href=\"mailto:eric.vandendriessche@cnrs.fr\" target=\"_blank\" rel=\"noopener\"><span style=\"text-decoration: underline;\"><span style=\"color: #33cccc; text-decoration: underline;\">eric.vandendriessche@cnrs.fr<\/span><\/span><\/a>. Les codes Zoom seront diffus\u00e9s aux participants inscrits.<\/p><p>\u00a0<\/p><p><strong>Co-organisateurs<\/strong> :\u00a0<\/p><ul><li>Eric Vandendriessche [r\u00e9f\u00e9rent\u00b7e] charg\u00e9 de recherche, CNRS \/ CREDO<\/li><li>Fr\u00e9d\u00e9ric Joulian ma\u00eetre de conf\u00e9rences, EHESS \/ CREDO<\/li><li>S\u00e9bastien Galliot charg\u00e9 de recherche, CNRS \/ CREDO<\/li><li>\u00a0<\/li><\/ul><p><strong>Day and time<\/strong>\u00a0<\/p><p>5 s\u00e9ances, le lundi du 12 janvier au 29 juin 2026<\/p><p>De 13h30 \u00e0 17h00<\/p>\t\t\t\t\t\t\t\t<\/div>\n\t\t\t\t<\/div>\n\t\t\t\t\t<\/div>\n\t\t\t\t<\/div>\n\t\t<div class=\"elementor-element elementor-element-15b3504 e-flex e-con-boxed e-con e-parent\" data-id=\"15b3504\" data-element_type=\"container\">\n\t\t\t\t\t<div class=\"e-con-inner\">\n\t\t\t\t<div class=\"elementor-element elementor-element-f6f0cca elementor-widget elementor-widget-heading\" data-id=\"f6f0cca\" data-element_type=\"widget\" data-widget_type=\"heading.default\">\n\t\t\t\t<div class=\"elementor-widget-container\">\n\t\t\t\t\t<h2 class=\"elementor-heading-title elementor-size-default\">UE568 - Des \u00ab ethno \u00bb aux \u00ab anthropo-choses \u00bb : \u00e9pist\u00e9mologie et anthropologie des savoirs pratiques <\/h2>\t\t\t\t<\/div>\n\t\t\t\t<\/div>\n\t\t\t\t<div class=\"elementor-element elementor-element-bb588d2 elementor-widget elementor-widget-text-editor\" data-id=\"bb588d2\" data-element_type=\"widget\" data-widget_type=\"text-editor.default\">\n\t\t\t\t<div class=\"elementor-widget-container\">\n\t\t\t\t\t\t\t\t\t<p>Depuis une soixantaine d\u2019ann\u00e9es, nous assistons au d\u00e9veloppement de nouveaux champs d\u2019\u00e9tude sous des appellations form\u00e9es \u00e0 partir du m\u00eame pr\u00e9fixe \u00ab ethno- \u00bb : ethno\u00e9cologie, ethnobotanique, ethnomath\u00e9matique, ethnoastronomie, ethnog\u00e9ographie, ethnopharmacologie, etc. Ces diff\u00e9rents champs de recherche partagent le projet d\u2019\u00e9tudier des pratiques et des savoirs pr\u00e9sentant une \u00ab ressemblance de famille \u00bb (Wittgenstein, 1953) avec des disciplines scientifiques (\u00ab reconnues \u00bb comme telles), bien que d\u00e9velopp\u00e9s hors des champs savants et institutionnels, dans divers contextes culturels, et tout particuli\u00e8rement dans des soci\u00e9t\u00e9s \u00ab dites \u00bb autochtones.<\/p><p>\u00a0<\/p><p>De ce fait, la cat\u00e9gorie m\u00eame d\u2019\u00ab ethnoscience \u00bb n\u2019est pas sans poser probl\u00e8me dans la mesure o\u00f9 elle pr\u00e9suppose, pour certaines cat\u00e9gories d\u2019\u00ab ethno-trucs \u00bb, une potentialit\u00e9 universellement partag\u00e9e (mais pas toujours actualis\u00e9e) \u00e0 objectiver la nature et \u00e0 op\u00e9rer le passage du sensible \u00e0 l\u2019intelligible (Levi-Strauss, 1961). Par ailleurs, lorsqu\u2019il s\u2019agit des soci\u00e9t\u00e9s autochtones (souvent de tradition orale), il n\u2019y a (ou avait) g\u00e9n\u00e9ralement gu\u00e8re de sens \u00e0 parler de \u00ab science \u00bb (ou d\u2019art) comme champ de savoirs et de pratiques autonome et ind\u00e9pendant des autres domaines de la vie sociale. C\u2019est pourquoi notamment, l\u2019anthropologue Philippe Descola critiquait cette tendance \u00e0 \u00ab r\u00e9ifier certains pans des savoirs indig\u00e8nes en les rendant compatibles avec la division moderne des sciences \u00bb (Par-del\u00e0 nature et culture, 2005). Serait ainsi revenu \u00ab aux sp\u00e9cialistes des ethnosciences la mise au jour des classifications et des savoirs populaires \u00bb et aux \u00ab sp\u00e9cialistes de la culture, l\u2019\u00e9tude du symbolisme, des croyances et des rituels \u00bb, op\u00e9rant ainsi une distinction \u00ab tranch\u00e9e \u00bb entre \u00ab savoir pratique et repr\u00e9sentations symboliques \u00bb.<\/p><p>\u00a0<\/p><p>Dans la continuit\u00e9 du s\u00e9minaire \u00ab Ethno-choses \u00bb (2024-2025), nous interrogerons la fa\u00e7on dont ces nouveaux champs d\u2019\u00e9tude ont r\u00e9pondu \u00e0 cette critique, en se lib\u00e9rant des m\u00e9thodes taxonomiques (Conklin, 1962), et en croisant diff\u00e9rentes approches disciplinaires pour \u00e9tudier des pratiques \u00e0 caract\u00e8re scientifique dans leurs liens avec des syst\u00e8mes culturels et symboliques sp\u00e9cifiques. Plus pr\u00e9cis\u00e9ment, il s\u2019agira de faire un \u00e9tat des lieux et de comparer les questions et les m\u00e9thodes qui ont \u00e9t\u00e9 d\u00e9velopp\u00e9es par ces ethno-\u00ab sciences \u00bb depuis quelques d\u00e9cennies mais aussi de suivre les programmes scientifiques n\u00e9s de l\u2019association de diff\u00e9rentes disciplines qui ont fusionn\u00e9 de fa\u00e7on exemplaire : l\u2019ethnomusicologie, l\u2019ethnolinguistique ou l\u2019ethnoarch\u00e9ologie par exemple. Seront pr\u00e9sent\u00e9s des travaux s\u2019inscrivant dans ces diff\u00e9rents champs interdisciplinaires, \u00e0 la crois\u00e9e de l\u2019anthropologie, de l\u2019\u00e9pist\u00e9mologie, de l\u2019histoire des sciences et des sciences cognitives et naturelles avec pour objectif principal d\u2019\u00e9largir notre point de vue sur les pratiques et les savoirs scientifiques.<\/p><p>\u00a0<\/p><p>En particulier, et en filigrane tout au long des s\u00e9ances, nous chercherons \u00e0 mieux cerner les \u00e9l\u00e9ments de la cognition (en lien avec les m\u00e9canismes du raisonnement notamment) qui interviendraient dans la recherche de traits communs voire des fondements universels des conduites humaines, et cela par-del\u00e0 les variabilit\u00e9s historiques ou socioculturelles. Nous revisiterons les notions d\u2019invariants et d\u2019universels en faisant appel \u00e0 des auteurs vari\u00e9s (Merleau Ponty, 1960 ; Dennett, 1990 ; Taylor, 2002 ; Lenclud, 2013 ; Diagne, 2024\u2026) et tenterons d\u2019en saisir la port\u00e9e dans le contexte intellectuel et scientifique actuel.<\/p><p>\u00a0<\/p><p>Ce s\u00e9minaire visera enfin \u00e0 comprendre la fa\u00e7on dont l\u2019\u00e9pist\u00e9mologie et l\u2019histoire des sciences sont regard\u00e9es depuis les soci\u00e9t\u00e9s autochtones, et la place de ces points de vue vernaculaires dans les processus de d\u00e9colonisation des savoirs engag\u00e9s par bon nombre de soci\u00e9t\u00e9s anciennement colonis\u00e9es.<\/p>\t\t\t\t\t\t\t\t<\/div>\n\t\t\t\t<\/div>\n\t\t\t\t<div class=\"elementor-element elementor-element-20d6a95 elementor-widget elementor-widget-heading\" data-id=\"20d6a95\" data-element_type=\"widget\" data-widget_type=\"heading.default\">\n\t\t\t\t<div class=\"elementor-widget-container\">\n\t\t\t\t\t<h2 class=\"elementor-heading-title elementor-size-default\">Le programme<\/h2>\t\t\t\t<\/div>\n\t\t\t\t<\/div>\n\t\t\t\t<div class=\"elementor-element elementor-element-2901973 elementor-widget elementor-widget-text-editor\" data-id=\"2901973\" data-element_type=\"widget\" data-widget_type=\"text-editor.default\">\n\t\t\t\t<div class=\"elementor-widget-container\">\n\t\t\t\t\t\t\t\t\t<h5>12 janvier 2026 :<strong> <span style=\"text-decoration: underline; color: #33cccc;\"><a style=\"color: #33cccc;\" href=\"https:\/\/pacific-credo.fr\/en\/seminaire-du-credo\/revisiter-le-concept-dethnosciences-aujourdhui\/\">\u00ab Revisiter le concept d\u2019ethnoscience(S) aujourd\u2019hui ? \u00bb<\/a><\/span><\/strong><\/h5><p>\u00c9ric Vandendriessche, S\u00e9bastien Galliot, Fr\u00e9d\u00e9ric Joulian (CREDO)<\/p><h5>\u00a0<\/h5><h5>9 f\u00e9vrier 2026 :<span style=\"text-decoration: underline;\"><span style=\"color: #33cccc; text-decoration: underline;\"><a style=\"color: #33cccc; text-decoration: underline;\" href=\"https:\/\/pacific-credo.fr\/en\/seminaire-du-credo\/seminaire-ehess-credo-se-reperer-se-deplacer-savoirs-situes\/\"><strong> \u00ab Se rep\u00e9rer, se d\u00e9placer : savoirs situ\u00e9s \u00bb <\/strong><\/a><\/span><\/span><\/h5><p><strong>Horaire exceptionnel : 10h-13h<\/strong><\/p><p>Akira Takada (Universit\u00e9 de Kyoto), \u00ab\u00a0Way finding in the Kalahari desert. Retrospect &amp; prospect perspective\u00a0\u00bb.<br \/>Fr\u00e9d\u00e9ric Joulian (EHESS, CREDO), \u00ab\u00a0Quadrumanes dans l\u2019espace des for\u00eats d\u2019Afrique de l\u2019Ouest.\u00a0\u00bb<\/p><h5>\u00a0<\/h5><h5>16 mars 2026 : <strong><span style=\"text-decoration: underline;\"><span style=\"color: #33cccc; text-decoration: underline;\"><a style=\"color: #33cccc; text-decoration: underline;\" href=\"https:\/\/pacific-credo.fr\/en\/seminaire-du-credo\/seminaire-ehess-credo-reflexions-sur-les-ethnomusicologies\/\">\u00ab R\u00e9flexions sur l(es) ethnomusicologieS \u00bb<\/a><\/span><\/span><\/strong><\/h5><p>Jean-Michel Beaudet (Universit\u00e9 Paris Nanterre, LESC), Une histoire de l\u2019ethnomusicologie \u00e0 partir de la technique d\u2019enregistrement<br \/>Marc Chemillier (EHESS, CAMS), L\u2019ethnomusicologie \u00e0 l\u2019heure de l\u2019intelligence artificielle<\/p><h5>\u00a0<\/h5><h5>11 mai 2026 : <a href=\"https:\/\/pacific-credo.fr\/en\/seminaire-du-credo\/seminaire-ehess-credo-lethno-archeologie-dans-tous-ses-etats-retrospections-et-prospections\/\"><span style=\"text-decoration: underline;\"><strong><span style=\"color: #33cccc; text-decoration: underline;\">\u00ab L\u2019ethno-arch\u00e9ologie dans tous ses \u00e9tats ; r\u00e9trospections et prospections \u00bb<\/span><\/strong><\/span><\/a><\/h5><p>Catherine Perl\u00e8s (IUF, TEMPS)<br \/>Olivier Gosselain (ULB)<\/p><p>\u00a0<\/p>\t\t\t\t\t\t\t\t<\/div>\n\t\t\t\t<\/div>\n\t\t\t\t\t<\/div>\n\t\t\t\t<\/div>\n\t\t\t\t<\/div>","protected":false},"excerpt":{"rendered":"<p>Coorganis\u00e9 par l&rsquo;EHESS MARSEILLE et le CREDO S\u00e9minaire en presentiel et visioconference Revisiter le concept d\u2019 \u00ab ethnoscience(s) \u00bb Pour assister au s\u00e9minaire Lieu :Centre de la Vieille Charit\u00e9, 2 rue de la Charit\u00e9, 13002 Marseille \u00a0 Acc\u00e8s sur inscription : Si vous souhaitez y participer r\u00e9guli\u00e8rement, merci de vous inscrire sur la plateforme : [&hellip;]<\/p>","protected":false},"author":4,"featured_media":0,"parent":8009,"menu_order":0,"comment_status":"closed","ping_status":"closed","template":"page.php","meta":{"_acf_changed":false,"footnotes":""},"class_list":["post-17286","page","type-page","status-publish","hentry"],"acf":[],"yoast_head":"<!-- This site is optimized with the Yoast SEO plugin v26.6 - https:\/\/yoast.com\/wordpress\/plugins\/seo\/ -->\n<title>Le s\u00e9minaire EHESS\/CREDO - Credo<\/title>\n<meta name=\"robots\" content=\"index, follow, max-snippet:-1, max-image-preview:large, max-video-preview:-1\" \/>\n<link rel=\"canonical\" href=\"https:\/\/pacific-credo.fr\/en\/les-seminaires\/le-seminaire-ehess-credo\/\" \/>\n<meta property=\"og:locale\" content=\"en_US\" \/>\n<meta property=\"og:type\" content=\"article\" \/>\n<meta property=\"og:title\" content=\"Le s\u00e9minaire EHESS\/CREDO - Credo\" \/>\n<meta property=\"og:description\" content=\"Coorganis\u00e9 par l&rsquo;EHESS MARSEILLE et le CREDO S\u00e9minaire en presentiel et visioconference Revisiter le concept d\u2019 \u00ab ethnoscience(s) \u00bb Pour assister au s\u00e9minaire Lieu :Centre de la Vieille Charit\u00e9, 2 rue de la Charit\u00e9, 13002 Marseille \u00a0 Acc\u00e8s sur inscription : Si vous souhaitez y participer r\u00e9guli\u00e8rement, merci de vous inscrire sur la plateforme : [&hellip;]\" \/>\n<meta property=\"og:url\" content=\"https:\/\/pacific-credo.fr\/en\/les-seminaires\/le-seminaire-ehess-credo\/\" \/>\n<meta property=\"og:site_name\" content=\"Credo\" \/>\n<meta property=\"article:publisher\" content=\"https:\/\/www.facebook.com\/people\/CREDO-Centre-de-Recherche-et-de-Documentation-sur-lOcanie\/100087147725332\/\" \/>\n<meta property=\"article:modified_time\" content=\"2026-03-04T13:42:29+00:00\" \/>\n<meta name=\"twitter:card\" content=\"summary_large_image\" \/>\n<meta name=\"twitter:label1\" content=\"Est. reading time\" \/>\n\t<meta name=\"twitter:data1\" content=\"4 minutes\" \/>\n<script type=\"application\/ld+json\" class=\"yoast-schema-graph\">{\"@context\":\"https:\/\/schema.org\",\"@graph\":[{\"@type\":\"WebPage\",\"@id\":\"https:\/\/pacific-credo.fr\/les-seminaires\/le-seminaire-ehess-credo\/\",\"url\":\"https:\/\/pacific-credo.fr\/les-seminaires\/le-seminaire-ehess-credo\/\",\"name\":\"Le s\u00e9minaire EHESS\/CREDO - Credo\",\"isPartOf\":{\"@id\":\"https:\/\/pacific-credo.fr\/en\/#website\"},\"datePublished\":\"2026-02-03T12:29:43+00:00\",\"dateModified\":\"2026-03-04T13:42:29+00:00\",\"breadcrumb\":{\"@id\":\"https:\/\/pacific-credo.fr\/les-seminaires\/le-seminaire-ehess-credo\/#breadcrumb\"},\"inLanguage\":\"en-US\",\"potentialAction\":[{\"@type\":\"ReadAction\",\"target\":[\"https:\/\/pacific-credo.fr\/les-seminaires\/le-seminaire-ehess-credo\/\"]}]},{\"@type\":\"BreadcrumbList\",\"@id\":\"https:\/\/pacific-credo.fr\/les-seminaires\/le-seminaire-ehess-credo\/#breadcrumb\",\"itemListElement\":[{\"@type\":\"ListItem\",\"position\":1,\"name\":\"Accueil\",\"item\":\"https:\/\/pacific-credo.fr\/\"},{\"@type\":\"ListItem\",\"position\":2,\"name\":\"Les s\u00e9minaires\",\"item\":\"https:\/\/pacific-credo.fr\/les-seminaires\/\"},{\"@type\":\"ListItem\",\"position\":3,\"name\":\"Le s\u00e9minaire EHESS\/CREDO\"}]},{\"@type\":\"WebSite\",\"@id\":\"https:\/\/pacific-credo.fr\/en\/#website\",\"url\":\"https:\/\/pacific-credo.fr\/en\/\",\"name\":\"Credo\",\"description\":\"\",\"publisher\":{\"@id\":\"https:\/\/pacific-credo.fr\/en\/#organization\"},\"potentialAction\":[{\"@type\":\"SearchAction\",\"target\":{\"@type\":\"EntryPoint\",\"urlTemplate\":\"https:\/\/pacific-credo.fr\/en\/?s={search_term_string}\"},\"query-input\":{\"@type\":\"PropertyValueSpecification\",\"valueRequired\":true,\"valueName\":\"search_term_string\"}}],\"inLanguage\":\"en-US\"},{\"@type\":\"Organization\",\"@id\":\"https:\/\/pacific-credo.fr\/en\/#organization\",\"name\":\"Credo\",\"url\":\"https:\/\/pacific-credo.fr\/en\/\",\"logo\":{\"@type\":\"ImageObject\",\"inLanguage\":\"en-US\",\"@id\":\"https:\/\/pacific-credo.fr\/en\/#\/schema\/logo\/image\/\",\"url\":\"https:\/\/pacific-credo.fr\/wp-content\/uploads\/2024\/07\/\u00aeCREDO.webp\",\"contentUrl\":\"https:\/\/pacific-credo.fr\/wp-content\/uploads\/2024\/07\/\u00aeCREDO.webp\",\"width\":637,\"height\":591,\"caption\":\"Credo\"},\"image\":{\"@id\":\"https:\/\/pacific-credo.fr\/en\/#\/schema\/logo\/image\/\"},\"sameAs\":[\"https:\/\/www.facebook.com\/people\/CREDO-Centre-de-Recherche-et-de-Documentation-sur-lOcanie\/100087147725332\/\",\"https:\/\/www.linkedin.com\/company\/credo-centre-de-recherche-et-de-documentation-sur-l-ocanie\/about\/?viewAsMember=true\"]}]}<\/script>\n<!-- \/ Yoast SEO plugin. -->","yoast_head_json":{"title":"Le s\u00e9minaire EHESS\/CREDO - Credo","robots":{"index":"index","follow":"follow","max-snippet":"max-snippet:-1","max-image-preview":"max-image-preview:large","max-video-preview":"max-video-preview:-1"},"canonical":"https:\/\/pacific-credo.fr\/en\/les-seminaires\/le-seminaire-ehess-credo\/","og_locale":"en_US","og_type":"article","og_title":"Le s\u00e9minaire EHESS\/CREDO - Credo","og_description":"Coorganis\u00e9 par l&rsquo;EHESS MARSEILLE et le CREDO S\u00e9minaire en presentiel et visioconference Revisiter le concept d\u2019 \u00ab ethnoscience(s) \u00bb Pour assister au s\u00e9minaire Lieu :Centre de la Vieille Charit\u00e9, 2 rue de la Charit\u00e9, 13002 Marseille \u00a0 Acc\u00e8s sur inscription : Si vous souhaitez y participer r\u00e9guli\u00e8rement, merci de vous inscrire sur la plateforme : [&hellip;]","og_url":"https:\/\/pacific-credo.fr\/en\/les-seminaires\/le-seminaire-ehess-credo\/","og_site_name":"Credo","article_publisher":"https:\/\/www.facebook.com\/people\/CREDO-Centre-de-Recherche-et-de-Documentation-sur-lOcanie\/100087147725332\/","article_modified_time":"2026-03-04T13:42:29+00:00","twitter_card":"summary_large_image","twitter_misc":{"Est. reading time":"4 minutes"},"schema":{"@context":"https:\/\/schema.org","@graph":[{"@type":"WebPage","@id":"https:\/\/pacific-credo.fr\/les-seminaires\/le-seminaire-ehess-credo\/","url":"https:\/\/pacific-credo.fr\/les-seminaires\/le-seminaire-ehess-credo\/","name":"Le s\u00e9minaire EHESS\/CREDO - Credo","isPartOf":{"@id":"https:\/\/pacific-credo.fr\/en\/#website"},"datePublished":"2026-02-03T12:29:43+00:00","dateModified":"2026-03-04T13:42:29+00:00","breadcrumb":{"@id":"https:\/\/pacific-credo.fr\/les-seminaires\/le-seminaire-ehess-credo\/#breadcrumb"},"inLanguage":"en-US","potentialAction":[{"@type":"ReadAction","target":["https:\/\/pacific-credo.fr\/les-seminaires\/le-seminaire-ehess-credo\/"]}]},{"@type":"BreadcrumbList","@id":"https:\/\/pacific-credo.fr\/les-seminaires\/le-seminaire-ehess-credo\/#breadcrumb","itemListElement":[{"@type":"ListItem","position":1,"name":"Accueil","item":"https:\/\/pacific-credo.fr\/"},{"@type":"ListItem","position":2,"name":"Les s\u00e9minaires","item":"https:\/\/pacific-credo.fr\/les-seminaires\/"},{"@type":"ListItem","position":3,"name":"Le s\u00e9minaire EHESS\/CREDO"}]},{"@type":"WebSite","@id":"https:\/\/pacific-credo.fr\/en\/#website","url":"https:\/\/pacific-credo.fr\/en\/","name":"Credo","description":"","publisher":{"@id":"https:\/\/pacific-credo.fr\/en\/#organization"},"potentialAction":[{"@type":"SearchAction","target":{"@type":"EntryPoint","urlTemplate":"https:\/\/pacific-credo.fr\/en\/?s={search_term_string}"},"query-input":{"@type":"PropertyValueSpecification","valueRequired":true,"valueName":"search_term_string"}}],"inLanguage":"en-US"},{"@type":"Organization","@id":"https:\/\/pacific-credo.fr\/en\/#organization","name":"Credo","url":"https:\/\/pacific-credo.fr\/en\/","logo":{"@type":"ImageObject","inLanguage":"en-US","@id":"https:\/\/pacific-credo.fr\/en\/#\/schema\/logo\/image\/","url":"https:\/\/pacific-credo.fr\/wp-content\/uploads\/2024\/07\/\u00aeCREDO.webp","contentUrl":"https:\/\/pacific-credo.fr\/wp-content\/uploads\/2024\/07\/\u00aeCREDO.webp","width":637,"height":591,"caption":"Credo"},"image":{"@id":"https:\/\/pacific-credo.fr\/en\/#\/schema\/logo\/image\/"},"sameAs":["https:\/\/www.facebook.com\/people\/CREDO-Centre-de-Recherche-et-de-Documentation-sur-lOcanie\/100087147725332\/","https:\/\/www.linkedin.com\/company\/credo-centre-de-recherche-et-de-documentation-sur-l-ocanie\/about\/?viewAsMember=true"]}]}},"_links":{"self":[{"href":"https:\/\/pacific-credo.fr\/en\/wp-json\/wp\/v2\/pages\/17286","targetHints":{"allow":["GET"]}}],"collection":[{"href":"https:\/\/pacific-credo.fr\/en\/wp-json\/wp\/v2\/pages"}],"about":[{"href":"https:\/\/pacific-credo.fr\/en\/wp-json\/wp\/v2\/types\/page"}],"author":[{"embeddable":true,"href":"https:\/\/pacific-credo.fr\/en\/wp-json\/wp\/v2\/users\/4"}],"replies":[{"embeddable":true,"href":"https:\/\/pacific-credo.fr\/en\/wp-json\/wp\/v2\/comments?post=17286"}],"version-history":[{"count":10,"href":"https:\/\/pacific-credo.fr\/en\/wp-json\/wp\/v2\/pages\/17286\/revisions"}],"predecessor-version":[{"id":17518,"href":"https:\/\/pacific-credo.fr\/en\/wp-json\/wp\/v2\/pages\/17286\/revisions\/17518"}],"up":[{"embeddable":true,"href":"https:\/\/pacific-credo.fr\/en\/wp-json\/wp\/v2\/pages\/8009"}],"wp:attachment":[{"href":"https:\/\/pacific-credo.fr\/en\/wp-json\/wp\/v2\/media?parent=17286"}],"curies":[{"name":"wp","href":"https:\/\/api.w.org\/{rel}","templated":true}]}}