{"id":16690,"date":"2025-11-17T09:53:38","date_gmt":"2025-11-17T08:53:38","guid":{"rendered":"https:\/\/pacific-credo.fr\/?page_id=16690"},"modified":"2026-01-21T09:37:28","modified_gmt":"2026-01-21T08:37:28","slug":"conformite-rgaa-totale","status":"publish","type":"page","link":"https:\/\/pacific-credo.fr\/en\/conformite-rgaa-totale\/","title":{"rendered":"Conformit\u00e9 RGAA : Partielle"},"content":{"rendered":"<div data-elementor-type=\"wp-page\" data-elementor-id=\"16690\" class=\"elementor elementor-16690\" data-elementor-post-type=\"page\">\n\t\t\t\t<div class=\"elementor-element elementor-element-548f562 e-con-full e-flex e-con e-parent\" data-id=\"548f562\" data-element_type=\"container\" data-settings=\"{&quot;background_background&quot;:&quot;classic&quot;}\">\n\t\t\t\t<div class=\"elementor-element elementor-element-3e6a7ec elementor-widget elementor-widget-heading\" data-id=\"3e6a7ec\" data-element_type=\"widget\" data-widget_type=\"heading.default\">\n\t\t\t\t<div class=\"elementor-widget-container\">\n\t\t\t\t\t<h1 class=\"elementor-heading-title elementor-size-default\">Conformit\u00e9 RGAA : Partielle<\/h1>\t\t\t\t<\/div>\n\t\t\t\t<\/div>\n\t\t\t\t<\/div>\n\t\t<div class=\"elementor-element elementor-element-2456bff e-flex e-con-boxed e-con e-parent\" data-id=\"2456bff\" data-element_type=\"container\">\n\t\t\t\t\t<div class=\"e-con-inner\">\n\t\t\t\t<div class=\"elementor-element elementor-element-9ce1684 elementor-widget elementor-widget-text-editor\" data-id=\"9ce1684\" data-element_type=\"widget\" data-widget_type=\"text-editor.default\">\n\t\t\t\t<div class=\"elementor-widget-container\">\n\t\t\t\t\t\t\t\t\t<p>The <a href=\"https:\/\/pacific-credo.fr\/en\/\" target=\"_blank\" rel=\"noopener\"><strong><span style=\"text-decoration: underline;\">Credo<\/span><\/strong><\/a> s\u2019engage \u00e0 rendre son site internet accessible \u00e0 tous, conform\u00e9ment \u00e0 l\u2019article 47 de la loi n\u00b0 2005-102 du 11 f\u00e9vrier 2005.<br \/>La pr\u00e9sente d\u00e9claration d\u2019accessibilit\u00e9 concerne le site internet du Credo : <span style=\"text-decoration: underline;\"><strong><a href=\"https:\/\/pacific-credo.fr\/en\/\" target=\"_blank\" rel=\"noopener\">pacific-credo.fr<\/a><\/strong><\/span><\/p><h5><strong>\u00a0<\/strong><\/h5><h5><strong>Auditeur<\/strong><\/h5><p>L&rsquo;agence <a href=\"https:\/\/www.wagaia.com\/\" target=\"_blank\" rel=\"noopener\"><strong><span style=\"text-decoration: underline;\">Wagaia<\/span><\/strong><\/a> a pilot\u00e9 la d\u00e9marche d\u2019accessibilit\u00e9 du site tout au long de sa conception, r\u00e9alis\u00e9 l\u2019audit et r\u00e9dig\u00e9 cette d\u00e9claration d\u2019accessibilit\u00e9 en faisant intervenir ses experts Certifi\u00e9s en Accessibilit\u00e9.<\/p><h5><strong>\u00a0<\/strong><\/h5><h5><strong>\u00c9tat de conformit\u00e9<\/strong><\/h5><p>Le site du <span style=\"text-decoration: underline;\"><strong><a href=\"https:\/\/pacific-credo.fr\/en\/\" target=\"_blank\" rel=\"noopener\">Credo<\/a><\/strong><\/span> est en conformit\u00e9 partielle avec le r\u00e9f\u00e9rentiel g\u00e9n\u00e9ral d\u2019am\u00e9lioration de l\u2019accessibilit\u00e9, version 4.1.2.<\/p><h5><strong>\u00a0<\/strong><\/h5><h5><strong>R\u00e9sultats des tests<\/strong><\/h5><p>L\u2019audit de conformit\u00e9 r\u00e9alis\u00e9 r\u00e9v\u00e8le que 92% des crit\u00e8res RGAA sont respect\u00e9s.<br \/>L&rsquo;audit pr\u00e9sente 46 crit\u00e8res conformes sur 50 crit\u00e8res applicables.<br \/>L&rsquo;audit pr\u00e9sente donc 4 crit\u00e8res non conformes, dont 0 bloquant pour l&rsquo;usager.\u00a0<\/p><h5><strong>\u00a0<\/strong><\/h5><h5><strong>\u00c9tablissement de cette d\u00e9claration d\u2019accessibilit\u00e9<\/strong><\/h5><p>Cette d\u00e9claration a \u00e9t\u00e9 \u00e9tablie le 17 novembre.\u00a0<br \/>Action : Premi\u00e8re version de la d\u00e9claration de conformit\u00e9<\/p><p><strong>\u00a0<\/strong><\/p><p><strong>Technologies<\/strong><\/p><ul><li>HTML<\/li><li>CSS<\/li><li>PHP<\/li><li>JavaScript<\/li><\/ul><p><strong>\u00a0<\/strong><\/p><p><strong>Environnement de test<\/strong><\/p><p>Les tests des pages web ont \u00e9t\u00e9 effectu\u00e9s avec les combinaisons de navigateurs web et lecteurs d\u2019\u00e9cran suivants :<\/p><ul><li>Firefox 126.0.1 et NVDA 2024 sous Windows 11<\/li><li>Firefox 126.0.1 et JAWS 2024 sous Windows 11<\/li><li>Safari et VoiceOver sous macOS<\/li><li>Android natif, TalkBack 15.1, Chrome<\/li><li>Safari et VoiceOver sous IOS<\/li><\/ul><p><strong>\u00a0<\/strong><\/p><p><strong>Pages du site ayant fait l\u2019objet de la v\u00e9rification de conformit\u00e9<\/strong><\/p><ul><li><span style=\"text-decoration: underline;\"><strong><a href=\"https:\/\/pacific-credo.fr\/en\/\" target=\"_blank\" rel=\"noopener\">Accueil<\/a><\/strong><\/span><\/li><li><span style=\"text-decoration: underline;\"><strong><a href=\"https:\/\/pacific-credo.fr\/en\/le-credo\/presentation\/\" target=\"_blank\" rel=\"noopener\">Presentation<\/a><\/strong><\/span><\/li><li><span style=\"text-decoration: underline;\"><strong><a href=\"https:\/\/pacific-credo.fr\/en\/le-credo\/equipe-et-doctorants\/\" target=\"_blank\" rel=\"noopener\">Team<\/a><\/strong><\/span><\/li><li><span style=\"text-decoration: underline;\"><strong><a href=\"https:\/\/pacific-credo.fr\/en\/le-credo\/contact-et-accueil\/\" target=\"_blank\" rel=\"noopener\">Contact<\/a><\/strong><\/span><\/li><li><span style=\"text-decoration: underline;\"><strong><a href=\"https:\/\/pacific-credo.fr\/en\/le-seminaire-du-credo\/\" target=\"_blank\" rel=\"noopener\">S\u00e9minaire<\/a><\/strong><\/span><\/li><li><span style=\"text-decoration: underline;\"><strong><a href=\"https:\/\/pacific-credo.fr\/en\/recherche\/\" target=\"_blank\" rel=\"noopener\">Research<\/a><\/strong><\/span><\/li><li><span style=\"text-decoration: underline;\"><strong><a href=\"https:\/\/pacific-credo.fr\/en\/enseignement\/\" target=\"_blank\" rel=\"noopener\">Lessons<\/a><\/strong><\/span><\/li><li><span style=\"text-decoration: underline;\"><strong><a href=\"https:\/\/pacific-credo.fr\/en\/documentation-et-archives\/\" target=\"_blank\" rel=\"noopener\">Documentation et archive<\/a><\/strong><\/span><\/li><li><span style=\"text-decoration: underline;\"><strong><a href=\"https:\/\/pacific-credo.fr\/en\/les-editions-du-credo\/\" target=\"_blank\" rel=\"noopener\">Les \u00e9ditions<\/a><\/strong><\/span><\/li><li><span style=\"text-decoration: underline;\"><strong><a href=\"https:\/\/pacific-credo.fr\/en\/mentions-legales\/\" target=\"_blank\" rel=\"noopener\">Mentions l\u00e9gales<\/a><\/strong><\/span><\/li><\/ul><h5>\u00a0<\/h5><h5>Contenus non accessibles<\/h5><ul><li>Le contraste pr\u00e9sente des limites entre le texte et le fond de page. Choix graphique du site.\u00a0<\/li><li>Charter les liens dans les contenus afin de les rendre plus lisible. Choix graphique du site.\u00a0<\/li><li>Il n\u2019existe pas de version alternative des fichier PDF et nous ne sommes pas en mesure de certifier que tous les documents sont compatibles avec l\u2019accessibilit\u00e9<\/li><\/ul><h5>\u00a0<\/h5><h5>Retour d\u2019information et contact<\/h5><p>Si vous rencontrez des difficult\u00e9s pour acc\u00e9der \u00e0 un contenu ou \u00e0 un service, vous pouvez contacter le responsable du site internet du <span style=\"text-decoration: underline;\"><strong><a href=\"https:\/\/pacific-credo.fr\/en\/\" target=\"_blank\" rel=\"noopener\">Credo<\/a><\/strong><\/span> afin d\u2019\u00eatre orient\u00e9 vers une alternative accessible ou de recevoir le contenu sous une autre forme. Vous avez la possibilit\u00e9 d&rsquo;envoyer un message concernant l\u2019accessibilit\u00e9, \u00e0 l&rsquo;adresse suivante : <span style=\"text-decoration: underline;\"><strong><a href=\"mailto:contact@pacific-credo.fr\" target=\"_blank\" rel=\"noopener\">contact@pacific-credo.fr<\/a><\/strong><\/span><\/p><h5>\u00a0<\/h5><h5>Voies de recours<\/h5><p>Si vous constatez un d\u00e9faut d\u2019accessibilit\u00e9 vous emp\u00eachant d\u2019acc\u00e9der \u00e0 un contenu ou \u00e0 une fonctionnalit\u00e9 du site, et que vous ne recevez pas de r\u00e9ponse satisfaisante apr\u00e8s nous en avoir inform\u00e9s, vous pouvez adresser vos r\u00e9clamations ou d\u00e9poser une demande de saisine aupr\u00e8s du D\u00e9fenseur des droits. Plusieurs moyens de contact sont \u00e0 votre disposition :<\/p><ul><li><span style=\"text-decoration: underline;\"><strong><a href=\"https:\/\/formulaire.defenseurdesdroits.fr\/\" target=\"_blank\" rel=\"noopener\">\u00c9crire un message au D\u00e9fenseur des droits<\/a><\/strong><\/span><\/li><li><span style=\"text-decoration: underline;\"><strong><a href=\"https:\/\/www.defenseurdesdroits.fr\/carte-des-delegues\" target=\"_blank\" rel=\"noopener\">Contacter le d\u00e9l\u00e9gu\u00e9 du D\u00e9fenseur des droits dans votre r\u00e9gion<\/a><\/strong><\/span><\/li><li>Envoyer un courrier par la poste (courrier gratuit, ne pas mettre de timbre) :<br \/>D\u00e9fenseur des droits<br \/>Libre r\u00e9ponse 71120<br \/>75342 Paris CEDEX 07<\/li><\/ul>\t\t\t\t\t\t\t\t<\/div>\n\t\t\t\t<\/div>\n\t\t\t\t\t<\/div>\n\t\t\t\t<\/div>\n\t\t\t\t<\/div>","protected":false},"excerpt":{"rendered":"<p>Le Credo s\u2019engage \u00e0 rendre son site internet accessible \u00e0 tous, conform\u00e9ment \u00e0 l\u2019article 47 de la loi n\u00b0 2005-102 du 11 f\u00e9vrier 2005. La pr\u00e9sente d\u00e9claration d\u2019accessibilit\u00e9 concerne le site internet du Credo : pacific-credo.fr \u00a0 Auditeur L&rsquo;agence Wagaia a pilot\u00e9 la d\u00e9marche d\u2019accessibilit\u00e9 du site tout au long de sa conception, r\u00e9alis\u00e9 l\u2019audit [&hellip;]<\/p>","protected":false},"author":1,"featured_media":0,"parent":0,"menu_order":0,"comment_status":"closed","ping_status":"closed","template":"page.php","meta":{"_acf_changed":false,"footnotes":""},"class_list":["post-16690","page","type-page","status-publish","hentry"],"acf":[],"yoast_head":"<!-- This site is optimized with the Yoast SEO plugin v26.6 - https:\/\/yoast.com\/wordpress\/plugins\/seo\/ -->\n<title>Conformit\u00e9 RGAA : Partielle - Credo<\/title>\n<meta name=\"robots\" content=\"index, follow, max-snippet:-1, max-image-preview:large, max-video-preview:-1\" \/>\n<link rel=\"canonical\" href=\"https:\/\/pacific-credo.fr\/en\/conformite-rgaa-totale\/\" \/>\n<meta property=\"og:locale\" content=\"en_US\" \/>\n<meta property=\"og:type\" content=\"article\" \/>\n<meta property=\"og:title\" content=\"Conformit\u00e9 RGAA : Partielle - Credo\" \/>\n<meta property=\"og:description\" content=\"Le Credo s\u2019engage \u00e0 rendre son site internet accessible \u00e0 tous, conform\u00e9ment \u00e0 l\u2019article 47 de la loi n\u00b0 2005-102 du 11 f\u00e9vrier 2005. La pr\u00e9sente d\u00e9claration d\u2019accessibilit\u00e9 concerne le site internet du Credo : pacific-credo.fr \u00a0 Auditeur L&rsquo;agence Wagaia a pilot\u00e9 la d\u00e9marche d\u2019accessibilit\u00e9 du site tout au long de sa conception, r\u00e9alis\u00e9 l\u2019audit [&hellip;]\" \/>\n<meta property=\"og:url\" content=\"https:\/\/pacific-credo.fr\/en\/conformite-rgaa-totale\/\" \/>\n<meta property=\"og:site_name\" content=\"Credo\" \/>\n<meta property=\"article:publisher\" content=\"https:\/\/www.facebook.com\/people\/CREDO-Centre-de-Recherche-et-de-Documentation-sur-lOcanie\/100087147725332\/\" \/>\n<meta property=\"article:modified_time\" content=\"2026-01-21T08:37:28+00:00\" \/>\n<meta name=\"twitter:card\" content=\"summary_large_image\" \/>\n<meta name=\"twitter:label1\" content=\"Est. reading time\" \/>\n\t<meta name=\"twitter:data1\" content=\"3 minutes\" \/>\n<script type=\"application\/ld+json\" class=\"yoast-schema-graph\">{\"@context\":\"https:\/\/schema.org\",\"@graph\":[{\"@type\":\"WebPage\",\"@id\":\"https:\/\/pacific-credo.fr\/conformite-rgaa-totale\/\",\"url\":\"https:\/\/pacific-credo.fr\/conformite-rgaa-totale\/\",\"name\":\"Conformit\u00e9 RGAA : Partielle - Credo\",\"isPartOf\":{\"@id\":\"https:\/\/pacific-credo.fr\/en\/#website\"},\"datePublished\":\"2025-11-17T08:53:38+00:00\",\"dateModified\":\"2026-01-21T08:37:28+00:00\",\"breadcrumb\":{\"@id\":\"https:\/\/pacific-credo.fr\/conformite-rgaa-totale\/#breadcrumb\"},\"inLanguage\":\"en-US\",\"potentialAction\":[{\"@type\":\"ReadAction\",\"target\":[\"https:\/\/pacific-credo.fr\/conformite-rgaa-totale\/\"]}]},{\"@type\":\"BreadcrumbList\",\"@id\":\"https:\/\/pacific-credo.fr\/conformite-rgaa-totale\/#breadcrumb\",\"itemListElement\":[{\"@type\":\"ListItem\",\"position\":1,\"name\":\"Accueil\",\"item\":\"https:\/\/pacific-credo.fr\/\"},{\"@type\":\"ListItem\",\"position\":2,\"name\":\"Conformit\u00e9 RGAA : Partielle\"}]},{\"@type\":\"WebSite\",\"@id\":\"https:\/\/pacific-credo.fr\/en\/#website\",\"url\":\"https:\/\/pacific-credo.fr\/en\/\",\"name\":\"Credo\",\"description\":\"\",\"publisher\":{\"@id\":\"https:\/\/pacific-credo.fr\/en\/#organization\"},\"potentialAction\":[{\"@type\":\"SearchAction\",\"target\":{\"@type\":\"EntryPoint\",\"urlTemplate\":\"https:\/\/pacific-credo.fr\/en\/?s={search_term_string}\"},\"query-input\":{\"@type\":\"PropertyValueSpecification\",\"valueRequired\":true,\"valueName\":\"search_term_string\"}}],\"inLanguage\":\"en-US\"},{\"@type\":\"Organization\",\"@id\":\"https:\/\/pacific-credo.fr\/en\/#organization\",\"name\":\"Credo\",\"url\":\"https:\/\/pacific-credo.fr\/en\/\",\"logo\":{\"@type\":\"ImageObject\",\"inLanguage\":\"en-US\",\"@id\":\"https:\/\/pacific-credo.fr\/en\/#\/schema\/logo\/image\/\",\"url\":\"https:\/\/pacific-credo.fr\/wp-content\/uploads\/2024\/07\/\u00aeCREDO.webp\",\"contentUrl\":\"https:\/\/pacific-credo.fr\/wp-content\/uploads\/2024\/07\/\u00aeCREDO.webp\",\"width\":637,\"height\":591,\"caption\":\"Credo\"},\"image\":{\"@id\":\"https:\/\/pacific-credo.fr\/en\/#\/schema\/logo\/image\/\"},\"sameAs\":[\"https:\/\/www.facebook.com\/people\/CREDO-Centre-de-Recherche-et-de-Documentation-sur-lOcanie\/100087147725332\/\",\"https:\/\/www.linkedin.com\/company\/credo-centre-de-recherche-et-de-documentation-sur-l-ocanie\/about\/?viewAsMember=true\"]}]}<\/script>\n<!-- \/ Yoast SEO plugin. -->","yoast_head_json":{"title":"Conformit\u00e9 RGAA : Partielle - Credo","robots":{"index":"index","follow":"follow","max-snippet":"max-snippet:-1","max-image-preview":"max-image-preview:large","max-video-preview":"max-video-preview:-1"},"canonical":"https:\/\/pacific-credo.fr\/en\/conformite-rgaa-totale\/","og_locale":"en_US","og_type":"article","og_title":"Conformit\u00e9 RGAA : Partielle - Credo","og_description":"Le Credo s\u2019engage \u00e0 rendre son site internet accessible \u00e0 tous, conform\u00e9ment \u00e0 l\u2019article 47 de la loi n\u00b0 2005-102 du 11 f\u00e9vrier 2005. La pr\u00e9sente d\u00e9claration d\u2019accessibilit\u00e9 concerne le site internet du Credo : pacific-credo.fr \u00a0 Auditeur L&rsquo;agence Wagaia a pilot\u00e9 la d\u00e9marche d\u2019accessibilit\u00e9 du site tout au long de sa conception, r\u00e9alis\u00e9 l\u2019audit [&hellip;]","og_url":"https:\/\/pacific-credo.fr\/en\/conformite-rgaa-totale\/","og_site_name":"Credo","article_publisher":"https:\/\/www.facebook.com\/people\/CREDO-Centre-de-Recherche-et-de-Documentation-sur-lOcanie\/100087147725332\/","article_modified_time":"2026-01-21T08:37:28+00:00","twitter_card":"summary_large_image","twitter_misc":{"Est. reading time":"3 minutes"},"schema":{"@context":"https:\/\/schema.org","@graph":[{"@type":"WebPage","@id":"https:\/\/pacific-credo.fr\/conformite-rgaa-totale\/","url":"https:\/\/pacific-credo.fr\/conformite-rgaa-totale\/","name":"Conformit\u00e9 RGAA : Partielle - Credo","isPartOf":{"@id":"https:\/\/pacific-credo.fr\/en\/#website"},"datePublished":"2025-11-17T08:53:38+00:00","dateModified":"2026-01-21T08:37:28+00:00","breadcrumb":{"@id":"https:\/\/pacific-credo.fr\/conformite-rgaa-totale\/#breadcrumb"},"inLanguage":"en-US","potentialAction":[{"@type":"ReadAction","target":["https:\/\/pacific-credo.fr\/conformite-rgaa-totale\/"]}]},{"@type":"BreadcrumbList","@id":"https:\/\/pacific-credo.fr\/conformite-rgaa-totale\/#breadcrumb","itemListElement":[{"@type":"ListItem","position":1,"name":"Accueil","item":"https:\/\/pacific-credo.fr\/"},{"@type":"ListItem","position":2,"name":"Conformit\u00e9 RGAA : Partielle"}]},{"@type":"WebSite","@id":"https:\/\/pacific-credo.fr\/en\/#website","url":"https:\/\/pacific-credo.fr\/en\/","name":"Credo","description":"","publisher":{"@id":"https:\/\/pacific-credo.fr\/en\/#organization"},"potentialAction":[{"@type":"SearchAction","target":{"@type":"EntryPoint","urlTemplate":"https:\/\/pacific-credo.fr\/en\/?s={search_term_string}"},"query-input":{"@type":"PropertyValueSpecification","valueRequired":true,"valueName":"search_term_string"}}],"inLanguage":"en-US"},{"@type":"Organization","@id":"https:\/\/pacific-credo.fr\/en\/#organization","name":"Credo","url":"https:\/\/pacific-credo.fr\/en\/","logo":{"@type":"ImageObject","inLanguage":"en-US","@id":"https:\/\/pacific-credo.fr\/en\/#\/schema\/logo\/image\/","url":"https:\/\/pacific-credo.fr\/wp-content\/uploads\/2024\/07\/\u00aeCREDO.webp","contentUrl":"https:\/\/pacific-credo.fr\/wp-content\/uploads\/2024\/07\/\u00aeCREDO.webp","width":637,"height":591,"caption":"Credo"},"image":{"@id":"https:\/\/pacific-credo.fr\/en\/#\/schema\/logo\/image\/"},"sameAs":["https:\/\/www.facebook.com\/people\/CREDO-Centre-de-Recherche-et-de-Documentation-sur-lOcanie\/100087147725332\/","https:\/\/www.linkedin.com\/company\/credo-centre-de-recherche-et-de-documentation-sur-l-ocanie\/about\/?viewAsMember=true"]}]}},"_links":{"self":[{"href":"https:\/\/pacific-credo.fr\/en\/wp-json\/wp\/v2\/pages\/16690","targetHints":{"allow":["GET"]}}],"collection":[{"href":"https:\/\/pacific-credo.fr\/en\/wp-json\/wp\/v2\/pages"}],"about":[{"href":"https:\/\/pacific-credo.fr\/en\/wp-json\/wp\/v2\/types\/page"}],"author":[{"embeddable":true,"href":"https:\/\/pacific-credo.fr\/en\/wp-json\/wp\/v2\/users\/1"}],"replies":[{"embeddable":true,"href":"https:\/\/pacific-credo.fr\/en\/wp-json\/wp\/v2\/comments?post=16690"}],"version-history":[{"count":10,"href":"https:\/\/pacific-credo.fr\/en\/wp-json\/wp\/v2\/pages\/16690\/revisions"}],"predecessor-version":[{"id":17092,"href":"https:\/\/pacific-credo.fr\/en\/wp-json\/wp\/v2\/pages\/16690\/revisions\/17092"}],"wp:attachment":[{"href":"https:\/\/pacific-credo.fr\/en\/wp-json\/wp\/v2\/media?parent=16690"}],"curies":[{"name":"wp","href":"https:\/\/api.w.org\/{rel}","templated":true}]}}