{"id":16682,"date":"2025-11-16T23:50:24","date_gmt":"2025-11-16T22:50:24","guid":{"rendered":"https:\/\/pacific-credo.fr\/?page_id=16682"},"modified":"2025-11-16T23:51:22","modified_gmt":"2025-11-16T22:51:22","slug":"plan-du-site","status":"publish","type":"page","link":"https:\/\/pacific-credo.fr\/en\/plan-du-site\/","title":{"rendered":"Plan du site"},"content":{"rendered":"<div data-elementor-type=\"wp-page\" data-elementor-id=\"16682\" class=\"elementor elementor-16682\" data-elementor-post-type=\"page\">\n\t\t\t\t<div class=\"elementor-element elementor-element-548f562 e-con-full e-flex e-con e-parent\" data-id=\"548f562\" data-element_type=\"container\" data-settings=\"{&quot;background_background&quot;:&quot;classic&quot;}\">\n\t\t\t\t<div class=\"elementor-element elementor-element-3e6a7ec elementor-widget elementor-widget-heading\" data-id=\"3e6a7ec\" data-element_type=\"widget\" data-widget_type=\"heading.default\">\n\t\t\t\t<div class=\"elementor-widget-container\">\n\t\t\t\t\t<h1 class=\"elementor-heading-title elementor-size-default\">Plan du site<\/h1>\t\t\t\t<\/div>\n\t\t\t\t<\/div>\n\t\t\t\t<\/div>\n\t\t<div class=\"elementor-element elementor-element-2456bff e-flex e-con-boxed e-con e-parent\" data-id=\"2456bff\" data-element_type=\"container\">\n\t\t\t\t\t<div class=\"e-con-inner\">\n\t\t\t\t<div class=\"elementor-element elementor-element-9ce1684 elementor-widget elementor-widget-text-editor\" data-id=\"9ce1684\" data-element_type=\"widget\" data-widget_type=\"text-editor.default\">\n\t\t\t\t<div class=\"elementor-widget-container\">\n\t\t\t\t\t\t\t\t\t<section id=\"sitemap\">\n\n    <ul>\n        <li>\n            <a href=\"https:\/\/pacific-credo.fr\/en\/\">Accueil<\/a>\n        <\/li>\n\n        <li>\n            <a href=\"https:\/\/pacific-credo.fr\/en\/le-credo\/\">CREDO<\/a>\n            <ul>\n                <li><a href=\"https:\/\/pacific-credo.fr\/en\/le-credo\/presentation\/\">Presentation<\/a><\/li>\n                <li><a href=\"https:\/\/pacific-credo.fr\/en\/le-credo\/equipe-et-doctorants\/\">\u00c9quipe et doctorants<\/a><\/li>\n                <li><a href=\"https:\/\/pacific-credo.fr\/en\/le-credo\/contact-et-accueil\/\">Contact and access<\/a><\/li>\n                <li><a href=\"https:\/\/pacific-credo.fr\/en\/le-credo\/comite-dethique\/\">Comit\u00e9 d\u2019\u00c9thique<\/a><\/li>\n            <\/ul>\n        <\/li>\n\n        <li>\n            <a href=\"https:\/\/pacific-credo.fr\/en\/le-seminaire-du-credo\/\">CREDO seminar series<\/a>\n            <ul>\n                <li><a href=\"https:\/\/pacific-credo.fr\/en\/le-seminaire-du-credo\/seminaire-du-credo-2025-2026\/\">S\u00e9minaires du CREDO 2025-2026<\/a><\/li>\n                <li><a href=\"https:\/\/pacific-credo.fr\/en\/le-seminaire-du-credo\/seminaires-precedents\/\">Previous seminars<\/a><\/li>\n            <\/ul>\n        <\/li>\n\n        <li>\n            <a href=\"https:\/\/pacific-credo.fr\/en\/recherche\/\">Research<\/a>\n            <ul>\n                <li><a href=\"https:\/\/pacific-credo.fr\/en\/recherche\/les-axes-scientifiques\/\">Research themes<\/a><\/li>\n                <li><a href=\"https:\/\/pacific-credo.fr\/en\/recherche\/publications-scientifiques\/\">Scientific publications<\/a><\/li>\n                <li><a href=\"https:\/\/pacific-credo.fr\/en\/recherche\/colloques-et-journees\/\">Conferences and workshops<\/a><\/li>\n                <li><a href=\"https:\/\/pacific-credo.fr\/en\/recherche\/mediation-scientifique\/\">Scientific mediation<\/a><\/li>\n                <li><a href=\"https:\/\/pacific-credo.fr\/en\/recherche\/interventions-exterieures\/\">Members' outside involvement<\/a><\/li>\n                <li><a href=\"https:\/\/pacific-credo.fr\/en\/recherche\/programmes-collaboratifs\/\">Collaborative programmes<\/a><\/li>\n            <\/ul>\n        <\/li>\n\n        <li>\n            <a href=\"https:\/\/pacific-credo.fr\/en\/enseignement\/\">Lessons<\/a>\n            <ul>\n                <li><a href=\"https:\/\/pacific-credo.fr\/en\/enseignement\/master\/\">Bachelor and Master<\/a><\/li>\n                <li><a href=\"https:\/\/pacific-credo.fr\/en\/enseignement\/doctorat\/\">Phd<\/a><\/li>\n                <li><a href=\"https:\/\/pacific-credo.fr\/en\/enseignement\/theses-soutenues\/\">Submitted thesis<\/a><\/li>\n                <li><a href=\"https:\/\/pacific-credo.fr\/en\/enseignement\/liste-de-discussion-etudiants\/\">Students discussion list<\/a><\/li>\n            <\/ul>\n        <\/li>\n\n        <li>\n            <a href=\"https:\/\/pacific-credo.fr\/en\/documentation-et-archives\/\">Documentation and archives<\/a>\n            <ul>\n                <li><a href=\"https:\/\/pacific-credo.fr\/en\/documentation-et-archives\/le-centre-de-documentation\/\">Documentation center<\/a><\/li>\n                <li><a href=\"https:\/\/pacific-credo.fr\/en\/documentation-et-archives\/les-archives-scientifiques\/\">Scientific archives<\/a><\/li>\n            <\/ul>\n        <\/li>\n\n        <li>\n            <a href=\"https:\/\/pacific-credo.fr\/en\/les-editions-du-credo\/\">Credo editions<\/a>\n            <ul>\n                <li><a href=\"https:\/\/pacific-credo.fr\/en\/les-editions-du-credo\/les-editions-credo-inalco\/\">CREDO \/ Inalco editions<\/a><\/li>\n                <li><a href=\"https:\/\/pacific-credo.fr\/en\/les-editions-du-credo\/pacific-credo-publications\/\">Pacific-Credo publications<\/a><\/li>\n            <\/ul>\n        <\/li>\n\n        <li>\n            <a href=\"https:\/\/pacific-credo.fr\/en\/intranet\/\">Intranet<\/a>\n        <\/li>\n\n        <li>\n            <a href=\"https:\/\/pacific-credo.fr\/en\/mentions-legales\/\">Mentions l\u00e9gales<\/a>\n        <\/li>\n        <li>\n            <a href=\"https:\/\/pacific-credo.fr\/en\/politique-de-confidentialite\/\">Privacy policy<\/a>\n        <\/li>\n    <\/ul>\n<\/section>\n\t\t\t\t\t\t\t\t<\/div>\n\t\t\t\t<\/div>\n\t\t\t\t\t<\/div>\n\t\t\t\t<\/div>\n\t\t\t\t<\/div>","protected":false},"excerpt":{"rendered":"<p>Accueil Le CREDO Pr\u00e9sentation \u00c9quipe et doctorants Contact et accueil Comit\u00e9 d\u2019\u00c9thique Le s\u00e9minaire du CREDO S\u00e9minaires du CREDO 2025-2026 S\u00e9minaires pr\u00e9c\u00e9dents Recherche Les axes scientifiques Publications scientifiques Colloques et journ\u00e9es d\u2019\u00e9tudes M\u00e9diation scientifique Interventions ext\u00e9rieures Programmes collaboratifs Enseignement Licence et Master Doctorat Th\u00e8ses soutenues Liste de discussion \u00e9tudiants Documentation et Archives Le Centre de [&hellip;]<\/p>","protected":false},"author":1,"featured_media":0,"parent":0,"menu_order":0,"comment_status":"closed","ping_status":"closed","template":"page.php","meta":{"_acf_changed":false,"footnotes":""},"class_list":["post-16682","page","type-page","status-publish","hentry"],"acf":[],"yoast_head":"<!-- This site is optimized with the Yoast SEO plugin v26.6 - https:\/\/yoast.com\/wordpress\/plugins\/seo\/ -->\n<title>Plan du site - Credo<\/title>\n<meta name=\"robots\" content=\"index, follow, max-snippet:-1, max-image-preview:large, max-video-preview:-1\" \/>\n<link rel=\"canonical\" href=\"https:\/\/pacific-credo.fr\/en\/plan-du-site\/\" \/>\n<meta property=\"og:locale\" content=\"en_US\" \/>\n<meta property=\"og:type\" content=\"article\" \/>\n<meta property=\"og:title\" content=\"Plan du site - Credo\" \/>\n<meta property=\"og:description\" content=\"Accueil Le CREDO Pr\u00e9sentation \u00c9quipe et doctorants Contact et accueil Comit\u00e9 d\u2019\u00c9thique Le s\u00e9minaire du CREDO S\u00e9minaires du CREDO 2025-2026 S\u00e9minaires pr\u00e9c\u00e9dents Recherche Les axes scientifiques Publications scientifiques Colloques et journ\u00e9es d\u2019\u00e9tudes M\u00e9diation scientifique Interventions ext\u00e9rieures Programmes collaboratifs Enseignement Licence et Master Doctorat Th\u00e8ses soutenues Liste de discussion \u00e9tudiants Documentation et Archives Le Centre de [&hellip;]\" \/>\n<meta property=\"og:url\" content=\"https:\/\/pacific-credo.fr\/en\/plan-du-site\/\" \/>\n<meta property=\"og:site_name\" content=\"Credo\" \/>\n<meta property=\"article:publisher\" content=\"https:\/\/www.facebook.com\/people\/CREDO-Centre-de-Recherche-et-de-Documentation-sur-lOcanie\/100087147725332\/\" \/>\n<meta property=\"article:modified_time\" content=\"2025-11-16T22:51:22+00:00\" \/>\n<meta name=\"twitter:card\" content=\"summary_large_image\" \/>\n<meta name=\"twitter:label1\" content=\"Est. reading time\" \/>\n\t<meta name=\"twitter:data1\" content=\"1 minute\" \/>\n<script type=\"application\/ld+json\" class=\"yoast-schema-graph\">{\"@context\":\"https:\/\/schema.org\",\"@graph\":[{\"@type\":\"WebPage\",\"@id\":\"https:\/\/pacific-credo.fr\/plan-du-site\/\",\"url\":\"https:\/\/pacific-credo.fr\/plan-du-site\/\",\"name\":\"Plan du site - Credo\",\"isPartOf\":{\"@id\":\"https:\/\/pacific-credo.fr\/en\/#website\"},\"datePublished\":\"2025-11-16T22:50:24+00:00\",\"dateModified\":\"2025-11-16T22:51:22+00:00\",\"breadcrumb\":{\"@id\":\"https:\/\/pacific-credo.fr\/plan-du-site\/#breadcrumb\"},\"inLanguage\":\"en-US\",\"potentialAction\":[{\"@type\":\"ReadAction\",\"target\":[\"https:\/\/pacific-credo.fr\/plan-du-site\/\"]}]},{\"@type\":\"BreadcrumbList\",\"@id\":\"https:\/\/pacific-credo.fr\/plan-du-site\/#breadcrumb\",\"itemListElement\":[{\"@type\":\"ListItem\",\"position\":1,\"name\":\"Accueil\",\"item\":\"https:\/\/pacific-credo.fr\/\"},{\"@type\":\"ListItem\",\"position\":2,\"name\":\"Plan du site\"}]},{\"@type\":\"WebSite\",\"@id\":\"https:\/\/pacific-credo.fr\/en\/#website\",\"url\":\"https:\/\/pacific-credo.fr\/en\/\",\"name\":\"Credo\",\"description\":\"\",\"publisher\":{\"@id\":\"https:\/\/pacific-credo.fr\/en\/#organization\"},\"potentialAction\":[{\"@type\":\"SearchAction\",\"target\":{\"@type\":\"EntryPoint\",\"urlTemplate\":\"https:\/\/pacific-credo.fr\/en\/?s={search_term_string}\"},\"query-input\":{\"@type\":\"PropertyValueSpecification\",\"valueRequired\":true,\"valueName\":\"search_term_string\"}}],\"inLanguage\":\"en-US\"},{\"@type\":\"Organization\",\"@id\":\"https:\/\/pacific-credo.fr\/en\/#organization\",\"name\":\"Credo\",\"url\":\"https:\/\/pacific-credo.fr\/en\/\",\"logo\":{\"@type\":\"ImageObject\",\"inLanguage\":\"en-US\",\"@id\":\"https:\/\/pacific-credo.fr\/en\/#\/schema\/logo\/image\/\",\"url\":\"https:\/\/pacific-credo.fr\/wp-content\/uploads\/2024\/07\/\u00aeCREDO.webp\",\"contentUrl\":\"https:\/\/pacific-credo.fr\/wp-content\/uploads\/2024\/07\/\u00aeCREDO.webp\",\"width\":637,\"height\":591,\"caption\":\"Credo\"},\"image\":{\"@id\":\"https:\/\/pacific-credo.fr\/en\/#\/schema\/logo\/image\/\"},\"sameAs\":[\"https:\/\/www.facebook.com\/people\/CREDO-Centre-de-Recherche-et-de-Documentation-sur-lOcanie\/100087147725332\/\",\"https:\/\/www.linkedin.com\/company\/credo-centre-de-recherche-et-de-documentation-sur-l-ocanie\/about\/?viewAsMember=true\"]}]}<\/script>\n<!-- \/ Yoast SEO plugin. -->","yoast_head_json":{"title":"Plan du site - Credo","robots":{"index":"index","follow":"follow","max-snippet":"max-snippet:-1","max-image-preview":"max-image-preview:large","max-video-preview":"max-video-preview:-1"},"canonical":"https:\/\/pacific-credo.fr\/en\/plan-du-site\/","og_locale":"en_US","og_type":"article","og_title":"Plan du site - Credo","og_description":"Accueil Le CREDO Pr\u00e9sentation \u00c9quipe et doctorants Contact et accueil Comit\u00e9 d\u2019\u00c9thique Le s\u00e9minaire du CREDO S\u00e9minaires du CREDO 2025-2026 S\u00e9minaires pr\u00e9c\u00e9dents Recherche Les axes scientifiques Publications scientifiques Colloques et journ\u00e9es d\u2019\u00e9tudes M\u00e9diation scientifique Interventions ext\u00e9rieures Programmes collaboratifs Enseignement Licence et Master Doctorat Th\u00e8ses soutenues Liste de discussion \u00e9tudiants Documentation et Archives Le Centre de [&hellip;]","og_url":"https:\/\/pacific-credo.fr\/en\/plan-du-site\/","og_site_name":"Credo","article_publisher":"https:\/\/www.facebook.com\/people\/CREDO-Centre-de-Recherche-et-de-Documentation-sur-lOcanie\/100087147725332\/","article_modified_time":"2025-11-16T22:51:22+00:00","twitter_card":"summary_large_image","twitter_misc":{"Est. reading time":"1 minute"},"schema":{"@context":"https:\/\/schema.org","@graph":[{"@type":"WebPage","@id":"https:\/\/pacific-credo.fr\/plan-du-site\/","url":"https:\/\/pacific-credo.fr\/plan-du-site\/","name":"Plan du site - Credo","isPartOf":{"@id":"https:\/\/pacific-credo.fr\/en\/#website"},"datePublished":"2025-11-16T22:50:24+00:00","dateModified":"2025-11-16T22:51:22+00:00","breadcrumb":{"@id":"https:\/\/pacific-credo.fr\/plan-du-site\/#breadcrumb"},"inLanguage":"en-US","potentialAction":[{"@type":"ReadAction","target":["https:\/\/pacific-credo.fr\/plan-du-site\/"]}]},{"@type":"BreadcrumbList","@id":"https:\/\/pacific-credo.fr\/plan-du-site\/#breadcrumb","itemListElement":[{"@type":"ListItem","position":1,"name":"Accueil","item":"https:\/\/pacific-credo.fr\/"},{"@type":"ListItem","position":2,"name":"Plan du site"}]},{"@type":"WebSite","@id":"https:\/\/pacific-credo.fr\/en\/#website","url":"https:\/\/pacific-credo.fr\/en\/","name":"Credo","description":"","publisher":{"@id":"https:\/\/pacific-credo.fr\/en\/#organization"},"potentialAction":[{"@type":"SearchAction","target":{"@type":"EntryPoint","urlTemplate":"https:\/\/pacific-credo.fr\/en\/?s={search_term_string}"},"query-input":{"@type":"PropertyValueSpecification","valueRequired":true,"valueName":"search_term_string"}}],"inLanguage":"en-US"},{"@type":"Organization","@id":"https:\/\/pacific-credo.fr\/en\/#organization","name":"Credo","url":"https:\/\/pacific-credo.fr\/en\/","logo":{"@type":"ImageObject","inLanguage":"en-US","@id":"https:\/\/pacific-credo.fr\/en\/#\/schema\/logo\/image\/","url":"https:\/\/pacific-credo.fr\/wp-content\/uploads\/2024\/07\/\u00aeCREDO.webp","contentUrl":"https:\/\/pacific-credo.fr\/wp-content\/uploads\/2024\/07\/\u00aeCREDO.webp","width":637,"height":591,"caption":"Credo"},"image":{"@id":"https:\/\/pacific-credo.fr\/en\/#\/schema\/logo\/image\/"},"sameAs":["https:\/\/www.facebook.com\/people\/CREDO-Centre-de-Recherche-et-de-Documentation-sur-lOcanie\/100087147725332\/","https:\/\/www.linkedin.com\/company\/credo-centre-de-recherche-et-de-documentation-sur-l-ocanie\/about\/?viewAsMember=true"]}]}},"_links":{"self":[{"href":"https:\/\/pacific-credo.fr\/en\/wp-json\/wp\/v2\/pages\/16682","targetHints":{"allow":["GET"]}}],"collection":[{"href":"https:\/\/pacific-credo.fr\/en\/wp-json\/wp\/v2\/pages"}],"about":[{"href":"https:\/\/pacific-credo.fr\/en\/wp-json\/wp\/v2\/types\/page"}],"author":[{"embeddable":true,"href":"https:\/\/pacific-credo.fr\/en\/wp-json\/wp\/v2\/users\/1"}],"replies":[{"embeddable":true,"href":"https:\/\/pacific-credo.fr\/en\/wp-json\/wp\/v2\/comments?post=16682"}],"version-history":[{"count":4,"href":"https:\/\/pacific-credo.fr\/en\/wp-json\/wp\/v2\/pages\/16682\/revisions"}],"predecessor-version":[{"id":16686,"href":"https:\/\/pacific-credo.fr\/en\/wp-json\/wp\/v2\/pages\/16682\/revisions\/16686"}],"wp:attachment":[{"href":"https:\/\/pacific-credo.fr\/en\/wp-json\/wp\/v2\/media?parent=16682"}],"curies":[{"name":"wp","href":"https:\/\/api.w.org\/{rel}","templated":true}]}}