{"id":11381,"date":"2025-02-24T00:37:10","date_gmt":"2025-02-23T23:37:10","guid":{"rendered":"https:\/\/pacific-credo.fr\/?page_id=11381"},"modified":"2025-02-24T00:40:03","modified_gmt":"2025-02-23T23:40:03","slug":"souverainetes-et-radicalites-imaginaires-globalises-et-constructions-locales","status":"publish","type":"page","link":"https:\/\/pacific-credo.fr\/en\/recherche\/les-axes-scientifiques\/souverainetes-et-radicalites-imaginaires-globalises-et-constructions-locales\/","title":{"rendered":"Souverainet\u00e9s et radicalit\u00e9s : Imaginaires globalis\u00e9s et constructions locales"},"content":{"rendered":"<div data-elementor-type=\"wp-page\" data-elementor-id=\"11381\" class=\"elementor elementor-11381\" data-elementor-post-type=\"page\">\n\t\t\t\t<div class=\"elementor-element elementor-element-548f562 e-con-full e-flex e-con e-parent\" data-id=\"548f562\" data-element_type=\"container\" data-settings=\"{&quot;background_background&quot;:&quot;classic&quot;}\">\n\t\t\t\t<div class=\"elementor-element elementor-element-3e6a7ec elementor-widget elementor-widget-heading\" data-id=\"3e6a7ec\" data-element_type=\"widget\" data-widget_type=\"heading.default\">\n\t\t\t\t<div class=\"elementor-widget-container\">\n\t\t\t\t\t<h1 class=\"elementor-heading-title elementor-size-default\">Souverainet\u00e9s et radicalit\u00e9s : Imaginaires globalis\u00e9s et constructions locales\n<\/h1>\t\t\t\t<\/div>\n\t\t\t\t<\/div>\n\t\t\t\t<\/div>\n\t\t<div class=\"elementor-element elementor-element-c54676c e-flex e-con-boxed e-con e-parent\" data-id=\"c54676c\" data-element_type=\"container\">\n\t\t\t\t\t<div class=\"e-con-inner\">\n\t\t<div class=\"elementor-element elementor-element-3a30477 e-con-full e-flex e-con e-child\" data-id=\"3a30477\" data-element_type=\"container\">\n\t\t\t\t<div class=\"elementor-element elementor-element-047f3e7 elementor-widget elementor-widget-text-editor\" data-id=\"047f3e7\" data-element_type=\"widget\" data-widget_type=\"text-editor.default\">\n\t\t\t\t<div class=\"elementor-widget-container\">\n\t\t\t\t\t\t\t\t\t<p>Les mondes insulaires du Pacifique Sud ont int\u00e9gr\u00e9 l\u2019histoire universelle en tant qu\u2019ultime fronti\u00e8re de l\u2019expansion occidentale. Depuis leur christianisation, principal ressort \u00e0 leur colonisation, ils ont travers\u00e9 plusieurs grandes crises sociales et p\u00e9riodes de d\u00e9stabilisation culturelle. Les r\u00e9percussions en ont \u00e9t\u00e9 plus ou moins intens\u00e9ment ressenties par les populations locales selon les enjeux et les strat\u00e9gies d\u00e9ploy\u00e9es pour le contr\u00f4le de tel ou tel archipel ou sous-ensemble r\u00e9gional. Ces crises d\u00e9finissent l\u2019irruption, puis l\u2019ancrage de la modernit\u00e9 en tant que devenir-monde de la diffusion de mat\u00e9rialit\u00e9s et d\u2019id\u00e9alit\u00e9s, de l\u2019exportation de marchandises, de normes et d\u2019id\u00e9ologies, vers ces horizons g\u00e9ographiques ant\u00e9rieurement stigmatis\u00e9s par l\u2019Occident comme derniers \u00ab territoires de la primitivit\u00e9 \u00bb. Ces moments critiques ont \u00e9galement plac\u00e9 l\u2019anthropologie aux avant-postes de l\u2019observation des processus de changements sociaux et culturels drastiques, mais il fallut attendre l\u2019apr\u00e8s Seconde Guerre mondiale pour que les sciences sociales se plongent intens\u00e9ment dans l\u2019\u00e9tude des cons\u00e9quences de ces changements radicaux, du point de vue des conceptions des insulaires du Pacifique eux-m\u00eames. Pens\u00e9s d\u2019abord en termes d\u2019\u00ab acculturation \u00bb, de \u00ab d\u00e9culturation \u00bb, d\u2019\u00ab occidentalisation \u00bb et soulignant ainsi la passivit\u00e9 des populations locales, l\u2019analyse de ces changements s\u2019est vue restituer toute sa complexit\u00e9 relationnelle, avec notamment le changement de paradigme provoqu\u00e9 par les travaux de Marshall Sahlins (et des nombreux commentateurs qui l\u2019ont suivi dans cette t\u00e2che), avec des propositions th\u00e9oriques aussi importantes que la \u00ab structure de la conjoncture \u00bb ou \u00ab l\u2019indig\u00e9n\u00e9isation de la modernit\u00e9 \u00bb.<\/p><p>Suivant ce cadre historique, l\u2019intention de cet axe de recherche est d\u2019insister sur les moments critiques de la confrontation entre des dynamiques politiques, \u00e9conomiques, juridiques, religieuses, culturelles, sociales, et de pr\u00e9ciser les \u00e9tapes de leurs interactions avec des influences globales. Celles d\u2019une \u00ab culture-monde \u00bb (world culture) suscitent en retour des constructions locales qui, en des phases de tension, ont g\u00e9n\u00e9r\u00e9 des r\u00e9ponses radicales (mouvements indig\u00e9nistes, conversions concurrentielles, d\u00e9rives sectaires ou ethnonationalismes). Pour saisir dans leur diversit\u00e9 les expressions contemporaines de ces \u00ab radicalit\u00e9s \u00bb, il appara\u00eet pertinent, dans des contextes post- ou trans-nationaux, de les analyser en termes de revendication de \u00ab souverainet\u00e9s \u00bb extra- ou infra-\u00e9tatiques, \u00e0 diverses \u00e9chelles sociales. Aux r\u00e9percussions individuelles et collectives des reconfigurations du fait politique en Oc\u00e9anie vient s\u2019ajouter une dimension g\u00e9o-politique li\u00e9e notamment \u00e0 la consolidation des diasporas, des mouvements migratoires et des ing\u00e9rences des puissances r\u00e9gionales.<\/p>\t\t\t\t\t\t\t\t<\/div>\n\t\t\t\t<\/div>\n\t\t\t\t<\/div>\n\t\t\t\t\t<\/div>\n\t\t\t\t<\/div>\n\t\t<div class=\"elementor-element elementor-element-d101bfc e-flex e-con-boxed e-con e-parent\" data-id=\"d101bfc\" data-element_type=\"container\">\n\t\t\t\t\t<div class=\"e-con-inner\">\n\t\t<div class=\"elementor-element elementor-element-67c6910 e-con-full e-flex e-con e-child\" data-id=\"67c6910\" data-element_type=\"container\">\n\t\t\t\t<div class=\"elementor-element elementor-element-20250d2 animated-fast elementor-invisible elementor-widget elementor-widget-heading\" data-id=\"20250d2\" data-element_type=\"widget\" data-settings=\"{&quot;_animation&quot;:&quot;fadeInUp&quot;}\" data-widget_type=\"heading.default\">\n\t\t\t\t<div class=\"elementor-widget-container\">\n\t\t\t\t\t<h3 class=\"elementor-heading-title elementor-size-default\">Participeront \u00e0 ce th\u00e8me les personnes suivantes<\/h3>\t\t\t\t<\/div>\n\t\t\t\t<\/div>\n\t\t\t\t<\/div>\n\t\t\t\t\t<\/div>\n\t\t\t\t<\/div>\n\t\t<div class=\"elementor-element elementor-element-6ba7808 e-flex e-con-boxed e-con e-parent\" data-id=\"6ba7808\" data-element_type=\"container\">\n\t\t\t\t\t<div class=\"e-con-inner\">\n\t\t<div class=\"elementor-element elementor-element-78ba923 e-con-full e-flex e-con e-child\" data-id=\"78ba923\" data-element_type=\"container\" data-settings=\"{&quot;background_background&quot;:&quot;classic&quot;}\">\n\t\t\t\t<div class=\"elementor-element elementor-element-f0f67bc elementor-widget elementor-widget-heading\" data-id=\"f0f67bc\" data-element_type=\"widget\" data-widget_type=\"heading.default\">\n\t\t\t\t<div class=\"elementor-widget-container\">\n\t\t\t\t\t<h4 class=\"elementor-heading-title elementor-size-default\">Les titulaires<\/h4>\t\t\t\t<\/div>\n\t\t\t\t<\/div>\n\t\t\t\t<div class=\"elementor-element elementor-element-31ce077 elementor-widget elementor-widget-text-editor\" data-id=\"31ce077\" data-element_type=\"widget\" data-widget_type=\"text-editor.default\">\n\t\t\t\t<div class=\"elementor-widget-container\">\n\t\t\t\t\t\t\t\t\t<p>Lorenzo Brutti<br \/>Marc Tabani,<br \/>Serge Tcherk\u00e9zoff<\/p>\t\t\t\t\t\t\t\t<\/div>\n\t\t\t\t<\/div>\n\t\t\t\t<\/div>\n\t\t\t\t\t<\/div>\n\t\t\t\t<\/div>\n\t\t\t\t<\/div>","protected":false},"excerpt":{"rendered":"<p>Souverainet\u00e9s et radicalit\u00e9s : Imaginaires globalis\u00e9s et constructions locales Les mondes insulaires du Pacifique Sud ont int\u00e9gr\u00e9 l\u2019histoire universelle en tant qu\u2019ultime fronti\u00e8re de l\u2019expansion occidentale. Depuis leur christianisation, principal ressort \u00e0 leur colonisation, ils ont travers\u00e9 plusieurs grandes crises sociales et p\u00e9riodes de d\u00e9stabilisation culturelle. Les r\u00e9percussions en ont \u00e9t\u00e9 plus ou moins intens\u00e9ment [&hellip;]<\/p>","protected":false},"author":1,"featured_media":0,"parent":8034,"menu_order":0,"comment_status":"closed","ping_status":"closed","template":"page.php","meta":{"_acf_changed":false,"footnotes":""},"class_list":["post-11381","page","type-page","status-publish","hentry"],"acf":[],"yoast_head":"<!-- This site is optimized with the Yoast SEO plugin v26.6 - https:\/\/yoast.com\/wordpress\/plugins\/seo\/ -->\n<title>Souverainet\u00e9s et radicalit\u00e9s : Imaginaires globalis\u00e9s et constructions locales - Credo<\/title>\n<meta name=\"robots\" content=\"index, follow, max-snippet:-1, max-image-preview:large, max-video-preview:-1\" \/>\n<link rel=\"canonical\" href=\"https:\/\/pacific-credo.fr\/en\/recherche\/les-axes-scientifiques\/souverainetes-et-radicalites-imaginaires-globalises-et-constructions-locales\/\" \/>\n<meta property=\"og:locale\" content=\"en_US\" \/>\n<meta property=\"og:type\" content=\"article\" \/>\n<meta property=\"og:title\" content=\"Souverainet\u00e9s et radicalit\u00e9s : Imaginaires globalis\u00e9s et constructions locales - Credo\" \/>\n<meta property=\"og:description\" content=\"Souverainet\u00e9s et radicalit\u00e9s : Imaginaires globalis\u00e9s et constructions locales Les mondes insulaires du Pacifique Sud ont int\u00e9gr\u00e9 l\u2019histoire universelle en tant qu\u2019ultime fronti\u00e8re de l\u2019expansion occidentale. Depuis leur christianisation, principal ressort \u00e0 leur colonisation, ils ont travers\u00e9 plusieurs grandes crises sociales et p\u00e9riodes de d\u00e9stabilisation culturelle. Les r\u00e9percussions en ont \u00e9t\u00e9 plus ou moins intens\u00e9ment [&hellip;]\" \/>\n<meta property=\"og:url\" content=\"https:\/\/pacific-credo.fr\/en\/recherche\/les-axes-scientifiques\/souverainetes-et-radicalites-imaginaires-globalises-et-constructions-locales\/\" \/>\n<meta property=\"og:site_name\" content=\"Credo\" \/>\n<meta property=\"article:publisher\" content=\"https:\/\/www.facebook.com\/people\/CREDO-Centre-de-Recherche-et-de-Documentation-sur-lOcanie\/100087147725332\/\" \/>\n<meta property=\"article:modified_time\" content=\"2025-02-23T23:40:03+00:00\" \/>\n<meta name=\"twitter:card\" content=\"summary_large_image\" \/>\n<meta name=\"twitter:label1\" content=\"Est. reading time\" \/>\n\t<meta name=\"twitter:data1\" content=\"2 minutes\" \/>\n<script type=\"application\/ld+json\" class=\"yoast-schema-graph\">{\"@context\":\"https:\/\/schema.org\",\"@graph\":[{\"@type\":\"WebPage\",\"@id\":\"https:\/\/pacific-credo.fr\/recherche\/les-axes-scientifiques\/souverainetes-et-radicalites-imaginaires-globalises-et-constructions-locales\/\",\"url\":\"https:\/\/pacific-credo.fr\/recherche\/les-axes-scientifiques\/souverainetes-et-radicalites-imaginaires-globalises-et-constructions-locales\/\",\"name\":\"Souverainet\u00e9s et radicalit\u00e9s : Imaginaires globalis\u00e9s et constructions locales - Credo\",\"isPartOf\":{\"@id\":\"https:\/\/pacific-credo.fr\/en\/#website\"},\"datePublished\":\"2025-02-23T23:37:10+00:00\",\"dateModified\":\"2025-02-23T23:40:03+00:00\",\"breadcrumb\":{\"@id\":\"https:\/\/pacific-credo.fr\/recherche\/les-axes-scientifiques\/souverainetes-et-radicalites-imaginaires-globalises-et-constructions-locales\/#breadcrumb\"},\"inLanguage\":\"en-US\",\"potentialAction\":[{\"@type\":\"ReadAction\",\"target\":[\"https:\/\/pacific-credo.fr\/recherche\/les-axes-scientifiques\/souverainetes-et-radicalites-imaginaires-globalises-et-constructions-locales\/\"]}]},{\"@type\":\"BreadcrumbList\",\"@id\":\"https:\/\/pacific-credo.fr\/recherche\/les-axes-scientifiques\/souverainetes-et-radicalites-imaginaires-globalises-et-constructions-locales\/#breadcrumb\",\"itemListElement\":[{\"@type\":\"ListItem\",\"position\":1,\"name\":\"Accueil\",\"item\":\"https:\/\/pacific-credo.fr\/\"},{\"@type\":\"ListItem\",\"position\":2,\"name\":\"Recherche\",\"item\":\"https:\/\/pacific-credo.fr\/recherche\/\"},{\"@type\":\"ListItem\",\"position\":3,\"name\":\"Les axes scientifiques\",\"item\":\"https:\/\/pacific-credo.fr\/recherche\/les-axes-scientifiques\/\"},{\"@type\":\"ListItem\",\"position\":4,\"name\":\"Souverainet\u00e9s et radicalit\u00e9s : Imaginaires globalis\u00e9s et constructions locales\"}]},{\"@type\":\"WebSite\",\"@id\":\"https:\/\/pacific-credo.fr\/en\/#website\",\"url\":\"https:\/\/pacific-credo.fr\/en\/\",\"name\":\"Credo\",\"description\":\"\",\"publisher\":{\"@id\":\"https:\/\/pacific-credo.fr\/en\/#organization\"},\"potentialAction\":[{\"@type\":\"SearchAction\",\"target\":{\"@type\":\"EntryPoint\",\"urlTemplate\":\"https:\/\/pacific-credo.fr\/en\/?s={search_term_string}\"},\"query-input\":{\"@type\":\"PropertyValueSpecification\",\"valueRequired\":true,\"valueName\":\"search_term_string\"}}],\"inLanguage\":\"en-US\"},{\"@type\":\"Organization\",\"@id\":\"https:\/\/pacific-credo.fr\/en\/#organization\",\"name\":\"Credo\",\"url\":\"https:\/\/pacific-credo.fr\/en\/\",\"logo\":{\"@type\":\"ImageObject\",\"inLanguage\":\"en-US\",\"@id\":\"https:\/\/pacific-credo.fr\/en\/#\/schema\/logo\/image\/\",\"url\":\"https:\/\/pacific-credo.fr\/wp-content\/uploads\/2024\/07\/\u00aeCREDO.webp\",\"contentUrl\":\"https:\/\/pacific-credo.fr\/wp-content\/uploads\/2024\/07\/\u00aeCREDO.webp\",\"width\":637,\"height\":591,\"caption\":\"Credo\"},\"image\":{\"@id\":\"https:\/\/pacific-credo.fr\/en\/#\/schema\/logo\/image\/\"},\"sameAs\":[\"https:\/\/www.facebook.com\/people\/CREDO-Centre-de-Recherche-et-de-Documentation-sur-lOcanie\/100087147725332\/\",\"https:\/\/www.linkedin.com\/company\/credo-centre-de-recherche-et-de-documentation-sur-l-ocanie\/about\/?viewAsMember=true\"]}]}<\/script>\n<!-- \/ Yoast SEO plugin. -->","yoast_head_json":{"title":"Souverainet\u00e9s et radicalit\u00e9s : Imaginaires globalis\u00e9s et constructions locales - Credo","robots":{"index":"index","follow":"follow","max-snippet":"max-snippet:-1","max-image-preview":"max-image-preview:large","max-video-preview":"max-video-preview:-1"},"canonical":"https:\/\/pacific-credo.fr\/en\/recherche\/les-axes-scientifiques\/souverainetes-et-radicalites-imaginaires-globalises-et-constructions-locales\/","og_locale":"en_US","og_type":"article","og_title":"Souverainet\u00e9s et radicalit\u00e9s : Imaginaires globalis\u00e9s et constructions locales - Credo","og_description":"Souverainet\u00e9s et radicalit\u00e9s : Imaginaires globalis\u00e9s et constructions locales Les mondes insulaires du Pacifique Sud ont int\u00e9gr\u00e9 l\u2019histoire universelle en tant qu\u2019ultime fronti\u00e8re de l\u2019expansion occidentale. Depuis leur christianisation, principal ressort \u00e0 leur colonisation, ils ont travers\u00e9 plusieurs grandes crises sociales et p\u00e9riodes de d\u00e9stabilisation culturelle. Les r\u00e9percussions en ont \u00e9t\u00e9 plus ou moins intens\u00e9ment [&hellip;]","og_url":"https:\/\/pacific-credo.fr\/en\/recherche\/les-axes-scientifiques\/souverainetes-et-radicalites-imaginaires-globalises-et-constructions-locales\/","og_site_name":"Credo","article_publisher":"https:\/\/www.facebook.com\/people\/CREDO-Centre-de-Recherche-et-de-Documentation-sur-lOcanie\/100087147725332\/","article_modified_time":"2025-02-23T23:40:03+00:00","twitter_card":"summary_large_image","twitter_misc":{"Est. reading time":"2 minutes"},"schema":{"@context":"https:\/\/schema.org","@graph":[{"@type":"WebPage","@id":"https:\/\/pacific-credo.fr\/recherche\/les-axes-scientifiques\/souverainetes-et-radicalites-imaginaires-globalises-et-constructions-locales\/","url":"https:\/\/pacific-credo.fr\/recherche\/les-axes-scientifiques\/souverainetes-et-radicalites-imaginaires-globalises-et-constructions-locales\/","name":"Souverainet\u00e9s et radicalit\u00e9s : Imaginaires globalis\u00e9s et constructions locales - Credo","isPartOf":{"@id":"https:\/\/pacific-credo.fr\/en\/#website"},"datePublished":"2025-02-23T23:37:10+00:00","dateModified":"2025-02-23T23:40:03+00:00","breadcrumb":{"@id":"https:\/\/pacific-credo.fr\/recherche\/les-axes-scientifiques\/souverainetes-et-radicalites-imaginaires-globalises-et-constructions-locales\/#breadcrumb"},"inLanguage":"en-US","potentialAction":[{"@type":"ReadAction","target":["https:\/\/pacific-credo.fr\/recherche\/les-axes-scientifiques\/souverainetes-et-radicalites-imaginaires-globalises-et-constructions-locales\/"]}]},{"@type":"BreadcrumbList","@id":"https:\/\/pacific-credo.fr\/recherche\/les-axes-scientifiques\/souverainetes-et-radicalites-imaginaires-globalises-et-constructions-locales\/#breadcrumb","itemListElement":[{"@type":"ListItem","position":1,"name":"Accueil","item":"https:\/\/pacific-credo.fr\/"},{"@type":"ListItem","position":2,"name":"Recherche","item":"https:\/\/pacific-credo.fr\/recherche\/"},{"@type":"ListItem","position":3,"name":"Les axes scientifiques","item":"https:\/\/pacific-credo.fr\/recherche\/les-axes-scientifiques\/"},{"@type":"ListItem","position":4,"name":"Souverainet\u00e9s et radicalit\u00e9s : Imaginaires globalis\u00e9s et constructions locales"}]},{"@type":"WebSite","@id":"https:\/\/pacific-credo.fr\/en\/#website","url":"https:\/\/pacific-credo.fr\/en\/","name":"Credo","description":"","publisher":{"@id":"https:\/\/pacific-credo.fr\/en\/#organization"},"potentialAction":[{"@type":"SearchAction","target":{"@type":"EntryPoint","urlTemplate":"https:\/\/pacific-credo.fr\/en\/?s={search_term_string}"},"query-input":{"@type":"PropertyValueSpecification","valueRequired":true,"valueName":"search_term_string"}}],"inLanguage":"en-US"},{"@type":"Organization","@id":"https:\/\/pacific-credo.fr\/en\/#organization","name":"Credo","url":"https:\/\/pacific-credo.fr\/en\/","logo":{"@type":"ImageObject","inLanguage":"en-US","@id":"https:\/\/pacific-credo.fr\/en\/#\/schema\/logo\/image\/","url":"https:\/\/pacific-credo.fr\/wp-content\/uploads\/2024\/07\/\u00aeCREDO.webp","contentUrl":"https:\/\/pacific-credo.fr\/wp-content\/uploads\/2024\/07\/\u00aeCREDO.webp","width":637,"height":591,"caption":"Credo"},"image":{"@id":"https:\/\/pacific-credo.fr\/en\/#\/schema\/logo\/image\/"},"sameAs":["https:\/\/www.facebook.com\/people\/CREDO-Centre-de-Recherche-et-de-Documentation-sur-lOcanie\/100087147725332\/","https:\/\/www.linkedin.com\/company\/credo-centre-de-recherche-et-de-documentation-sur-l-ocanie\/about\/?viewAsMember=true"]}]}},"_links":{"self":[{"href":"https:\/\/pacific-credo.fr\/en\/wp-json\/wp\/v2\/pages\/11381","targetHints":{"allow":["GET"]}}],"collection":[{"href":"https:\/\/pacific-credo.fr\/en\/wp-json\/wp\/v2\/pages"}],"about":[{"href":"https:\/\/pacific-credo.fr\/en\/wp-json\/wp\/v2\/types\/page"}],"author":[{"embeddable":true,"href":"https:\/\/pacific-credo.fr\/en\/wp-json\/wp\/v2\/users\/1"}],"replies":[{"embeddable":true,"href":"https:\/\/pacific-credo.fr\/en\/wp-json\/wp\/v2\/comments?post=11381"}],"version-history":[{"count":0,"href":"https:\/\/pacific-credo.fr\/en\/wp-json\/wp\/v2\/pages\/11381\/revisions"}],"up":[{"embeddable":true,"href":"https:\/\/pacific-credo.fr\/en\/wp-json\/wp\/v2\/pages\/8034"}],"wp:attachment":[{"href":"https:\/\/pacific-credo.fr\/en\/wp-json\/wp\/v2\/media?parent=11381"}],"curies":[{"name":"wp","href":"https:\/\/api.w.org\/{rel}","templated":true}]}}