{"id":11369,"date":"2025-02-24T00:34:34","date_gmt":"2025-02-23T23:34:34","guid":{"rendered":"https:\/\/pacific-credo.fr\/?page_id=11369"},"modified":"2025-02-24T00:40:11","modified_gmt":"2025-02-23T23:40:11","slug":"vous-avez-dit-democratie-histoire-et-anthropologie","status":"publish","type":"page","link":"https:\/\/pacific-credo.fr\/en\/recherche\/les-axes-scientifiques\/vous-avez-dit-democratie-histoire-et-anthropologie\/","title":{"rendered":"Did you say democracy? History and anthropology"},"content":{"rendered":"<div data-elementor-type=\"wp-page\" data-elementor-id=\"11369\" class=\"elementor elementor-11369\" data-elementor-post-type=\"page\">\n\t\t\t\t<div class=\"elementor-element elementor-element-548f562 e-con-full e-flex e-con e-parent\" data-id=\"548f562\" data-element_type=\"container\" data-settings=\"{&quot;background_background&quot;:&quot;classic&quot;}\">\n\t\t\t\t<div class=\"elementor-element elementor-element-3e6a7ec elementor-widget elementor-widget-heading\" data-id=\"3e6a7ec\" data-element_type=\"widget\" data-widget_type=\"heading.default\">\n\t\t\t\t<div class=\"elementor-widget-container\">\n\t\t\t\t\t<h1 class=\"elementor-heading-title elementor-size-default\">Did you say democracy? History and anthropology<\/h1>\t\t\t\t<\/div>\n\t\t\t\t<\/div>\n\t\t\t\t<\/div>\n\t\t<div class=\"elementor-element elementor-element-c54676c e-flex e-con-boxed e-con e-parent\" data-id=\"c54676c\" data-element_type=\"container\">\n\t\t\t\t\t<div class=\"e-con-inner\">\n\t\t<div class=\"elementor-element elementor-element-3a30477 e-con-full e-flex e-con e-child\" data-id=\"3a30477\" data-element_type=\"container\">\n\t\t\t\t<div class=\"elementor-element elementor-element-047f3e7 elementor-widget elementor-widget-text-editor\" data-id=\"047f3e7\" data-element_type=\"widget\" data-widget_type=\"text-editor.default\">\n\t\t\t\t<div class=\"elementor-widget-container\">\n\t\t\t\t\t\t\t\t\t<p>Ce titre en forme de question renvoie d\u2019embl\u00e9e \u00e0 la polys\u00e9mie du mot \u00ab d\u00e9mocratie \u00bb d\u00e8s qu\u2019il est confront\u00e9 \u00e0 la r\u00e9alit\u00e9 du terrain, en Oc\u00e9anie comme ailleurs. Dans nos recherches nous voulons, \u00e0 partir d\u2019un certain nombre de terrains oc\u00e9aniens (Fidji, Nouvelle-Cal\u00e9donie, Vanuatu, Australie, Nouvelle-Z\u00e9lande, Tahiti) rendre compte de cette diversit\u00e9 et l\u2019analyser, ce qui revient en quelque sorte \u00e0 mettre \u00e0 l\u2019\u00e9preuve la notion.<\/p><p>\u00a0<\/p><p>Il s\u2019agira de s\u2019int\u00e9resser \u00e0 la gen\u00e8se du concept et des variations qu\u2019il a pu conna\u00eetre, en particulier dans les contextes imp\u00e9riaux britanniques et fran\u00e7ais dans le Pacifique, en interrogeant les conditions historiques d\u2019introduction de formes et de processus dits \u00ab d\u00e9mocratiques \u00bb dans ces territoires oc\u00e9aniens aux XIXe et XXe si\u00e8cles. Il s\u2019agit \u00e9galement d\u2019\u00e9tudier, dans leurs pratiques mais aussi dans les espoirs et les attentes ou les peurs et les r\u00e9sistances qu\u2019elles peuvent susciter, les modalit\u00e9s de r\u00e9appropriation ou d\u2019adaptation (ou non) de ces formes et processus et des notions connexes (\u00e9lections, repr\u00e9sentativit\u00e9, s\u00e9paration des pouvoirs, droits de l\u2019homme, etc.) par les \u00c9tats ind\u00e9pendants et les populations locales, en particulier depuis les ann\u00e9es 1970-1980.<\/p><p>\u00a0<\/p><p>Nous \u00e9tudierons \u00e9galement, au regard de la \u00ab d\u00e9mocratie \u00bb, les \u00e9volutions sp\u00e9cifiques des territoires encore sous souverainet\u00e9 fran\u00e7aise (Nouvelle-Cal\u00e9donie, Tahiti).<\/p>\t\t\t\t\t\t\t\t<\/div>\n\t\t\t\t<\/div>\n\t\t\t\t<\/div>\n\t\t\t\t\t<\/div>\n\t\t\t\t<\/div>\n\t\t<div class=\"elementor-element elementor-element-d101bfc e-flex e-con-boxed e-con e-parent\" data-id=\"d101bfc\" data-element_type=\"container\">\n\t\t\t\t\t<div class=\"e-con-inner\">\n\t\t<div class=\"elementor-element elementor-element-67c6910 e-con-full e-flex e-con e-child\" data-id=\"67c6910\" data-element_type=\"container\">\n\t\t\t\t<div class=\"elementor-element elementor-element-20250d2 animated-fast elementor-invisible elementor-widget elementor-widget-heading\" data-id=\"20250d2\" data-element_type=\"widget\" data-settings=\"{&quot;_animation&quot;:&quot;fadeInUp&quot;}\" data-widget_type=\"heading.default\">\n\t\t\t\t<div class=\"elementor-widget-container\">\n\t\t\t\t\t<h3 class=\"elementor-heading-title elementor-size-default\">Participeront \u00e0 ce th\u00e8me les personnes suivantes<\/h3>\t\t\t\t<\/div>\n\t\t\t\t<\/div>\n\t\t\t\t<\/div>\n\t\t\t\t\t<\/div>\n\t\t\t\t<\/div>\n\t\t<div class=\"elementor-element elementor-element-6ba7808 e-flex e-con-boxed e-con e-parent\" data-id=\"6ba7808\" data-element_type=\"container\">\n\t\t\t\t\t<div class=\"e-con-inner\">\n\t\t<div class=\"elementor-element elementor-element-78ba923 e-con-full e-flex e-con e-child\" data-id=\"78ba923\" data-element_type=\"container\" data-settings=\"{&quot;background_background&quot;:&quot;classic&quot;}\">\n\t\t\t\t<div class=\"elementor-element elementor-element-f0f67bc elementor-widget elementor-widget-heading\" data-id=\"f0f67bc\" data-element_type=\"widget\" data-widget_type=\"heading.default\">\n\t\t\t\t<div class=\"elementor-widget-container\">\n\t\t\t\t\t<h4 class=\"elementor-heading-title elementor-size-default\">Les titulaires<\/h4>\t\t\t\t<\/div>\n\t\t\t\t<\/div>\n\t\t\t\t<div class=\"elementor-element elementor-element-31ce077 elementor-widget elementor-widget-text-editor\" data-id=\"31ce077\" data-element_type=\"widget\" data-widget_type=\"text-editor.default\">\n\t\t\t\t<div class=\"elementor-widget-container\">\n\t\t\t\t\t\t\t\t\t<p>Anne Di Piazza<br \/>Laurent Dousset<br \/>Isabelle Merle<br \/>Simonne Pauwels<br \/>Monika Stern<\/p>\t\t\t\t\t\t\t\t<\/div>\n\t\t\t\t<\/div>\n\t\t\t\t<\/div>\n\t\t<div class=\"elementor-element elementor-element-b16b351 e-con-full e-flex e-con e-child\" data-id=\"b16b351\" data-element_type=\"container\" data-settings=\"{&quot;background_background&quot;:&quot;classic&quot;}\">\n\t\t\t\t<div class=\"elementor-element elementor-element-a3b7263 elementor-widget elementor-widget-heading\" data-id=\"a3b7263\" data-element_type=\"widget\" data-widget_type=\"heading.default\">\n\t\t\t\t<div class=\"elementor-widget-container\">\n\t\t\t\t\t<h4 class=\"elementor-heading-title elementor-size-default\">Associ\u00e9s \n<\/h4>\t\t\t\t<\/div>\n\t\t\t\t<\/div>\n\t\t\t\t<div class=\"elementor-element elementor-element-9bf2071 elementor-widget elementor-widget-text-editor\" data-id=\"9bf2071\" data-element_type=\"widget\" data-widget_type=\"text-editor.default\">\n\t\t\t\t<div class=\"elementor-widget-container\">\n\t\t\t\t\t\t\t\t\t<p>Matthew Graves<\/p>\t\t\t\t\t\t\t\t<\/div>\n\t\t\t\t<\/div>\n\t\t\t\t<\/div>\n\t\t<div class=\"elementor-element elementor-element-5c0498d e-con-full e-flex e-con e-child\" data-id=\"5c0498d\" data-element_type=\"container\" data-settings=\"{&quot;background_background&quot;:&quot;classic&quot;}\">\n\t\t\t\t<div class=\"elementor-element elementor-element-503f965 elementor-widget elementor-widget-heading\" data-id=\"503f965\" data-element_type=\"widget\" data-widget_type=\"heading.default\">\n\t\t\t\t<div class=\"elementor-widget-container\">\n\t\t\t\t\t<h4 class=\"elementor-heading-title elementor-size-default\">PhD students<\/h4>\t\t\t\t<\/div>\n\t\t\t\t<\/div>\n\t\t\t\t<div class=\"elementor-element elementor-element-0641e81 elementor-widget elementor-widget-text-editor\" data-id=\"0641e81\" data-element_type=\"widget\" data-widget_type=\"text-editor.default\">\n\t\t\t\t<div class=\"elementor-widget-container\">\n\t\t\t\t\t\t\t\t\t<p>Ma\u00eblis Favier<br \/>David Glory<\/p>\t\t\t\t\t\t\t\t<\/div>\n\t\t\t\t<\/div>\n\t\t\t\t<\/div>\n\t\t\t\t\t<\/div>\n\t\t\t\t<\/div>\n\t\t\t\t<\/div>","protected":false},"excerpt":{"rendered":"<p>Vous avez dit d\u00e9mocratie ? Histoire et anthropologie Ce titre en forme de question renvoie d\u2019embl\u00e9e \u00e0 la polys\u00e9mie du mot \u00ab d\u00e9mocratie \u00bb d\u00e8s qu\u2019il est confront\u00e9 \u00e0 la r\u00e9alit\u00e9 du terrain, en Oc\u00e9anie comme ailleurs. Dans nos recherches nous voulons, \u00e0 partir d\u2019un certain nombre de terrains oc\u00e9aniens (Fidji, Nouvelle-Cal\u00e9donie, Vanuatu, Australie, Nouvelle-Z\u00e9lande, [&hellip;]<\/p>","protected":false},"author":1,"featured_media":0,"parent":8034,"menu_order":0,"comment_status":"closed","ping_status":"closed","template":"page.php","meta":{"_acf_changed":false,"footnotes":""},"class_list":["post-11369","page","type-page","status-publish","hentry"],"acf":[],"yoast_head":"<!-- This site is optimized with the Yoast SEO plugin v26.6 - https:\/\/yoast.com\/wordpress\/plugins\/seo\/ -->\n<title>Vous avez dit d\u00e9mocratie ? Histoire et anthropologie - Credo<\/title>\n<meta name=\"robots\" content=\"index, follow, max-snippet:-1, max-image-preview:large, max-video-preview:-1\" \/>\n<link rel=\"canonical\" href=\"https:\/\/pacific-credo.fr\/en\/recherche\/les-axes-scientifiques\/vous-avez-dit-democratie-histoire-et-anthropologie\/\" \/>\n<meta property=\"og:locale\" content=\"en_US\" \/>\n<meta property=\"og:type\" content=\"article\" \/>\n<meta property=\"og:title\" content=\"Vous avez dit d\u00e9mocratie ? Histoire et anthropologie - Credo\" \/>\n<meta property=\"og:description\" content=\"Vous avez dit d\u00e9mocratie ? Histoire et anthropologie Ce titre en forme de question renvoie d\u2019embl\u00e9e \u00e0 la polys\u00e9mie du mot \u00ab d\u00e9mocratie \u00bb d\u00e8s qu\u2019il est confront\u00e9 \u00e0 la r\u00e9alit\u00e9 du terrain, en Oc\u00e9anie comme ailleurs. Dans nos recherches nous voulons, \u00e0 partir d\u2019un certain nombre de terrains oc\u00e9aniens (Fidji, Nouvelle-Cal\u00e9donie, Vanuatu, Australie, Nouvelle-Z\u00e9lande, [&hellip;]\" \/>\n<meta property=\"og:url\" content=\"https:\/\/pacific-credo.fr\/en\/recherche\/les-axes-scientifiques\/vous-avez-dit-democratie-histoire-et-anthropologie\/\" \/>\n<meta property=\"og:site_name\" content=\"Credo\" \/>\n<meta property=\"article:publisher\" content=\"https:\/\/www.facebook.com\/people\/CREDO-Centre-de-Recherche-et-de-Documentation-sur-lOcanie\/100087147725332\/\" \/>\n<meta property=\"article:modified_time\" content=\"2025-02-23T23:40:11+00:00\" \/>\n<meta name=\"twitter:card\" content=\"summary_large_image\" \/>\n<meta name=\"twitter:label1\" content=\"Est. reading time\" \/>\n\t<meta name=\"twitter:data1\" content=\"1 minute\" \/>\n<script type=\"application\/ld+json\" class=\"yoast-schema-graph\">{\"@context\":\"https:\/\/schema.org\",\"@graph\":[{\"@type\":\"WebPage\",\"@id\":\"https:\/\/pacific-credo.fr\/recherche\/les-axes-scientifiques\/vous-avez-dit-democratie-histoire-et-anthropologie\/\",\"url\":\"https:\/\/pacific-credo.fr\/recherche\/les-axes-scientifiques\/vous-avez-dit-democratie-histoire-et-anthropologie\/\",\"name\":\"Vous avez dit d\u00e9mocratie ? Histoire et anthropologie - Credo\",\"isPartOf\":{\"@id\":\"https:\/\/pacific-credo.fr\/en\/#website\"},\"datePublished\":\"2025-02-23T23:34:34+00:00\",\"dateModified\":\"2025-02-23T23:40:11+00:00\",\"breadcrumb\":{\"@id\":\"https:\/\/pacific-credo.fr\/recherche\/les-axes-scientifiques\/vous-avez-dit-democratie-histoire-et-anthropologie\/#breadcrumb\"},\"inLanguage\":\"en-US\",\"potentialAction\":[{\"@type\":\"ReadAction\",\"target\":[\"https:\/\/pacific-credo.fr\/recherche\/les-axes-scientifiques\/vous-avez-dit-democratie-histoire-et-anthropologie\/\"]}]},{\"@type\":\"BreadcrumbList\",\"@id\":\"https:\/\/pacific-credo.fr\/recherche\/les-axes-scientifiques\/vous-avez-dit-democratie-histoire-et-anthropologie\/#breadcrumb\",\"itemListElement\":[{\"@type\":\"ListItem\",\"position\":1,\"name\":\"Accueil\",\"item\":\"https:\/\/pacific-credo.fr\/\"},{\"@type\":\"ListItem\",\"position\":2,\"name\":\"Recherche\",\"item\":\"https:\/\/pacific-credo.fr\/recherche\/\"},{\"@type\":\"ListItem\",\"position\":3,\"name\":\"Les axes scientifiques\",\"item\":\"https:\/\/pacific-credo.fr\/recherche\/les-axes-scientifiques\/\"},{\"@type\":\"ListItem\",\"position\":4,\"name\":\"Vous avez dit d\u00e9mocratie ? Histoire et anthropologie\"}]},{\"@type\":\"WebSite\",\"@id\":\"https:\/\/pacific-credo.fr\/en\/#website\",\"url\":\"https:\/\/pacific-credo.fr\/en\/\",\"name\":\"Credo\",\"description\":\"\",\"publisher\":{\"@id\":\"https:\/\/pacific-credo.fr\/en\/#organization\"},\"potentialAction\":[{\"@type\":\"SearchAction\",\"target\":{\"@type\":\"EntryPoint\",\"urlTemplate\":\"https:\/\/pacific-credo.fr\/en\/?s={search_term_string}\"},\"query-input\":{\"@type\":\"PropertyValueSpecification\",\"valueRequired\":true,\"valueName\":\"search_term_string\"}}],\"inLanguage\":\"en-US\"},{\"@type\":\"Organization\",\"@id\":\"https:\/\/pacific-credo.fr\/en\/#organization\",\"name\":\"Credo\",\"url\":\"https:\/\/pacific-credo.fr\/en\/\",\"logo\":{\"@type\":\"ImageObject\",\"inLanguage\":\"en-US\",\"@id\":\"https:\/\/pacific-credo.fr\/en\/#\/schema\/logo\/image\/\",\"url\":\"https:\/\/pacific-credo.fr\/wp-content\/uploads\/2024\/07\/\u00aeCREDO.webp\",\"contentUrl\":\"https:\/\/pacific-credo.fr\/wp-content\/uploads\/2024\/07\/\u00aeCREDO.webp\",\"width\":637,\"height\":591,\"caption\":\"Credo\"},\"image\":{\"@id\":\"https:\/\/pacific-credo.fr\/en\/#\/schema\/logo\/image\/\"},\"sameAs\":[\"https:\/\/www.facebook.com\/people\/CREDO-Centre-de-Recherche-et-de-Documentation-sur-lOcanie\/100087147725332\/\",\"https:\/\/www.linkedin.com\/company\/credo-centre-de-recherche-et-de-documentation-sur-l-ocanie\/about\/?viewAsMember=true\"]}]}<\/script>\n<!-- \/ Yoast SEO plugin. -->","yoast_head_json":{"title":"Vous avez dit d\u00e9mocratie ? Histoire et anthropologie - Credo","robots":{"index":"index","follow":"follow","max-snippet":"max-snippet:-1","max-image-preview":"max-image-preview:large","max-video-preview":"max-video-preview:-1"},"canonical":"https:\/\/pacific-credo.fr\/en\/recherche\/les-axes-scientifiques\/vous-avez-dit-democratie-histoire-et-anthropologie\/","og_locale":"en_US","og_type":"article","og_title":"Vous avez dit d\u00e9mocratie ? Histoire et anthropologie - Credo","og_description":"Vous avez dit d\u00e9mocratie ? Histoire et anthropologie Ce titre en forme de question renvoie d\u2019embl\u00e9e \u00e0 la polys\u00e9mie du mot \u00ab d\u00e9mocratie \u00bb d\u00e8s qu\u2019il est confront\u00e9 \u00e0 la r\u00e9alit\u00e9 du terrain, en Oc\u00e9anie comme ailleurs. Dans nos recherches nous voulons, \u00e0 partir d\u2019un certain nombre de terrains oc\u00e9aniens (Fidji, Nouvelle-Cal\u00e9donie, Vanuatu, Australie, Nouvelle-Z\u00e9lande, [&hellip;]","og_url":"https:\/\/pacific-credo.fr\/en\/recherche\/les-axes-scientifiques\/vous-avez-dit-democratie-histoire-et-anthropologie\/","og_site_name":"Credo","article_publisher":"https:\/\/www.facebook.com\/people\/CREDO-Centre-de-Recherche-et-de-Documentation-sur-lOcanie\/100087147725332\/","article_modified_time":"2025-02-23T23:40:11+00:00","twitter_card":"summary_large_image","twitter_misc":{"Est. reading time":"1 minute"},"schema":{"@context":"https:\/\/schema.org","@graph":[{"@type":"WebPage","@id":"https:\/\/pacific-credo.fr\/recherche\/les-axes-scientifiques\/vous-avez-dit-democratie-histoire-et-anthropologie\/","url":"https:\/\/pacific-credo.fr\/recherche\/les-axes-scientifiques\/vous-avez-dit-democratie-histoire-et-anthropologie\/","name":"Vous avez dit d\u00e9mocratie ? Histoire et anthropologie - Credo","isPartOf":{"@id":"https:\/\/pacific-credo.fr\/en\/#website"},"datePublished":"2025-02-23T23:34:34+00:00","dateModified":"2025-02-23T23:40:11+00:00","breadcrumb":{"@id":"https:\/\/pacific-credo.fr\/recherche\/les-axes-scientifiques\/vous-avez-dit-democratie-histoire-et-anthropologie\/#breadcrumb"},"inLanguage":"en-US","potentialAction":[{"@type":"ReadAction","target":["https:\/\/pacific-credo.fr\/recherche\/les-axes-scientifiques\/vous-avez-dit-democratie-histoire-et-anthropologie\/"]}]},{"@type":"BreadcrumbList","@id":"https:\/\/pacific-credo.fr\/recherche\/les-axes-scientifiques\/vous-avez-dit-democratie-histoire-et-anthropologie\/#breadcrumb","itemListElement":[{"@type":"ListItem","position":1,"name":"Accueil","item":"https:\/\/pacific-credo.fr\/"},{"@type":"ListItem","position":2,"name":"Recherche","item":"https:\/\/pacific-credo.fr\/recherche\/"},{"@type":"ListItem","position":3,"name":"Les axes scientifiques","item":"https:\/\/pacific-credo.fr\/recherche\/les-axes-scientifiques\/"},{"@type":"ListItem","position":4,"name":"Vous avez dit d\u00e9mocratie ? Histoire et anthropologie"}]},{"@type":"WebSite","@id":"https:\/\/pacific-credo.fr\/en\/#website","url":"https:\/\/pacific-credo.fr\/en\/","name":"Credo","description":"","publisher":{"@id":"https:\/\/pacific-credo.fr\/en\/#organization"},"potentialAction":[{"@type":"SearchAction","target":{"@type":"EntryPoint","urlTemplate":"https:\/\/pacific-credo.fr\/en\/?s={search_term_string}"},"query-input":{"@type":"PropertyValueSpecification","valueRequired":true,"valueName":"search_term_string"}}],"inLanguage":"en-US"},{"@type":"Organization","@id":"https:\/\/pacific-credo.fr\/en\/#organization","name":"Credo","url":"https:\/\/pacific-credo.fr\/en\/","logo":{"@type":"ImageObject","inLanguage":"en-US","@id":"https:\/\/pacific-credo.fr\/en\/#\/schema\/logo\/image\/","url":"https:\/\/pacific-credo.fr\/wp-content\/uploads\/2024\/07\/\u00aeCREDO.webp","contentUrl":"https:\/\/pacific-credo.fr\/wp-content\/uploads\/2024\/07\/\u00aeCREDO.webp","width":637,"height":591,"caption":"Credo"},"image":{"@id":"https:\/\/pacific-credo.fr\/en\/#\/schema\/logo\/image\/"},"sameAs":["https:\/\/www.facebook.com\/people\/CREDO-Centre-de-Recherche-et-de-Documentation-sur-lOcanie\/100087147725332\/","https:\/\/www.linkedin.com\/company\/credo-centre-de-recherche-et-de-documentation-sur-l-ocanie\/about\/?viewAsMember=true"]}]}},"_links":{"self":[{"href":"https:\/\/pacific-credo.fr\/en\/wp-json\/wp\/v2\/pages\/11369","targetHints":{"allow":["GET"]}}],"collection":[{"href":"https:\/\/pacific-credo.fr\/en\/wp-json\/wp\/v2\/pages"}],"about":[{"href":"https:\/\/pacific-credo.fr\/en\/wp-json\/wp\/v2\/types\/page"}],"author":[{"embeddable":true,"href":"https:\/\/pacific-credo.fr\/en\/wp-json\/wp\/v2\/users\/1"}],"replies":[{"embeddable":true,"href":"https:\/\/pacific-credo.fr\/en\/wp-json\/wp\/v2\/comments?post=11369"}],"version-history":[{"count":0,"href":"https:\/\/pacific-credo.fr\/en\/wp-json\/wp\/v2\/pages\/11369\/revisions"}],"up":[{"embeddable":true,"href":"https:\/\/pacific-credo.fr\/en\/wp-json\/wp\/v2\/pages\/8034"}],"wp:attachment":[{"href":"https:\/\/pacific-credo.fr\/en\/wp-json\/wp\/v2\/media?parent=11369"}],"curies":[{"name":"wp","href":"https:\/\/api.w.org\/{rel}","templated":true}]}}