{"id":11358,"date":"2025-02-24T00:32:17","date_gmt":"2025-02-23T23:32:17","guid":{"rendered":"https:\/\/pacific-credo.fr\/?page_id=11358"},"modified":"2025-02-24T00:40:08","modified_gmt":"2025-02-23T23:40:08","slug":"fabriquer-des-mondes-savoirs-perceptions-pratiques-materielles-et-relations","status":"publish","type":"page","link":"https:\/\/pacific-credo.fr\/en\/recherche\/les-axes-scientifiques\/fabriquer-des-mondes-savoirs-perceptions-pratiques-materielles-et-relations\/","title":{"rendered":"Making worlds: knowledge, perceptions, material practices and relationships"},"content":{"rendered":"<div data-elementor-type=\"wp-page\" data-elementor-id=\"11358\" class=\"elementor elementor-11358\" data-elementor-post-type=\"page\">\n\t\t\t\t<div class=\"elementor-element elementor-element-548f562 e-con-full e-flex e-con e-parent\" data-id=\"548f562\" data-element_type=\"container\" data-settings=\"{&quot;background_background&quot;:&quot;classic&quot;}\">\n\t\t\t\t<div class=\"elementor-element elementor-element-3e6a7ec elementor-widget elementor-widget-heading\" data-id=\"3e6a7ec\" data-element_type=\"widget\" data-widget_type=\"heading.default\">\n\t\t\t\t<div class=\"elementor-widget-container\">\n\t\t\t\t\t<h1 class=\"elementor-heading-title elementor-size-default\">Making worlds: knowledge, perceptions, material practices and relationships\n<\/h1>\t\t\t\t<\/div>\n\t\t\t\t<\/div>\n\t\t\t\t<\/div>\n\t\t<div class=\"elementor-element elementor-element-c54676c e-flex e-con-boxed e-con e-parent\" data-id=\"c54676c\" data-element_type=\"container\">\n\t\t\t\t\t<div class=\"e-con-inner\">\n\t\t<div class=\"elementor-element elementor-element-3a30477 e-con-full e-flex e-con e-child\" data-id=\"3a30477\" data-element_type=\"container\">\n\t\t\t\t<div class=\"elementor-element elementor-element-047f3e7 elementor-widget elementor-widget-text-editor\" data-id=\"047f3e7\" data-element_type=\"widget\" data-widget_type=\"text-editor.default\">\n\t\t\t\t<div class=\"elementor-widget-container\">\n\t\t\t\t\t\t\t\t\t<p>Les recherches rassembl\u00e9es dans cet axe s\u2019int\u00e9ressent aux mises en \u0153uvre concr\u00e8tes d&rsquo;actions m\u00ealant des savoirs, des perceptions, des objets et des relations entre les \u00eatres peuplant le monde. Elles partent du postulat que ce processus ne consiste pas en une simple reproduction \u00e0 l&rsquo;identique de gestes enseignes ou acquis par imitation et qu\u2019il y a lieu de se pencher sur le r\u00f4le des diff\u00e9rents protagonistes d&rsquo;une action, quelle qu&rsquo;elle soit, et sur les contextes d&rsquo;\u00e9laboration des savoirs et des pratiques. Ces contextes sont parfois des lieux de controverses et de rencontres impr\u00e9vues ou interviennent de temps \u00e0 autre des efforts strat\u00e9giques individuels contribuant tous ensemble \u00e0 la modification de pratiques dans des cadres n\u00e9anmoins d\u00e9finies par la culture et les \u00eatres humains particuliers qui les g\u00e9n\u00e8rent.<\/p><p>\u00a0<\/p><p>Le comparatisme occupe une place importance dans les recherches pr\u00e9sent\u00e9es ici : comparatisme entre divers pays oc\u00e9aniens lorsque, en raison de situations nouvelles similaires, des questions identiques seront pos\u00e9es en deux lieux qui n&rsquo;ont a priori pas grand chose en commun (en l&rsquo;occurrence Australie et Fidji) ; comparatisme inter- r\u00e9gional lorsqu&rsquo;il s&rsquo;agit de comprendre la part sp\u00e9cifique que jouent les actions mat\u00e9rielles et les objets dans des rituels aux allures communes (Anga de Papouasie Nouvelle-Guin\u00e9e). Le test d&rsquo;une hypoth\u00e8se forg\u00e9e \u00e0 partir de l&rsquo;analyse d&rsquo;un rituel m\u00e9lan\u00e9sien (Ankave, PNG) sur des donn\u00e9es r\u00e9colt\u00e9es ailleurs en contexte rituel semblable (Australie et autres groupes de Papouasie Nouvelle-Guin\u00e9e) entre \u00e9galement dans une d\u00e9marche comparative.<\/p><p>\u00a0<\/p><p>Un int\u00e9r\u00eat tout particulier pour la dimension mat\u00e9rielle des actions de la vie quotidienne ou des pratiques rituelles et pour les relations qui se manifestent dans ces deux contextes est \u00e9galement perceptible dans beaucoup des projets de recherche individuels. Qu&rsquo;il s&rsquo;agisse du tatouage polyn\u00e9sien, de l&rsquo;\u00e9conomie domestique au Vanuatu, des objets manipul\u00e9s lors des rituels initiatiques de Papouasie Nouvelle-Guin\u00e9e, des pirogues des \u00eeles Salomon et des ph\u00e9nom\u00e8nes lumineux auxquels les Owa accordent une attention extr\u00eame, les recherches qui seront entreprises permettront d&rsquo;affiner une m\u00e9thodologie et une probl\u00e9matique d\u00e9j\u00e0 bien affirm\u00e9e au sein du CREDO. Il existe donc une r\u00e9elle possibilit\u00e9 d&rsquo;avancer ensemble dans la r\u00e9flexion, qui sera partag\u00e9e au cours de journ\u00e9es d&rsquo;\u00e9tude.<\/p>\t\t\t\t\t\t\t\t<\/div>\n\t\t\t\t<\/div>\n\t\t\t\t<\/div>\n\t\t\t\t\t<\/div>\n\t\t\t\t<\/div>\n\t\t<div class=\"elementor-element elementor-element-d101bfc e-flex e-con-boxed e-con e-parent\" data-id=\"d101bfc\" data-element_type=\"container\">\n\t\t\t\t\t<div class=\"e-con-inner\">\n\t\t<div class=\"elementor-element elementor-element-67c6910 e-con-full e-flex e-con e-child\" data-id=\"67c6910\" data-element_type=\"container\">\n\t\t\t\t<div class=\"elementor-element elementor-element-20250d2 animated-fast elementor-invisible elementor-widget elementor-widget-heading\" data-id=\"20250d2\" data-element_type=\"widget\" data-settings=\"{&quot;_animation&quot;:&quot;fadeInUp&quot;}\" data-widget_type=\"heading.default\">\n\t\t\t\t<div class=\"elementor-widget-container\">\n\t\t\t\t\t<h3 class=\"elementor-heading-title elementor-size-default\">Participeront \u00e0 ce th\u00e8me les personnes suivantes<\/h3>\t\t\t\t<\/div>\n\t\t\t\t<\/div>\n\t\t\t\t<\/div>\n\t\t\t\t\t<\/div>\n\t\t\t\t<\/div>\n\t\t<div class=\"elementor-element elementor-element-6ba7808 e-flex e-con-boxed e-con e-parent\" data-id=\"6ba7808\" data-element_type=\"container\">\n\t\t\t\t\t<div class=\"e-con-inner\">\n\t\t<div class=\"elementor-element elementor-element-78ba923 e-con-full e-flex e-con e-child\" data-id=\"78ba923\" data-element_type=\"container\" data-settings=\"{&quot;background_background&quot;:&quot;classic&quot;}\">\n\t\t\t\t<div class=\"elementor-element elementor-element-f0f67bc elementor-widget elementor-widget-heading\" data-id=\"f0f67bc\" data-element_type=\"widget\" data-widget_type=\"heading.default\">\n\t\t\t\t<div class=\"elementor-widget-container\">\n\t\t\t\t\t<h4 class=\"elementor-heading-title elementor-size-default\">Les titulaires<\/h4>\t\t\t\t<\/div>\n\t\t\t\t<\/div>\n\t\t\t\t<div class=\"elementor-element elementor-element-31ce077 elementor-widget elementor-widget-text-editor\" data-id=\"31ce077\" data-element_type=\"widget\" data-widget_type=\"text-editor.default\">\n\t\t\t\t<div class=\"elementor-widget-container\">\n\t\t\t\t\t\t\t\t\t<p>Pascale Bonnem\u00e8re<br \/>Anne di Piazza<br \/>S\u00e9bastien Galliot<br \/>James Leach<br \/>Pierre Lemonnier<br \/>Sandra Revolon<\/p><p><br \/>Judith Hannoun (MAP) pour la documentation<br \/>Caroline Cavallasca pour la num\u00e9risation et l\u2019archivage<\/p>\t\t\t\t\t\t\t\t<\/div>\n\t\t\t\t<\/div>\n\t\t\t\t<\/div>\n\t\t<div class=\"elementor-element elementor-element-b16b351 e-con-full e-flex e-con e-child\" data-id=\"b16b351\" data-element_type=\"container\" data-settings=\"{&quot;background_background&quot;:&quot;classic&quot;}\">\n\t\t\t\t<div class=\"elementor-element elementor-element-a3b7263 elementor-widget elementor-widget-heading\" data-id=\"a3b7263\" data-element_type=\"widget\" data-widget_type=\"heading.default\">\n\t\t\t\t<div class=\"elementor-widget-container\">\n\t\t\t\t\t<h4 class=\"elementor-heading-title elementor-size-default\">Les post-doctorants\/associ\u00e9s \n<\/h4>\t\t\t\t<\/div>\n\t\t\t\t<\/div>\n\t\t\t\t<div class=\"elementor-element elementor-element-9bf2071 elementor-widget elementor-widget-text-editor\" data-id=\"9bf2071\" data-element_type=\"widget\" data-widget_type=\"text-editor.default\">\n\t\t\t\t<div class=\"elementor-widget-container\">\n\t\t\t\t\t\t\t\t\t<p>Jessica De Largy Healy<br \/>Marie Durand<br \/>Elodie Fache<\/p>\t\t\t\t\t\t\t\t<\/div>\n\t\t\t\t<\/div>\n\t\t\t\t<\/div>\n\t\t\t\t\t<\/div>\n\t\t\t\t<\/div>\n\t\t\t\t<\/div>","protected":false},"excerpt":{"rendered":"<p>Fabriquer des mondes : savoirs, perceptions, pratiques mat\u00e9rielles et relations Les recherches rassembl\u00e9es dans cet axe s\u2019int\u00e9ressent aux mises en \u0153uvre concr\u00e8tes d&rsquo;actions m\u00ealant des savoirs, des perceptions, des objets et des relations entre les \u00eatres peuplant le monde. Elles partent du postulat que ce processus ne consiste pas en une simple reproduction \u00e0 l&rsquo;identique [&hellip;]<\/p>","protected":false},"author":1,"featured_media":0,"parent":8034,"menu_order":0,"comment_status":"closed","ping_status":"closed","template":"page.php","meta":{"_acf_changed":false,"footnotes":""},"class_list":["post-11358","page","type-page","status-publish","hentry"],"acf":[],"yoast_head":"<!-- This site is optimized with the Yoast SEO plugin v26.6 - https:\/\/yoast.com\/wordpress\/plugins\/seo\/ -->\n<title>Fabriquer des mondes : savoirs, perceptions, pratiques mat\u00e9rielles et relations - Credo<\/title>\n<meta name=\"robots\" content=\"index, follow, max-snippet:-1, max-image-preview:large, max-video-preview:-1\" \/>\n<link rel=\"canonical\" href=\"https:\/\/pacific-credo.fr\/en\/recherche\/les-axes-scientifiques\/fabriquer-des-mondes-savoirs-perceptions-pratiques-materielles-et-relations\/\" \/>\n<meta property=\"og:locale\" content=\"en_US\" \/>\n<meta property=\"og:type\" content=\"article\" \/>\n<meta property=\"og:title\" content=\"Fabriquer des mondes : savoirs, perceptions, pratiques mat\u00e9rielles et relations - Credo\" \/>\n<meta property=\"og:description\" content=\"Fabriquer des mondes : savoirs, perceptions, pratiques mat\u00e9rielles et relations Les recherches rassembl\u00e9es dans cet axe s\u2019int\u00e9ressent aux mises en \u0153uvre concr\u00e8tes d&rsquo;actions m\u00ealant des savoirs, des perceptions, des objets et des relations entre les \u00eatres peuplant le monde. Elles partent du postulat que ce processus ne consiste pas en une simple reproduction \u00e0 l&rsquo;identique [&hellip;]\" \/>\n<meta property=\"og:url\" content=\"https:\/\/pacific-credo.fr\/en\/recherche\/les-axes-scientifiques\/fabriquer-des-mondes-savoirs-perceptions-pratiques-materielles-et-relations\/\" \/>\n<meta property=\"og:site_name\" content=\"Credo\" \/>\n<meta property=\"article:publisher\" content=\"https:\/\/www.facebook.com\/people\/CREDO-Centre-de-Recherche-et-de-Documentation-sur-lOcanie\/100087147725332\/\" \/>\n<meta property=\"article:modified_time\" content=\"2025-02-23T23:40:08+00:00\" \/>\n<meta name=\"twitter:card\" content=\"summary_large_image\" \/>\n<meta name=\"twitter:label1\" content=\"Est. reading time\" \/>\n\t<meta name=\"twitter:data1\" content=\"2 minutes\" \/>\n<script type=\"application\/ld+json\" class=\"yoast-schema-graph\">{\"@context\":\"https:\/\/schema.org\",\"@graph\":[{\"@type\":\"WebPage\",\"@id\":\"https:\/\/pacific-credo.fr\/recherche\/les-axes-scientifiques\/fabriquer-des-mondes-savoirs-perceptions-pratiques-materielles-et-relations\/\",\"url\":\"https:\/\/pacific-credo.fr\/recherche\/les-axes-scientifiques\/fabriquer-des-mondes-savoirs-perceptions-pratiques-materielles-et-relations\/\",\"name\":\"Fabriquer des mondes : savoirs, perceptions, pratiques mat\u00e9rielles et relations - Credo\",\"isPartOf\":{\"@id\":\"https:\/\/pacific-credo.fr\/en\/#website\"},\"datePublished\":\"2025-02-23T23:32:17+00:00\",\"dateModified\":\"2025-02-23T23:40:08+00:00\",\"breadcrumb\":{\"@id\":\"https:\/\/pacific-credo.fr\/recherche\/les-axes-scientifiques\/fabriquer-des-mondes-savoirs-perceptions-pratiques-materielles-et-relations\/#breadcrumb\"},\"inLanguage\":\"en-US\",\"potentialAction\":[{\"@type\":\"ReadAction\",\"target\":[\"https:\/\/pacific-credo.fr\/recherche\/les-axes-scientifiques\/fabriquer-des-mondes-savoirs-perceptions-pratiques-materielles-et-relations\/\"]}]},{\"@type\":\"BreadcrumbList\",\"@id\":\"https:\/\/pacific-credo.fr\/recherche\/les-axes-scientifiques\/fabriquer-des-mondes-savoirs-perceptions-pratiques-materielles-et-relations\/#breadcrumb\",\"itemListElement\":[{\"@type\":\"ListItem\",\"position\":1,\"name\":\"Accueil\",\"item\":\"https:\/\/pacific-credo.fr\/\"},{\"@type\":\"ListItem\",\"position\":2,\"name\":\"Recherche\",\"item\":\"https:\/\/pacific-credo.fr\/recherche\/\"},{\"@type\":\"ListItem\",\"position\":3,\"name\":\"Les axes scientifiques\",\"item\":\"https:\/\/pacific-credo.fr\/recherche\/les-axes-scientifiques\/\"},{\"@type\":\"ListItem\",\"position\":4,\"name\":\"Fabriquer des mondes : savoirs, perceptions, pratiques mat\u00e9rielles et relations\"}]},{\"@type\":\"WebSite\",\"@id\":\"https:\/\/pacific-credo.fr\/en\/#website\",\"url\":\"https:\/\/pacific-credo.fr\/en\/\",\"name\":\"Credo\",\"description\":\"\",\"publisher\":{\"@id\":\"https:\/\/pacific-credo.fr\/en\/#organization\"},\"potentialAction\":[{\"@type\":\"SearchAction\",\"target\":{\"@type\":\"EntryPoint\",\"urlTemplate\":\"https:\/\/pacific-credo.fr\/en\/?s={search_term_string}\"},\"query-input\":{\"@type\":\"PropertyValueSpecification\",\"valueRequired\":true,\"valueName\":\"search_term_string\"}}],\"inLanguage\":\"en-US\"},{\"@type\":\"Organization\",\"@id\":\"https:\/\/pacific-credo.fr\/en\/#organization\",\"name\":\"Credo\",\"url\":\"https:\/\/pacific-credo.fr\/en\/\",\"logo\":{\"@type\":\"ImageObject\",\"inLanguage\":\"en-US\",\"@id\":\"https:\/\/pacific-credo.fr\/en\/#\/schema\/logo\/image\/\",\"url\":\"https:\/\/pacific-credo.fr\/wp-content\/uploads\/2024\/07\/\u00aeCREDO.webp\",\"contentUrl\":\"https:\/\/pacific-credo.fr\/wp-content\/uploads\/2024\/07\/\u00aeCREDO.webp\",\"width\":637,\"height\":591,\"caption\":\"Credo\"},\"image\":{\"@id\":\"https:\/\/pacific-credo.fr\/en\/#\/schema\/logo\/image\/\"},\"sameAs\":[\"https:\/\/www.facebook.com\/people\/CREDO-Centre-de-Recherche-et-de-Documentation-sur-lOcanie\/100087147725332\/\",\"https:\/\/www.linkedin.com\/company\/credo-centre-de-recherche-et-de-documentation-sur-l-ocanie\/about\/?viewAsMember=true\"]}]}<\/script>\n<!-- \/ Yoast SEO plugin. -->","yoast_head_json":{"title":"Fabriquer des mondes : savoirs, perceptions, pratiques mat\u00e9rielles et relations - Credo","robots":{"index":"index","follow":"follow","max-snippet":"max-snippet:-1","max-image-preview":"max-image-preview:large","max-video-preview":"max-video-preview:-1"},"canonical":"https:\/\/pacific-credo.fr\/en\/recherche\/les-axes-scientifiques\/fabriquer-des-mondes-savoirs-perceptions-pratiques-materielles-et-relations\/","og_locale":"en_US","og_type":"article","og_title":"Fabriquer des mondes : savoirs, perceptions, pratiques mat\u00e9rielles et relations - Credo","og_description":"Fabriquer des mondes : savoirs, perceptions, pratiques mat\u00e9rielles et relations Les recherches rassembl\u00e9es dans cet axe s\u2019int\u00e9ressent aux mises en \u0153uvre concr\u00e8tes d&rsquo;actions m\u00ealant des savoirs, des perceptions, des objets et des relations entre les \u00eatres peuplant le monde. Elles partent du postulat que ce processus ne consiste pas en une simple reproduction \u00e0 l&rsquo;identique [&hellip;]","og_url":"https:\/\/pacific-credo.fr\/en\/recherche\/les-axes-scientifiques\/fabriquer-des-mondes-savoirs-perceptions-pratiques-materielles-et-relations\/","og_site_name":"Credo","article_publisher":"https:\/\/www.facebook.com\/people\/CREDO-Centre-de-Recherche-et-de-Documentation-sur-lOcanie\/100087147725332\/","article_modified_time":"2025-02-23T23:40:08+00:00","twitter_card":"summary_large_image","twitter_misc":{"Est. reading time":"2 minutes"},"schema":{"@context":"https:\/\/schema.org","@graph":[{"@type":"WebPage","@id":"https:\/\/pacific-credo.fr\/recherche\/les-axes-scientifiques\/fabriquer-des-mondes-savoirs-perceptions-pratiques-materielles-et-relations\/","url":"https:\/\/pacific-credo.fr\/recherche\/les-axes-scientifiques\/fabriquer-des-mondes-savoirs-perceptions-pratiques-materielles-et-relations\/","name":"Fabriquer des mondes : savoirs, perceptions, pratiques mat\u00e9rielles et relations - Credo","isPartOf":{"@id":"https:\/\/pacific-credo.fr\/en\/#website"},"datePublished":"2025-02-23T23:32:17+00:00","dateModified":"2025-02-23T23:40:08+00:00","breadcrumb":{"@id":"https:\/\/pacific-credo.fr\/recherche\/les-axes-scientifiques\/fabriquer-des-mondes-savoirs-perceptions-pratiques-materielles-et-relations\/#breadcrumb"},"inLanguage":"en-US","potentialAction":[{"@type":"ReadAction","target":["https:\/\/pacific-credo.fr\/recherche\/les-axes-scientifiques\/fabriquer-des-mondes-savoirs-perceptions-pratiques-materielles-et-relations\/"]}]},{"@type":"BreadcrumbList","@id":"https:\/\/pacific-credo.fr\/recherche\/les-axes-scientifiques\/fabriquer-des-mondes-savoirs-perceptions-pratiques-materielles-et-relations\/#breadcrumb","itemListElement":[{"@type":"ListItem","position":1,"name":"Accueil","item":"https:\/\/pacific-credo.fr\/"},{"@type":"ListItem","position":2,"name":"Recherche","item":"https:\/\/pacific-credo.fr\/recherche\/"},{"@type":"ListItem","position":3,"name":"Les axes scientifiques","item":"https:\/\/pacific-credo.fr\/recherche\/les-axes-scientifiques\/"},{"@type":"ListItem","position":4,"name":"Fabriquer des mondes : savoirs, perceptions, pratiques mat\u00e9rielles et relations"}]},{"@type":"WebSite","@id":"https:\/\/pacific-credo.fr\/en\/#website","url":"https:\/\/pacific-credo.fr\/en\/","name":"Credo","description":"","publisher":{"@id":"https:\/\/pacific-credo.fr\/en\/#organization"},"potentialAction":[{"@type":"SearchAction","target":{"@type":"EntryPoint","urlTemplate":"https:\/\/pacific-credo.fr\/en\/?s={search_term_string}"},"query-input":{"@type":"PropertyValueSpecification","valueRequired":true,"valueName":"search_term_string"}}],"inLanguage":"en-US"},{"@type":"Organization","@id":"https:\/\/pacific-credo.fr\/en\/#organization","name":"Credo","url":"https:\/\/pacific-credo.fr\/en\/","logo":{"@type":"ImageObject","inLanguage":"en-US","@id":"https:\/\/pacific-credo.fr\/en\/#\/schema\/logo\/image\/","url":"https:\/\/pacific-credo.fr\/wp-content\/uploads\/2024\/07\/\u00aeCREDO.webp","contentUrl":"https:\/\/pacific-credo.fr\/wp-content\/uploads\/2024\/07\/\u00aeCREDO.webp","width":637,"height":591,"caption":"Credo"},"image":{"@id":"https:\/\/pacific-credo.fr\/en\/#\/schema\/logo\/image\/"},"sameAs":["https:\/\/www.facebook.com\/people\/CREDO-Centre-de-Recherche-et-de-Documentation-sur-lOcanie\/100087147725332\/","https:\/\/www.linkedin.com\/company\/credo-centre-de-recherche-et-de-documentation-sur-l-ocanie\/about\/?viewAsMember=true"]}]}},"_links":{"self":[{"href":"https:\/\/pacific-credo.fr\/en\/wp-json\/wp\/v2\/pages\/11358","targetHints":{"allow":["GET"]}}],"collection":[{"href":"https:\/\/pacific-credo.fr\/en\/wp-json\/wp\/v2\/pages"}],"about":[{"href":"https:\/\/pacific-credo.fr\/en\/wp-json\/wp\/v2\/types\/page"}],"author":[{"embeddable":true,"href":"https:\/\/pacific-credo.fr\/en\/wp-json\/wp\/v2\/users\/1"}],"replies":[{"embeddable":true,"href":"https:\/\/pacific-credo.fr\/en\/wp-json\/wp\/v2\/comments?post=11358"}],"version-history":[{"count":0,"href":"https:\/\/pacific-credo.fr\/en\/wp-json\/wp\/v2\/pages\/11358\/revisions"}],"up":[{"embeddable":true,"href":"https:\/\/pacific-credo.fr\/en\/wp-json\/wp\/v2\/pages\/8034"}],"wp:attachment":[{"href":"https:\/\/pacific-credo.fr\/en\/wp-json\/wp\/v2\/media?parent=11358"}],"curies":[{"name":"wp","href":"https:\/\/api.w.org\/{rel}","templated":true}]}}