{"id":11350,"date":"2025-02-24T00:27:44","date_gmt":"2025-02-23T23:27:44","guid":{"rendered":"https:\/\/pacific-credo.fr\/?page_id=11350"},"modified":"2025-02-24T00:40:05","modified_gmt":"2025-02-23T23:40:05","slug":"emergences-innovation-et-creativite-dans-le-pacifique","status":"publish","type":"page","link":"https:\/\/pacific-credo.fr\/en\/recherche\/les-axes-scientifiques\/emergences-innovation-et-creativite-dans-le-pacifique\/","title":{"rendered":"Emergences: innovation and creativity in the Pacific"},"content":{"rendered":"<div data-elementor-type=\"wp-page\" data-elementor-id=\"11350\" class=\"elementor elementor-11350\" data-elementor-post-type=\"page\">\n\t\t\t\t<div class=\"elementor-element elementor-element-548f562 e-con-full e-flex e-con e-parent\" data-id=\"548f562\" data-element_type=\"container\" data-settings=\"{&quot;background_background&quot;:&quot;classic&quot;}\">\n\t\t\t\t<div class=\"elementor-element elementor-element-3e6a7ec elementor-widget elementor-widget-heading\" data-id=\"3e6a7ec\" data-element_type=\"widget\" data-widget_type=\"heading.default\">\n\t\t\t\t<div class=\"elementor-widget-container\">\n\t\t\t\t\t<h1 class=\"elementor-heading-title elementor-size-default\">Emergences: innovation and creativity in the Pacific<\/h1>\t\t\t\t<\/div>\n\t\t\t\t<\/div>\n\t\t\t\t<\/div>\n\t\t<div class=\"elementor-element elementor-element-c54676c e-flex e-con-boxed e-con e-parent\" data-id=\"c54676c\" data-element_type=\"container\">\n\t\t\t\t\t<div class=\"e-con-inner\">\n\t\t<div class=\"elementor-element elementor-element-3a30477 e-con-full e-flex e-con e-child\" data-id=\"3a30477\" data-element_type=\"container\">\n\t\t\t\t<div class=\"elementor-element elementor-element-047f3e7 elementor-widget elementor-widget-text-editor\" data-id=\"047f3e7\" data-element_type=\"widget\" data-widget_type=\"text-editor.default\">\n\t\t\t\t<div class=\"elementor-widget-container\">\n\t\t\t\t\t\t\t\t\t<p>Dans une r\u00e9alit\u00e9 sociale qui t\u00e9moigne, dans le Pacifique comme ailleurs, d\u2019une d\u00e9multiplication et d\u2019un entrelacement croissant des sch\u00e9mas de r\u00e9f\u00e9rence, des moyens techniques et intellectuels \u00e0 disposition, et des capacit\u00e9s des acteurs \u00e0 se penser de mani\u00e8re diff\u00e9renci\u00e9e, les processus d\u2019\u00e9mergence de nouvelles formes d\u2019actions et de pens\u00e9es individuelles ou collectives doivent d\u00e9sormais retenir notre attention \u2014 et ceci sans pr\u00e9tendre que la cr\u00e9ativit\u00e9 n\u2019occupait pas jadis une place importante dans la vie sociale. Loin de penser cette cr\u00e9ativit\u00e9 ou l\u2019innovation comme des produits des seuls individus, il s\u2019agira de les examiner et de les expliquer comme des processus fondamentalement multi-r\u00e9f\u00e9rentiels et sociaux, faisant \u00e9merger des actions et des repr\u00e9sentations partag\u00e9es ou concert\u00e9es, de la culture.<\/p><p>\u00a0<\/p><p>Cet axe contribuera \u00e0 l\u2019analyse de l\u2019\u00e9mergence, c\u2019est-\u00e0-dire de la cr\u00e9ativit\u00e9 et de l\u2019innovation, en tant que donn\u00e9e et concept th\u00e9orique \u00e0 la fois. Elle fera l\u2019objet d\u2019\u00e9tudes crois\u00e9es dans des domaines socioculturels divers mais interconnect\u00e9s, parmi eux la gestion et perception des ressources environnementales, les appartenances sociales, la propri\u00e9t\u00e9 (dont intellectuelle) et la circulation des savoirs et des droits, la ritualisation comme processus transitifs (dont l\u2019action s\u2019exerce sur autre chose que le sujet agissant), les acquisitions, transmissions et transformations linguistiques, les typologies et classifications des humains ou encore la production et distribution des moyens d\u2019existence. Dans l\u2019ensemble de ces domaines, ce qui transforme ou transgresse, est oubli\u00e9 ou ajout\u00e9, enrichi ou diminu\u00e9, et diverge ou d\u00e9vie de ce que les acteurs eux-m\u00eames consid\u00e8rent \u00eatre leurs mani\u00e8res de faire et de penser retiendra tout particuli\u00e8rement notre attention. L\u2019\u00e9mergence rel\u00e8ve ainsi tout autant de l\u2019innovation que des modalit\u00e9s et des contenus de la transmission, de l\u2019imitation et de la transculturation. Les travaux dans cet axe articuleront trois grandes interrogations entre elles : les repr\u00e9sentations et la reconnaissance de l\u2019\u00e9mergence, la cr\u00e9ativit\u00e9 dans les appellations et classifications autochtones, et la cr\u00e9ation dans la narration, ou la narration comme cr\u00e9ation.<\/p>\t\t\t\t\t\t\t\t<\/div>\n\t\t\t\t<\/div>\n\t\t\t\t<\/div>\n\t\t\t\t\t<\/div>\n\t\t\t\t<\/div>\n\t\t<div class=\"elementor-element elementor-element-d101bfc e-flex e-con-boxed e-con e-parent\" data-id=\"d101bfc\" data-element_type=\"container\">\n\t\t\t\t\t<div class=\"e-con-inner\">\n\t\t<div class=\"elementor-element elementor-element-67c6910 e-con-full e-flex e-con e-child\" data-id=\"67c6910\" data-element_type=\"container\">\n\t\t\t\t<div class=\"elementor-element elementor-element-20250d2 animated-fast elementor-invisible elementor-widget elementor-widget-heading\" data-id=\"20250d2\" data-element_type=\"widget\" data-settings=\"{&quot;_animation&quot;:&quot;fadeInUp&quot;}\" data-widget_type=\"heading.default\">\n\t\t\t\t<div class=\"elementor-widget-container\">\n\t\t\t\t\t<h3 class=\"elementor-heading-title elementor-size-default\">Participeront \u00e0 ce th\u00e8me les personnes suivantes<\/h3>\t\t\t\t<\/div>\n\t\t\t\t<\/div>\n\t\t\t\t<\/div>\n\t\t\t\t\t<\/div>\n\t\t\t\t<\/div>\n\t\t<div class=\"elementor-element elementor-element-6ba7808 e-flex e-con-boxed e-con e-parent\" data-id=\"6ba7808\" data-element_type=\"container\">\n\t\t\t\t\t<div class=\"e-con-inner\">\n\t\t<div class=\"elementor-element elementor-element-78ba923 e-con-full e-flex e-con e-child\" data-id=\"78ba923\" data-element_type=\"container\" data-settings=\"{&quot;background_background&quot;:&quot;classic&quot;}\">\n\t\t\t\t<div class=\"elementor-element elementor-element-f0f67bc elementor-widget elementor-widget-heading\" data-id=\"f0f67bc\" data-element_type=\"widget\" data-widget_type=\"heading.default\">\n\t\t\t\t<div class=\"elementor-widget-container\">\n\t\t\t\t\t<h4 class=\"elementor-heading-title elementor-size-default\">Les titulaires<\/h4>\t\t\t\t<\/div>\n\t\t\t\t<\/div>\n\t\t\t\t<div class=\"elementor-element elementor-element-31ce077 elementor-widget elementor-widget-text-editor\" data-id=\"31ce077\" data-element_type=\"widget\" data-widget_type=\"text-editor.default\">\n\t\t\t\t<div class=\"elementor-widget-container\">\n\t\t\t\t\t\t\t\t\t<p>Pascale Bonnem\u00e8re<br \/>Laurent Dousset<br \/>S\u00e9bastien Galliot<br \/>James Leach<br \/>Simonne Pauwels<br \/>Monika Stern<\/p><p><br \/>Judith Hannoun (UMS MAP) pour la documentation<br \/>Caroline Cavallasca pour la num\u00e9risation et l\u2019archivage<\/p>\t\t\t\t\t\t\t\t<\/div>\n\t\t\t\t<\/div>\n\t\t\t\t<\/div>\n\t\t<div class=\"elementor-element elementor-element-b16b351 e-con-full e-flex e-con e-child\" data-id=\"b16b351\" data-element_type=\"container\" data-settings=\"{&quot;background_background&quot;:&quot;classic&quot;}\">\n\t\t\t\t<div class=\"elementor-element elementor-element-a3b7263 elementor-widget elementor-widget-heading\" data-id=\"a3b7263\" data-element_type=\"widget\" data-widget_type=\"heading.default\">\n\t\t\t\t<div class=\"elementor-widget-container\">\n\t\t\t\t\t<h4 class=\"elementor-heading-title elementor-size-default\">Les post-doctorants\/associ\u00e9s \n<\/h4>\t\t\t\t<\/div>\n\t\t\t\t<\/div>\n\t\t\t\t<div class=\"elementor-element elementor-element-9bf2071 elementor-widget elementor-widget-text-editor\" data-id=\"9bf2071\" data-element_type=\"widget\" data-widget_type=\"text-editor.default\">\n\t\t\t\t<div class=\"elementor-widget-container\">\n\t\t\t\t\t\t\t\t\t<p>Jocelyn Aznar<br \/>Jessica De Largy Healy<br \/>Marie Durand<br \/>Elodie Fache<\/p>\t\t\t\t\t\t\t\t<\/div>\n\t\t\t\t<\/div>\n\t\t\t\t<\/div>\n\t\t<div class=\"elementor-element elementor-element-4dab6fa e-con-full e-flex e-con e-child\" data-id=\"4dab6fa\" data-element_type=\"container\" data-settings=\"{&quot;background_background&quot;:&quot;classic&quot;}\">\n\t\t\t\t<div class=\"elementor-element elementor-element-1d5a7ea elementor-widget elementor-widget-heading\" data-id=\"1d5a7ea\" data-element_type=\"widget\" data-widget_type=\"heading.default\">\n\t\t\t\t<div class=\"elementor-widget-container\">\n\t\t\t\t\t<h4 class=\"elementor-heading-title elementor-size-default\">PhD students<\/h4>\t\t\t\t<\/div>\n\t\t\t\t<\/div>\n\t\t\t\t<div class=\"elementor-element elementor-element-112c388 elementor-widget elementor-widget-text-editor\" data-id=\"112c388\" data-element_type=\"widget\" data-widget_type=\"text-editor.default\">\n\t\t\t\t<div class=\"elementor-widget-container\">\n\t\t\t\t\t\t\t\t\t<p>Aur\u00e9lien Esgonni\u00e8re du Thibeuf<br \/>David Glory<\/p>\t\t\t\t\t\t\t\t<\/div>\n\t\t\t\t<\/div>\n\t\t\t\t<\/div>\n\t\t\t\t\t<\/div>\n\t\t\t\t<\/div>\n\t\t\t\t<\/div>","protected":false},"excerpt":{"rendered":"<p>\u00c9mergences : innovation et cr\u00e9ativit\u00e9 dans le Pacifique Dans une r\u00e9alit\u00e9 sociale qui t\u00e9moigne, dans le Pacifique comme ailleurs, d\u2019une d\u00e9multiplication et d\u2019un entrelacement croissant des sch\u00e9mas de r\u00e9f\u00e9rence, des moyens techniques et intellectuels \u00e0 disposition, et des capacit\u00e9s des acteurs \u00e0 se penser de mani\u00e8re diff\u00e9renci\u00e9e, les processus d\u2019\u00e9mergence de nouvelles formes d\u2019actions et [&hellip;]<\/p>","protected":false},"author":1,"featured_media":0,"parent":8034,"menu_order":0,"comment_status":"closed","ping_status":"closed","template":"page.php","meta":{"_acf_changed":false,"footnotes":""},"class_list":["post-11350","page","type-page","status-publish","hentry"],"acf":[],"yoast_head":"<!-- This site is optimized with the Yoast SEO plugin v26.6 - https:\/\/yoast.com\/wordpress\/plugins\/seo\/ -->\n<title>\u00c9mergences : innovation et cr\u00e9ativit\u00e9 dans le Pacifique - Credo<\/title>\n<meta name=\"robots\" content=\"index, follow, max-snippet:-1, max-image-preview:large, max-video-preview:-1\" \/>\n<link rel=\"canonical\" href=\"https:\/\/pacific-credo.fr\/en\/recherche\/les-axes-scientifiques\/emergences-innovation-et-creativite-dans-le-pacifique\/\" \/>\n<meta property=\"og:locale\" content=\"en_US\" \/>\n<meta property=\"og:type\" content=\"article\" \/>\n<meta property=\"og:title\" content=\"\u00c9mergences : innovation et cr\u00e9ativit\u00e9 dans le Pacifique - Credo\" \/>\n<meta property=\"og:description\" content=\"\u00c9mergences : innovation et cr\u00e9ativit\u00e9 dans le Pacifique Dans une r\u00e9alit\u00e9 sociale qui t\u00e9moigne, dans le Pacifique comme ailleurs, d\u2019une d\u00e9multiplication et d\u2019un entrelacement croissant des sch\u00e9mas de r\u00e9f\u00e9rence, des moyens techniques et intellectuels \u00e0 disposition, et des capacit\u00e9s des acteurs \u00e0 se penser de mani\u00e8re diff\u00e9renci\u00e9e, les processus d\u2019\u00e9mergence de nouvelles formes d\u2019actions et [&hellip;]\" \/>\n<meta property=\"og:url\" content=\"https:\/\/pacific-credo.fr\/en\/recherche\/les-axes-scientifiques\/emergences-innovation-et-creativite-dans-le-pacifique\/\" \/>\n<meta property=\"og:site_name\" content=\"Credo\" \/>\n<meta property=\"article:publisher\" content=\"https:\/\/www.facebook.com\/people\/CREDO-Centre-de-Recherche-et-de-Documentation-sur-lOcanie\/100087147725332\/\" \/>\n<meta property=\"article:modified_time\" content=\"2025-02-23T23:40:05+00:00\" \/>\n<meta name=\"twitter:card\" content=\"summary_large_image\" \/>\n<meta name=\"twitter:label1\" content=\"Est. reading time\" \/>\n\t<meta name=\"twitter:data1\" content=\"2 minutes\" \/>\n<script type=\"application\/ld+json\" class=\"yoast-schema-graph\">{\"@context\":\"https:\/\/schema.org\",\"@graph\":[{\"@type\":\"WebPage\",\"@id\":\"https:\/\/pacific-credo.fr\/recherche\/les-axes-scientifiques\/emergences-innovation-et-creativite-dans-le-pacifique\/\",\"url\":\"https:\/\/pacific-credo.fr\/recherche\/les-axes-scientifiques\/emergences-innovation-et-creativite-dans-le-pacifique\/\",\"name\":\"\u00c9mergences : innovation et cr\u00e9ativit\u00e9 dans le Pacifique - Credo\",\"isPartOf\":{\"@id\":\"https:\/\/pacific-credo.fr\/en\/#website\"},\"datePublished\":\"2025-02-23T23:27:44+00:00\",\"dateModified\":\"2025-02-23T23:40:05+00:00\",\"breadcrumb\":{\"@id\":\"https:\/\/pacific-credo.fr\/recherche\/les-axes-scientifiques\/emergences-innovation-et-creativite-dans-le-pacifique\/#breadcrumb\"},\"inLanguage\":\"en-US\",\"potentialAction\":[{\"@type\":\"ReadAction\",\"target\":[\"https:\/\/pacific-credo.fr\/recherche\/les-axes-scientifiques\/emergences-innovation-et-creativite-dans-le-pacifique\/\"]}]},{\"@type\":\"BreadcrumbList\",\"@id\":\"https:\/\/pacific-credo.fr\/recherche\/les-axes-scientifiques\/emergences-innovation-et-creativite-dans-le-pacifique\/#breadcrumb\",\"itemListElement\":[{\"@type\":\"ListItem\",\"position\":1,\"name\":\"Accueil\",\"item\":\"https:\/\/pacific-credo.fr\/\"},{\"@type\":\"ListItem\",\"position\":2,\"name\":\"Recherche\",\"item\":\"https:\/\/pacific-credo.fr\/recherche\/\"},{\"@type\":\"ListItem\",\"position\":3,\"name\":\"Les axes scientifiques\",\"item\":\"https:\/\/pacific-credo.fr\/recherche\/les-axes-scientifiques\/\"},{\"@type\":\"ListItem\",\"position\":4,\"name\":\"\u00c9mergences : innovation et cr\u00e9ativit\u00e9 dans le Pacifique\"}]},{\"@type\":\"WebSite\",\"@id\":\"https:\/\/pacific-credo.fr\/en\/#website\",\"url\":\"https:\/\/pacific-credo.fr\/en\/\",\"name\":\"Credo\",\"description\":\"\",\"publisher\":{\"@id\":\"https:\/\/pacific-credo.fr\/en\/#organization\"},\"potentialAction\":[{\"@type\":\"SearchAction\",\"target\":{\"@type\":\"EntryPoint\",\"urlTemplate\":\"https:\/\/pacific-credo.fr\/en\/?s={search_term_string}\"},\"query-input\":{\"@type\":\"PropertyValueSpecification\",\"valueRequired\":true,\"valueName\":\"search_term_string\"}}],\"inLanguage\":\"en-US\"},{\"@type\":\"Organization\",\"@id\":\"https:\/\/pacific-credo.fr\/en\/#organization\",\"name\":\"Credo\",\"url\":\"https:\/\/pacific-credo.fr\/en\/\",\"logo\":{\"@type\":\"ImageObject\",\"inLanguage\":\"en-US\",\"@id\":\"https:\/\/pacific-credo.fr\/en\/#\/schema\/logo\/image\/\",\"url\":\"https:\/\/pacific-credo.fr\/wp-content\/uploads\/2024\/07\/\u00aeCREDO.webp\",\"contentUrl\":\"https:\/\/pacific-credo.fr\/wp-content\/uploads\/2024\/07\/\u00aeCREDO.webp\",\"width\":637,\"height\":591,\"caption\":\"Credo\"},\"image\":{\"@id\":\"https:\/\/pacific-credo.fr\/en\/#\/schema\/logo\/image\/\"},\"sameAs\":[\"https:\/\/www.facebook.com\/people\/CREDO-Centre-de-Recherche-et-de-Documentation-sur-lOcanie\/100087147725332\/\",\"https:\/\/www.linkedin.com\/company\/credo-centre-de-recherche-et-de-documentation-sur-l-ocanie\/about\/?viewAsMember=true\"]}]}<\/script>\n<!-- \/ Yoast SEO plugin. -->","yoast_head_json":{"title":"\u00c9mergences : innovation et cr\u00e9ativit\u00e9 dans le Pacifique - Credo","robots":{"index":"index","follow":"follow","max-snippet":"max-snippet:-1","max-image-preview":"max-image-preview:large","max-video-preview":"max-video-preview:-1"},"canonical":"https:\/\/pacific-credo.fr\/en\/recherche\/les-axes-scientifiques\/emergences-innovation-et-creativite-dans-le-pacifique\/","og_locale":"en_US","og_type":"article","og_title":"\u00c9mergences : innovation et cr\u00e9ativit\u00e9 dans le Pacifique - Credo","og_description":"\u00c9mergences : innovation et cr\u00e9ativit\u00e9 dans le Pacifique Dans une r\u00e9alit\u00e9 sociale qui t\u00e9moigne, dans le Pacifique comme ailleurs, d\u2019une d\u00e9multiplication et d\u2019un entrelacement croissant des sch\u00e9mas de r\u00e9f\u00e9rence, des moyens techniques et intellectuels \u00e0 disposition, et des capacit\u00e9s des acteurs \u00e0 se penser de mani\u00e8re diff\u00e9renci\u00e9e, les processus d\u2019\u00e9mergence de nouvelles formes d\u2019actions et [&hellip;]","og_url":"https:\/\/pacific-credo.fr\/en\/recherche\/les-axes-scientifiques\/emergences-innovation-et-creativite-dans-le-pacifique\/","og_site_name":"Credo","article_publisher":"https:\/\/www.facebook.com\/people\/CREDO-Centre-de-Recherche-et-de-Documentation-sur-lOcanie\/100087147725332\/","article_modified_time":"2025-02-23T23:40:05+00:00","twitter_card":"summary_large_image","twitter_misc":{"Est. reading time":"2 minutes"},"schema":{"@context":"https:\/\/schema.org","@graph":[{"@type":"WebPage","@id":"https:\/\/pacific-credo.fr\/recherche\/les-axes-scientifiques\/emergences-innovation-et-creativite-dans-le-pacifique\/","url":"https:\/\/pacific-credo.fr\/recherche\/les-axes-scientifiques\/emergences-innovation-et-creativite-dans-le-pacifique\/","name":"\u00c9mergences : innovation et cr\u00e9ativit\u00e9 dans le Pacifique - Credo","isPartOf":{"@id":"https:\/\/pacific-credo.fr\/en\/#website"},"datePublished":"2025-02-23T23:27:44+00:00","dateModified":"2025-02-23T23:40:05+00:00","breadcrumb":{"@id":"https:\/\/pacific-credo.fr\/recherche\/les-axes-scientifiques\/emergences-innovation-et-creativite-dans-le-pacifique\/#breadcrumb"},"inLanguage":"en-US","potentialAction":[{"@type":"ReadAction","target":["https:\/\/pacific-credo.fr\/recherche\/les-axes-scientifiques\/emergences-innovation-et-creativite-dans-le-pacifique\/"]}]},{"@type":"BreadcrumbList","@id":"https:\/\/pacific-credo.fr\/recherche\/les-axes-scientifiques\/emergences-innovation-et-creativite-dans-le-pacifique\/#breadcrumb","itemListElement":[{"@type":"ListItem","position":1,"name":"Accueil","item":"https:\/\/pacific-credo.fr\/"},{"@type":"ListItem","position":2,"name":"Recherche","item":"https:\/\/pacific-credo.fr\/recherche\/"},{"@type":"ListItem","position":3,"name":"Les axes scientifiques","item":"https:\/\/pacific-credo.fr\/recherche\/les-axes-scientifiques\/"},{"@type":"ListItem","position":4,"name":"\u00c9mergences : innovation et cr\u00e9ativit\u00e9 dans le Pacifique"}]},{"@type":"WebSite","@id":"https:\/\/pacific-credo.fr\/en\/#website","url":"https:\/\/pacific-credo.fr\/en\/","name":"Credo","description":"","publisher":{"@id":"https:\/\/pacific-credo.fr\/en\/#organization"},"potentialAction":[{"@type":"SearchAction","target":{"@type":"EntryPoint","urlTemplate":"https:\/\/pacific-credo.fr\/en\/?s={search_term_string}"},"query-input":{"@type":"PropertyValueSpecification","valueRequired":true,"valueName":"search_term_string"}}],"inLanguage":"en-US"},{"@type":"Organization","@id":"https:\/\/pacific-credo.fr\/en\/#organization","name":"Credo","url":"https:\/\/pacific-credo.fr\/en\/","logo":{"@type":"ImageObject","inLanguage":"en-US","@id":"https:\/\/pacific-credo.fr\/en\/#\/schema\/logo\/image\/","url":"https:\/\/pacific-credo.fr\/wp-content\/uploads\/2024\/07\/\u00aeCREDO.webp","contentUrl":"https:\/\/pacific-credo.fr\/wp-content\/uploads\/2024\/07\/\u00aeCREDO.webp","width":637,"height":591,"caption":"Credo"},"image":{"@id":"https:\/\/pacific-credo.fr\/en\/#\/schema\/logo\/image\/"},"sameAs":["https:\/\/www.facebook.com\/people\/CREDO-Centre-de-Recherche-et-de-Documentation-sur-lOcanie\/100087147725332\/","https:\/\/www.linkedin.com\/company\/credo-centre-de-recherche-et-de-documentation-sur-l-ocanie\/about\/?viewAsMember=true"]}]}},"_links":{"self":[{"href":"https:\/\/pacific-credo.fr\/en\/wp-json\/wp\/v2\/pages\/11350","targetHints":{"allow":["GET"]}}],"collection":[{"href":"https:\/\/pacific-credo.fr\/en\/wp-json\/wp\/v2\/pages"}],"about":[{"href":"https:\/\/pacific-credo.fr\/en\/wp-json\/wp\/v2\/types\/page"}],"author":[{"embeddable":true,"href":"https:\/\/pacific-credo.fr\/en\/wp-json\/wp\/v2\/users\/1"}],"replies":[{"embeddable":true,"href":"https:\/\/pacific-credo.fr\/en\/wp-json\/wp\/v2\/comments?post=11350"}],"version-history":[{"count":0,"href":"https:\/\/pacific-credo.fr\/en\/wp-json\/wp\/v2\/pages\/11350\/revisions"}],"up":[{"embeddable":true,"href":"https:\/\/pacific-credo.fr\/en\/wp-json\/wp\/v2\/pages\/8034"}],"wp:attachment":[{"href":"https:\/\/pacific-credo.fr\/en\/wp-json\/wp\/v2\/media?parent=11350"}],"curies":[{"name":"wp","href":"https:\/\/api.w.org\/{rel}","templated":true}]}}