{"id":11338,"date":"2025-02-24T00:12:00","date_gmt":"2025-02-23T23:12:00","guid":{"rendered":"https:\/\/pacific-credo.fr\/?page_id=11338"},"modified":"2025-04-25T14:36:23","modified_gmt":"2025-04-25T12:36:23","slug":"penser-les-formes-de-cohabitation-de-coevolution-et-de-co-construction-humain-non-humain","status":"publish","type":"page","link":"https:\/\/pacific-credo.fr\/en\/recherche\/les-axes-scientifiques\/penser-les-formes-de-cohabitation-de-coevolution-et-de-co-construction-humain-non-humain\/","title":{"rendered":"Thinking about forms of human - non-human cohabitation, co-evolution and co-construction"},"content":{"rendered":"<div data-elementor-type=\"wp-page\" data-elementor-id=\"11338\" class=\"elementor elementor-11338\" data-elementor-post-type=\"page\">\n\t\t\t\t<div class=\"elementor-element elementor-element-548f562 e-con-full e-flex e-con e-parent\" data-id=\"548f562\" data-element_type=\"container\" data-settings=\"{&quot;background_background&quot;:&quot;classic&quot;}\">\n\t\t\t\t<div class=\"elementor-element elementor-element-3e6a7ec elementor-widget elementor-widget-heading\" data-id=\"3e6a7ec\" data-element_type=\"widget\" data-widget_type=\"heading.default\">\n\t\t\t\t<div class=\"elementor-widget-container\">\n\t\t\t\t\t<h1 class=\"elementor-heading-title elementor-size-default\">Thinking about forms of human - non-human cohabitation, co-evolution and co-construction<\/h1>\t\t\t\t<\/div>\n\t\t\t\t<\/div>\n\t\t\t\t<\/div>\n\t\t<div class=\"elementor-element elementor-element-c54676c e-flex e-con-boxed e-con e-parent\" data-id=\"c54676c\" data-element_type=\"container\">\n\t\t\t\t\t<div class=\"e-con-inner\">\n\t\t<div class=\"elementor-element elementor-element-3a30477 e-con-full e-flex e-con e-child\" data-id=\"3a30477\" data-element_type=\"container\">\n\t\t\t\t<div class=\"elementor-element elementor-element-047f3e7 elementor-widget elementor-widget-text-editor\" data-id=\"047f3e7\" data-element_type=\"widget\" data-widget_type=\"text-editor.default\">\n\t\t\t\t<div class=\"elementor-widget-container\">\n\t\t\t\t\t\t\t\t\t<p>The relationship between animals, plants and humans has long been studied and analysed by anthropologists. This is borne out by the many monographs from the 19th and 20th centuries on pastoral, agricultural\/horticultural or hunter-gatherer communities, whose social systems, ways of perceiving and thinking (totemism and animism) and modes of subsistence (domestication, hunting, gathering) closely entwine humans and non-humans.<\/p>\n<p><br><\/p>\n<p>More recently, a branch of anthropology\u2014ethnoscience\u2014emerged in France with the creation in 1963 of the Laboratoire d'ethnobotanique (which became the Laboratoire d'ethnobotanique et d'ethnozoologie in 1966) attached to the National Museum of Natural History. This branch has focused particularly on taxonomy and the impact of animal and plant behavior on the constitution of local knowledge. The leading figure in this branch of anthropology (but also of ethnolinguistics and the anthropology of technology), which Jacques Barrau called the disciplinary \u201cwall-passer,\u201d was Andr\u00e9-Georges Haudricourt. In his memorial book (A.-G. Haudricourt and P. Dibie, Les pieds sur terre, 1987: 169), he writes: \"If ethnozoology is to have any meaning, it must break away from the zootechnics from which it originated and take a genuine interest in the reciprocal relations between humans and animals. The question is: which of these two mammals has influenced the other?\u201c And further on: \u201dOne question remains unanswered for me: what if it was other living beings that educated humans, if horses taught them to run, frogs to swim, and plants to be patient?\"<\/p>\n<p><br><\/p>\n<p>His work, conducted mainly in the field in New Caledonia, advocates referring to the animals and plants that surround humans in order to translate the unique ways in which humans exist in the world. Still in Melanesia, other notable names worth mentioning include, but are not limited to: Jacques Barrau, Ralph Bulmer, Florence Brunois, Peter Dwyer and Monica Minnegal, Steven Feld and Roy Rappaport, who have studied naturalist knowledge and the interdependence between humans and non-humans in a forest (Papua New Guinea) or island (Oceania) environment.<\/p>\n<p><br><\/p>\n<p>This theme gained momentum with, in particular, Philippe Descola's anthropological work in the Amazon. In an interview conducted in 2016 at the Coll\u00e8ge de France, he confided: \"... anthropology was born out of a peculiarity reported by observers: in many parts of the world under colonial rule, people did not seem to make very clear distinctions between humans and animals, plants and spirits, or other forms of life presumed to be present in the environment. It can be said that anthropology was born out of the need to shed light on this mystery...\u201c (\u201dAnimals and History, Beyond Nature and Culture,\" Revue d'histoire du XIXe si\u00e8cle 54, 2017). In his inaugural lecture at the Coll\u00e8ge de France for the creation of the Chair of Anthropology of Nature, he starts from the observation that \u201cnature does not exist as a sphere of autonomous realities\u201d (Anthropology of Nature, Inaugural Lecture at the Coll\u00e8ge de France, March 29, 2001), recalling that the formal distinction between nature and culture, far from being universal, is a late characteristic of Western thought. And that it is time for \u201canthropology to challenge this legacy by rethinking its field of activity and its tools so as to include in its object much more than anthropos, the whole community of beings linked to it and long relegated to a supporting role\u201d (p. 7). Mirroring this understanding of humans as living beings in their environment, the question of the agency of the beings and things with which humans interact is also raised. It is thanks to this ontological shift, influenced by related paradigms developed mainly in the field of the sociology of science under the influence of Bruno Latour (\u201cComment redistribuer le grand partage ?\u201d [How to redistribute the great divide?], Revue de synth\u00e8se, IIIe S, 110: 203-2, 1983), that the study of the relationships between humans and animals (and to a lesser extent plants) has seen a resurgence of interest over the past two decades, becoming a privileged field of experimentation for the erosion of the great divisions between the social and the biological, between humanity and animality.<\/p><p><br><\/p>\n<p>Today, research on human-animal relationships seems to be influenced by three trends.&nbsp;<\/p>\n<ul>\n<li><span style=\"font-size: 18px; text-align: var(--text-align); letter-spacing: -0.00208em;\">the first (following on from Descola's work) which invites us to consider animals (almost) as humans by virtue of their intrinsic qualities (individuality, subjectivity, affectivity, intentionality);<\/span><\/li>\n<li>The second encourages us to describe humans, animals, and things on the same level, without prejudging the nature of their specific cognitive or affective properties, advocating an \u201cinteractive ethno-ethology\u201d and aiming to conduct \" an ethnography of how individuals perceive and conceive, in the course of their interaction with them, the behavior of living beings and how they react to these behaviors\u201c (F. Brunois, \u201dPour une approche interactive des savoirs locaux : l'ethno-ethologie,\" Journal de la Soci\u00e9t\u00e9 des Oc\u00e9anistes, 120\/121, 2005: 34);<\/li>\n<li>Finally, the third view considers animals as subjects that create relationships, with and from which we should think and develop our knowledge; each having the ability to influence the other and transform their ways of doing things (V. Despret, What would animals say if... we asked them the right questions? , 2012).<\/li>\n<\/ul>\n<p>The aim here is to revive a certain Melanesian \u201ctradition\u201d inaugurated by Haudricourt while continuing the \u201csymmetrical shift\u201d of human-nonhuman relations through the prism of the particularities of Pacific societies, whose commonalities, beyond their diversity, lie in their connection to aquatic environments, particularly the sea, the synergies and exchanges they conceive and establish between terrestrial and marine environments, and the special relationship they maintain with certain transformative agents, primarily metamorphosis. The processes by which a human adopts the perspective of another and \u201cbecomes\u201d that other are multimodal. They involve, for example, physical transformations (tattooing, scarification, dance), metabolic transformations (ingestion of blood, mucus), technical transformations (artifacts as substitutes and extensions of the body) and\/or social transformations (exchange of names), and highlight the porosity of the boundaries between different categories of beings.<\/p>\t\t\t\t\t\t\t\t<\/div>\n\t\t\t\t<\/div>\n\t\t\t\t<\/div>\n\t\t\t\t\t<\/div>\n\t\t\t\t<\/div>\n\t\t<div class=\"elementor-element elementor-element-d101bfc e-flex e-con-boxed e-con e-parent\" data-id=\"d101bfc\" data-element_type=\"container\">\n\t\t\t\t\t<div class=\"e-con-inner\">\n\t\t<div class=\"elementor-element elementor-element-67c6910 e-con-full e-flex e-con e-child\" data-id=\"67c6910\" data-element_type=\"container\">\n\t\t\t\t<div class=\"elementor-element elementor-element-20250d2 animated-fast elementor-invisible elementor-widget elementor-widget-heading\" data-id=\"20250d2\" data-element_type=\"widget\" data-settings=\"{&quot;_animation&quot;:&quot;fadeInUp&quot;}\" data-widget_type=\"heading.default\">\n\t\t\t\t<div class=\"elementor-widget-container\">\n\t\t\t\t\t<h3 class=\"elementor-heading-title elementor-size-default\">Their work will contribute to this programme<\/h3>\t\t\t\t<\/div>\n\t\t\t\t<\/div>\n\t\t\t\t<\/div>\n\t\t\t\t\t<\/div>\n\t\t\t\t<\/div>\n\t\t<div class=\"elementor-element elementor-element-6ba7808 e-flex e-con-boxed e-con e-parent\" data-id=\"6ba7808\" data-element_type=\"container\">\n\t\t\t\t\t<div class=\"e-con-inner\">\n\t\t<div class=\"elementor-element elementor-element-78ba923 e-con-full e-flex e-con e-child\" data-id=\"78ba923\" data-element_type=\"container\" data-settings=\"{&quot;background_background&quot;:&quot;classic&quot;}\">\n\t\t\t\t<div class=\"elementor-element elementor-element-f0f67bc elementor-widget elementor-widget-heading\" data-id=\"f0f67bc\" data-element_type=\"widget\" data-widget_type=\"heading.default\">\n\t\t\t\t<div class=\"elementor-widget-container\">\n\t\t\t\t\t<h4 class=\"elementor-heading-title elementor-size-default\">Permanent members<\/h4>\t\t\t\t<\/div>\n\t\t\t\t<\/div>\n\t\t\t\t<div class=\"elementor-element elementor-element-31ce077 elementor-widget elementor-widget-text-editor\" data-id=\"31ce077\" data-element_type=\"widget\" data-widget_type=\"text-editor.default\">\n\t\t\t\t<div class=\"elementor-widget-container\">\n\t\t\t\t\t\t\t\t\t<p>Pascale Bonnem\u00e8re<br \/>Anne Di Piazza<br \/>S\u00e9bastien Galliot<br \/>James Leach<br \/>Pierre Lemonnier<br \/>Simonne Pauwels<br \/>Sandra Revolon<\/p>\t\t\t\t\t\t\t\t<\/div>\n\t\t\t\t<\/div>\n\t\t\t\t<\/div>\n\t\t<div class=\"elementor-element elementor-element-b16b351 e-con-full e-flex e-con e-child\" data-id=\"b16b351\" data-element_type=\"container\" data-settings=\"{&quot;background_background&quot;:&quot;classic&quot;}\">\n\t\t\t\t<div class=\"elementor-element elementor-element-a3b7263 elementor-widget elementor-widget-heading\" data-id=\"a3b7263\" data-element_type=\"widget\" data-widget_type=\"heading.default\">\n\t\t\t\t<div class=\"elementor-widget-container\">\n\t\t\t\t\t<h4 class=\"elementor-heading-title elementor-size-default\">The partners<\/h4>\t\t\t\t<\/div>\n\t\t\t\t<\/div>\n\t\t\t\t<div class=\"elementor-element elementor-element-9bf2071 elementor-widget elementor-widget-text-editor\" data-id=\"9bf2071\" data-element_type=\"widget\" data-widget_type=\"text-editor.default\">\n\t\t\t\t<div class=\"elementor-widget-container\">\n\t\t\t\t\t\t\t\t\t<p>Sophie Caillon (CNRS)<br \/>Ma\u00eblle Calandra (IRD)<\/p>\t\t\t\t\t\t\t\t<\/div>\n\t\t\t\t<\/div>\n\t\t\t\t<\/div>\n\t\t<div class=\"elementor-element elementor-element-4dab6fa e-con-full e-flex e-con e-child\" data-id=\"4dab6fa\" data-element_type=\"container\" data-settings=\"{&quot;background_background&quot;:&quot;classic&quot;}\">\n\t\t\t\t<div class=\"elementor-element elementor-element-1d5a7ea elementor-widget elementor-widget-heading\" data-id=\"1d5a7ea\" data-element_type=\"widget\" data-widget_type=\"heading.default\">\n\t\t\t\t<div class=\"elementor-widget-container\">\n\t\t\t\t\t<h4 class=\"elementor-heading-title elementor-size-default\">PhD students<\/h4>\t\t\t\t<\/div>\n\t\t\t\t<\/div>\n\t\t\t\t<div class=\"elementor-element elementor-element-112c388 elementor-widget elementor-widget-text-editor\" data-id=\"112c388\" data-element_type=\"widget\" data-widget_type=\"text-editor.default\">\n\t\t\t\t<div class=\"elementor-widget-container\">\n\t\t\t\t\t\t\t\t\t<p>Mark Collins<br \/>Simon G\u00e9rard<\/p>\t\t\t\t\t\t\t\t<\/div>\n\t\t\t\t<\/div>\n\t\t\t\t<\/div>\n\t\t\t\t\t<\/div>\n\t\t\t\t<\/div>\n\t\t\t\t<\/div>","protected":false},"excerpt":{"rendered":"<p>Penser les formes de cohabitation, de co\u00e9volution et de co-construction humain &#8211; non humain Les animaux, les plantes et les humains entretiennent des relations ethnographi\u00e9es et analys\u00e9es de longue date par l\u2019anthropologie. En t\u00e9moignent les nombreuses monographies du XIX\u00e8me et XX\u00e8me si\u00e8cles portant sur des communaut\u00e9s pastorales, agricoles\/horticoles, ou de chasseurs-cueilleurs, dont les syst\u00e8mes sociaux, [&hellip;]<\/p>","protected":false},"author":1,"featured_media":0,"parent":8034,"menu_order":0,"comment_status":"closed","ping_status":"closed","template":"page.php","meta":{"_acf_changed":false,"footnotes":""},"class_list":["post-11338","page","type-page","status-publish","hentry"],"acf":[],"yoast_head":"<!-- This site is optimized with the Yoast SEO plugin v26.6 - https:\/\/yoast.com\/wordpress\/plugins\/seo\/ -->\n<title>Penser les formes de cohabitation, de co\u00e9volution et de co-construction humain - non humain - Credo<\/title>\n<meta name=\"robots\" content=\"index, follow, max-snippet:-1, max-image-preview:large, max-video-preview:-1\" \/>\n<link rel=\"canonical\" href=\"https:\/\/pacific-credo.fr\/en\/recherche\/les-axes-scientifiques\/penser-les-formes-de-cohabitation-de-coevolution-et-de-co-construction-humain-non-humain\/\" \/>\n<meta property=\"og:locale\" content=\"en_US\" \/>\n<meta property=\"og:type\" content=\"article\" \/>\n<meta property=\"og:title\" content=\"Penser les formes de cohabitation, de co\u00e9volution et de co-construction humain - non humain - Credo\" \/>\n<meta property=\"og:description\" content=\"Penser les formes de cohabitation, de co\u00e9volution et de co-construction humain &#8211; non humain Les animaux, les plantes et les humains entretiennent des relations ethnographi\u00e9es et analys\u00e9es de longue date par l\u2019anthropologie. En t\u00e9moignent les nombreuses monographies du XIX\u00e8me et XX\u00e8me si\u00e8cles portant sur des communaut\u00e9s pastorales, agricoles\/horticoles, ou de chasseurs-cueilleurs, dont les syst\u00e8mes sociaux, [&hellip;]\" \/>\n<meta property=\"og:url\" content=\"https:\/\/pacific-credo.fr\/en\/recherche\/les-axes-scientifiques\/penser-les-formes-de-cohabitation-de-coevolution-et-de-co-construction-humain-non-humain\/\" \/>\n<meta property=\"og:site_name\" content=\"Credo\" \/>\n<meta property=\"article:publisher\" content=\"https:\/\/www.facebook.com\/people\/CREDO-Centre-de-Recherche-et-de-Documentation-sur-lOcanie\/100087147725332\/\" \/>\n<meta property=\"article:modified_time\" content=\"2025-04-25T12:36:23+00:00\" \/>\n<meta name=\"twitter:card\" content=\"summary_large_image\" \/>\n<meta name=\"twitter:label1\" content=\"Est. reading time\" \/>\n\t<meta name=\"twitter:data1\" content=\"6 minutes\" \/>\n<script type=\"application\/ld+json\" class=\"yoast-schema-graph\">{\"@context\":\"https:\/\/schema.org\",\"@graph\":[{\"@type\":\"WebPage\",\"@id\":\"https:\/\/pacific-credo.fr\/recherche\/les-axes-scientifiques\/penser-les-formes-de-cohabitation-de-coevolution-et-de-co-construction-humain-non-humain\/\",\"url\":\"https:\/\/pacific-credo.fr\/recherche\/les-axes-scientifiques\/penser-les-formes-de-cohabitation-de-coevolution-et-de-co-construction-humain-non-humain\/\",\"name\":\"Penser les formes de cohabitation, de co\u00e9volution et de co-construction humain - non humain - Credo\",\"isPartOf\":{\"@id\":\"https:\/\/pacific-credo.fr\/en\/#website\"},\"datePublished\":\"2025-02-23T23:12:00+00:00\",\"dateModified\":\"2025-04-25T12:36:23+00:00\",\"breadcrumb\":{\"@id\":\"https:\/\/pacific-credo.fr\/recherche\/les-axes-scientifiques\/penser-les-formes-de-cohabitation-de-coevolution-et-de-co-construction-humain-non-humain\/#breadcrumb\"},\"inLanguage\":\"en-US\",\"potentialAction\":[{\"@type\":\"ReadAction\",\"target\":[\"https:\/\/pacific-credo.fr\/recherche\/les-axes-scientifiques\/penser-les-formes-de-cohabitation-de-coevolution-et-de-co-construction-humain-non-humain\/\"]}]},{\"@type\":\"BreadcrumbList\",\"@id\":\"https:\/\/pacific-credo.fr\/recherche\/les-axes-scientifiques\/penser-les-formes-de-cohabitation-de-coevolution-et-de-co-construction-humain-non-humain\/#breadcrumb\",\"itemListElement\":[{\"@type\":\"ListItem\",\"position\":1,\"name\":\"Accueil\",\"item\":\"https:\/\/pacific-credo.fr\/\"},{\"@type\":\"ListItem\",\"position\":2,\"name\":\"Recherche\",\"item\":\"https:\/\/pacific-credo.fr\/recherche\/\"},{\"@type\":\"ListItem\",\"position\":3,\"name\":\"Les axes scientifiques\",\"item\":\"https:\/\/pacific-credo.fr\/recherche\/les-axes-scientifiques\/\"},{\"@type\":\"ListItem\",\"position\":4,\"name\":\"Penser les formes de cohabitation, de co\u00e9volution et de co-construction humain &#8211; non humain\"}]},{\"@type\":\"WebSite\",\"@id\":\"https:\/\/pacific-credo.fr\/en\/#website\",\"url\":\"https:\/\/pacific-credo.fr\/en\/\",\"name\":\"Credo\",\"description\":\"\",\"publisher\":{\"@id\":\"https:\/\/pacific-credo.fr\/en\/#organization\"},\"potentialAction\":[{\"@type\":\"SearchAction\",\"target\":{\"@type\":\"EntryPoint\",\"urlTemplate\":\"https:\/\/pacific-credo.fr\/en\/?s={search_term_string}\"},\"query-input\":{\"@type\":\"PropertyValueSpecification\",\"valueRequired\":true,\"valueName\":\"search_term_string\"}}],\"inLanguage\":\"en-US\"},{\"@type\":\"Organization\",\"@id\":\"https:\/\/pacific-credo.fr\/en\/#organization\",\"name\":\"Credo\",\"url\":\"https:\/\/pacific-credo.fr\/en\/\",\"logo\":{\"@type\":\"ImageObject\",\"inLanguage\":\"en-US\",\"@id\":\"https:\/\/pacific-credo.fr\/en\/#\/schema\/logo\/image\/\",\"url\":\"https:\/\/pacific-credo.fr\/wp-content\/uploads\/2024\/07\/\u00aeCREDO.webp\",\"contentUrl\":\"https:\/\/pacific-credo.fr\/wp-content\/uploads\/2024\/07\/\u00aeCREDO.webp\",\"width\":637,\"height\":591,\"caption\":\"Credo\"},\"image\":{\"@id\":\"https:\/\/pacific-credo.fr\/en\/#\/schema\/logo\/image\/\"},\"sameAs\":[\"https:\/\/www.facebook.com\/people\/CREDO-Centre-de-Recherche-et-de-Documentation-sur-lOcanie\/100087147725332\/\",\"https:\/\/www.linkedin.com\/company\/credo-centre-de-recherche-et-de-documentation-sur-l-ocanie\/about\/?viewAsMember=true\"]}]}<\/script>\n<!-- \/ Yoast SEO plugin. -->","yoast_head_json":{"title":"Penser les formes de cohabitation, de co\u00e9volution et de co-construction humain - non humain - Credo","robots":{"index":"index","follow":"follow","max-snippet":"max-snippet:-1","max-image-preview":"max-image-preview:large","max-video-preview":"max-video-preview:-1"},"canonical":"https:\/\/pacific-credo.fr\/en\/recherche\/les-axes-scientifiques\/penser-les-formes-de-cohabitation-de-coevolution-et-de-co-construction-humain-non-humain\/","og_locale":"en_US","og_type":"article","og_title":"Penser les formes de cohabitation, de co\u00e9volution et de co-construction humain - non humain - Credo","og_description":"Penser les formes de cohabitation, de co\u00e9volution et de co-construction humain &#8211; non humain Les animaux, les plantes et les humains entretiennent des relations ethnographi\u00e9es et analys\u00e9es de longue date par l\u2019anthropologie. En t\u00e9moignent les nombreuses monographies du XIX\u00e8me et XX\u00e8me si\u00e8cles portant sur des communaut\u00e9s pastorales, agricoles\/horticoles, ou de chasseurs-cueilleurs, dont les syst\u00e8mes sociaux, [&hellip;]","og_url":"https:\/\/pacific-credo.fr\/en\/recherche\/les-axes-scientifiques\/penser-les-formes-de-cohabitation-de-coevolution-et-de-co-construction-humain-non-humain\/","og_site_name":"Credo","article_publisher":"https:\/\/www.facebook.com\/people\/CREDO-Centre-de-Recherche-et-de-Documentation-sur-lOcanie\/100087147725332\/","article_modified_time":"2025-04-25T12:36:23+00:00","twitter_card":"summary_large_image","twitter_misc":{"Est. reading time":"6 minutes"},"schema":{"@context":"https:\/\/schema.org","@graph":[{"@type":"WebPage","@id":"https:\/\/pacific-credo.fr\/recherche\/les-axes-scientifiques\/penser-les-formes-de-cohabitation-de-coevolution-et-de-co-construction-humain-non-humain\/","url":"https:\/\/pacific-credo.fr\/recherche\/les-axes-scientifiques\/penser-les-formes-de-cohabitation-de-coevolution-et-de-co-construction-humain-non-humain\/","name":"Penser les formes de cohabitation, de co\u00e9volution et de co-construction humain - non humain - Credo","isPartOf":{"@id":"https:\/\/pacific-credo.fr\/en\/#website"},"datePublished":"2025-02-23T23:12:00+00:00","dateModified":"2025-04-25T12:36:23+00:00","breadcrumb":{"@id":"https:\/\/pacific-credo.fr\/recherche\/les-axes-scientifiques\/penser-les-formes-de-cohabitation-de-coevolution-et-de-co-construction-humain-non-humain\/#breadcrumb"},"inLanguage":"en-US","potentialAction":[{"@type":"ReadAction","target":["https:\/\/pacific-credo.fr\/recherche\/les-axes-scientifiques\/penser-les-formes-de-cohabitation-de-coevolution-et-de-co-construction-humain-non-humain\/"]}]},{"@type":"BreadcrumbList","@id":"https:\/\/pacific-credo.fr\/recherche\/les-axes-scientifiques\/penser-les-formes-de-cohabitation-de-coevolution-et-de-co-construction-humain-non-humain\/#breadcrumb","itemListElement":[{"@type":"ListItem","position":1,"name":"Accueil","item":"https:\/\/pacific-credo.fr\/"},{"@type":"ListItem","position":2,"name":"Recherche","item":"https:\/\/pacific-credo.fr\/recherche\/"},{"@type":"ListItem","position":3,"name":"Les axes scientifiques","item":"https:\/\/pacific-credo.fr\/recherche\/les-axes-scientifiques\/"},{"@type":"ListItem","position":4,"name":"Penser les formes de cohabitation, de co\u00e9volution et de co-construction humain &#8211; non humain"}]},{"@type":"WebSite","@id":"https:\/\/pacific-credo.fr\/en\/#website","url":"https:\/\/pacific-credo.fr\/en\/","name":"Credo","description":"","publisher":{"@id":"https:\/\/pacific-credo.fr\/en\/#organization"},"potentialAction":[{"@type":"SearchAction","target":{"@type":"EntryPoint","urlTemplate":"https:\/\/pacific-credo.fr\/en\/?s={search_term_string}"},"query-input":{"@type":"PropertyValueSpecification","valueRequired":true,"valueName":"search_term_string"}}],"inLanguage":"en-US"},{"@type":"Organization","@id":"https:\/\/pacific-credo.fr\/en\/#organization","name":"Credo","url":"https:\/\/pacific-credo.fr\/en\/","logo":{"@type":"ImageObject","inLanguage":"en-US","@id":"https:\/\/pacific-credo.fr\/en\/#\/schema\/logo\/image\/","url":"https:\/\/pacific-credo.fr\/wp-content\/uploads\/2024\/07\/\u00aeCREDO.webp","contentUrl":"https:\/\/pacific-credo.fr\/wp-content\/uploads\/2024\/07\/\u00aeCREDO.webp","width":637,"height":591,"caption":"Credo"},"image":{"@id":"https:\/\/pacific-credo.fr\/en\/#\/schema\/logo\/image\/"},"sameAs":["https:\/\/www.facebook.com\/people\/CREDO-Centre-de-Recherche-et-de-Documentation-sur-lOcanie\/100087147725332\/","https:\/\/www.linkedin.com\/company\/credo-centre-de-recherche-et-de-documentation-sur-l-ocanie\/about\/?viewAsMember=true"]}]}},"_links":{"self":[{"href":"https:\/\/pacific-credo.fr\/en\/wp-json\/wp\/v2\/pages\/11338","targetHints":{"allow":["GET"]}}],"collection":[{"href":"https:\/\/pacific-credo.fr\/en\/wp-json\/wp\/v2\/pages"}],"about":[{"href":"https:\/\/pacific-credo.fr\/en\/wp-json\/wp\/v2\/types\/page"}],"author":[{"embeddable":true,"href":"https:\/\/pacific-credo.fr\/en\/wp-json\/wp\/v2\/users\/1"}],"replies":[{"embeddable":true,"href":"https:\/\/pacific-credo.fr\/en\/wp-json\/wp\/v2\/comments?post=11338"}],"version-history":[{"count":3,"href":"https:\/\/pacific-credo.fr\/en\/wp-json\/wp\/v2\/pages\/11338\/revisions"}],"predecessor-version":[{"id":14799,"href":"https:\/\/pacific-credo.fr\/en\/wp-json\/wp\/v2\/pages\/11338\/revisions\/14799"}],"up":[{"embeddable":true,"href":"https:\/\/pacific-credo.fr\/en\/wp-json\/wp\/v2\/pages\/8034"}],"wp:attachment":[{"href":"https:\/\/pacific-credo.fr\/en\/wp-json\/wp\/v2\/media?parent=11338"}],"curies":[{"name":"wp","href":"https:\/\/api.w.org\/{rel}","templated":true}]}}