{"id":11314,"date":"2025-02-24T00:03:22","date_gmt":"2025-02-23T23:03:22","guid":{"rendered":"https:\/\/pacific-credo.fr\/?page_id=11314"},"modified":"2025-05-23T09:05:03","modified_gmt":"2025-05-23T07:05:03","slug":"genre-rituel-et-parente-en-oceanie-anthropologie-et-histoire-regionale","status":"publish","type":"page","link":"https:\/\/pacific-credo.fr\/en\/recherche\/les-axes-scientifiques\/genre-rituel-et-parente-en-oceanie-anthropologie-et-histoire-regionale\/","title":{"rendered":"Gender, ritual and kinship in Oceania: anthropology and regional history"},"content":{"rendered":"<div data-elementor-type=\"wp-page\" data-elementor-id=\"11314\" class=\"elementor elementor-11314\" data-elementor-post-type=\"page\">\n\t\t\t\t<div class=\"elementor-element elementor-element-548f562 e-con-full e-flex e-con e-parent\" data-id=\"548f562\" data-element_type=\"container\" data-settings=\"{&quot;background_background&quot;:&quot;classic&quot;}\">\n\t\t\t\t<div class=\"elementor-element elementor-element-3e6a7ec elementor-widget elementor-widget-heading\" data-id=\"3e6a7ec\" data-element_type=\"widget\" data-widget_type=\"heading.default\">\n\t\t\t\t<div class=\"elementor-widget-container\">\n\t\t\t\t\t<h1 class=\"elementor-heading-title elementor-size-default\">Gender, ritual and kinship in Oceania: anthropology and regional history<\/h1>\t\t\t\t<\/div>\n\t\t\t\t<\/div>\n\t\t\t\t<\/div>\n\t\t<div class=\"elementor-element elementor-element-c54676c e-flex e-con-boxed e-con e-parent\" data-id=\"c54676c\" data-element_type=\"container\">\n\t\t\t\t\t<div class=\"e-con-inner\">\n\t\t<div class=\"elementor-element elementor-element-3a30477 e-con-full e-flex e-con e-child\" data-id=\"3a30477\" data-element_type=\"container\">\n\t\t\t\t<div class=\"elementor-element elementor-element-047f3e7 elementor-widget elementor-widget-text-editor\" data-id=\"047f3e7\" data-element_type=\"widget\" data-widget_type=\"text-editor.default\">\n\t\t\t\t<div class=\"elementor-widget-container\">\n\t\t\t\t\t\t\t\t\t<p>While ethnographic studies carried out in Amazonia have made it possible to theorise relations between humans and non-humans, oceanic research has provided essential analyses for understanding gender, thanks in particular, as far as Melanesia is concerned, to the work of Marilyn Strathern. According to Strathern, despite their diversity, the populations of Papua New Guinea have one thing in common: they do not regard gender as a property of individuals, but rather as a generalised means of differentiating activities (in this case, production for women and transactions for men), as she demonstrated in her fieldwork conducted in the 1960s among the Hagen, known for their large-scale ceremonial exchanges.<\/p><p>In the context of the current development of gender studies, the work of CREDO members on this theme deserves to be brought together in a collective research area. The aim will be to contribute, through concrete ethnographic studies, to the relational perspective on gender developed by anthropology, which differs from most of the work labelled \u2018gender studies\u2019, which is generally centred on the West and based on an often \u2018assemblageist\u2019 vision of gender, paying little attention to the links arising from kinship relations or other relations that are marked by gender but are not reduced to it.<\/p><p>Over the five-year period 2024-2028, the collective reflection on this theme will take several directions, focusing on the rituals at play in the construction of the individual. Other research will look at the possible reconfiguration of social relations when people express gender variations or are faced with a serious illness.<\/p>\t\t\t\t\t\t\t\t<\/div>\n\t\t\t\t<\/div>\n\t\t\t\t<div class=\"elementor-element elementor-element-fc44130 elementor-align-left elementor-mobile-align-center elementor-widget elementor-widget-button\" data-id=\"fc44130\" data-element_type=\"widget\" data-widget_type=\"button.default\">\n\t\t\t\t<div class=\"elementor-widget-container\">\n\t\t\t\t\t\t\t\t\t<div class=\"elementor-button-wrapper\">\n\t\t\t\t\t<a class=\"elementor-button elementor-button-link elementor-size-sm\" href=\"\/wp-content\/uploads\/2025\/02\/credo_theme2_declinaison.pdf\" target=\"_blank\">\n\t\t\t\t\t\t<span class=\"elementor-button-content-wrapper\">\n\t\t\t\t\t\t\t\t\t<span class=\"elementor-button-text\">See the sub-fields of the theme<\/span>\n\t\t\t\t\t<\/span>\n\t\t\t\t\t<\/a>\n\t\t\t\t<\/div>\n\t\t\t\t\t\t\t\t<\/div>\n\t\t\t\t<\/div>\n\t\t\t\t<\/div>\n\t\t\t\t\t<\/div>\n\t\t\t\t<\/div>\n\t\t<div class=\"elementor-element elementor-element-d101bfc e-flex e-con-boxed e-con e-parent\" data-id=\"d101bfc\" data-element_type=\"container\">\n\t\t\t\t\t<div class=\"e-con-inner\">\n\t\t<div class=\"elementor-element elementor-element-67c6910 e-con-full e-flex e-con e-child\" data-id=\"67c6910\" data-element_type=\"container\">\n\t\t\t\t<div class=\"elementor-element elementor-element-20250d2 animated-fast elementor-invisible elementor-widget elementor-widget-heading\" data-id=\"20250d2\" data-element_type=\"widget\" data-settings=\"{&quot;_animation&quot;:&quot;fadeInUp&quot;}\" data-widget_type=\"heading.default\">\n\t\t\t\t<div class=\"elementor-widget-container\">\n\t\t\t\t\t<h3 class=\"elementor-heading-title elementor-size-default\">Their work will contribute to this programme<\/h3>\t\t\t\t<\/div>\n\t\t\t\t<\/div>\n\t\t\t\t<\/div>\n\t\t\t\t\t<\/div>\n\t\t\t\t<\/div>\n\t\t<div class=\"elementor-element elementor-element-6ba7808 e-flex e-con-boxed e-con e-parent\" data-id=\"6ba7808\" data-element_type=\"container\">\n\t\t\t\t\t<div class=\"e-con-inner\">\n\t\t<div class=\"elementor-element elementor-element-78ba923 e-con-full e-flex e-con e-child\" data-id=\"78ba923\" data-element_type=\"container\" data-settings=\"{&quot;background_background&quot;:&quot;classic&quot;}\">\n\t\t\t\t<div class=\"elementor-element elementor-element-f0f67bc elementor-widget elementor-widget-heading\" data-id=\"f0f67bc\" data-element_type=\"widget\" data-widget_type=\"heading.default\">\n\t\t\t\t<div class=\"elementor-widget-container\">\n\t\t\t\t\t<h4 class=\"elementor-heading-title elementor-size-default\">Permanent members<\/h4>\t\t\t\t<\/div>\n\t\t\t\t<\/div>\n\t\t\t\t<div class=\"elementor-element elementor-element-31ce077 elementor-widget elementor-widget-text-editor\" data-id=\"31ce077\" data-element_type=\"widget\" data-widget_type=\"text-editor.default\">\n\t\t\t\t<div class=\"elementor-widget-container\">\n\t\t\t\t\t\t\t\t\t<p>Pascale Bonnem\u00e8re<\/p><p>S\u00e9bastien Galliot<br>James Leach<br>Pierre Lemonnier<br>Serge Tcherk\u00e9zoff<\/p>\n<p>Sandra Revolon<\/p>\t\t\t\t\t\t\t\t<\/div>\n\t\t\t\t<\/div>\n\t\t\t\t<\/div>\n\t\t<div class=\"elementor-element elementor-element-b16b351 e-con-full e-flex e-con e-child\" data-id=\"b16b351\" data-element_type=\"container\" data-settings=\"{&quot;background_background&quot;:&quot;classic&quot;}\">\n\t\t\t\t<div class=\"elementor-element elementor-element-a3b7263 elementor-widget elementor-widget-heading\" data-id=\"a3b7263\" data-element_type=\"widget\" data-widget_type=\"heading.default\">\n\t\t\t\t<div class=\"elementor-widget-container\">\n\t\t\t\t\t<h4 class=\"elementor-heading-title elementor-size-default\">Associ\u00e9e<\/h4>\t\t\t\t<\/div>\n\t\t\t\t<\/div>\n\t\t\t\t<div class=\"elementor-element elementor-element-9bf2071 elementor-widget elementor-widget-text-editor\" data-id=\"9bf2071\" data-element_type=\"widget\" data-widget_type=\"text-editor.default\">\n\t\t\t\t<div class=\"elementor-widget-container\">\n\t\t\t\t\t\t\t\t\t<p>Alice Servy, MCF \u00e0 l\u2019Universit\u00e9 de Strasbourg<\/p>\t\t\t\t\t\t\t\t<\/div>\n\t\t\t\t<\/div>\n\t\t\t\t<\/div>\n\t\t<div class=\"elementor-element elementor-element-4dab6fa e-con-full e-flex e-con e-child\" data-id=\"4dab6fa\" data-element_type=\"container\" data-settings=\"{&quot;background_background&quot;:&quot;classic&quot;}\">\n\t\t\t\t<div class=\"elementor-element elementor-element-1d5a7ea elementor-widget elementor-widget-heading\" data-id=\"1d5a7ea\" data-element_type=\"widget\" data-widget_type=\"heading.default\">\n\t\t\t\t<div class=\"elementor-widget-container\">\n\t\t\t\t\t<h4 class=\"elementor-heading-title elementor-size-default\">Doctorant<\/h4>\t\t\t\t<\/div>\n\t\t\t\t<\/div>\n\t\t\t\t<div class=\"elementor-element elementor-element-112c388 elementor-widget elementor-widget-text-editor\" data-id=\"112c388\" data-element_type=\"widget\" data-widget_type=\"text-editor.default\">\n\t\t\t\t<div class=\"elementor-widget-container\">\n\t\t\t\t\t\t\t\t\t<p>Mark Collins, doctorant allocataire \u00e0 Aix-Marseille Universit\u00e9<\/p>\t\t\t\t\t\t\t\t<\/div>\n\t\t\t\t<\/div>\n\t\t\t\t<\/div>\n\t\t\t\t\t<\/div>\n\t\t\t\t<\/div>\n\t\t\t\t<\/div>","protected":false},"excerpt":{"rendered":"<p>Genre, rituel et parent\u00e9 en Oc\u00e9anie : anthropologie et histoire r\u00e9gionale Alors que les \u00e9tudes ethnographiques men\u00e9es en Amazonie ont permis de th\u00e9oriser les relations entre humains et non-humains, les recherches oc\u00e9anistes ont fourni des analyses essentielles pour appr\u00e9hender le genre, gr\u00e2ce notamment, pour ce qui concerne la M\u00e9lan\u00e9sie, aux travaux de Marilyn Strathern. Selon [&hellip;]<\/p>","protected":false},"author":1,"featured_media":0,"parent":8034,"menu_order":0,"comment_status":"closed","ping_status":"closed","template":"page.php","meta":{"_acf_changed":false,"footnotes":""},"class_list":["post-11314","page","type-page","status-publish","hentry"],"acf":[],"yoast_head":"<!-- This site is optimized with the Yoast SEO plugin v26.6 - https:\/\/yoast.com\/wordpress\/plugins\/seo\/ -->\n<title>Genre, rituel et parent\u00e9 en Oc\u00e9anie : anthropologie et histoire r\u00e9gionale - Credo<\/title>\n<meta name=\"robots\" content=\"index, follow, max-snippet:-1, max-image-preview:large, max-video-preview:-1\" \/>\n<link rel=\"canonical\" href=\"https:\/\/pacific-credo.fr\/en\/recherche\/les-axes-scientifiques\/genre-rituel-et-parente-en-oceanie-anthropologie-et-histoire-regionale\/\" \/>\n<meta property=\"og:locale\" content=\"en_US\" \/>\n<meta property=\"og:type\" content=\"article\" \/>\n<meta property=\"og:title\" content=\"Genre, rituel et parent\u00e9 en Oc\u00e9anie : anthropologie et histoire r\u00e9gionale - Credo\" \/>\n<meta property=\"og:description\" content=\"Genre, rituel et parent\u00e9 en Oc\u00e9anie : anthropologie et histoire r\u00e9gionale Alors que les \u00e9tudes ethnographiques men\u00e9es en Amazonie ont permis de th\u00e9oriser les relations entre humains et non-humains, les recherches oc\u00e9anistes ont fourni des analyses essentielles pour appr\u00e9hender le genre, gr\u00e2ce notamment, pour ce qui concerne la M\u00e9lan\u00e9sie, aux travaux de Marilyn Strathern. Selon [&hellip;]\" \/>\n<meta property=\"og:url\" content=\"https:\/\/pacific-credo.fr\/en\/recherche\/les-axes-scientifiques\/genre-rituel-et-parente-en-oceanie-anthropologie-et-histoire-regionale\/\" \/>\n<meta property=\"og:site_name\" content=\"Credo\" \/>\n<meta property=\"article:publisher\" content=\"https:\/\/www.facebook.com\/people\/CREDO-Centre-de-Recherche-et-de-Documentation-sur-lOcanie\/100087147725332\/\" \/>\n<meta property=\"article:modified_time\" content=\"2025-05-23T07:05:03+00:00\" \/>\n<meta name=\"twitter:card\" content=\"summary_large_image\" \/>\n<meta name=\"twitter:label1\" content=\"Est. reading time\" \/>\n\t<meta name=\"twitter:data1\" content=\"2 minutes\" \/>\n<script type=\"application\/ld+json\" class=\"yoast-schema-graph\">{\"@context\":\"https:\/\/schema.org\",\"@graph\":[{\"@type\":\"WebPage\",\"@id\":\"https:\/\/pacific-credo.fr\/recherche\/les-axes-scientifiques\/genre-rituel-et-parente-en-oceanie-anthropologie-et-histoire-regionale\/\",\"url\":\"https:\/\/pacific-credo.fr\/recherche\/les-axes-scientifiques\/genre-rituel-et-parente-en-oceanie-anthropologie-et-histoire-regionale\/\",\"name\":\"Genre, rituel et parent\u00e9 en Oc\u00e9anie : anthropologie et histoire r\u00e9gionale - Credo\",\"isPartOf\":{\"@id\":\"https:\/\/pacific-credo.fr\/en\/#website\"},\"datePublished\":\"2025-02-23T23:03:22+00:00\",\"dateModified\":\"2025-05-23T07:05:03+00:00\",\"breadcrumb\":{\"@id\":\"https:\/\/pacific-credo.fr\/recherche\/les-axes-scientifiques\/genre-rituel-et-parente-en-oceanie-anthropologie-et-histoire-regionale\/#breadcrumb\"},\"inLanguage\":\"en-US\",\"potentialAction\":[{\"@type\":\"ReadAction\",\"target\":[\"https:\/\/pacific-credo.fr\/recherche\/les-axes-scientifiques\/genre-rituel-et-parente-en-oceanie-anthropologie-et-histoire-regionale\/\"]}]},{\"@type\":\"BreadcrumbList\",\"@id\":\"https:\/\/pacific-credo.fr\/recherche\/les-axes-scientifiques\/genre-rituel-et-parente-en-oceanie-anthropologie-et-histoire-regionale\/#breadcrumb\",\"itemListElement\":[{\"@type\":\"ListItem\",\"position\":1,\"name\":\"Accueil\",\"item\":\"https:\/\/pacific-credo.fr\/\"},{\"@type\":\"ListItem\",\"position\":2,\"name\":\"Recherche\",\"item\":\"https:\/\/pacific-credo.fr\/recherche\/\"},{\"@type\":\"ListItem\",\"position\":3,\"name\":\"Les axes scientifiques\",\"item\":\"https:\/\/pacific-credo.fr\/recherche\/les-axes-scientifiques\/\"},{\"@type\":\"ListItem\",\"position\":4,\"name\":\"Genre, rituel et parent\u00e9 en Oc\u00e9anie : anthropologie et histoire r\u00e9gionale\"}]},{\"@type\":\"WebSite\",\"@id\":\"https:\/\/pacific-credo.fr\/en\/#website\",\"url\":\"https:\/\/pacific-credo.fr\/en\/\",\"name\":\"Credo\",\"description\":\"\",\"publisher\":{\"@id\":\"https:\/\/pacific-credo.fr\/en\/#organization\"},\"potentialAction\":[{\"@type\":\"SearchAction\",\"target\":{\"@type\":\"EntryPoint\",\"urlTemplate\":\"https:\/\/pacific-credo.fr\/en\/?s={search_term_string}\"},\"query-input\":{\"@type\":\"PropertyValueSpecification\",\"valueRequired\":true,\"valueName\":\"search_term_string\"}}],\"inLanguage\":\"en-US\"},{\"@type\":\"Organization\",\"@id\":\"https:\/\/pacific-credo.fr\/en\/#organization\",\"name\":\"Credo\",\"url\":\"https:\/\/pacific-credo.fr\/en\/\",\"logo\":{\"@type\":\"ImageObject\",\"inLanguage\":\"en-US\",\"@id\":\"https:\/\/pacific-credo.fr\/en\/#\/schema\/logo\/image\/\",\"url\":\"https:\/\/pacific-credo.fr\/wp-content\/uploads\/2024\/07\/\u00aeCREDO.webp\",\"contentUrl\":\"https:\/\/pacific-credo.fr\/wp-content\/uploads\/2024\/07\/\u00aeCREDO.webp\",\"width\":637,\"height\":591,\"caption\":\"Credo\"},\"image\":{\"@id\":\"https:\/\/pacific-credo.fr\/en\/#\/schema\/logo\/image\/\"},\"sameAs\":[\"https:\/\/www.facebook.com\/people\/CREDO-Centre-de-Recherche-et-de-Documentation-sur-lOcanie\/100087147725332\/\",\"https:\/\/www.linkedin.com\/company\/credo-centre-de-recherche-et-de-documentation-sur-l-ocanie\/about\/?viewAsMember=true\"]}]}<\/script>\n<!-- \/ Yoast SEO plugin. -->","yoast_head_json":{"title":"Genre, rituel et parent\u00e9 en Oc\u00e9anie : anthropologie et histoire r\u00e9gionale - Credo","robots":{"index":"index","follow":"follow","max-snippet":"max-snippet:-1","max-image-preview":"max-image-preview:large","max-video-preview":"max-video-preview:-1"},"canonical":"https:\/\/pacific-credo.fr\/en\/recherche\/les-axes-scientifiques\/genre-rituel-et-parente-en-oceanie-anthropologie-et-histoire-regionale\/","og_locale":"en_US","og_type":"article","og_title":"Genre, rituel et parent\u00e9 en Oc\u00e9anie : anthropologie et histoire r\u00e9gionale - Credo","og_description":"Genre, rituel et parent\u00e9 en Oc\u00e9anie : anthropologie et histoire r\u00e9gionale Alors que les \u00e9tudes ethnographiques men\u00e9es en Amazonie ont permis de th\u00e9oriser les relations entre humains et non-humains, les recherches oc\u00e9anistes ont fourni des analyses essentielles pour appr\u00e9hender le genre, gr\u00e2ce notamment, pour ce qui concerne la M\u00e9lan\u00e9sie, aux travaux de Marilyn Strathern. Selon [&hellip;]","og_url":"https:\/\/pacific-credo.fr\/en\/recherche\/les-axes-scientifiques\/genre-rituel-et-parente-en-oceanie-anthropologie-et-histoire-regionale\/","og_site_name":"Credo","article_publisher":"https:\/\/www.facebook.com\/people\/CREDO-Centre-de-Recherche-et-de-Documentation-sur-lOcanie\/100087147725332\/","article_modified_time":"2025-05-23T07:05:03+00:00","twitter_card":"summary_large_image","twitter_misc":{"Est. reading time":"2 minutes"},"schema":{"@context":"https:\/\/schema.org","@graph":[{"@type":"WebPage","@id":"https:\/\/pacific-credo.fr\/recherche\/les-axes-scientifiques\/genre-rituel-et-parente-en-oceanie-anthropologie-et-histoire-regionale\/","url":"https:\/\/pacific-credo.fr\/recherche\/les-axes-scientifiques\/genre-rituel-et-parente-en-oceanie-anthropologie-et-histoire-regionale\/","name":"Genre, rituel et parent\u00e9 en Oc\u00e9anie : anthropologie et histoire r\u00e9gionale - Credo","isPartOf":{"@id":"https:\/\/pacific-credo.fr\/en\/#website"},"datePublished":"2025-02-23T23:03:22+00:00","dateModified":"2025-05-23T07:05:03+00:00","breadcrumb":{"@id":"https:\/\/pacific-credo.fr\/recherche\/les-axes-scientifiques\/genre-rituel-et-parente-en-oceanie-anthropologie-et-histoire-regionale\/#breadcrumb"},"inLanguage":"en-US","potentialAction":[{"@type":"ReadAction","target":["https:\/\/pacific-credo.fr\/recherche\/les-axes-scientifiques\/genre-rituel-et-parente-en-oceanie-anthropologie-et-histoire-regionale\/"]}]},{"@type":"BreadcrumbList","@id":"https:\/\/pacific-credo.fr\/recherche\/les-axes-scientifiques\/genre-rituel-et-parente-en-oceanie-anthropologie-et-histoire-regionale\/#breadcrumb","itemListElement":[{"@type":"ListItem","position":1,"name":"Accueil","item":"https:\/\/pacific-credo.fr\/"},{"@type":"ListItem","position":2,"name":"Recherche","item":"https:\/\/pacific-credo.fr\/recherche\/"},{"@type":"ListItem","position":3,"name":"Les axes scientifiques","item":"https:\/\/pacific-credo.fr\/recherche\/les-axes-scientifiques\/"},{"@type":"ListItem","position":4,"name":"Genre, rituel et parent\u00e9 en Oc\u00e9anie : anthropologie et histoire r\u00e9gionale"}]},{"@type":"WebSite","@id":"https:\/\/pacific-credo.fr\/en\/#website","url":"https:\/\/pacific-credo.fr\/en\/","name":"Credo","description":"","publisher":{"@id":"https:\/\/pacific-credo.fr\/en\/#organization"},"potentialAction":[{"@type":"SearchAction","target":{"@type":"EntryPoint","urlTemplate":"https:\/\/pacific-credo.fr\/en\/?s={search_term_string}"},"query-input":{"@type":"PropertyValueSpecification","valueRequired":true,"valueName":"search_term_string"}}],"inLanguage":"en-US"},{"@type":"Organization","@id":"https:\/\/pacific-credo.fr\/en\/#organization","name":"Credo","url":"https:\/\/pacific-credo.fr\/en\/","logo":{"@type":"ImageObject","inLanguage":"en-US","@id":"https:\/\/pacific-credo.fr\/en\/#\/schema\/logo\/image\/","url":"https:\/\/pacific-credo.fr\/wp-content\/uploads\/2024\/07\/\u00aeCREDO.webp","contentUrl":"https:\/\/pacific-credo.fr\/wp-content\/uploads\/2024\/07\/\u00aeCREDO.webp","width":637,"height":591,"caption":"Credo"},"image":{"@id":"https:\/\/pacific-credo.fr\/en\/#\/schema\/logo\/image\/"},"sameAs":["https:\/\/www.facebook.com\/people\/CREDO-Centre-de-Recherche-et-de-Documentation-sur-lOcanie\/100087147725332\/","https:\/\/www.linkedin.com\/company\/credo-centre-de-recherche-et-de-documentation-sur-l-ocanie\/about\/?viewAsMember=true"]}]}},"_links":{"self":[{"href":"https:\/\/pacific-credo.fr\/en\/wp-json\/wp\/v2\/pages\/11314","targetHints":{"allow":["GET"]}}],"collection":[{"href":"https:\/\/pacific-credo.fr\/en\/wp-json\/wp\/v2\/pages"}],"about":[{"href":"https:\/\/pacific-credo.fr\/en\/wp-json\/wp\/v2\/types\/page"}],"author":[{"embeddable":true,"href":"https:\/\/pacific-credo.fr\/en\/wp-json\/wp\/v2\/users\/1"}],"replies":[{"embeddable":true,"href":"https:\/\/pacific-credo.fr\/en\/wp-json\/wp\/v2\/comments?post=11314"}],"version-history":[{"count":9,"href":"https:\/\/pacific-credo.fr\/en\/wp-json\/wp\/v2\/pages\/11314\/revisions"}],"predecessor-version":[{"id":15164,"href":"https:\/\/pacific-credo.fr\/en\/wp-json\/wp\/v2\/pages\/11314\/revisions\/15164"}],"up":[{"embeddable":true,"href":"https:\/\/pacific-credo.fr\/en\/wp-json\/wp\/v2\/pages\/8034"}],"wp:attachment":[{"href":"https:\/\/pacific-credo.fr\/en\/wp-json\/wp\/v2\/media?parent=11314"}],"curies":[{"name":"wp","href":"https:\/\/api.w.org\/{rel}","templated":true}]}}