{"id":11288,"date":"2025-02-23T23:47:19","date_gmt":"2025-02-23T22:47:19","guid":{"rendered":"https:\/\/pacific-credo.fr\/?page_id=11288"},"modified":"2025-04-25T14:37:43","modified_gmt":"2025-04-25T12:37:43","slug":"approches-pluridisciplinaires-du-fait-politique-contemporain-dans-le-pacifique-souverainetes-constructions-politiques-et-connexions-culturelles","status":"publish","type":"page","link":"https:\/\/pacific-credo.fr\/en\/recherche\/les-axes-scientifiques\/approches-pluridisciplinaires-du-fait-politique-contemporain-dans-le-pacifique-souverainetes-constructions-politiques-et-connexions-culturelles\/","title":{"rendered":"Multidisciplinary approaches to contemporary politics in the Pacific. Sovereignties, political constructions and cultural connections"},"content":{"rendered":"<div data-elementor-type=\"wp-page\" data-elementor-id=\"11288\" class=\"elementor elementor-11288\" data-elementor-post-type=\"page\">\n\t\t\t\t<div class=\"elementor-element elementor-element-548f562 e-con-full e-flex e-con e-parent\" data-id=\"548f562\" data-element_type=\"container\" data-settings=\"{&quot;background_background&quot;:&quot;classic&quot;}\">\n\t\t\t\t<div class=\"elementor-element elementor-element-3e6a7ec elementor-widget elementor-widget-heading\" data-id=\"3e6a7ec\" data-element_type=\"widget\" data-widget_type=\"heading.default\">\n\t\t\t\t<div class=\"elementor-widget-container\">\n\t\t\t\t\t<h1 class=\"elementor-heading-title elementor-size-default\">Multidisciplinary approaches to contemporary politics in the Pacific. Sovereignties, political constructions and cultural connections<\/h1>\t\t\t\t<\/div>\n\t\t\t\t<\/div>\n\t\t\t\t<\/div>\n\t\t<div class=\"elementor-element elementor-element-c54676c e-flex e-con-boxed e-con e-parent\" data-id=\"c54676c\" data-element_type=\"container\">\n\t\t\t\t\t<div class=\"e-con-inner\">\n\t\t<div class=\"elementor-element elementor-element-3a30477 e-con-full e-flex e-con e-child\" data-id=\"3a30477\" data-element_type=\"container\">\n\t\t\t\t<div class=\"elementor-element elementor-element-0569a1f elementor-widget elementor-widget-heading\" data-id=\"0569a1f\" data-element_type=\"widget\" data-widget_type=\"heading.default\">\n\t\t\t\t<div class=\"elementor-widget-container\">\n\t\t\t\t\t<h2 class=\"elementor-heading-title elementor-size-default\">Isabelle Merle and Marc Tabani will be coordinating the multidisciplinary handling of this selection of interrelated dossiers.<\/h2>\t\t\t\t<\/div>\n\t\t\t\t<\/div>\n\t\t\t\t<div class=\"elementor-element elementor-element-047f3e7 elementor-widget elementor-widget-text-editor\" data-id=\"047f3e7\" data-element_type=\"widget\" data-widget_type=\"text-editor.default\">\n\t\t\t\t<div class=\"elementor-widget-container\">\n\t\t\t\t\t\t\t\t\t<p>This theme concerns the ways, intentions and means by which contemporary politics are expressed and affirmed in the Pacific. We will analyse the way in which Pacific societies envisage the global connections in which their populations find themselves involved through the processes of political and cultural construction, in the light of the issues inherent in a post-colonial context. The approach will be multidisciplinary, dealing with data from a wide range of fields of knowledge: the political and the economic, the social and the religious, the cultural and the environmental.this theme concerns the ways, intentions and means by which contemporary politics are expressed and affirmed in the Pacific. We will analyse the way in which Pacific societies envisage the global connections in which their populations find themselves involved through the processes of political and cultural construction, in the light of the issues inherent in a post-colonial context. The approach will be multidisciplinary, dealing with data from different fields of knowledge: political and economic, social and religious, cultural and environmental.<\/p><p>The common objective of the issues we will be dealing with is to focus on the links, circulations, connections and confluences that reveal proximities, rapprochements or extensions between the countries and territories of the Pacific, and between the latter and the neighbouring regional powers as well as the former or still sovereign powers (Asia - including China in particular, but also Indonesia, Vietnam, Japan - Australia and New Zealand, the United States and France). The upheaval in the balance of power between neighbouring countries brought about by China's emergence on the regional and international scene prompts us to question the significance of the so-called Indo-Pacific strategy, which aims to elevate this part of the world to the status of a major geopolitical area. The multiple consequences of China's influence on the countries of the Pacific add to the already wide range of long-standing links between Asia and the Pacific.<\/p><p>The convergence and intensification of multiple interests in the Pacific is of prime concern to French research, due to the persistence of three overseas collectivities (COM: French Polynesia, New Caledonia, Wallis and Futuna). These Pacific territories are a key part of France's Indo-Pacific strategy, and have become one of the priorities of its international action. Hence the importance of studying these contemporary issues in the light of their past formulations, colonial histories and political and cultural legacies. The ways in which sovereignty is exercised and the questions it raises up to the aspirations for independence are at the heart of the proposed research. Particular attention will be paid to the historical and contemporary meaning of the \u2018link to France\u2019. Asia-Pacific relations in French-speaking territories will be examined through the question of labour migration during the colonial period, within a broad historical framework, referring to both ancient and recent migrations and extending into research into the establishment of Asian communities in most of the Pacific archipelagos. The study of these contemporary realities must also take account of the long term, insofar as mobility and migration in these island worlds have been sources of major social upheaval in earlier periods, the echoes of which still make sense today.<\/p>\t\t\t\t\t\t\t\t<\/div>\n\t\t\t\t<\/div>\n\t\t\t\t<div class=\"elementor-element elementor-element-fc44130 elementor-align-left elementor-mobile-align-center elementor-widget elementor-widget-button\" data-id=\"fc44130\" data-element_type=\"widget\" data-widget_type=\"button.default\">\n\t\t\t\t<div class=\"elementor-widget-container\">\n\t\t\t\t\t\t\t\t\t<div class=\"elementor-button-wrapper\">\n\t\t\t\t\t<a class=\"elementor-button elementor-button-link elementor-size-sm\" href=\"\/wp-content\/uploads\/2025\/02\/credo_theme1_declinaison.pdf\" target=\"_blank\">\n\t\t\t\t\t\t<span class=\"elementor-button-content-wrapper\">\n\t\t\t\t\t\t\t\t\t<span class=\"elementor-button-text\">See the sub-fields of the theme<\/span>\n\t\t\t\t\t<\/span>\n\t\t\t\t\t<\/a>\n\t\t\t\t<\/div>\n\t\t\t\t\t\t\t\t<\/div>\n\t\t\t\t<\/div>\n\t\t\t\t<\/div>\n\t\t\t\t\t<\/div>\n\t\t\t\t<\/div>\n\t\t<div class=\"elementor-element elementor-element-d101bfc e-flex e-con-boxed e-con e-parent\" data-id=\"d101bfc\" data-element_type=\"container\">\n\t\t\t\t\t<div class=\"e-con-inner\">\n\t\t<div class=\"elementor-element elementor-element-67c6910 e-con-full e-flex e-con e-child\" data-id=\"67c6910\" data-element_type=\"container\">\n\t\t\t\t<div class=\"elementor-element elementor-element-20250d2 animated-fast elementor-invisible elementor-widget elementor-widget-heading\" data-id=\"20250d2\" data-element_type=\"widget\" data-settings=\"{&quot;_animation&quot;:&quot;fadeInUp&quot;}\" data-widget_type=\"heading.default\">\n\t\t\t\t<div class=\"elementor-widget-container\">\n\t\t\t\t\t<h3 class=\"elementor-heading-title elementor-size-default\">Their work will contribute to this programme<\/h3>\t\t\t\t<\/div>\n\t\t\t\t<\/div>\n\t\t\t\t<\/div>\n\t\t\t\t\t<\/div>\n\t\t\t\t<\/div>\n\t\t<div class=\"elementor-element elementor-element-6ba7808 e-flex e-con-boxed e-con e-parent\" data-id=\"6ba7808\" data-element_type=\"container\">\n\t\t\t\t\t<div class=\"e-con-inner\">\n\t\t<div class=\"elementor-element elementor-element-78ba923 e-con-full e-flex e-con e-child\" data-id=\"78ba923\" data-element_type=\"container\" data-settings=\"{&quot;background_background&quot;:&quot;classic&quot;}\">\n\t\t\t\t<div class=\"elementor-element elementor-element-f0f67bc elementor-widget elementor-widget-heading\" data-id=\"f0f67bc\" data-element_type=\"widget\" data-widget_type=\"heading.default\">\n\t\t\t\t<div class=\"elementor-widget-container\">\n\t\t\t\t\t<h4 class=\"elementor-heading-title elementor-size-default\">Permanent members<\/h4>\t\t\t\t<\/div>\n\t\t\t\t<\/div>\n\t\t\t\t<div class=\"elementor-element elementor-element-31ce077 elementor-widget elementor-widget-text-editor\" data-id=\"31ce077\" data-element_type=\"widget\" data-widget_type=\"text-editor.default\">\n\t\t\t\t<div class=\"elementor-widget-container\">\n\t\t\t\t\t\t\t\t\t<p>Lorenzo Brutti<br \/>Isabelle Merle <br \/>Marc Tabani<br \/>Serge Tcherk\u00e9zoff<\/p>\t\t\t\t\t\t\t\t<\/div>\n\t\t\t\t<\/div>\n\t\t\t\t<\/div>\n\t\t<div class=\"elementor-element elementor-element-b16b351 e-con-full e-flex e-con e-child\" data-id=\"b16b351\" data-element_type=\"container\" data-settings=\"{&quot;background_background&quot;:&quot;classic&quot;}\">\n\t\t\t\t<div class=\"elementor-element elementor-element-a3b7263 elementor-widget elementor-widget-heading\" data-id=\"a3b7263\" data-element_type=\"widget\" data-widget_type=\"heading.default\">\n\t\t\t\t<div class=\"elementor-widget-container\">\n\t\t\t\t\t<h4 class=\"elementor-heading-title elementor-size-default\">The partners<\/h4>\t\t\t\t<\/div>\n\t\t\t\t<\/div>\n\t\t\t\t<div class=\"elementor-element elementor-element-9bf2071 elementor-widget elementor-widget-text-editor\" data-id=\"9bf2071\" data-element_type=\"widget\" data-widget_type=\"text-editor.default\">\n\t\t\t\t<div class=\"elementor-widget-container\">\n\t\t\t\t\t\t\t\t\t<p>Richard Cagnasso (membre associ\u00e9)<br \/>Marie Durand (MCF Strasbourg)<br \/>Matteo Gallo (ATER, AMU)<br \/>Diego Munoz (post-doctorant ERC)<br \/>Nicola Manghi (post-doctorant EHESS-CREDO)<br \/>M\u00e9lissa Nayral (membre associ\u00e9)<br \/>Monika Stern (Lesc-CNRS)<\/p>\t\t\t\t\t\t\t\t<\/div>\n\t\t\t\t<\/div>\n\t\t\t\t<\/div>\n\t\t<div class=\"elementor-element elementor-element-4dab6fa e-con-full e-flex e-con e-child\" data-id=\"4dab6fa\" data-element_type=\"container\" data-settings=\"{&quot;background_background&quot;:&quot;classic&quot;}\">\n\t\t\t\t<div class=\"elementor-element elementor-element-1d5a7ea elementor-widget elementor-widget-heading\" data-id=\"1d5a7ea\" data-element_type=\"widget\" data-widget_type=\"heading.default\">\n\t\t\t\t<div class=\"elementor-widget-container\">\n\t\t\t\t\t<h4 class=\"elementor-heading-title elementor-size-default\">PhD students <\/h4>\t\t\t\t<\/div>\n\t\t\t\t<\/div>\n\t\t\t\t<div class=\"elementor-element elementor-element-112c388 elementor-widget elementor-widget-text-editor\" data-id=\"112c388\" data-element_type=\"widget\" data-widget_type=\"text-editor.default\">\n\t\t\t\t<div class=\"elementor-widget-container\">\n\t\t\t\t\t\t\t\t\t<p>Fran\u00e7ois-Xavier Faucounau<br \/>M\u00e9lissa Kodikawaku<br \/>Iris Portoleau<\/p>\t\t\t\t\t\t\t\t<\/div>\n\t\t\t\t<\/div>\n\t\t\t\t<\/div>\n\t\t\t\t\t<\/div>\n\t\t\t\t<\/div>\n\t\t\t\t<\/div>","protected":false},"excerpt":{"rendered":"<p>Approches pluridisciplinaires du fait politique contemporain dans le Pacifique. Souverainet\u00e9s, constructions politiques et connexions culturelles Le traitement pluridisciplinaire de cette s\u00e9lection de dossiers imbriqu\u00e9s sera coordonn\u00e9 par Isabelle Merle et Marc Tabani Ce th\u00e8me concerne les mani\u00e8res, les intentions et les moyens par lesquels se trouve exprim\u00e9 et affirm\u00e9 le fait politique contemporain dans le [&hellip;]<\/p>","protected":false},"author":1,"featured_media":0,"parent":8034,"menu_order":0,"comment_status":"closed","ping_status":"closed","template":"","meta":{"_acf_changed":false,"footnotes":""},"class_list":["post-11288","page","type-page","status-publish","hentry"],"acf":[],"yoast_head":"<!-- This site is optimized with the Yoast SEO plugin v26.6 - https:\/\/yoast.com\/wordpress\/plugins\/seo\/ -->\n<title>Approches pluridisciplinaires du fait politique contemporain dans le Pacifique. Souverainet\u00e9s, constructions politiques et connexions culturelles - Credo<\/title>\n<meta name=\"robots\" content=\"index, follow, max-snippet:-1, max-image-preview:large, max-video-preview:-1\" \/>\n<link rel=\"canonical\" href=\"https:\/\/pacific-credo.fr\/en\/recherche\/les-axes-scientifiques\/approches-pluridisciplinaires-du-fait-politique-contemporain-dans-le-pacifique-souverainetes-constructions-politiques-et-connexions-culturelles\/\" \/>\n<meta property=\"og:locale\" content=\"en_US\" \/>\n<meta property=\"og:type\" content=\"article\" \/>\n<meta property=\"og:title\" content=\"Approches pluridisciplinaires du fait politique contemporain dans le Pacifique. Souverainet\u00e9s, constructions politiques et connexions culturelles - Credo\" \/>\n<meta property=\"og:description\" content=\"Approches pluridisciplinaires du fait politique contemporain dans le Pacifique. Souverainet\u00e9s, constructions politiques et connexions culturelles Le traitement pluridisciplinaire de cette s\u00e9lection de dossiers imbriqu\u00e9s sera coordonn\u00e9 par Isabelle Merle et Marc Tabani Ce th\u00e8me concerne les mani\u00e8res, les intentions et les moyens par lesquels se trouve exprim\u00e9 et affirm\u00e9 le fait politique contemporain dans le [&hellip;]\" \/>\n<meta property=\"og:url\" content=\"https:\/\/pacific-credo.fr\/en\/recherche\/les-axes-scientifiques\/approches-pluridisciplinaires-du-fait-politique-contemporain-dans-le-pacifique-souverainetes-constructions-politiques-et-connexions-culturelles\/\" \/>\n<meta property=\"og:site_name\" content=\"Credo\" \/>\n<meta property=\"article:publisher\" content=\"https:\/\/www.facebook.com\/people\/CREDO-Centre-de-Recherche-et-de-Documentation-sur-lOcanie\/100087147725332\/\" \/>\n<meta property=\"article:modified_time\" content=\"2025-04-25T12:37:43+00:00\" \/>\n<meta name=\"twitter:card\" content=\"summary_large_image\" \/>\n<meta name=\"twitter:label1\" content=\"Est. reading time\" \/>\n\t<meta name=\"twitter:data1\" content=\"4 minutes\" \/>\n<script type=\"application\/ld+json\" class=\"yoast-schema-graph\">{\"@context\":\"https:\/\/schema.org\",\"@graph\":[{\"@type\":\"WebPage\",\"@id\":\"https:\/\/pacific-credo.fr\/recherche\/les-axes-scientifiques\/approches-pluridisciplinaires-du-fait-politique-contemporain-dans-le-pacifique-souverainetes-constructions-politiques-et-connexions-culturelles\/\",\"url\":\"https:\/\/pacific-credo.fr\/recherche\/les-axes-scientifiques\/approches-pluridisciplinaires-du-fait-politique-contemporain-dans-le-pacifique-souverainetes-constructions-politiques-et-connexions-culturelles\/\",\"name\":\"Approches pluridisciplinaires du fait politique contemporain dans le Pacifique. Souverainet\u00e9s, constructions politiques et connexions culturelles - Credo\",\"isPartOf\":{\"@id\":\"https:\/\/pacific-credo.fr\/en\/#website\"},\"datePublished\":\"2025-02-23T22:47:19+00:00\",\"dateModified\":\"2025-04-25T12:37:43+00:00\",\"breadcrumb\":{\"@id\":\"https:\/\/pacific-credo.fr\/recherche\/les-axes-scientifiques\/approches-pluridisciplinaires-du-fait-politique-contemporain-dans-le-pacifique-souverainetes-constructions-politiques-et-connexions-culturelles\/#breadcrumb\"},\"inLanguage\":\"en-US\",\"potentialAction\":[{\"@type\":\"ReadAction\",\"target\":[\"https:\/\/pacific-credo.fr\/recherche\/les-axes-scientifiques\/approches-pluridisciplinaires-du-fait-politique-contemporain-dans-le-pacifique-souverainetes-constructions-politiques-et-connexions-culturelles\/\"]}]},{\"@type\":\"BreadcrumbList\",\"@id\":\"https:\/\/pacific-credo.fr\/recherche\/les-axes-scientifiques\/approches-pluridisciplinaires-du-fait-politique-contemporain-dans-le-pacifique-souverainetes-constructions-politiques-et-connexions-culturelles\/#breadcrumb\",\"itemListElement\":[{\"@type\":\"ListItem\",\"position\":1,\"name\":\"Accueil\",\"item\":\"https:\/\/pacific-credo.fr\/\"},{\"@type\":\"ListItem\",\"position\":2,\"name\":\"Recherche\",\"item\":\"https:\/\/pacific-credo.fr\/recherche\/\"},{\"@type\":\"ListItem\",\"position\":3,\"name\":\"Les axes scientifiques\",\"item\":\"https:\/\/pacific-credo.fr\/recherche\/les-axes-scientifiques\/\"},{\"@type\":\"ListItem\",\"position\":4,\"name\":\"Approches pluridisciplinaires du fait politique contemporain dans le Pacifique. Souverainet\u00e9s, constructions politiques et connexions culturelles\"}]},{\"@type\":\"WebSite\",\"@id\":\"https:\/\/pacific-credo.fr\/en\/#website\",\"url\":\"https:\/\/pacific-credo.fr\/en\/\",\"name\":\"Credo\",\"description\":\"\",\"publisher\":{\"@id\":\"https:\/\/pacific-credo.fr\/en\/#organization\"},\"potentialAction\":[{\"@type\":\"SearchAction\",\"target\":{\"@type\":\"EntryPoint\",\"urlTemplate\":\"https:\/\/pacific-credo.fr\/en\/?s={search_term_string}\"},\"query-input\":{\"@type\":\"PropertyValueSpecification\",\"valueRequired\":true,\"valueName\":\"search_term_string\"}}],\"inLanguage\":\"en-US\"},{\"@type\":\"Organization\",\"@id\":\"https:\/\/pacific-credo.fr\/en\/#organization\",\"name\":\"Credo\",\"url\":\"https:\/\/pacific-credo.fr\/en\/\",\"logo\":{\"@type\":\"ImageObject\",\"inLanguage\":\"en-US\",\"@id\":\"https:\/\/pacific-credo.fr\/en\/#\/schema\/logo\/image\/\",\"url\":\"https:\/\/pacific-credo.fr\/wp-content\/uploads\/2024\/07\/\u00aeCREDO.webp\",\"contentUrl\":\"https:\/\/pacific-credo.fr\/wp-content\/uploads\/2024\/07\/\u00aeCREDO.webp\",\"width\":637,\"height\":591,\"caption\":\"Credo\"},\"image\":{\"@id\":\"https:\/\/pacific-credo.fr\/en\/#\/schema\/logo\/image\/\"},\"sameAs\":[\"https:\/\/www.facebook.com\/people\/CREDO-Centre-de-Recherche-et-de-Documentation-sur-lOcanie\/100087147725332\/\",\"https:\/\/www.linkedin.com\/company\/credo-centre-de-recherche-et-de-documentation-sur-l-ocanie\/about\/?viewAsMember=true\"]}]}<\/script>\n<!-- \/ Yoast SEO plugin. -->","yoast_head_json":{"title":"Approches pluridisciplinaires du fait politique contemporain dans le Pacifique. Souverainet\u00e9s, constructions politiques et connexions culturelles - Credo","robots":{"index":"index","follow":"follow","max-snippet":"max-snippet:-1","max-image-preview":"max-image-preview:large","max-video-preview":"max-video-preview:-1"},"canonical":"https:\/\/pacific-credo.fr\/en\/recherche\/les-axes-scientifiques\/approches-pluridisciplinaires-du-fait-politique-contemporain-dans-le-pacifique-souverainetes-constructions-politiques-et-connexions-culturelles\/","og_locale":"en_US","og_type":"article","og_title":"Approches pluridisciplinaires du fait politique contemporain dans le Pacifique. Souverainet\u00e9s, constructions politiques et connexions culturelles - Credo","og_description":"Approches pluridisciplinaires du fait politique contemporain dans le Pacifique. Souverainet\u00e9s, constructions politiques et connexions culturelles Le traitement pluridisciplinaire de cette s\u00e9lection de dossiers imbriqu\u00e9s sera coordonn\u00e9 par Isabelle Merle et Marc Tabani Ce th\u00e8me concerne les mani\u00e8res, les intentions et les moyens par lesquels se trouve exprim\u00e9 et affirm\u00e9 le fait politique contemporain dans le [&hellip;]","og_url":"https:\/\/pacific-credo.fr\/en\/recherche\/les-axes-scientifiques\/approches-pluridisciplinaires-du-fait-politique-contemporain-dans-le-pacifique-souverainetes-constructions-politiques-et-connexions-culturelles\/","og_site_name":"Credo","article_publisher":"https:\/\/www.facebook.com\/people\/CREDO-Centre-de-Recherche-et-de-Documentation-sur-lOcanie\/100087147725332\/","article_modified_time":"2025-04-25T12:37:43+00:00","twitter_card":"summary_large_image","twitter_misc":{"Est. reading time":"4 minutes"},"schema":{"@context":"https:\/\/schema.org","@graph":[{"@type":"WebPage","@id":"https:\/\/pacific-credo.fr\/recherche\/les-axes-scientifiques\/approches-pluridisciplinaires-du-fait-politique-contemporain-dans-le-pacifique-souverainetes-constructions-politiques-et-connexions-culturelles\/","url":"https:\/\/pacific-credo.fr\/recherche\/les-axes-scientifiques\/approches-pluridisciplinaires-du-fait-politique-contemporain-dans-le-pacifique-souverainetes-constructions-politiques-et-connexions-culturelles\/","name":"Approches pluridisciplinaires du fait politique contemporain dans le Pacifique. Souverainet\u00e9s, constructions politiques et connexions culturelles - Credo","isPartOf":{"@id":"https:\/\/pacific-credo.fr\/en\/#website"},"datePublished":"2025-02-23T22:47:19+00:00","dateModified":"2025-04-25T12:37:43+00:00","breadcrumb":{"@id":"https:\/\/pacific-credo.fr\/recherche\/les-axes-scientifiques\/approches-pluridisciplinaires-du-fait-politique-contemporain-dans-le-pacifique-souverainetes-constructions-politiques-et-connexions-culturelles\/#breadcrumb"},"inLanguage":"en-US","potentialAction":[{"@type":"ReadAction","target":["https:\/\/pacific-credo.fr\/recherche\/les-axes-scientifiques\/approches-pluridisciplinaires-du-fait-politique-contemporain-dans-le-pacifique-souverainetes-constructions-politiques-et-connexions-culturelles\/"]}]},{"@type":"BreadcrumbList","@id":"https:\/\/pacific-credo.fr\/recherche\/les-axes-scientifiques\/approches-pluridisciplinaires-du-fait-politique-contemporain-dans-le-pacifique-souverainetes-constructions-politiques-et-connexions-culturelles\/#breadcrumb","itemListElement":[{"@type":"ListItem","position":1,"name":"Accueil","item":"https:\/\/pacific-credo.fr\/"},{"@type":"ListItem","position":2,"name":"Recherche","item":"https:\/\/pacific-credo.fr\/recherche\/"},{"@type":"ListItem","position":3,"name":"Les axes scientifiques","item":"https:\/\/pacific-credo.fr\/recherche\/les-axes-scientifiques\/"},{"@type":"ListItem","position":4,"name":"Approches pluridisciplinaires du fait politique contemporain dans le Pacifique. Souverainet\u00e9s, constructions politiques et connexions culturelles"}]},{"@type":"WebSite","@id":"https:\/\/pacific-credo.fr\/en\/#website","url":"https:\/\/pacific-credo.fr\/en\/","name":"Credo","description":"","publisher":{"@id":"https:\/\/pacific-credo.fr\/en\/#organization"},"potentialAction":[{"@type":"SearchAction","target":{"@type":"EntryPoint","urlTemplate":"https:\/\/pacific-credo.fr\/en\/?s={search_term_string}"},"query-input":{"@type":"PropertyValueSpecification","valueRequired":true,"valueName":"search_term_string"}}],"inLanguage":"en-US"},{"@type":"Organization","@id":"https:\/\/pacific-credo.fr\/en\/#organization","name":"Credo","url":"https:\/\/pacific-credo.fr\/en\/","logo":{"@type":"ImageObject","inLanguage":"en-US","@id":"https:\/\/pacific-credo.fr\/en\/#\/schema\/logo\/image\/","url":"https:\/\/pacific-credo.fr\/wp-content\/uploads\/2024\/07\/\u00aeCREDO.webp","contentUrl":"https:\/\/pacific-credo.fr\/wp-content\/uploads\/2024\/07\/\u00aeCREDO.webp","width":637,"height":591,"caption":"Credo"},"image":{"@id":"https:\/\/pacific-credo.fr\/en\/#\/schema\/logo\/image\/"},"sameAs":["https:\/\/www.facebook.com\/people\/CREDO-Centre-de-Recherche-et-de-Documentation-sur-lOcanie\/100087147725332\/","https:\/\/www.linkedin.com\/company\/credo-centre-de-recherche-et-de-documentation-sur-l-ocanie\/about\/?viewAsMember=true"]}]}},"_links":{"self":[{"href":"https:\/\/pacific-credo.fr\/en\/wp-json\/wp\/v2\/pages\/11288","targetHints":{"allow":["GET"]}}],"collection":[{"href":"https:\/\/pacific-credo.fr\/en\/wp-json\/wp\/v2\/pages"}],"about":[{"href":"https:\/\/pacific-credo.fr\/en\/wp-json\/wp\/v2\/types\/page"}],"author":[{"embeddable":true,"href":"https:\/\/pacific-credo.fr\/en\/wp-json\/wp\/v2\/users\/1"}],"replies":[{"embeddable":true,"href":"https:\/\/pacific-credo.fr\/en\/wp-json\/wp\/v2\/comments?post=11288"}],"version-history":[{"count":3,"href":"https:\/\/pacific-credo.fr\/en\/wp-json\/wp\/v2\/pages\/11288\/revisions"}],"predecessor-version":[{"id":14802,"href":"https:\/\/pacific-credo.fr\/en\/wp-json\/wp\/v2\/pages\/11288\/revisions\/14802"}],"up":[{"embeddable":true,"href":"https:\/\/pacific-credo.fr\/en\/wp-json\/wp\/v2\/pages\/8034"}],"wp:attachment":[{"href":"https:\/\/pacific-credo.fr\/en\/wp-json\/wp\/v2\/media?parent=11288"}],"curies":[{"name":"wp","href":"https:\/\/api.w.org\/{rel}","templated":true}]}}