{"id":11199,"date":"2025-02-23T22:43:51","date_gmt":"2025-02-23T21:43:51","guid":{"rendered":"https:\/\/pacific-credo.fr\/?page_id=11199"},"modified":"2025-03-25T16:03:55","modified_gmt":"2025-03-25T15:03:55","slug":"les-editions-credo-inalco","status":"publish","type":"page","link":"https:\/\/pacific-credo.fr\/en\/les-editions-du-credo\/les-editions-credo-inalco\/","title":{"rendered":"CREDO \/ Inalco editions"},"content":{"rendered":"<div data-elementor-type=\"wp-page\" data-elementor-id=\"11199\" class=\"elementor elementor-11199\" data-elementor-post-type=\"page\">\n\t\t\t\t<div class=\"elementor-element elementor-element-548f562 e-con-full e-flex e-con e-parent\" data-id=\"548f562\" data-element_type=\"container\" data-settings=\"{&quot;background_background&quot;:&quot;classic&quot;}\">\n\t\t\t\t<div class=\"elementor-element elementor-element-3e6a7ec elementor-widget elementor-widget-heading\" data-id=\"3e6a7ec\" data-element_type=\"widget\" data-widget_type=\"heading.default\">\n\t\t\t\t<div class=\"elementor-widget-container\">\n\t\t\t\t\t<h1 class=\"elementor-heading-title elementor-size-default\">CREDO \/ Inalco editions<\/h1>\t\t\t\t<\/div>\n\t\t\t\t<\/div>\n\t\t\t\t<\/div>\n\t\t<div class=\"elementor-element elementor-element-06bfde2 e-flex e-con-boxed e-con e-parent\" data-id=\"06bfde2\" data-element_type=\"container\">\n\t\t\t\t\t<div class=\"e-con-inner\">\n\t\t<div class=\"elementor-element elementor-element-91a9329 e-con-full e-flex e-con e-child\" data-id=\"91a9329\" data-element_type=\"container\">\n\t\t\t\t<div class=\"elementor-element elementor-element-b8b9485 elementor-widget elementor-widget-heading\" data-id=\"b8b9485\" data-element_type=\"widget\" data-widget_type=\"heading.default\">\n\t\t\t\t<div class=\"elementor-widget-container\">\n\t\t\t\t\t<h2 class=\"elementor-heading-title elementor-size-default\">CREDO &amp; Inalco Association<\/h2>\t\t\t\t<\/div>\n\t\t\t\t<\/div>\n\t\t\t\t<div class=\"elementor-element elementor-element-6c5dda8 elementor-widget elementor-widget-text-editor\" data-id=\"6c5dda8\" data-element_type=\"widget\" data-widget_type=\"text-editor.default\">\n\t\t\t\t<div class=\"elementor-widget-container\">\n\t\t\t\t\t\t\t\t\t<p>CREDO and Inalco have joined forces to publish the Oceanie(s) collection.<\/p><p>La collection est co-dirig\u00e9e par Sarah Mohammed Gaillard (CESSMA) et S\u00e9bastien Galliot (CREDO)<\/p>\t\t\t\t\t\t\t\t<\/div>\n\t\t\t\t<\/div>\n\t\t\t\t<div class=\"elementor-element elementor-element-2d8d463 elementor-align-left elementor-button-success elementor-widget elementor-widget-button\" data-id=\"2d8d463\" data-element_type=\"widget\" data-widget_type=\"button.default\">\n\t\t\t\t<div class=\"elementor-widget-container\">\n\t\t\t\t\t\t\t\t\t<div class=\"elementor-button-wrapper\">\n\t\t\t\t\t<a class=\"elementor-button elementor-button-link elementor-size-sm elementor-animation-skew-forward\" href=\"https:\/\/www.inalco.fr\/le-comite-des-presses\" target=\"_blank\">\n\t\t\t\t\t\t<span class=\"elementor-button-content-wrapper\">\n\t\t\t\t\t\t<span class=\"elementor-button-icon\">\n\t\t\t\t<svg aria-hidden=\"true\" class=\"e-font-icon-svg e-fas-link\" viewbox=\"0 0 512 512\" xmlns=\"http:\/\/www.w3.org\/2000\/svg\"><path d=\"M326.612 185.391c59.747 59.809 58.927 155.698.36 214.59-.11.12-.24.25-.36.37l-67.2 67.2c-59.27 59.27-155.699 59.262-214.96 0-59.27-59.26-59.27-155.7 0-214.96l37.106-37.106c9.84-9.84 26.786-3.3 27.294 10.606.648 17.722 3.826 35.527 9.69 52.721 1.986 5.822.567 12.262-3.783 16.612l-13.087 13.087c-28.026 28.026-28.905 73.66-1.155 101.96 28.024 28.579 74.086 28.749 102.325.51l67.2-67.19c28.191-28.191 28.073-73.757 0-101.83-3.701-3.694-7.429-6.564-10.341-8.569a16.037 16.037 0 0 1-6.947-12.606c-.396-10.567 3.348-21.456 11.698-29.806l21.054-21.055c5.521-5.521 14.182-6.199 20.584-1.731a152.482 152.482 0 0 1 20.522 17.197zM467.547 44.449c-59.261-59.262-155.69-59.27-214.96 0l-67.2 67.2c-.12.12-.25.25-.36.37-58.566 58.892-59.387 154.781.36 214.59a152.454 152.454 0 0 0 20.521 17.196c6.402 4.468 15.064 3.789 20.584-1.731l21.054-21.055c8.35-8.35 12.094-19.239 11.698-29.806a16.037 16.037 0 0 0-6.947-12.606c-2.912-2.005-6.64-4.875-10.341-8.569-28.073-28.073-28.191-73.639 0-101.83l67.2-67.19c28.239-28.239 74.3-28.069 102.325.51 27.75 28.3 26.872 73.934-1.155 101.96l-13.087 13.087c-4.35 4.35-5.769 10.79-3.783 16.612 5.864 17.194 9.042 34.999 9.69 52.721.509 13.906 17.454 20.446 27.294 10.606l37.106-37.106c59.271-59.259 59.271-155.699.001-214.959z\"><\/path><\/svg>\t\t\t<\/span>\n\t\t\t\t\t\t\t\t\t<span class=\"elementor-button-text\">Presses Committee<\/span>\n\t\t\t\t\t<\/span>\n\t\t\t\t\t<\/a>\n\t\t\t\t<\/div>\n\t\t\t\t\t\t\t\t<\/div>\n\t\t\t\t<\/div>\n\t\t\t\t<div class=\"elementor-element elementor-element-ce5e007 elementor-align-left elementor-button-success elementor-widget elementor-widget-button\" data-id=\"ce5e007\" data-element_type=\"widget\" data-widget_type=\"button.default\">\n\t\t\t\t<div class=\"elementor-widget-container\">\n\t\t\t\t\t\t\t\t\t<div class=\"elementor-button-wrapper\">\n\t\t\t\t\t<a class=\"elementor-button elementor-button-link elementor-size-sm elementor-animation-skew-forward\" href=\"https:\/\/www.inalco.fr\/presentation-0\" target=\"_blank\">\n\t\t\t\t\t\t<span class=\"elementor-button-content-wrapper\">\n\t\t\t\t\t\t<span class=\"elementor-button-icon\">\n\t\t\t\t<svg aria-hidden=\"true\" class=\"e-font-icon-svg e-fas-link\" viewbox=\"0 0 512 512\" xmlns=\"http:\/\/www.w3.org\/2000\/svg\"><path d=\"M326.612 185.391c59.747 59.809 58.927 155.698.36 214.59-.11.12-.24.25-.36.37l-67.2 67.2c-59.27 59.27-155.699 59.262-214.96 0-59.27-59.26-59.27-155.7 0-214.96l37.106-37.106c9.84-9.84 26.786-3.3 27.294 10.606.648 17.722 3.826 35.527 9.69 52.721 1.986 5.822.567 12.262-3.783 16.612l-13.087 13.087c-28.026 28.026-28.905 73.66-1.155 101.96 28.024 28.579 74.086 28.749 102.325.51l67.2-67.19c28.191-28.191 28.073-73.757 0-101.83-3.701-3.694-7.429-6.564-10.341-8.569a16.037 16.037 0 0 1-6.947-12.606c-.396-10.567 3.348-21.456 11.698-29.806l21.054-21.055c5.521-5.521 14.182-6.199 20.584-1.731a152.482 152.482 0 0 1 20.522 17.197zM467.547 44.449c-59.261-59.262-155.69-59.27-214.96 0l-67.2 67.2c-.12.12-.25.25-.36.37-58.566 58.892-59.387 154.781.36 214.59a152.454 152.454 0 0 0 20.521 17.196c6.402 4.468 15.064 3.789 20.584-1.731l21.054-21.055c8.35-8.35 12.094-19.239 11.698-29.806a16.037 16.037 0 0 0-6.947-12.606c-2.912-2.005-6.64-4.875-10.341-8.569-28.073-28.073-28.191-73.639 0-101.83l67.2-67.19c28.239-28.239 74.3-28.069 102.325.51 27.75 28.3 26.872 73.934-1.155 101.96l-13.087 13.087c-4.35 4.35-5.769 10.79-3.783 16.612 5.864 17.194 9.042 34.999 9.69 52.721.509 13.906 17.454 20.446 27.294 10.606l37.106-37.106c59.271-59.259 59.271-155.699.001-214.959z\"><\/path><\/svg>\t\t\t<\/span>\n\t\t\t\t\t\t\t\t\t<span class=\"elementor-button-text\">Presses de l'Inalco presentation<\/span>\n\t\t\t\t\t<\/span>\n\t\t\t\t\t<\/a>\n\t\t\t\t<\/div>\n\t\t\t\t\t\t\t\t<\/div>\n\t\t\t\t<\/div>\n\t\t\t\t<div class=\"elementor-element elementor-element-d80d72d elementor-align-left elementor-button-success elementor-widget elementor-widget-button\" data-id=\"d80d72d\" data-element_type=\"widget\" data-widget_type=\"button.default\">\n\t\t\t\t<div class=\"elementor-widget-container\">\n\t\t\t\t\t\t\t\t\t<div class=\"elementor-button-wrapper\">\n\t\t\t\t\t<a class=\"elementor-button elementor-button-link elementor-size-sm elementor-animation-skew-forward\" href=\"https:\/\/www.inalco.fr\/publier-un-livre\" target=\"_blank\">\n\t\t\t\t\t\t<span class=\"elementor-button-content-wrapper\">\n\t\t\t\t\t\t<span class=\"elementor-button-icon\">\n\t\t\t\t<svg aria-hidden=\"true\" class=\"e-font-icon-svg e-fas-link\" viewbox=\"0 0 512 512\" xmlns=\"http:\/\/www.w3.org\/2000\/svg\"><path d=\"M326.612 185.391c59.747 59.809 58.927 155.698.36 214.59-.11.12-.24.25-.36.37l-67.2 67.2c-59.27 59.27-155.699 59.262-214.96 0-59.27-59.26-59.27-155.7 0-214.96l37.106-37.106c9.84-9.84 26.786-3.3 27.294 10.606.648 17.722 3.826 35.527 9.69 52.721 1.986 5.822.567 12.262-3.783 16.612l-13.087 13.087c-28.026 28.026-28.905 73.66-1.155 101.96 28.024 28.579 74.086 28.749 102.325.51l67.2-67.19c28.191-28.191 28.073-73.757 0-101.83-3.701-3.694-7.429-6.564-10.341-8.569a16.037 16.037 0 0 1-6.947-12.606c-.396-10.567 3.348-21.456 11.698-29.806l21.054-21.055c5.521-5.521 14.182-6.199 20.584-1.731a152.482 152.482 0 0 1 20.522 17.197zM467.547 44.449c-59.261-59.262-155.69-59.27-214.96 0l-67.2 67.2c-.12.12-.25.25-.36.37-58.566 58.892-59.387 154.781.36 214.59a152.454 152.454 0 0 0 20.521 17.196c6.402 4.468 15.064 3.789 20.584-1.731l21.054-21.055c8.35-8.35 12.094-19.239 11.698-29.806a16.037 16.037 0 0 0-6.947-12.606c-2.912-2.005-6.64-4.875-10.341-8.569-28.073-28.073-28.191-73.639 0-101.83l67.2-67.19c28.239-28.239 74.3-28.069 102.325.51 27.75 28.3 26.872 73.934-1.155 101.96l-13.087 13.087c-4.35 4.35-5.769 10.79-3.783 16.612 5.864 17.194 9.042 34.999 9.69 52.721.509 13.906 17.454 20.446 27.294 10.606l37.106-37.106c59.271-59.259 59.271-155.699.001-214.959z\"><\/path><\/svg>\t\t\t<\/span>\n\t\t\t\t\t\t\t\t\t<span class=\"elementor-button-text\">Publish a book<\/span>\n\t\t\t\t\t<\/span>\n\t\t\t\t\t<\/a>\n\t\t\t\t<\/div>\n\t\t\t\t\t\t\t\t<\/div>\n\t\t\t\t<\/div>\n\t\t\t\t<\/div>\n\t\t\t\t\t<\/div>\n\t\t\t\t<\/div>\n\t\t<div class=\"elementor-element elementor-element-66ca3b2 e-flex e-con-boxed e-con e-parent\" data-id=\"66ca3b2\" data-element_type=\"container\">\n\t\t\t\t\t<div class=\"e-con-inner\">\n\t\t<div class=\"elementor-element elementor-element-ee45a7c e-con-full e-flex e-con e-child\" data-id=\"ee45a7c\" data-element_type=\"container\">\n\t\t\t\t<div class=\"elementor-element elementor-element-7a3a520 elementor-widget elementor-widget-image\" data-id=\"7a3a520\" data-element_type=\"widget\" data-widget_type=\"image.default\">\n\t\t\t\t<div class=\"elementor-widget-container\">\n\t\t\t\t\t\t\t\t\t\t\t\t\t\t\t<img fetchpriority=\"high\" decoding=\"async\" width=\"380\" height=\"500\" src=\"https:\/\/pacific-credo.fr\/wp-content\/uploads\/2025\/02\/Oceanies_vanuatu_0.webp\" class=\"attachment-medium size-medium wp-image-11504\" alt=\"\" srcset=\"https:\/\/pacific-credo.fr\/wp-content\/uploads\/2025\/02\/Oceanies_vanuatu_0.webp 380w, https:\/\/pacific-credo.fr\/wp-content\/uploads\/2025\/02\/Oceanies_vanuatu_0-9x12.webp 9w\" sizes=\"(max-width: 380px) 100vw, 380px\" \/>\t\t\t\t\t\t\t\t\t\t\t\t\t\t\t<\/div>\n\t\t\t\t<\/div>\n\t\t\t\t<\/div>\n\t\t<div class=\"elementor-element elementor-element-138be93 e-con-full e-flex e-con e-child\" data-id=\"138be93\" data-element_type=\"container\">\n\t\t<div class=\"elementor-element elementor-element-2c39f80 e-con-full e-flex e-con e-child\" data-id=\"2c39f80\" data-element_type=\"container\">\n\t\t\t\t<div class=\"elementor-element elementor-element-127f6bf animated-fast elementor-invisible elementor-widget elementor-widget-heading\" data-id=\"127f6bf\" data-element_type=\"widget\" data-settings=\"{&quot;_animation&quot;:&quot;fadeInUp&quot;}\" data-widget_type=\"heading.default\">\n\t\t\t\t<div class=\"elementor-widget-container\">\n\t\t\t\t\t<h3 class=\"elementor-heading-title elementor-size-default\">Le Vanuatu Dans Tous Ses \u00c9tats, \nHistoire et Anthropologie<\/h3>\t\t\t\t<\/div>\n\t\t\t\t<\/div>\n\t\t\t\t<div class=\"elementor-element elementor-element-8868f8b elementor-widget elementor-widget-text-editor\" data-id=\"8868f8b\" data-element_type=\"widget\" data-widget_type=\"text-editor.default\">\n\t\t\t\t<div class=\"elementor-widget-container\">\n\t\t\t\t\t\t\t\t\t<p><strong>Marie Durand, Monika Stern &amp; \u00c9ric Wittersheim<\/strong><br \/><br \/>\u00c9diteur : Les Presses de l&rsquo;Inalco<br \/><strong>Collection : Oc\u00e9anie(s)<\/strong><br \/>Lieu d\u2019\u00e9dition : Marseille <br \/>510 pages<br \/>16 x 24 cm<br \/>Parution : 14\/02\/2024<br \/>ISBN : 9782858314386<\/p>\t\t\t\t\t\t\t\t<\/div>\n\t\t\t\t<\/div>\n\t\t\t\t<div class=\"elementor-element elementor-element-00ce3b3 elementor-align-left elementor-mobile-align-center elementor-widget elementor-widget-button\" data-id=\"00ce3b3\" data-element_type=\"widget\" data-widget_type=\"button.default\">\n\t\t\t\t<div class=\"elementor-widget-container\">\n\t\t\t\t\t\t\t\t\t<div class=\"elementor-button-wrapper\">\n\t\t\t\t\t<a class=\"elementor-button elementor-button-link elementor-size-sm\" href=\"https:\/\/www.inalco.fr\/publication\/le-vanuatu-dans-tous-ses-etats\" target=\"_blank\">\n\t\t\t\t\t\t<span class=\"elementor-button-content-wrapper\">\n\t\t\t\t\t\t\t\t\t<span class=\"elementor-button-text\">Further information<\/span>\n\t\t\t\t\t<\/span>\n\t\t\t\t\t<\/a>\n\t\t\t\t<\/div>\n\t\t\t\t\t\t\t\t<\/div>\n\t\t\t\t<\/div>\n\t\t\t\t<\/div>\n\t\t\t\t<\/div>\n\t\t\t\t\t<\/div>\n\t\t\t\t<\/div>\n\t\t\t\t<\/div>","protected":false},"excerpt":{"rendered":"<p>Association CREDO &amp; Inalco Le CREDO et l&rsquo;Inalco se sont associ\u00e9s pour \u00e9diter la collection Oc\u00e9anie(s) La collection est co-dirig\u00e9e par Sarah Mohammed Gaillard (CESSMA) et S\u00e9bastien Galliot (CREDO) Le comit\u00e9 des presses Pr\u00e9sentation des Presses de l&rsquo;Inalco Publier un livre Le Vanuatu Dans Tous Ses \u00c9tats, Histoire et Anthropologie Marie Durand, Monika Stern &amp; [&hellip;]<\/p>","protected":false},"author":1,"featured_media":0,"parent":8159,"menu_order":0,"comment_status":"closed","ping_status":"closed","template":"page.php","meta":{"_acf_changed":false,"footnotes":""},"class_list":["post-11199","page","type-page","status-publish","hentry"],"acf":[],"yoast_head":"<!-- This site is optimized with the Yoast SEO plugin v26.6 - https:\/\/yoast.com\/wordpress\/plugins\/seo\/ -->\n<title>Les \u00e9ditions CREDO \/ Inalco - Credo<\/title>\n<meta name=\"robots\" content=\"index, follow, max-snippet:-1, max-image-preview:large, max-video-preview:-1\" \/>\n<link rel=\"canonical\" href=\"https:\/\/pacific-credo.fr\/en\/les-editions-du-credo\/les-editions-credo-inalco\/\" \/>\n<meta property=\"og:locale\" content=\"en_US\" \/>\n<meta property=\"og:type\" content=\"article\" \/>\n<meta property=\"og:title\" content=\"Les \u00e9ditions CREDO \/ Inalco - Credo\" \/>\n<meta property=\"og:description\" content=\"Association CREDO &amp; Inalco Le CREDO et l&rsquo;Inalco se sont associ\u00e9s pour \u00e9diter la collection Oc\u00e9anie(s) La collection est co-dirig\u00e9e par Sarah Mohammed Gaillard (CESSMA) et S\u00e9bastien Galliot (CREDO) Le comit\u00e9 des presses Pr\u00e9sentation des Presses de l&rsquo;Inalco Publier un livre Le Vanuatu Dans Tous Ses \u00c9tats, Histoire et Anthropologie Marie Durand, Monika Stern &amp; [&hellip;]\" \/>\n<meta property=\"og:url\" content=\"https:\/\/pacific-credo.fr\/en\/les-editions-du-credo\/les-editions-credo-inalco\/\" \/>\n<meta property=\"og:site_name\" content=\"Credo\" \/>\n<meta property=\"article:publisher\" content=\"https:\/\/www.facebook.com\/people\/CREDO-Centre-de-Recherche-et-de-Documentation-sur-lOcanie\/100087147725332\/\" \/>\n<meta property=\"article:modified_time\" content=\"2025-03-25T15:03:55+00:00\" \/>\n<meta property=\"og:image\" content=\"https:\/\/pacific-credo.fr\/wp-content\/uploads\/2025\/02\/Oceanies_vanuatu_0.webp\" \/>\n\t<meta property=\"og:image:width\" content=\"380\" \/>\n\t<meta property=\"og:image:height\" content=\"500\" \/>\n\t<meta property=\"og:image:type\" content=\"image\/webp\" \/>\n<meta name=\"twitter:card\" content=\"summary_large_image\" \/>\n<script type=\"application\/ld+json\" class=\"yoast-schema-graph\">{\"@context\":\"https:\/\/schema.org\",\"@graph\":[{\"@type\":\"WebPage\",\"@id\":\"https:\/\/pacific-credo.fr\/les-editions-du-credo\/les-editions-credo-inalco\/\",\"url\":\"https:\/\/pacific-credo.fr\/les-editions-du-credo\/les-editions-credo-inalco\/\",\"name\":\"Les \u00e9ditions CREDO \/ Inalco - Credo\",\"isPartOf\":{\"@id\":\"https:\/\/pacific-credo.fr\/en\/#website\"},\"primaryImageOfPage\":{\"@id\":\"https:\/\/pacific-credo.fr\/les-editions-du-credo\/les-editions-credo-inalco\/#primaryimage\"},\"image\":{\"@id\":\"https:\/\/pacific-credo.fr\/les-editions-du-credo\/les-editions-credo-inalco\/#primaryimage\"},\"thumbnailUrl\":\"https:\/\/pacific-credo.fr\/wp-content\/uploads\/2025\/02\/Oceanies_vanuatu_0.webp\",\"datePublished\":\"2025-02-23T21:43:51+00:00\",\"dateModified\":\"2025-03-25T15:03:55+00:00\",\"breadcrumb\":{\"@id\":\"https:\/\/pacific-credo.fr\/les-editions-du-credo\/les-editions-credo-inalco\/#breadcrumb\"},\"inLanguage\":\"en-US\",\"potentialAction\":[{\"@type\":\"ReadAction\",\"target\":[\"https:\/\/pacific-credo.fr\/les-editions-du-credo\/les-editions-credo-inalco\/\"]}]},{\"@type\":\"ImageObject\",\"inLanguage\":\"en-US\",\"@id\":\"https:\/\/pacific-credo.fr\/les-editions-du-credo\/les-editions-credo-inalco\/#primaryimage\",\"url\":\"https:\/\/pacific-credo.fr\/wp-content\/uploads\/2025\/02\/Oceanies_vanuatu_0.webp\",\"contentUrl\":\"https:\/\/pacific-credo.fr\/wp-content\/uploads\/2025\/02\/Oceanies_vanuatu_0.webp\"},{\"@type\":\"BreadcrumbList\",\"@id\":\"https:\/\/pacific-credo.fr\/les-editions-du-credo\/les-editions-credo-inalco\/#breadcrumb\",\"itemListElement\":[{\"@type\":\"ListItem\",\"position\":1,\"name\":\"Accueil\",\"item\":\"https:\/\/pacific-credo.fr\/\"},{\"@type\":\"ListItem\",\"position\":2,\"name\":\"Les \u00e9ditions du CREDO\",\"item\":\"https:\/\/pacific-credo.fr\/les-editions-du-credo\/\"},{\"@type\":\"ListItem\",\"position\":3,\"name\":\"Les \u00e9ditions CREDO \/ Inalco\"}]},{\"@type\":\"WebSite\",\"@id\":\"https:\/\/pacific-credo.fr\/en\/#website\",\"url\":\"https:\/\/pacific-credo.fr\/en\/\",\"name\":\"Credo\",\"description\":\"\",\"publisher\":{\"@id\":\"https:\/\/pacific-credo.fr\/en\/#organization\"},\"potentialAction\":[{\"@type\":\"SearchAction\",\"target\":{\"@type\":\"EntryPoint\",\"urlTemplate\":\"https:\/\/pacific-credo.fr\/en\/?s={search_term_string}\"},\"query-input\":{\"@type\":\"PropertyValueSpecification\",\"valueRequired\":true,\"valueName\":\"search_term_string\"}}],\"inLanguage\":\"en-US\"},{\"@type\":\"Organization\",\"@id\":\"https:\/\/pacific-credo.fr\/en\/#organization\",\"name\":\"Credo\",\"url\":\"https:\/\/pacific-credo.fr\/en\/\",\"logo\":{\"@type\":\"ImageObject\",\"inLanguage\":\"en-US\",\"@id\":\"https:\/\/pacific-credo.fr\/en\/#\/schema\/logo\/image\/\",\"url\":\"https:\/\/pacific-credo.fr\/wp-content\/uploads\/2024\/07\/\u00aeCREDO.webp\",\"contentUrl\":\"https:\/\/pacific-credo.fr\/wp-content\/uploads\/2024\/07\/\u00aeCREDO.webp\",\"width\":637,\"height\":591,\"caption\":\"Credo\"},\"image\":{\"@id\":\"https:\/\/pacific-credo.fr\/en\/#\/schema\/logo\/image\/\"},\"sameAs\":[\"https:\/\/www.facebook.com\/people\/CREDO-Centre-de-Recherche-et-de-Documentation-sur-lOcanie\/100087147725332\/\",\"https:\/\/www.linkedin.com\/company\/credo-centre-de-recherche-et-de-documentation-sur-l-ocanie\/about\/?viewAsMember=true\"]}]}<\/script>\n<!-- \/ Yoast SEO plugin. -->","yoast_head_json":{"title":"Les \u00e9ditions CREDO \/ Inalco - Credo","robots":{"index":"index","follow":"follow","max-snippet":"max-snippet:-1","max-image-preview":"max-image-preview:large","max-video-preview":"max-video-preview:-1"},"canonical":"https:\/\/pacific-credo.fr\/en\/les-editions-du-credo\/les-editions-credo-inalco\/","og_locale":"en_US","og_type":"article","og_title":"Les \u00e9ditions CREDO \/ Inalco - Credo","og_description":"Association CREDO &amp; Inalco Le CREDO et l&rsquo;Inalco se sont associ\u00e9s pour \u00e9diter la collection Oc\u00e9anie(s) La collection est co-dirig\u00e9e par Sarah Mohammed Gaillard (CESSMA) et S\u00e9bastien Galliot (CREDO) Le comit\u00e9 des presses Pr\u00e9sentation des Presses de l&rsquo;Inalco Publier un livre Le Vanuatu Dans Tous Ses \u00c9tats, Histoire et Anthropologie Marie Durand, Monika Stern &amp; [&hellip;]","og_url":"https:\/\/pacific-credo.fr\/en\/les-editions-du-credo\/les-editions-credo-inalco\/","og_site_name":"Credo","article_publisher":"https:\/\/www.facebook.com\/people\/CREDO-Centre-de-Recherche-et-de-Documentation-sur-lOcanie\/100087147725332\/","article_modified_time":"2025-03-25T15:03:55+00:00","og_image":[{"width":380,"height":500,"url":"https:\/\/pacific-credo.fr\/wp-content\/uploads\/2025\/02\/Oceanies_vanuatu_0.webp","type":"image\/webp"}],"twitter_card":"summary_large_image","schema":{"@context":"https:\/\/schema.org","@graph":[{"@type":"WebPage","@id":"https:\/\/pacific-credo.fr\/les-editions-du-credo\/les-editions-credo-inalco\/","url":"https:\/\/pacific-credo.fr\/les-editions-du-credo\/les-editions-credo-inalco\/","name":"Les \u00e9ditions CREDO \/ Inalco - Credo","isPartOf":{"@id":"https:\/\/pacific-credo.fr\/en\/#website"},"primaryImageOfPage":{"@id":"https:\/\/pacific-credo.fr\/les-editions-du-credo\/les-editions-credo-inalco\/#primaryimage"},"image":{"@id":"https:\/\/pacific-credo.fr\/les-editions-du-credo\/les-editions-credo-inalco\/#primaryimage"},"thumbnailUrl":"https:\/\/pacific-credo.fr\/wp-content\/uploads\/2025\/02\/Oceanies_vanuatu_0.webp","datePublished":"2025-02-23T21:43:51+00:00","dateModified":"2025-03-25T15:03:55+00:00","breadcrumb":{"@id":"https:\/\/pacific-credo.fr\/les-editions-du-credo\/les-editions-credo-inalco\/#breadcrumb"},"inLanguage":"en-US","potentialAction":[{"@type":"ReadAction","target":["https:\/\/pacific-credo.fr\/les-editions-du-credo\/les-editions-credo-inalco\/"]}]},{"@type":"ImageObject","inLanguage":"en-US","@id":"https:\/\/pacific-credo.fr\/les-editions-du-credo\/les-editions-credo-inalco\/#primaryimage","url":"https:\/\/pacific-credo.fr\/wp-content\/uploads\/2025\/02\/Oceanies_vanuatu_0.webp","contentUrl":"https:\/\/pacific-credo.fr\/wp-content\/uploads\/2025\/02\/Oceanies_vanuatu_0.webp"},{"@type":"BreadcrumbList","@id":"https:\/\/pacific-credo.fr\/les-editions-du-credo\/les-editions-credo-inalco\/#breadcrumb","itemListElement":[{"@type":"ListItem","position":1,"name":"Accueil","item":"https:\/\/pacific-credo.fr\/"},{"@type":"ListItem","position":2,"name":"Les \u00e9ditions du CREDO","item":"https:\/\/pacific-credo.fr\/les-editions-du-credo\/"},{"@type":"ListItem","position":3,"name":"Les \u00e9ditions CREDO \/ Inalco"}]},{"@type":"WebSite","@id":"https:\/\/pacific-credo.fr\/en\/#website","url":"https:\/\/pacific-credo.fr\/en\/","name":"Credo","description":"","publisher":{"@id":"https:\/\/pacific-credo.fr\/en\/#organization"},"potentialAction":[{"@type":"SearchAction","target":{"@type":"EntryPoint","urlTemplate":"https:\/\/pacific-credo.fr\/en\/?s={search_term_string}"},"query-input":{"@type":"PropertyValueSpecification","valueRequired":true,"valueName":"search_term_string"}}],"inLanguage":"en-US"},{"@type":"Organization","@id":"https:\/\/pacific-credo.fr\/en\/#organization","name":"Credo","url":"https:\/\/pacific-credo.fr\/en\/","logo":{"@type":"ImageObject","inLanguage":"en-US","@id":"https:\/\/pacific-credo.fr\/en\/#\/schema\/logo\/image\/","url":"https:\/\/pacific-credo.fr\/wp-content\/uploads\/2024\/07\/\u00aeCREDO.webp","contentUrl":"https:\/\/pacific-credo.fr\/wp-content\/uploads\/2024\/07\/\u00aeCREDO.webp","width":637,"height":591,"caption":"Credo"},"image":{"@id":"https:\/\/pacific-credo.fr\/en\/#\/schema\/logo\/image\/"},"sameAs":["https:\/\/www.facebook.com\/people\/CREDO-Centre-de-Recherche-et-de-Documentation-sur-lOcanie\/100087147725332\/","https:\/\/www.linkedin.com\/company\/credo-centre-de-recherche-et-de-documentation-sur-l-ocanie\/about\/?viewAsMember=true"]}]}},"_links":{"self":[{"href":"https:\/\/pacific-credo.fr\/en\/wp-json\/wp\/v2\/pages\/11199","targetHints":{"allow":["GET"]}}],"collection":[{"href":"https:\/\/pacific-credo.fr\/en\/wp-json\/wp\/v2\/pages"}],"about":[{"href":"https:\/\/pacific-credo.fr\/en\/wp-json\/wp\/v2\/types\/page"}],"author":[{"embeddable":true,"href":"https:\/\/pacific-credo.fr\/en\/wp-json\/wp\/v2\/users\/1"}],"replies":[{"embeddable":true,"href":"https:\/\/pacific-credo.fr\/en\/wp-json\/wp\/v2\/comments?post=11199"}],"version-history":[{"count":0,"href":"https:\/\/pacific-credo.fr\/en\/wp-json\/wp\/v2\/pages\/11199\/revisions"}],"up":[{"embeddable":true,"href":"https:\/\/pacific-credo.fr\/en\/wp-json\/wp\/v2\/pages\/8159"}],"wp:attachment":[{"href":"https:\/\/pacific-credo.fr\/en\/wp-json\/wp\/v2\/media?parent=11199"}],"curies":[{"name":"wp","href":"https:\/\/api.w.org\/{rel}","templated":true}]}}